{"id":2,"date":"2022-02-23T12:03:11","date_gmt":"2022-02-23T11:03:11","guid":{"rendered":"https:\/\/userblogs.fu-berlin.de\/anticipating-modernities\/impressum\/"},"modified":"2022-05-31T14:05:54","modified_gmt":"2022-05-31T12:05:54","slug":"impressum","status":"publish","type":"page","link":"https:\/\/userblogs.fu-berlin.de\/anticipating-modernities\/impressum\/","title":{"rendered":"Impressum"},"content":{"rendered":"<h2>Dienstanbieter:<\/h2>\n<p>Freie Universit\u00e4t Berlin<\/p>\n<div class=\"editor-content hyphens\">\n<p><strong>Institution<br \/>\n<\/strong>Freie Universit\u00e4t Berlin<br \/>\n&#8211; represented by the <a title=\"The President of Freie Universit\u00e4t Berlin\" href=\"http:\/\/www.fu-berlin.de\/en\/einrichtungen\/organe\/praesidium\/praesident\/index.html\">President<\/a> &#8211;<\/p>\n<p><strong>Address<br \/>\n<\/strong>Freie Universit\u00e4t Berlin<br \/>\nEXC 2020 &#8222;Temporal Communities&#8220;<br \/>\nOtto-von-Simson-Stra\u00dfe 15<br \/>\n14195 Berlin<\/p>\n<p><strong>Turnover Tax ID<br \/>\n<\/strong>DE 811304768<\/p>\n<p><strong>Web Content Editors<br \/>\n<\/strong>EXC 2020 &#8222;Temporal Communities&#8220;<br \/>\nAltensteinstra\u00dfe 15<br \/>\n14195 Berlin<br \/>\nE-Mail: <a href=\"mailto:k.heinrich@fu-berlin.de\">k.heinrich@fu-berlin.de<\/a><\/p>\n<p><strong>Privacy Statement<br \/>\n<\/strong>See our <a title=\"Privacy Policy\" href=\"http:\/\/www.fu-berlin.de\/en\/redaktion\/impressum\/datenschutzhinweise\/index.html\">Privacy Policy<\/a><\/p>\n<p><strong>Social Media<br \/>\n<\/strong><a title=\"Information about Using Social Media Networks\" href=\"http:\/\/www.fu-berlin.de\/en\/redaktion\/impressum\/hinweis_social-media\/index.html\">Information about Using Social Media Networks<\/a><\/p>\n<p><strong>Design<br \/>\n<\/strong><a title=\"Media Production and Design\" href=\"http:\/\/www.cedis.fu-berlin.de\/services\/medien\/design\/index.html#cms-id-row-4#cms-id-row-4\">Media Production + Design<\/a><br \/>\nCenter for Digital Systems (CeDiS)<br \/>\nE-Learning, E-Research, Multimedia<br \/>\nFreie Universit\u00e4t Berlin<\/p>\n<p><strong>Copyright and Image Rights<br \/>\n<\/strong>The texts and images on this website, including their parts, are protected under copyright law. Extracts can be used with prior notice at the corresponding link. The copyright on the used images is subject to third parties, which have kindly allowed us to show their images on this website.&nbsp;We expressly allow and welcome citing from our website on social media.<\/p>\n<p><strong>Implementation<br \/>\n<\/strong><a title=\"http:\/\/www.cedis.fu-berlin.de\/cms\/\" href=\"http:\/\/www.cedis.fu-berlin.de\/cms\/\">CMS<\/a><br \/>\nCenter for Digital Systems (CeDiS)<br \/>\nE-Learning, E-Research, Multimedia<br \/>\nFreie Universit\u00e4t Berlin<br \/>\nContent Management System:&nbsp;<a title=\"Infopark CMS Fiona\" href=\"https:\/\/infopark.com\/en\" target=\"_blank\" rel=\"noopener noreferrer\">Infopark AG CMS Fiona (www.infopark.com)<\/a><\/p>\n<p><strong>Legal Form<\/strong><\/p>\n<p>Freie Universit\u00e4t Berlin is a statutory body under public law in accordance with \u00a7\u00a71 and 2 of the Berlin Law Relating to Institutions of Higher Learning (Berliner Hochschulgesetz, BerlHG). The website of Freie Universit\u00e4t Berlin is subject to current <a href=\"http:\/\/www.fu-berlin.de\/en\/redaktion\/copyright\/index.html\">copyright law<\/a>. Please also take notice of our <a title=\"Disclaimer\" href=\"http:\/\/www.fu-berlin.de\/en\/redaktion\/disclaimer\/index.html\">disclaimer<\/a>.<\/p>\n<\/div>\n","protected":false},"excerpt":{"rendered":"<p>Dienstanbieter: Freie Universit\u00e4t Berlin Institution Freie Universit\u00e4t Berlin &#8211; represented by the President &#8211; Address Freie Universit\u00e4t Berlin EXC 2020 &#8222;Temporal Communities&#8220; Otto-von-Simson-Stra\u00dfe 15 14195 Berlin Turnover Tax ID DE 811304768 Web Content Editors EXC 2020 &#8222;Temporal Communities&#8220; Altensteinstra\u00dfe 15 14195 Berlin E-Mail: k.heinrich@fu-berlin.de Privacy Statement See our Privacy Policy Social Media Information about Using &hellip; <a href=\"https:\/\/userblogs.fu-berlin.de\/anticipating-modernities\/impressum\/\" class=\"more-link\"><span class=\"screen-reader-text\">\u201eImpressum\u201c<\/span> weiterlesen<\/a><\/p>\n","protected":false},"author":6577,"featured_media":0,"parent":0,"menu_order":0,"comment_status":"closed","ping_status":"closed","template":"","meta":{"footnotes":""},"class_list":["post-2","page","type-page","status-publish","hentry"],"_links":{"self":[{"href":"https:\/\/userblogs.fu-berlin.de\/anticipating-modernities\/wp-json\/wp\/v2\/pages\/2","targetHints":{"allow":["GET"]}}],"collection":[{"href":"https:\/\/userblogs.fu-berlin.de\/anticipating-modernities\/wp-json\/wp\/v2\/pages"}],"about":[{"href":"https:\/\/userblogs.fu-berlin.de\/anticipating-modernities\/wp-json\/wp\/v2\/types\/page"}],"author":[{"embeddable":true,"href":"https:\/\/userblogs.fu-berlin.de\/anticipating-modernities\/wp-json\/wp\/v2\/users\/6577"}],"replies":[{"embeddable":true,"href":"https:\/\/userblogs.fu-berlin.de\/anticipating-modernities\/wp-json\/wp\/v2\/comments?post=2"}],"version-history":[{"count":3,"href":"https:\/\/userblogs.fu-berlin.de\/anticipating-modernities\/wp-json\/wp\/v2\/pages\/2\/revisions"}],"predecessor-version":[{"id":311,"href":"https:\/\/userblogs.fu-berlin.de\/anticipating-modernities\/wp-json\/wp\/v2\/pages\/2\/revisions\/311"}],"wp:attachment":[{"href":"https:\/\/userblogs.fu-berlin.de\/anticipating-modernities\/wp-json\/wp\/v2\/media?parent=2"}],"curies":[{"name":"wp","href":"https:\/\/api.w.org\/{rel}","templated":true}]}}