{"id":117,"date":"2021-08-30T10:00:22","date_gmt":"2021-08-30T08:00:22","guid":{"rendered":"https:\/\/userblogs.fu-berlin.de\/bachelor_ewi\/?page_id=117"},"modified":"2023-06-28T13:21:02","modified_gmt":"2023-06-28T11:21:02","slug":"affiner-bereich","status":"publish","type":"page","link":"https:\/\/userblogs.fu-berlin.de\/bachelor_ewi\/affiner-bereich\/","title":{"rendered":"Affiner Bereich"},"content":{"rendered":"\n<div class=\"wp-block-columns is-layout-flex wp-container-core-columns-is-layout-9d6595d7 wp-block-columns-is-layout-flex\">\n<div class=\"wp-block-column is-layout-flow wp-block-column-is-layout-flow\">\n<p>Im Bachelorstudium gibt es nach neuer Studien- und Pr\u00fcfungsordnung (SPO 2023) 20 LP (davor 30 LP) im Affinen Bereich zu sammeln. Hier habt ihr die M\u00f6glichkeit in andere Studienkenntnisse hineinzuschnuppern. Das ist vor allem zur Erweiterung des eigenen Horizontes aber auch zur eigenen Schwerpunktsetzung hilfreich.<br><br>Studierende erz\u00e4hlen hier von ihren Erfahrungen welche Module f\u00fcr welchen Bereich besonders interessant sein k\u00f6nnen.<\/p>\n<\/div>\n\n\n\n<div class=\"wp-block-column is-layout-flow wp-block-column-is-layout-flow\">\n<figure class=\"wp-block-image size-large\"><img loading=\"lazy\" decoding=\"async\" width=\"1024\" height=\"683\" src=\"https:\/\/userblogs.fu-berlin.de\/bachelor_ewi\/files\/2021\/08\/pexels-kaboompics-com-6375-1-1024x683.jpg\" alt=\"\" class=\"wp-image-128\" srcset=\"https:\/\/userblogs.fu-berlin.de\/bachelor_ewi\/files\/2021\/08\/pexels-kaboompics-com-6375-1-1024x683.jpg 1024w, https:\/\/userblogs.fu-berlin.de\/bachelor_ewi\/files\/2021\/08\/pexels-kaboompics-com-6375-1-300x200.jpg 300w, https:\/\/userblogs.fu-berlin.de\/bachelor_ewi\/files\/2021\/08\/pexels-kaboompics-com-6375-1-768x512.jpg 768w, https:\/\/userblogs.fu-berlin.de\/bachelor_ewi\/files\/2021\/08\/pexels-kaboompics-com-6375-1-1536x1024.jpg 1536w, https:\/\/userblogs.fu-berlin.de\/bachelor_ewi\/files\/2021\/08\/pexels-kaboompics-com-6375-1-2048x1365.jpg 2048w, https:\/\/userblogs.fu-berlin.de\/bachelor_ewi\/files\/2021\/08\/pexels-kaboompics-com-6375-1-1200x800.jpg 1200w\" sizes=\"auto, (max-width: 1024px) 100vw, 1024px\" \/><\/figure>\n<\/div>\n<\/div>\n\n\n\n<figure class=\"wp-block-embed is-type-wp-embed is-provider-bachelor-ewi-der-blog wp-block-embed-bachelor-ewi-der-blog is-provider-studium-bachelor-erziehungs-und-bildungswissenschaft\"><div class=\"wp-block-embed__wrapper\">\n<blockquote class=\"wp-embedded-content\" data-secret=\"mkpixAWx9F\"><a href=\"https:\/\/userblogs.fu-berlin.de\/bachelor_ewi\/2022\/03\/25\/affiner-bereich-soziologie\/\">Affiner Bereich: Soziologie<\/a><\/blockquote><iframe loading=\"lazy\" class=\"wp-embedded-content\" sandbox=\"allow-scripts\" security=\"restricted\" style=\"position: absolute; visibility: hidden;\" title=\"&#8222;Affiner Bereich: Soziologie&#8220; &#8211; Bachelor Ewi: Der Blog\" src=\"https:\/\/userblogs.fu-berlin.de\/bachelor_ewi\/2022\/03\/25\/affiner-bereich-soziologie\/embed\/#?secret=AbluRGTN5g#?secret=mkpixAWx9F\" data-secret=\"mkpixAWx9F\" width=\"600\" height=\"338\" frameborder=\"0\" marginwidth=\"0\" marginheight=\"0\" scrolling=\"no\"><\/iframe>\n<\/div><\/figure>\n\n\n\n<figure class=\"wp-block-embed is-type-wp-embed is-provider-bachelor-ewi-der-blog wp-block-embed-bachelor-ewi-der-blog is-provider-studium-bachelor-erziehungs-und-bildungswissenschaft\"><div class=\"wp-block-embed__wrapper\">\n<blockquote class=\"wp-embedded-content\" data-secret=\"rj8Why7UCz\"><a href=\"https:\/\/userblogs.fu-berlin.de\/bachelor_ewi\/2022\/03\/25\/affiner-bereich-psychologie\/\">Affiner Bereich: Psychologie<\/a><\/blockquote><iframe loading=\"lazy\" class=\"wp-embedded-content\" sandbox=\"allow-scripts\" security=\"restricted\" style=\"position: absolute; visibility: hidden;\" title=\"&#8222;Affiner Bereich: Psychologie&#8220; &#8211; Bachelor Ewi: Der Blog\" src=\"https:\/\/userblogs.fu-berlin.de\/bachelor_ewi\/2022\/03\/25\/affiner-bereich-psychologie\/embed\/#?secret=l7TyoFVhL4#?secret=rj8Why7UCz\" data-secret=\"rj8Why7UCz\" width=\"600\" height=\"338\" frameborder=\"0\" marginwidth=\"0\" marginheight=\"0\" scrolling=\"no\"><\/iframe>\n<\/div><\/figure>\n","protected":false},"excerpt":{"rendered":"<p>Im Bachelorstudium gibt es nach neuer Studien- und Pr\u00fcfungsordnung (SPO 2023) 20 LP (davor 30 LP) im Affinen Bereich zu sammeln. Hier habt ihr die M\u00f6glichkeit in andere Studienkenntnisse hineinzuschnuppern. Das ist vor allem zur Erweiterung des eigenen Horizontes aber auch zur eigenen Schwerpunktsetzung hilfreich. Studierende erz\u00e4hlen hier von ihren Erfahrungen welche Module f\u00fcr welchen &hellip; <a href=\"https:\/\/userblogs.fu-berlin.de\/bachelor_ewi\/affiner-bereich\/\" class=\"more-link\"><span class=\"screen-reader-text\">Affiner Bereich<\/span> weiterlesen<\/a><\/p>\n","protected":false},"author":6168,"featured_media":0,"parent":0,"menu_order":0,"comment_status":"closed","ping_status":"closed","template":"","meta":{"footnotes":""},"class_list":["post-117","page","type-page","status-publish","hentry"],"_links":{"self":[{"href":"https:\/\/userblogs.fu-berlin.de\/bachelor_ewi\/wp-json\/wp\/v2\/pages\/117","targetHints":{"allow":["GET"]}}],"collection":[{"href":"https:\/\/userblogs.fu-berlin.de\/bachelor_ewi\/wp-json\/wp\/v2\/pages"}],"about":[{"href":"https:\/\/userblogs.fu-berlin.de\/bachelor_ewi\/wp-json\/wp\/v2\/types\/page"}],"author":[{"embeddable":true,"href":"https:\/\/userblogs.fu-berlin.de\/bachelor_ewi\/wp-json\/wp\/v2\/users\/6168"}],"replies":[{"embeddable":true,"href":"https:\/\/userblogs.fu-berlin.de\/bachelor_ewi\/wp-json\/wp\/v2\/comments?post=117"}],"version-history":[{"count":7,"href":"https:\/\/userblogs.fu-berlin.de\/bachelor_ewi\/wp-json\/wp\/v2\/pages\/117\/revisions"}],"predecessor-version":[{"id":603,"href":"https:\/\/userblogs.fu-berlin.de\/bachelor_ewi\/wp-json\/wp\/v2\/pages\/117\/revisions\/603"}],"wp:attachment":[{"href":"https:\/\/userblogs.fu-berlin.de\/bachelor_ewi\/wp-json\/wp\/v2\/media?parent=117"}],"curies":[{"name":"wp","href":"https:\/\/api.w.org\/{rel}","templated":true}]}}