{"id":18,"date":"2021-08-02T10:30:06","date_gmt":"2021-08-02T08:30:06","guid":{"rendered":"https:\/\/userblogs.fu-berlin.de\/bachelor_ewi\/?page_id=18"},"modified":"2022-11-23T09:35:26","modified_gmt":"2022-11-23T08:35:26","slug":"auslandsaufenthalt","status":"publish","type":"page","link":"https:\/\/userblogs.fu-berlin.de\/bachelor_ewi\/auslandsaufenthalt\/","title":{"rendered":"Auslandsaufenthalt"},"content":{"rendered":"\n<div class=\"wp-block-columns is-layout-flex wp-container-core-columns-is-layout-9d6595d7 wp-block-columns-is-layout-flex\">\n<div class=\"wp-block-column is-layout-flow wp-block-column-is-layout-flow\">\n<figure class=\"wp-block-image size-large\"><img loading=\"lazy\" decoding=\"async\" width=\"1024\" height=\"683\" src=\"https:\/\/userblogs.fu-berlin.de\/bachelor_ewi\/files\/2021\/09\/pexels-nastyasensei-335393-1024x683.jpg\" alt=\"\" class=\"wp-image-138\" srcset=\"https:\/\/userblogs.fu-berlin.de\/bachelor_ewi\/files\/2021\/09\/pexels-nastyasensei-335393-1024x683.jpg 1024w, https:\/\/userblogs.fu-berlin.de\/bachelor_ewi\/files\/2021\/09\/pexels-nastyasensei-335393-300x200.jpg 300w, https:\/\/userblogs.fu-berlin.de\/bachelor_ewi\/files\/2021\/09\/pexels-nastyasensei-335393-768x512.jpg 768w, https:\/\/userblogs.fu-berlin.de\/bachelor_ewi\/files\/2021\/09\/pexels-nastyasensei-335393-1536x1024.jpg 1536w, https:\/\/userblogs.fu-berlin.de\/bachelor_ewi\/files\/2021\/09\/pexels-nastyasensei-335393-2048x1365.jpg 2048w, https:\/\/userblogs.fu-berlin.de\/bachelor_ewi\/files\/2021\/09\/pexels-nastyasensei-335393-1200x800.jpg 1200w\" sizes=\"auto, (max-width: 1024px) 100vw, 1024px\" \/><\/figure>\n<\/div>\n\n\n\n<div class=\"wp-block-column is-layout-flow wp-block-column-is-layout-flow\">\n<p>Mit welchen Universit\u00e4ten kooperiert die FU Berlin \u00fcberhaupt und wo werden welche Schwerpunkte angeboten?<br>Vielleicht nach Norwegen? Wie w\u00e4re es mit Spanien? Oder vielleicht Island?<\/p>\n\n\n\n<p>Wie du einen Platz an einer ausl\u00e4ndischen Universit\u00e4t bekommst und wie das Leben dort l\u00e4uft erz\u00e4hlen dir Studierende mit pers\u00f6nlicher Erfahrung.<\/p>\n\n\n\n<p>Hier ein Beitrag einer Master-Studierenden.<\/p>\n<\/div>\n<\/div>\n\n\n\n<figure class=\"wp-block-embed is-type-wp-embed is-provider-master-biwi-der-blog wp-block-embed-master-biwi-der-blog is-provider-studium-master-bildungswissenschaft\"><div class=\"wp-block-embed__wrapper\">\n<blockquote class=\"wp-embedded-content\" data-secret=\"9M5yQoAFWY\"><a href=\"https:\/\/userblogs.fu-berlin.de\/master_biwi\/2021\/09\/27\/auslandssemester-in-norwegen\/\">Auslandssemester in Norwegen<\/a><\/blockquote><iframe loading=\"lazy\" class=\"wp-embedded-content\" sandbox=\"allow-scripts\" security=\"restricted\" style=\"position: absolute; visibility: hidden;\" title=\"&#8222;Auslandssemester in Norwegen&#8220; &#8211; Master Biwi: Der Blog\" src=\"https:\/\/userblogs.fu-berlin.de\/master_biwi\/2021\/09\/27\/auslandssemester-in-norwegen\/embed\/#?secret=rkBwp8bff9#?secret=9M5yQoAFWY\" data-secret=\"9M5yQoAFWY\" width=\"600\" height=\"338\" frameborder=\"0\" marginwidth=\"0\" marginheight=\"0\" scrolling=\"no\"><\/iframe>\n<\/div><\/figure>\n\n\n\n<figure class=\"wp-block-embed is-type-wp-embed is-provider-bachelor-ewi-der-blog wp-block-embed-bachelor-ewi-der-blog\"><div class=\"wp-block-embed__wrapper\">\n<blockquote class=\"wp-embedded-content\" data-secret=\"GwZhpQnnGi\"><a href=\"https:\/\/userblogs.fu-berlin.de\/bachelor_ewi\/2022\/11\/23\/auslandssemester-in-island\/\">Auslandssemester in Island<\/a><\/blockquote><iframe loading=\"lazy\" class=\"wp-embedded-content\" sandbox=\"allow-scripts\" security=\"restricted\" style=\"position: absolute; visibility: hidden;\" title=\"&#8222;Auslandssemester in Island&#8220; &#8211; Bachelor Ewi: Der Blog\" src=\"https:\/\/userblogs.fu-berlin.de\/bachelor_ewi\/2022\/11\/23\/auslandssemester-in-island\/embed\/#?secret=7Hw3ICY4dx#?secret=GwZhpQnnGi\" data-secret=\"GwZhpQnnGi\" width=\"600\" height=\"338\" frameborder=\"0\" marginwidth=\"0\" marginheight=\"0\" scrolling=\"no\"><\/iframe>\n<\/div><\/figure>\n","protected":false},"excerpt":{"rendered":"<p>Mit welchen Universit\u00e4ten kooperiert die FU Berlin \u00fcberhaupt und wo werden welche Schwerpunkte angeboten?Vielleicht nach Norwegen? Wie w\u00e4re es mit Spanien? Oder vielleicht Island? Wie du einen Platz an einer ausl\u00e4ndischen Universit\u00e4t bekommst und wie das Leben dort l\u00e4uft erz\u00e4hlen dir Studierende mit pers\u00f6nlicher Erfahrung. Hier ein Beitrag einer Master-Studierenden.<\/p>\n","protected":false},"author":6168,"featured_media":0,"parent":0,"menu_order":0,"comment_status":"closed","ping_status":"closed","template":"","meta":{"footnotes":""},"class_list":["post-18","page","type-page","status-publish","hentry"],"_links":{"self":[{"href":"https:\/\/userblogs.fu-berlin.de\/bachelor_ewi\/wp-json\/wp\/v2\/pages\/18","targetHints":{"allow":["GET"]}}],"collection":[{"href":"https:\/\/userblogs.fu-berlin.de\/bachelor_ewi\/wp-json\/wp\/v2\/pages"}],"about":[{"href":"https:\/\/userblogs.fu-berlin.de\/bachelor_ewi\/wp-json\/wp\/v2\/types\/page"}],"author":[{"embeddable":true,"href":"https:\/\/userblogs.fu-berlin.de\/bachelor_ewi\/wp-json\/wp\/v2\/users\/6168"}],"replies":[{"embeddable":true,"href":"https:\/\/userblogs.fu-berlin.de\/bachelor_ewi\/wp-json\/wp\/v2\/comments?post=18"}],"version-history":[{"count":4,"href":"https:\/\/userblogs.fu-berlin.de\/bachelor_ewi\/wp-json\/wp\/v2\/pages\/18\/revisions"}],"predecessor-version":[{"id":554,"href":"https:\/\/userblogs.fu-berlin.de\/bachelor_ewi\/wp-json\/wp\/v2\/pages\/18\/revisions\/554"}],"wp:attachment":[{"href":"https:\/\/userblogs.fu-berlin.de\/bachelor_ewi\/wp-json\/wp\/v2\/media?parent=18"}],"curies":[{"name":"wp","href":"https:\/\/api.w.org\/{rel}","templated":true}]}}