{"id":26,"date":"2021-08-02T10:30:06","date_gmt":"2021-08-02T08:30:06","guid":{"rendered":"https:\/\/userblogs.fu-berlin.de\/bachelor_ewi\/?page_id=26"},"modified":"2025-01-17T09:42:12","modified_gmt":"2025-01-17T08:42:12","slug":"start","status":"publish","type":"page","link":"https:\/\/userblogs.fu-berlin.de\/bachelor_ewi\/","title":{"rendered":"Herzlich Willkommen"},"content":{"rendered":"\n<h2 class=\"wp-block-heading\">auf dem Blog des Ewi Bachelors<\/h2>\n\n\n\n<p class=\"has-white-color has-text-color has-background\" style=\"background-color:#406a3f\">ACHTUNG: Dieser Blog wird nicht mehr bespielt. Stattdessen findet ihr alle Beitr\u00e4ge nun auf der kollaborativen Seite <a href=\"https:\/\/userblogs.fu-berlin.de\/ewi_biwi\/\">Ewi &amp; Biwi &#8211; Der Blog<\/a>. Wir freuen uns, wenn ihr vorbei schaut =)<\/p>\n\n\n\n<p>Dieser Blog soll Studierenden und Studieninteressierten des Bachelorstudienganges <strong>Bildungs- und Erziehungswissenschaft an der Freien Universit\u00e4t Berlin<\/strong> einen Einblick in das Studium geben. Gemeinsam mit der Studierendenschaft wollen wir neben der Webseite des Studien- und Pr\u00fcfungsb\u00fcros der Erziehungswissenschaft eine Erg\u00e4nzung mit pers\u00f6nlichen Bez\u00fcgen schaffen.<\/p>\n\n\n\n<p>Dieser Blog ist organisiert von der Studentischen Studienberatung des Faches Erziehungswissenschaft. Dieses Medium soll vor allem einen Fokus auf <strong>Erfahrungen der Studierenden<\/strong> selbst legen und einen <strong>Austausch zwischen den Studierenden<\/strong> f\u00f6rdern.<\/p>\n\n\n\n<p class=\"has-white-color has-text-color has-background\" style=\"background-color:#ae7250\">Das hei\u00dft ihr k\u00f6nnt diesen Blog aktiv mitgestalten. <strong>Wenn ihr gern selbst einen Text f\u00fcr diesen Blog schreiben m\u00f6chtet, meldet euch gern bei uns unter r.kumpe@fu-berlin.de und erz\u00e4hlt uns von euren Ideen.<\/strong> Dabei ist es vollkommen egal, ob ihr gern \u00fcber das Mensaessen, die Bibliothek oder euren Auslandsaufenthalt erz\u00e4hlen m\u00f6chtet.<\/p>\n\n\n\n<p>Gern k\u00f6nnt ihr euch aber auch in den Kommentaren einbringen, Fragen stellen, diskutieren und eure Erfahrungen teilen. Bitte denkt dabei aber stehts an eure Sprache &#8211; wir sind ja schlie\u00dflich noch immer im Uni-Kontext. Also lasst die b\u00f6sen W\u00f6rter gern Zuhause =)<\/p>\n\n\n\n<p>Wir freuen uns auf eure Kreativit\u00e4t, eure Erfahrungen und Erlebnisse und auf viel Austausch untereinander.<\/p>\n\n\n\n<h5 class=\"wp-block-heading\">Wir w\u00fcnschen Euch viel Spa\u00df beim Erkunden!<\/h5>\n","protected":false},"excerpt":{"rendered":"<p>auf dem Blog des Ewi Bachelors ACHTUNG: Dieser Blog wird nicht mehr bespielt. Stattdessen findet ihr alle Beitr\u00e4ge nun auf der kollaborativen Seite Ewi &amp; Biwi &#8211; Der Blog. Wir freuen uns, wenn ihr vorbei schaut =) Dieser Blog soll Studierenden und Studieninteressierten des Bachelorstudienganges Bildungs- und Erziehungswissenschaft an der Freien Universit\u00e4t Berlin einen Einblick &hellip; <a href=\"https:\/\/userblogs.fu-berlin.de\/bachelor_ewi\/\" class=\"more-link\"><span class=\"screen-reader-text\">Herzlich Willkommen<\/span> weiterlesen<\/a><\/p>\n","protected":false},"author":6168,"featured_media":0,"parent":0,"menu_order":0,"comment_status":"closed","ping_status":"closed","template":"","meta":{"footnotes":""},"class_list":["post-26","page","type-page","status-publish","hentry"],"_links":{"self":[{"href":"https:\/\/userblogs.fu-berlin.de\/bachelor_ewi\/wp-json\/wp\/v2\/pages\/26","targetHints":{"allow":["GET"]}}],"collection":[{"href":"https:\/\/userblogs.fu-berlin.de\/bachelor_ewi\/wp-json\/wp\/v2\/pages"}],"about":[{"href":"https:\/\/userblogs.fu-berlin.de\/bachelor_ewi\/wp-json\/wp\/v2\/types\/page"}],"author":[{"embeddable":true,"href":"https:\/\/userblogs.fu-berlin.de\/bachelor_ewi\/wp-json\/wp\/v2\/users\/6168"}],"replies":[{"embeddable":true,"href":"https:\/\/userblogs.fu-berlin.de\/bachelor_ewi\/wp-json\/wp\/v2\/comments?post=26"}],"version-history":[{"count":10,"href":"https:\/\/userblogs.fu-berlin.de\/bachelor_ewi\/wp-json\/wp\/v2\/pages\/26\/revisions"}],"predecessor-version":[{"id":697,"href":"https:\/\/userblogs.fu-berlin.de\/bachelor_ewi\/wp-json\/wp\/v2\/pages\/26\/revisions\/697"}],"wp:attachment":[{"href":"https:\/\/userblogs.fu-berlin.de\/bachelor_ewi\/wp-json\/wp\/v2\/media?parent=26"}],"curies":[{"name":"wp","href":"https:\/\/api.w.org\/{rel}","templated":true}]}}