{"id":443,"date":"2022-11-16T12:38:07","date_gmt":"2022-11-16T11:38:07","guid":{"rendered":"https:\/\/userblogs.fu-berlin.de\/bachelor_ewi\/?page_id=443"},"modified":"2023-02-13T12:04:07","modified_gmt":"2023-02-13T11:04:07","slug":"campus-angebote","status":"publish","type":"page","link":"https:\/\/userblogs.fu-berlin.de\/bachelor_ewi\/campus-angebote\/","title":{"rendered":"Campus-Angebote"},"content":{"rendered":"\n<div class=\"wp-block-columns is-layout-flex wp-container-core-columns-is-layout-9d6595d7 wp-block-columns-is-layout-flex\">\n<div class=\"wp-block-column is-layout-flow wp-block-column-is-layout-flow\">\n<p>Zu einem Studium geh\u00f6rt noch so viel mehr als nur die Vorlesungen und Seminare. Es gibt tolle M\u00f6glichkeiten sich kulturell, sportlich, politisch oder auch \u00f6kologisch am Campusleben zu beteiligen. Lest hier direkt einen Blogbeitrag zu einigen der vielf\u00e4ltigen Angebote:<\/p>\n<\/div>\n\n\n\n<div class=\"wp-block-column is-layout-flow wp-block-column-is-layout-flow\">\n<figure class=\"wp-block-image size-large\"><img loading=\"lazy\" decoding=\"async\" width=\"1024\" height=\"683\" src=\"https:\/\/userblogs.fu-berlin.de\/bachelor_ewi\/files\/2022\/11\/20220518_160451dfghjkloe-1024x683.jpg\" alt=\"\" class=\"wp-image-497\" srcset=\"https:\/\/userblogs.fu-berlin.de\/bachelor_ewi\/files\/2022\/11\/20220518_160451dfghjkloe-1024x683.jpg 1024w, https:\/\/userblogs.fu-berlin.de\/bachelor_ewi\/files\/2022\/11\/20220518_160451dfghjkloe-300x200.jpg 300w, https:\/\/userblogs.fu-berlin.de\/bachelor_ewi\/files\/2022\/11\/20220518_160451dfghjkloe-768x512.jpg 768w, https:\/\/userblogs.fu-berlin.de\/bachelor_ewi\/files\/2022\/11\/20220518_160451dfghjkloe-1536x1024.jpg 1536w, https:\/\/userblogs.fu-berlin.de\/bachelor_ewi\/files\/2022\/11\/20220518_160451dfghjkloe-2048x1365.jpg 2048w\" sizes=\"auto, (max-width: 1024px) 100vw, 1024px\" \/><\/figure>\n<\/div>\n<\/div>\n\n\n\n<figure class=\"wp-block-embed is-type-wp-embed is-provider-bachelor-ewi-der-blog wp-block-embed-bachelor-ewi-der-blog\"><div class=\"wp-block-embed__wrapper\">\n<blockquote class=\"wp-embedded-content\" data-secret=\"YzZrAzzRfy\"><a href=\"https:\/\/userblogs.fu-berlin.de\/bachelor_ewi\/2022\/06\/15\/angebote-am-campus\/\">Angebote am Campus<\/a><\/blockquote><iframe loading=\"lazy\" class=\"wp-embedded-content\" sandbox=\"allow-scripts\" security=\"restricted\" style=\"position: absolute; visibility: hidden;\" title=\"&#8222;Angebote am Campus&#8220; &#8211; Bachelor Ewi: Der Blog\" src=\"https:\/\/userblogs.fu-berlin.de\/bachelor_ewi\/2022\/06\/15\/angebote-am-campus\/embed\/#?secret=IlMNQCult9#?secret=YzZrAzzRfy\" data-secret=\"YzZrAzzRfy\" width=\"600\" height=\"338\" frameborder=\"0\" marginwidth=\"0\" marginheight=\"0\" scrolling=\"no\"><\/iframe>\n<\/div><\/figure>\n\n\n\n<p>Und lest hier kleine Beitr\u00e4ge zu speziellen Angeboten:<\/p>\n\n\n\n<figure class=\"wp-block-embed is-type-wp-embed is-provider-bachelor-ewi-der-blog wp-block-embed-bachelor-ewi-der-blog\"><div class=\"wp-block-embed__wrapper\">\n<blockquote class=\"wp-embedded-content\" data-secret=\"WSLknqs8Xs\"><a href=\"https:\/\/userblogs.fu-berlin.de\/bachelor_ewi\/2022\/05\/04\/das-mentoring-programm\/\">Das Mentoring-Programm<\/a><\/blockquote><iframe loading=\"lazy\" class=\"wp-embedded-content\" sandbox=\"allow-scripts\" security=\"restricted\" style=\"position: absolute; visibility: hidden;\" title=\"&#8222;Das Mentoring-Programm&#8220; &#8211; Bachelor Ewi: Der Blog\" src=\"https:\/\/userblogs.fu-berlin.de\/bachelor_ewi\/2022\/05\/04\/das-mentoring-programm\/embed\/#?secret=p1SHUz39gJ#?secret=WSLknqs8Xs\" data-secret=\"WSLknqs8Xs\" width=\"600\" height=\"338\" frameborder=\"0\" marginwidth=\"0\" marginheight=\"0\" scrolling=\"no\"><\/iframe>\n<\/div><\/figure>\n\n\n\n<figure class=\"wp-block-embed is-type-wp-embed is-provider-bachelor-ewi-der-blog wp-block-embed-bachelor-ewi-der-blog\"><div class=\"wp-block-embed__wrapper\">\n<blockquote class=\"wp-embedded-content\" data-secret=\"EIhUq0DKE8\"><a href=\"https:\/\/userblogs.fu-berlin.de\/bachelor_ewi\/2022\/05\/20\/die-kommissionsarbeit-an-der-fu\/\">Die Kommissionsarbeit an der FU<\/a><\/blockquote><iframe loading=\"lazy\" class=\"wp-embedded-content\" sandbox=\"allow-scripts\" security=\"restricted\" style=\"position: absolute; visibility: hidden;\" title=\"&#8222;Die Kommissionsarbeit an der FU&#8220; &#8211; Bachelor Ewi: Der Blog\" src=\"https:\/\/userblogs.fu-berlin.de\/bachelor_ewi\/2022\/05\/20\/die-kommissionsarbeit-an-der-fu\/embed\/#?secret=TBKb8v1VIH#?secret=EIhUq0DKE8\" data-secret=\"EIhUq0DKE8\" width=\"600\" height=\"338\" frameborder=\"0\" marginwidth=\"0\" marginheight=\"0\" scrolling=\"no\"><\/iframe>\n<\/div><\/figure>\n\n\n\n<figure class=\"wp-block-embed is-type-wp-embed is-provider-bachelor-ewi-der-blog wp-block-embed-bachelor-ewi-der-blog\"><div class=\"wp-block-embed__wrapper\">\n<blockquote class=\"wp-embedded-content\" data-secret=\"uOZFTEkAZw\"><a href=\"https:\/\/userblogs.fu-berlin.de\/bachelor_ewi\/2023\/01\/30\/was-ist-das-studienausgangsmentoring\/\">Was ist das Studienausgangsmentoring?<\/a><\/blockquote><iframe loading=\"lazy\" class=\"wp-embedded-content\" sandbox=\"allow-scripts\" security=\"restricted\" style=\"position: absolute; visibility: hidden;\" title=\"&#8222;Was ist das Studienausgangsmentoring?&#8220; &#8211; Bachelor Ewi: Der Blog\" src=\"https:\/\/userblogs.fu-berlin.de\/bachelor_ewi\/2023\/01\/30\/was-ist-das-studienausgangsmentoring\/embed\/#?secret=F7BqKGfJ7p#?secret=uOZFTEkAZw\" data-secret=\"uOZFTEkAZw\" width=\"600\" height=\"338\" frameborder=\"0\" marginwidth=\"0\" marginheight=\"0\" scrolling=\"no\"><\/iframe>\n<\/div><\/figure>\n\n\n\n<figure class=\"wp-block-embed is-type-wp-embed is-provider-bachelor-ewi-der-blog wp-block-embed-bachelor-ewi-der-blog\"><div class=\"wp-block-embed__wrapper\">\n<blockquote class=\"wp-embedded-content\" data-secret=\"tRhXcEwR5A\"><a href=\"https:\/\/userblogs.fu-berlin.de\/bachelor_ewi\/2023\/02\/13\/fachschaftsinitiative-was-wer-und-wie\/\">Fachschaftsinitiative &#8211; Was, Wer und Wie?<\/a><\/blockquote><iframe loading=\"lazy\" class=\"wp-embedded-content\" sandbox=\"allow-scripts\" security=\"restricted\" style=\"position: absolute; visibility: hidden;\" title=\"&#8222;Fachschaftsinitiative &#8211; Was, Wer und Wie?&#8220; &#8211; Bachelor Ewi: Der Blog\" src=\"https:\/\/userblogs.fu-berlin.de\/bachelor_ewi\/2023\/02\/13\/fachschaftsinitiative-was-wer-und-wie\/embed\/#?secret=edQlzMkaAP#?secret=tRhXcEwR5A\" data-secret=\"tRhXcEwR5A\" width=\"600\" height=\"338\" frameborder=\"0\" marginwidth=\"0\" marginheight=\"0\" scrolling=\"no\"><\/iframe>\n<\/div><\/figure>\n","protected":false},"excerpt":{"rendered":"<p>Zu einem Studium geh\u00f6rt noch so viel mehr als nur die Vorlesungen und Seminare. Es gibt tolle M\u00f6glichkeiten sich kulturell, sportlich, politisch oder auch \u00f6kologisch am Campusleben zu beteiligen. Lest hier direkt einen Blogbeitrag zu einigen der vielf\u00e4ltigen Angebote: Und lest hier kleine Beitr\u00e4ge zu speziellen Angeboten:<\/p>\n","protected":false},"author":6168,"featured_media":0,"parent":0,"menu_order":0,"comment_status":"closed","ping_status":"closed","template":"","meta":{"footnotes":""},"class_list":["post-443","page","type-page","status-publish","hentry"],"_links":{"self":[{"href":"https:\/\/userblogs.fu-berlin.de\/bachelor_ewi\/wp-json\/wp\/v2\/pages\/443","targetHints":{"allow":["GET"]}}],"collection":[{"href":"https:\/\/userblogs.fu-berlin.de\/bachelor_ewi\/wp-json\/wp\/v2\/pages"}],"about":[{"href":"https:\/\/userblogs.fu-berlin.de\/bachelor_ewi\/wp-json\/wp\/v2\/types\/page"}],"author":[{"embeddable":true,"href":"https:\/\/userblogs.fu-berlin.de\/bachelor_ewi\/wp-json\/wp\/v2\/users\/6168"}],"replies":[{"embeddable":true,"href":"https:\/\/userblogs.fu-berlin.de\/bachelor_ewi\/wp-json\/wp\/v2\/comments?post=443"}],"version-history":[{"count":9,"href":"https:\/\/userblogs.fu-berlin.de\/bachelor_ewi\/wp-json\/wp\/v2\/pages\/443\/revisions"}],"predecessor-version":[{"id":579,"href":"https:\/\/userblogs.fu-berlin.de\/bachelor_ewi\/wp-json\/wp\/v2\/pages\/443\/revisions\/579"}],"wp:attachment":[{"href":"https:\/\/userblogs.fu-berlin.de\/bachelor_ewi\/wp-json\/wp\/v2\/media?parent=443"}],"curies":[{"name":"wp","href":"https:\/\/api.w.org\/{rel}","templated":true}]}}