{"id":9,"date":"2021-08-02T10:22:35","date_gmt":"2021-08-02T08:22:35","guid":{"rendered":"https:\/\/userblogs.fu-berlin.de\/bachelor_ewi\/?page_id=9"},"modified":"2022-11-16T14:49:43","modified_gmt":"2022-11-16T13:49:43","slug":"studium","status":"publish","type":"page","link":"https:\/\/userblogs.fu-berlin.de\/bachelor_ewi\/studium\/","title":{"rendered":"Studium"},"content":{"rendered":"\n<div class=\"wp-block-columns is-layout-flex wp-container-core-columns-is-layout-9d6595d7 wp-block-columns-is-layout-flex\">\n<div class=\"wp-block-column is-vertically-aligned-top is-layout-flow wp-block-column-is-layout-flow\">\n<figure class=\"wp-block-image size-large\"><img loading=\"lazy\" decoding=\"async\" width=\"1024\" height=\"683\" src=\"https:\/\/userblogs.fu-berlin.de\/bachelor_ewi\/files\/2022\/11\/pexels-pixabay-415078-1024x683.jpg\" alt=\"\" class=\"wp-image-449\" srcset=\"https:\/\/userblogs.fu-berlin.de\/bachelor_ewi\/files\/2022\/11\/pexels-pixabay-415078-1024x683.jpg 1024w, https:\/\/userblogs.fu-berlin.de\/bachelor_ewi\/files\/2022\/11\/pexels-pixabay-415078-300x200.jpg 300w, https:\/\/userblogs.fu-berlin.de\/bachelor_ewi\/files\/2022\/11\/pexels-pixabay-415078-768x512.jpg 768w, https:\/\/userblogs.fu-berlin.de\/bachelor_ewi\/files\/2022\/11\/pexels-pixabay-415078-1536x1024.jpg 1536w, https:\/\/userblogs.fu-berlin.de\/bachelor_ewi\/files\/2022\/11\/pexels-pixabay-415078-2048x1365.jpg 2048w\" sizes=\"auto, (max-width: 1024px) 100vw, 1024px\" \/><\/figure>\n\n\n\n<h2 class=\"wp-block-heading\"><a href=\"https:\/\/userblogs.fu-berlin.de\/bachelor_ewi\/allgemeines\/\">Allgemeines<\/a><\/h2>\n\n\n\n<p>Wie ist es \u00fcberhaupt an der FU den Bachelor in Bildungs- und Erziehungswissenschaft zu studieren? Wie war eure Erfahrung? Wie war die Anderer? Lies hier mehr.<\/p>\n<\/div>\n\n\n\n<div class=\"wp-block-column is-layout-flow wp-block-column-is-layout-flow\">\n<figure class=\"wp-block-image size-large\"><img loading=\"lazy\" decoding=\"async\" width=\"1024\" height=\"683\" src=\"https:\/\/userblogs.fu-berlin.de\/bachelor_ewi\/files\/2022\/11\/pexels-canva-studio-3194521-1024x683.jpg\" alt=\"\" class=\"wp-image-447\" srcset=\"https:\/\/userblogs.fu-berlin.de\/bachelor_ewi\/files\/2022\/11\/pexels-canva-studio-3194521-1024x683.jpg 1024w, https:\/\/userblogs.fu-berlin.de\/bachelor_ewi\/files\/2022\/11\/pexels-canva-studio-3194521-300x200.jpg 300w, https:\/\/userblogs.fu-berlin.de\/bachelor_ewi\/files\/2022\/11\/pexels-canva-studio-3194521-768x512.jpg 768w, https:\/\/userblogs.fu-berlin.de\/bachelor_ewi\/files\/2022\/11\/pexels-canva-studio-3194521-1536x1024.jpg 1536w, https:\/\/userblogs.fu-berlin.de\/bachelor_ewi\/files\/2022\/11\/pexels-canva-studio-3194521-2048x1365.jpg 2048w\" sizes=\"auto, (max-width: 1024px) 100vw, 1024px\" \/><\/figure>\n\n\n\n<h2 class=\"wp-block-heading\"><a href=\"https:\/\/userblogs.fu-berlin.de\/bachelor_ewi\/arbeitsbereiche\/\">Arbeitsbereiche<\/a><\/h2>\n\n\n\n<p>Es gibt im Fach Erziehungswissenschaft insgesamt 19 verschiedene Arbeitsbereiche &#8211; das Fach ist also unglaublich vielseitig. Hier kannst du ein paar Arbeitsbereiche besser kennenlernen.<\/p>\n<\/div>\n<\/div>\n\n\n\n<div class=\"wp-block-columns is-layout-flex wp-container-core-columns-is-layout-9d6595d7 wp-block-columns-is-layout-flex\">\n<div class=\"wp-block-column is-layout-flow wp-block-column-is-layout-flow\">\n<figure class=\"wp-block-image size-large\"><img decoding=\"async\" src=\"https:\/\/userblogs.fu-berlin.de\/master_biwi\/files\/2021\/08\/pexels-nastyasensei-335393-2-1024x683.jpg\" alt=\"\" class=\"wp-image-125\" \/><\/figure>\n\n\n\n<h2 class=\"wp-block-heading\"><a href=\"https:\/\/userblogs.fu-berlin.de\/bachelor_ewi\/auslandsaufenthalt\/\">Auslands-aufenthalt<\/a><\/h2>\n\n\n\n<p>In 80 Tagen um die Welt? Oder vielleicht sogar ein Semester?<br>Die Erfahrungsberichte und Erz\u00e4hlungen von Auslandssemestern und -praktika findest du hier.<\/p>\n<\/div>\n\n\n\n<div class=\"wp-block-column is-layout-flow wp-block-column-is-layout-flow\">\n<figure class=\"wp-block-image size-large\"><img loading=\"lazy\" decoding=\"async\" width=\"1024\" height=\"683\" src=\"https:\/\/userblogs.fu-berlin.de\/bachelor_ewi\/files\/2021\/08\/pexels-kaboompics-com-6375-1-1024x683.jpg\" alt=\"\" class=\"wp-image-128\" srcset=\"https:\/\/userblogs.fu-berlin.de\/bachelor_ewi\/files\/2021\/08\/pexels-kaboompics-com-6375-1-1024x683.jpg 1024w, https:\/\/userblogs.fu-berlin.de\/bachelor_ewi\/files\/2021\/08\/pexels-kaboompics-com-6375-1-300x200.jpg 300w, https:\/\/userblogs.fu-berlin.de\/bachelor_ewi\/files\/2021\/08\/pexels-kaboompics-com-6375-1-768x512.jpg 768w, https:\/\/userblogs.fu-berlin.de\/bachelor_ewi\/files\/2021\/08\/pexels-kaboompics-com-6375-1-1536x1024.jpg 1536w, https:\/\/userblogs.fu-berlin.de\/bachelor_ewi\/files\/2021\/08\/pexels-kaboompics-com-6375-1-2048x1365.jpg 2048w, https:\/\/userblogs.fu-berlin.de\/bachelor_ewi\/files\/2021\/08\/pexels-kaboompics-com-6375-1-1200x800.jpg 1200w\" sizes=\"auto, (max-width: 1024px) 100vw, 1024px\" \/><\/figure>\n\n\n\n<h2 class=\"wp-block-heading\"><a href=\"https:\/\/userblogs.fu-berlin.de\/bachelor_ewi\/affiner-bereich\/\">Affiner Bereich<\/a><\/h2>\n\n\n\n<p>Der Affine Bereich bietet euch die M\u00f6glichkeit in andere Studieng\u00e4nge reinzuschnuppern und eure Kenntnisse zu erweitern. Lies hier \u00fcber einzelne Veranstaltungen, die vielleicht zu dir passen.<\/p>\n<\/div>\n<\/div>\n\n\n\n<div class=\"wp-block-columns is-layout-flex wp-container-core-columns-is-layout-9d6595d7 wp-block-columns-is-layout-flex\">\n<div class=\"wp-block-column is-layout-flow wp-block-column-is-layout-flow\">\n<figure class=\"wp-block-image size-large\"><img loading=\"lazy\" decoding=\"async\" width=\"1024\" height=\"683\" src=\"https:\/\/userblogs.fu-berlin.de\/bachelor_ewi\/files\/2021\/08\/pexels-george-milton-7034644-1024x683.jpg\" alt=\"\" class=\"wp-image-125\" srcset=\"https:\/\/userblogs.fu-berlin.de\/bachelor_ewi\/files\/2021\/08\/pexels-george-milton-7034644-1024x683.jpg 1024w, https:\/\/userblogs.fu-berlin.de\/bachelor_ewi\/files\/2021\/08\/pexels-george-milton-7034644-300x200.jpg 300w, https:\/\/userblogs.fu-berlin.de\/bachelor_ewi\/files\/2021\/08\/pexels-george-milton-7034644-768x512.jpg 768w, https:\/\/userblogs.fu-berlin.de\/bachelor_ewi\/files\/2021\/08\/pexels-george-milton-7034644-1536x1024.jpg 1536w, https:\/\/userblogs.fu-berlin.de\/bachelor_ewi\/files\/2021\/08\/pexels-george-milton-7034644-2048x1365.jpg 2048w, https:\/\/userblogs.fu-berlin.de\/bachelor_ewi\/files\/2021\/08\/pexels-george-milton-7034644-1200x800.jpg 1200w\" sizes=\"auto, (max-width: 1024px) 100vw, 1024px\" \/><\/figure>\n\n\n\n<h2 class=\"wp-block-heading\"><a href=\"https:\/\/userblogs.fu-berlin.de\/bachelor_ewi\/abv\/\">ABV<\/a><\/h2>\n\n\n\n<p>Die Allgemeine Berufsvorbereitung (ABV) bietet einen Praxisbezug zu den Studieninhalten. Sie beinhaltet das Berufspraktikum sowie einige zus\u00e4tzliche Qualifikationen wie z.B. Sprachkurse. Tipps zur Praktikumssuche und vieles mehr findest du hier.<\/p>\n<\/div>\n\n\n\n<div class=\"wp-block-column is-layout-flow wp-block-column-is-layout-flow\">\n<figure class=\"wp-block-image size-large\"><img loading=\"lazy\" decoding=\"async\" width=\"1024\" height=\"683\" src=\"https:\/\/userblogs.fu-berlin.de\/bachelor_ewi\/files\/2022\/06\/pexels-fauxels-3184418-1024x683.jpg\" alt=\"\" class=\"wp-image-344\" srcset=\"https:\/\/userblogs.fu-berlin.de\/bachelor_ewi\/files\/2022\/06\/pexels-fauxels-3184418-1024x683.jpg 1024w, https:\/\/userblogs.fu-berlin.de\/bachelor_ewi\/files\/2022\/06\/pexels-fauxels-3184418-300x200.jpg 300w, https:\/\/userblogs.fu-berlin.de\/bachelor_ewi\/files\/2022\/06\/pexels-fauxels-3184418-768x512.jpg 768w, https:\/\/userblogs.fu-berlin.de\/bachelor_ewi\/files\/2022\/06\/pexels-fauxels-3184418-1536x1024.jpg 1536w, https:\/\/userblogs.fu-berlin.de\/bachelor_ewi\/files\/2022\/06\/pexels-fauxels-3184418-2048x1365.jpg 2048w, https:\/\/userblogs.fu-berlin.de\/bachelor_ewi\/files\/2022\/06\/pexels-fauxels-3184418-1200x800.jpg 1200w\" sizes=\"auto, (max-width: 1024px) 100vw, 1024px\" \/><\/figure>\n\n\n\n<h2 class=\"wp-block-heading\"><a href=\"https:\/\/userblogs.fu-berlin.de\/bachelor_ewi\/studienabschluss\/\">Projekt<\/a><\/h2>\n\n\n\n<p>Im Modul 11 verfolgt ihr in kleinen Gruppen ein Projekt. Das Projektvorhaben wird in diesem Modul von euch definiert, geplant und durchgef\u00fchrt. Wie so ein Projekt aussehen kann und ein kleines Praxisbeispiel findest du auf dieser Seite.<\/p>\n<\/div>\n<\/div>\n\n\n\n<div class=\"wp-block-columns is-layout-flex wp-container-core-columns-is-layout-9d6595d7 wp-block-columns-is-layout-flex\">\n<div class=\"wp-block-column is-layout-flow wp-block-column-is-layout-flow\">\n<figure class=\"wp-block-image size-large\"><img loading=\"lazy\" decoding=\"async\" width=\"1024\" height=\"678\" src=\"https:\/\/userblogs.fu-berlin.de\/bachelor_ewi\/files\/2021\/08\/pexels-ekrulila-2292837-1024x678.jpg\" alt=\"\" class=\"wp-image-114\" srcset=\"https:\/\/userblogs.fu-berlin.de\/bachelor_ewi\/files\/2021\/08\/pexels-ekrulila-2292837-1024x678.jpg 1024w, https:\/\/userblogs.fu-berlin.de\/bachelor_ewi\/files\/2021\/08\/pexels-ekrulila-2292837-300x199.jpg 300w, https:\/\/userblogs.fu-berlin.de\/bachelor_ewi\/files\/2021\/08\/pexels-ekrulila-2292837-768x509.jpg 768w, https:\/\/userblogs.fu-berlin.de\/bachelor_ewi\/files\/2021\/08\/pexels-ekrulila-2292837-1536x1017.jpg 1536w, https:\/\/userblogs.fu-berlin.de\/bachelor_ewi\/files\/2021\/08\/pexels-ekrulila-2292837-2048x1356.jpg 2048w, https:\/\/userblogs.fu-berlin.de\/bachelor_ewi\/files\/2021\/08\/pexels-ekrulila-2292837-1200x795.jpg 1200w\" sizes=\"auto, (max-width: 1024px) 100vw, 1024px\" \/><\/figure>\n\n\n\n<h2 class=\"wp-block-heading\"><a href=\"https:\/\/userblogs.fu-berlin.de\/bachelor_ewi\/studienabschluss\/\">Studienabschluss<\/a><\/h2>\n\n\n\n<p>Das Studium zu Ende bringen kann manchmal wie eine Mammutaufgaben wirken. Aber andere Studierende vor dir haben es auch schon geschafft. Mehr dar\u00fcber kannst du hier lesen.<\/p>\n<\/div>\n\n\n\n<div class=\"wp-block-column is-layout-flow wp-block-column-is-layout-flow\">\n<figure class=\"wp-block-image size-large\"><img loading=\"lazy\" decoding=\"async\" width=\"1024\" height=\"683\" src=\"https:\/\/userblogs.fu-berlin.de\/bachelor_ewi\/files\/2021\/08\/pexels-andrea-piacquadio-3760069-1024x683.jpg\" alt=\"\" class=\"wp-image-113\" srcset=\"https:\/\/userblogs.fu-berlin.de\/bachelor_ewi\/files\/2021\/08\/pexels-andrea-piacquadio-3760069-1024x683.jpg 1024w, https:\/\/userblogs.fu-berlin.de\/bachelor_ewi\/files\/2021\/08\/pexels-andrea-piacquadio-3760069-300x200.jpg 300w, https:\/\/userblogs.fu-berlin.de\/bachelor_ewi\/files\/2021\/08\/pexels-andrea-piacquadio-3760069-768x512.jpg 768w, https:\/\/userblogs.fu-berlin.de\/bachelor_ewi\/files\/2021\/08\/pexels-andrea-piacquadio-3760069-1536x1024.jpg 1536w, https:\/\/userblogs.fu-berlin.de\/bachelor_ewi\/files\/2021\/08\/pexels-andrea-piacquadio-3760069-2048x1365.jpg 2048w, https:\/\/userblogs.fu-berlin.de\/bachelor_ewi\/files\/2021\/08\/pexels-andrea-piacquadio-3760069-1200x800.jpg 1200w\" sizes=\"auto, (max-width: 1024px) 100vw, 1024px\" \/><\/figure>\n\n\n\n<h2 class=\"wp-block-heading\"><a href=\"https:\/\/userblogs.fu-berlin.de\/bachelor_ewi\/berufsperspektiven\/\">Berufs-perspektiven<\/a><\/h2>\n\n\n\n<p>Omi fragt schon zum 3. Mal &#8222;Und was wirst du damit mal?&#8220;<br>Um beim n\u00e4chsten Mal eine bessere Antwort als ein Schulterzucken zu haben: Klicke hier.<\/p>\n<\/div>\n<\/div>\n\n\n\n<div class=\"wp-block-columns is-layout-flex wp-container-core-columns-is-layout-9d6595d7 wp-block-columns-is-layout-flex\">\n<div class=\"wp-block-column is-layout-flow wp-block-column-is-layout-flow\"><\/div>\n\n\n\n<div class=\"wp-block-column is-layout-flow wp-block-column-is-layout-flow\"><\/div>\n<\/div>\n\n\n\n<p><\/p>\n","protected":false},"excerpt":{"rendered":"<p>Allgemeines Wie ist es \u00fcberhaupt an der FU den Bachelor in Bildungs- und Erziehungswissenschaft zu studieren? Wie war eure Erfahrung? Wie war die Anderer? Lies hier mehr. Arbeitsbereiche Es gibt im Fach Erziehungswissenschaft insgesamt 19 verschiedene Arbeitsbereiche &#8211; das Fach ist also unglaublich vielseitig. Hier kannst du ein paar Arbeitsbereiche besser kennenlernen. Auslands-aufenthalt In 80 &hellip; <a href=\"https:\/\/userblogs.fu-berlin.de\/bachelor_ewi\/studium\/\" class=\"more-link\"><span class=\"screen-reader-text\">Studium<\/span> weiterlesen<\/a><\/p>\n","protected":false},"author":6168,"featured_media":0,"parent":0,"menu_order":0,"comment_status":"closed","ping_status":"closed","template":"","meta":{"footnotes":""},"class_list":["post-9","page","type-page","status-publish","hentry"],"_links":{"self":[{"href":"https:\/\/userblogs.fu-berlin.de\/bachelor_ewi\/wp-json\/wp\/v2\/pages\/9","targetHints":{"allow":["GET"]}}],"collection":[{"href":"https:\/\/userblogs.fu-berlin.de\/bachelor_ewi\/wp-json\/wp\/v2\/pages"}],"about":[{"href":"https:\/\/userblogs.fu-berlin.de\/bachelor_ewi\/wp-json\/wp\/v2\/types\/page"}],"author":[{"embeddable":true,"href":"https:\/\/userblogs.fu-berlin.de\/bachelor_ewi\/wp-json\/wp\/v2\/users\/6168"}],"replies":[{"embeddable":true,"href":"https:\/\/userblogs.fu-berlin.de\/bachelor_ewi\/wp-json\/wp\/v2\/comments?post=9"}],"version-history":[{"count":17,"href":"https:\/\/userblogs.fu-berlin.de\/bachelor_ewi\/wp-json\/wp\/v2\/pages\/9\/revisions"}],"predecessor-version":[{"id":522,"href":"https:\/\/userblogs.fu-berlin.de\/bachelor_ewi\/wp-json\/wp\/v2\/pages\/9\/revisions\/522"}],"wp:attachment":[{"href":"https:\/\/userblogs.fu-berlin.de\/bachelor_ewi\/wp-json\/wp\/v2\/media?parent=9"}],"curies":[{"name":"wp","href":"https:\/\/api.w.org\/{rel}","templated":true}]}}