{"id":1033,"date":"2024-01-18T15:21:13","date_gmt":"2024-01-18T14:21:13","guid":{"rendered":"https:\/\/userblogs.fu-berlin.de\/bachelorarbeiten_ewi\/?page_id=1033"},"modified":"2024-01-18T15:21:13","modified_gmt":"2024-01-18T14:21:13","slug":"archiv-2023","status":"publish","type":"page","link":"https:\/\/userblogs.fu-berlin.de\/bachelorarbeiten_ewi\/archiv-2023\/","title":{"rendered":"Archiv &#8211; 2023"},"content":{"rendered":"\n<h5 class=\"wp-block-heading\"><strong>Informationen zur Bachelorarbeit<\/strong><\/h5>\n\n\n\n<div class=\"wp-block-columns is-layout-flex wp-container-core-columns-is-layout-9d6595d7 wp-block-columns-is-layout-flex\">\n<div class=\"wp-block-column is-layout-flow wp-block-column-is-layout-flow\">\n<p><strong>Orientierung und Planung<\/strong><\/p>\n\n\n\n<p><a href=\"https:\/\/userblogs.fu-berlin.de\/bachelorarbeiten_ewi\/files\/2023\/02\/2023-02-03-Infoveranstaltung.pdf\" target=\"_blank\" rel=\"noreferrer noopener\">Pr\u00e4sentation vom 03.02.2023<\/a><\/p>\n<\/div>\n\n\n\n<div class=\"wp-block-column is-layout-flow wp-block-column-is-layout-flow\">\n<p><strong>Recherche und Strukturierung<\/strong><\/p>\n\n\n\n<p><a href=\"https:\/\/userblogs.fu-berlin.de\/bachelorarbeiten_ewi\/files\/2023\/03\/2023-03-24-Infoveranstaltung-2-final.pdf\" target=\"_blank\" rel=\"noreferrer noopener\">Pr\u00e4sentation vom 24.03.2023<\/a><\/p>\n<\/div>\n<\/div>\n\n\n\n<div class=\"wp-block-columns is-layout-flex wp-container-core-columns-is-layout-9d6595d7 wp-block-columns-is-layout-flex\">\n<div class=\"wp-block-column is-layout-flow wp-block-column-is-layout-flow\">\n<p><strong>Verschriftlichen und \u00dcberarbeiten<\/strong><\/p>\n\n\n\n<p><a href=\"https:\/\/userblogs.fu-berlin.de\/bachelorarbeiten_ewi\/files\/2023\/05\/2023-05-26-Infoveranstaltung-3.pdf\" target=\"_blank\" rel=\"noreferrer noopener\">Pr\u00e4sentation vom 26.05.2023<\/a><\/p>\n<\/div>\n\n\n\n<div class=\"wp-block-column is-layout-flow wp-block-column-is-layout-flow\">\n<p><strong>Korrektur und <br>Abgabe<\/strong><\/p>\n\n\n\n<p><a href=\"https:\/\/userblogs.fu-berlin.de\/bachelorarbeiten_ewi\/files\/2023\/07\/2023-07-24-Infoveranstaltung-4.pdf\" target=\"_blank\" rel=\"noreferrer noopener\">Pr\u00e4sentation vom 24.07.2023<\/a><\/p>\n<\/div>\n<\/div>\n\n\n\n<h5 class=\"wp-block-heading\">Informationen zu<strong> Perspektiven nach dem Bachelor<\/strong><\/h5>\n\n\n\n<div class=\"wp-block-columns is-layout-flex wp-container-core-columns-is-layout-9d6595d7 wp-block-columns-is-layout-flex\">\n<div class=\"wp-block-column is-layout-flow wp-block-column-is-layout-flow\">\n<p><strong>Masteroptionen in Berlin und Umland<\/strong><\/p>\n\n\n\n<p><a href=\"https:\/\/userblogs.fu-berlin.de\/bachelorarbeiten_ewi\/files\/2023\/04\/2023-04-21-Infoveranstaltung-Masteroptionen.pdf\" target=\"_blank\" rel=\"noreferrer noopener\">Pr\u00e4sentation vom 21.04.2023<\/a><\/p>\n<\/div>\n\n\n\n<div class=\"wp-block-column is-layout-flow wp-block-column-is-layout-flow\">\n<p><strong>Berufseinstieg nach dem Bachelor<\/strong><\/p>\n\n\n\n<p><a href=\"https:\/\/userblogs.fu-berlin.de\/bachelorarbeiten_ewi\/files\/2023\/07\/Berufseinstieg-nach-dem-Bachelor.pdf\" target=\"_blank\" rel=\"noreferrer noopener\">Handout zum Berufseinstieg<\/a><\/p>\n<\/div>\n<\/div>\n\n\n\n<h5 class=\"wp-block-heading\">Arbeitsimpulse<\/h5>\n\n\n\n<div class=\"wp-block-columns is-layout-flex wp-container-core-columns-is-layout-9d6595d7 wp-block-columns-is-layout-flex\">\n<div class=\"wp-block-column is-layout-flow wp-block-column-is-layout-flow\">\n<p><strong>Thema und Fragestellung<\/strong><\/p>\n\n\n\n<p><a rel=\"noreferrer noopener\" href=\"https:\/\/userblogs.fu-berlin.de\/bachelorarbeiten_ewi\/files\/2023\/03\/2023-03-06-Arbeitsimpulse-1.pdf\" target=\"_blank\">Pr\u00e4sentation vom 06.03.2023<\/a><\/p>\n<\/div>\n\n\n\n<div class=\"wp-block-column is-layout-flow wp-block-column-is-layout-flow\">\n<p><strong>Zielsetzung und Roter Faden im Arbeitsprozess<\/strong><\/p>\n\n\n\n<p><a href=\"https:\/\/userblogs.fu-berlin.de\/bachelorarbeiten_ewi\/files\/2023\/06\/Handout-Zielsetzung-Roter-Faden.pdf\" target=\"_blank\" rel=\"noreferrer noopener\">Handout zu Zielsetzung und Roter Faden<\/a><\/p>\n<\/div>\n<\/div>\n\n\n\n<div class=\"wp-block-columns is-layout-flex wp-container-core-columns-is-layout-9d6595d7 wp-block-columns-is-layout-flex\">\n<div class=\"wp-block-column is-layout-flow wp-block-column-is-layout-flow\">\n<p><strong>\u00dcbergang von Recherche zum Schreibprozess<\/strong><\/p>\n\n\n\n<p><a href=\"https:\/\/userblogs.fu-berlin.de\/bachelorarbeiten_ewi\/files\/2023\/06\/Handout-Uebergang-von-Recherche-ins-Schreiben.pdf\" target=\"_blank\" rel=\"noreferrer noopener\">Handout zum \u00dcbergang in die Schreibphase<\/a><\/p>\n<\/div>\n\n\n\n<div class=\"wp-block-column is-layout-flow wp-block-column-is-layout-flow\">\n<p><strong>Umgang mit Arbeitsschwierigkeiten <\/strong><\/p>\n\n\n\n<p><a href=\"https:\/\/userblogs.fu-berlin.de\/bachelorarbeiten_ewi\/files\/2023\/07\/2023-06-03-Arbeitsimpuls-Arbeitsschwierigkeiten.pdf\" target=\"_blank\" rel=\"noreferrer noopener\">Pr\u00e4sentation vom 03.07.2023<\/a><\/p>\n<\/div>\n<\/div>\n","protected":false},"excerpt":{"rendered":"<p>Informationen zur Bachelorarbeit Orientierung und Planung Pr\u00e4sentation vom 03.02.2023 Recherche und Strukturierung Pr\u00e4sentation vom 24.03.2023 Verschriftlichen und \u00dcberarbeiten Pr\u00e4sentation vom 26.05.2023 Korrektur und Abgabe Pr\u00e4sentation vom 24.07.2023 Informationen zu Perspektiven nach dem Bachelor Masteroptionen in Berlin und Umland Pr\u00e4sentation vom 21.04.2023 Berufseinstieg nach dem Bachelor Handout zum Berufseinstieg Arbeitsimpulse Thema und Fragestellung Pr\u00e4sentation vom 06.03.2023 &hellip; <a href=\"https:\/\/userblogs.fu-berlin.de\/bachelorarbeiten_ewi\/archiv-2023\/\" class=\"more-link\"><span class=\"screen-reader-text\">Archiv &#8211; 2023<\/span> weiterlesen<\/a><\/p>\n","protected":false},"author":6168,"featured_media":0,"parent":0,"menu_order":0,"comment_status":"closed","ping_status":"closed","template":"","meta":{"footnotes":""},"class_list":["post-1033","page","type-page","status-publish","hentry"],"_links":{"self":[{"href":"https:\/\/userblogs.fu-berlin.de\/bachelorarbeiten_ewi\/wp-json\/wp\/v2\/pages\/1033","targetHints":{"allow":["GET"]}}],"collection":[{"href":"https:\/\/userblogs.fu-berlin.de\/bachelorarbeiten_ewi\/wp-json\/wp\/v2\/pages"}],"about":[{"href":"https:\/\/userblogs.fu-berlin.de\/bachelorarbeiten_ewi\/wp-json\/wp\/v2\/types\/page"}],"author":[{"embeddable":true,"href":"https:\/\/userblogs.fu-berlin.de\/bachelorarbeiten_ewi\/wp-json\/wp\/v2\/users\/6168"}],"replies":[{"embeddable":true,"href":"https:\/\/userblogs.fu-berlin.de\/bachelorarbeiten_ewi\/wp-json\/wp\/v2\/comments?post=1033"}],"version-history":[{"count":1,"href":"https:\/\/userblogs.fu-berlin.de\/bachelorarbeiten_ewi\/wp-json\/wp\/v2\/pages\/1033\/revisions"}],"predecessor-version":[{"id":1035,"href":"https:\/\/userblogs.fu-berlin.de\/bachelorarbeiten_ewi\/wp-json\/wp\/v2\/pages\/1033\/revisions\/1035"}],"wp:attachment":[{"href":"https:\/\/userblogs.fu-berlin.de\/bachelorarbeiten_ewi\/wp-json\/wp\/v2\/media?parent=1033"}],"curies":[{"name":"wp","href":"https:\/\/api.w.org\/{rel}","templated":true}]}}