{"id":13,"date":"2020-06-12T19:29:07","date_gmt":"2020-06-12T17:29:07","guid":{"rendered":"https:\/\/userblogs.fu-berlin.de\/bachelorarbeiten_ewi\/?page_id=13"},"modified":"2024-01-18T15:42:26","modified_gmt":"2024-01-18T14:42:26","slug":"faq","status":"publish","type":"page","link":"https:\/\/userblogs.fu-berlin.de\/bachelorarbeiten_ewi\/faq\/","title":{"rendered":"FAQ"},"content":{"rendered":"<p style=\"text-align: left\"><span style=\"color: #000000\"><strong>Allgemeine Fragen <\/strong><\/span><\/p>\n<hr \/>\n<p style=\"text-align: left\"><em><span style=\"color: #000000\"><strong>Gibt es eine allgemeine Beratungsstelle?<\/strong><\/span><\/em><br \/>\nAuf der Webseite des Studien- und Pr\u00fcfungsb\u00fcro Erziehungswissenschaft findet man unter dem Reiter <a href=\"https:\/\/www.ewi-psy.fu-berlin.de\/verwaltung-service\/studienangelegenheiten\/pruefungsbuero\/bachelor_ewi_zukunft\/1-Bachelor\/1_4-Studienabschluss\/Bachelorarbeit-_-Studienabschluss-SPO-2012\/index.html\" target=\"_blank\" rel=\"noopener\">Studienabschluss<\/a> ebenfalls alle relevanten Informationen, sowie notwendige Dokumente zur Bachelorarbeit und dem Studienabschluss. Des Weiteren k\u00f6nnen die hier genannten <a href=\"https:\/\/www.ewi-psy.fu-berlin.de\/verwaltung-service\/studienangelegenheiten\/pruefungsbuero\/bachelor_ewi_zukunft\/5-Team\/index.html\" target=\"_blank\" rel=\"noopener\">Ansprechpersonen<\/a> mit spezifischen Fragen z.B. die Abgabe betreffend kontaktiert werden.<\/p>\n<p><em><strong>Welche Unterlagen muss ich zur erfolgreichen Anmeldung meiner Bachelorarbeit einreichen?<br \/>\n<\/strong><\/em>Zur Anmeldung muss der Antrag auf Zulassung zur Bachelorarbeit zusammen mit dem letzten Immatrikulationsnachweis, einem Nachweis \u00fcber die obligatorischen Studienberatungen (in Pr\u00fcfungsakte), der Nachweis \u00fcber den Abschluss der Grundlagenmodule 1 bis 6, sowie der Themenvorschlag der Bachelorarbeit (deutsch und englisch) unterschrieben von beiden Betreuer*innen eingereicht werden. Alle zu verwendenden Dokumente k\u00f6nnen auf der Seite des <a href=\"https:\/\/www.ewi-psy.fu-berlin.de\/verwaltung-service\/studienangelegenheiten\/pruefungsbuero\/bachelor_ewi_zukunft\/1-Bachelor\/1_4-Studienabschluss\/Bachelorarbeit-_-Studienabschluss-SPO-2012\/index.html\" target=\"_blank\" rel=\"noopener\">Studien- und Pr\u00fcfungsb\u00fcros<\/a> gefunden werden<\/p>\n<p><em><strong>Was passiert, wenn ich die Beratung im ersten und\/oder dritten Semester vers\u00e4umt habe? Kann ich die Bachelorarbeit dann nicht antreten, da die Beratung ein Teil der Pr\u00fcfungsordnung ist?<\/strong><\/em><br \/>\nZur erfolgreichen Anmeldung der Bachelorarbeit m\u00fcssen zwei obligatorischen Studienberatungstermine wahrgenommen werden. Wenn die fest angesetzten Termine am Ende des ersten und dritten Semesters vers\u00e4umt wird ist das allerdings kein gro\u00dfes Problem. In diesem Fall kann einfach ein separater Studienberatungstermin mit den <a href=\"https:\/\/www.ewi-psy.fu-berlin.de\/verwaltung-service\/studienangelegenheiten\/pruefungsbuero\/bachelor_ewi_zukunft\/5-Team\/index.html\" target=\"_blank\" rel=\"noopener\">Ansprechpersonen<\/a> des Studien- und Pr\u00fcfungsb\u00fcros z.B. mit der Studentischen Studienberatung ausgemacht werden. Diese Studienberatung ersetzt dann als Nachweis die notwendige Beratung.<\/p>\n<p style=\"text-align: left\"><em><strong>Zur Anmeldung der Bachelorarbeit muss ich einen Nachweis der Studienberatung im ersten und dritten Semester bringen. In welcher Form ist diese im Studienb\u00fcro hinterlegt?\u00a0<\/strong><\/em><br \/>\nIn Form eines Protokolls, das bei dem Beratungsgespr\u00e4ch angefertigt wurde. Diese beiden Protokolle befinden sich in der jeweiligen Pr\u00fcfungsakte des Studierenden und m\u00fcssen daher nicht zur Anmeldung individuell beigef\u00fcgt werden.<\/p>\n<p style=\"text-align: left\"><em><strong>Gibt es ein Phasenmodell, an welchem ich mich orientieren kann?<\/strong><\/em><br \/>\nDie abschlie\u00dfende Bachelorarbeit ist von der allgemeinen Konzeption her wie eine Hausarbeit, nur in einem etwas gr\u00f6\u00dferen Ausma\u00df anzugehen. Sehen Sie am besten in Ihren Aufzeichnungen zum Seminar \u201eTechniken wissenschaftlichen Arbeitens\u201c (Semester 1 \/ Modul 2) nach. Als Orientierung und Hilfsmittel sind nat\u00fcrlich auch die Materialien dieses Blogs sinnvoll heranzuziehen.<\/p>\n<p><em><strong>Gibt es grundlegende Vorgaben?<\/strong><\/em><br \/>\nDer <a href=\"https:\/\/www.ewi-psy.fu-berlin.de\/verwaltung-service\/studienangelegenheiten\/pruefungsbuero\/bachelor_ewi_zukunft\/Dokumente\/StO_PO_BA_Bildungswiss_Ewi_Amtsblatt27_2012.pdf\" target=\"_blank\" rel=\"noopener\">Studien- und Pr\u00fcfungsordnung<\/a>, sowie dem <a href=\"https:\/\/www.ewi-psy.fu-berlin.de\/verwaltung-service\/studienangelegenheiten\/pruefungsbuero\/bachelor_ewi_zukunft\/1-Bachelor\/1_4-Studienabschluss\/Merkblatt_BA_Arbeit_neu2.pdf\" target=\"_blank\" rel=\"noopener\">Merkblatt zur Bachelorarbeit<\/a> k\u00f6nnen alle relevanten Richtlinien formale Aspekte betreffend entnommen werden. Spezifisch Anspr\u00fcche auf inhaltlicher Ebene, sowie alles Weitere sollte mit den Gutachter*innen abgesprochen werden.<\/p>\n<p><em><strong>Wie lange dauert i. d. R.\u00a0 die Anmeldung und die Bewertung?<\/strong><\/em><br \/>\nDie Anmeldung besteht aus dem Einreichen s\u00e4mtlicher Unterlagen f\u00fcr die Zulassung zur Bachelorarbeit im Pr\u00fcfungsb\u00fcro. Der Themenvorschlag sowie alle weiteren Unterlagen werden zur n\u00e4chsten Tagung des Pr\u00fcfungsausschusses (alle 2 Wochen) besprochen. Die Zulassung zur Bachelorarbeit erfolgt dann zeitnah. Nach Abgabe der Bachelorarbeit im Pr\u00fcfungsb\u00fcro erfolgt die Bewertung ca. vier bis f\u00fcnf Wochen nach Einreichung.<\/p>\n<p><em><strong>K\u00f6nnen die Betreuer*innen von der Pr\u00fcfungsordnung abweichen?\u00a0<\/strong><\/em><br \/>\nNein, der gesamte Studiengang fu\u00dft auf der geltenden Studien- und Pr\u00fcfungsordnung. Die Betreuer*innen richten sich in Ihren formalen Anforderungen dementsprechend.<\/p>\n<p><span style=\"color: #000000\"><strong>Fragen zur Betreuung<\/strong><\/span><\/p>\n<hr \/>\n<p><em><strong>Wie finde ich das richtige Thema und die passende Betreuung?<\/strong><\/em><br \/>\nGrunds\u00e4tzlich verh\u00e4lt sich die Bachelorarbeit wie eine erweiterte Hausarbeit. Sie ist keine explizite Abschlussarbeit, sondern eine besondere Pr\u00fcfungsleistung, da die Bachelorarbeit so zu sagen ein alleinstehendes Modul im Wert von 10 LP darstellt, ohne gesonderte Veranstaltungen wie beispielsweise Seminare darstellt und in weitestgehend selbstst\u00e4ndiger Form absolviert wird. Dennoch wird die Bachelorarbeit i. d .R. zum Abschluss des Studiums geschrieben und signalisiert somit den Studienabschluss. Gehen Sie bei der Themenfindung also so vor wie Sie Hausarbeitsthemen finden. Es werden i. d. R. keine Themen vorgegeben, sie m\u00fcssen selbstverst\u00e4ndlich eine Thematik mit erziehungswissenschaftlichen Bezug finden, mit der Sie sich intensiv auseinandersetzen m\u00f6chten. Grundlage daf\u00fcr ist Ihr gesamtes Studium, Ihre Aufzeichnungen in den Seminaren, Ihre alten Seminarpl\u00e4ne, Ihr Interesse. Teilweise sind allerdings auch Bachelorarbeiten ausgeschrieben, daher lohnt es sich einen Blick auf die unterschiedlichen Seiten der Arbeitsbereiche zu werfen, die sich mit Thematiken besch\u00e4ftigen die Sie interessieren. Au\u00dferdem eignen sich besonders die Module 10 und 11 als Grundlagen zum Ausbau in der Bachelorarbeit. Bedenken Sie bitte auch, dass Ihr Thema der Bachelorarbeit sp\u00e4ter als einzige Pr\u00fcfungsleistung\u00a0 direkt auf dem Zeugnis ausgewiesen wird. Die Betreuung finden Sie, indem Sie sich fragen, wer zu Ihrem Thema passt\/sich mit dieser Thematik an welchem Arbeitsbereich besch\u00e4ftigt. Zusammen ggf. schon mit einem Expos\u00e9 kontaktieren Sie dann zu einem|einer jeweiligen Professor*in oder wissenschaftlichen Mitarbeiter*in und fragen, ob eine Betreuung m\u00f6glich w\u00e4re.<\/p>\n<p><em><strong>Wer darf alles eine Bachelorarbeit betreuen?\u00a0<\/strong><\/em><br \/>\nEs m\u00fcssen zwei Betreuer*innen sein. Eine*r der beiden muss mindestens promoviert sein und der\/die jeweils andere Betreuer*in muss Erziehungswissenschaft mindestens auf Masterniveau vertreten k\u00f6nnen. Externe Betreuer|innen sind ebenfalls zul\u00e4ssig, m\u00fcssen allerdings durch das Pr\u00fcfungsb\u00fcro genehmigt werden.<\/p>\n<p>\u2022 Dr+MA (FU+FU oder FU+extern)<\/p>\n<p><em><strong>Wer hilft mir bei der Ausgestaltung meines Themas\/Konkreter Formulierung der Fragestellung?<\/strong><\/em><br \/>\nDie Hilfe bei der Ausgestaltung Ihres Themas f\u00e4llt in den Aufgabenbereich des\/der Betreuer*s*in.<\/p>\n<p><em><strong>Wie erstelle ich eine dem Umfang entsprechende Leitfrage?<\/strong><\/em><br \/>\nHinsichtlich formaler Anforderungen sehen Sie sich bitte das <a href=\"https:\/\/www.ewi-psy.fu-berlin.de\/verwaltung-service\/studienangelegenheiten\/pruefungsbuero\/bachelor_ewi_zukunft\/1-Bachelor\/1_4-Studienabschluss\/Merkblatt_BA_Arbeit_neu2.pdf\" target=\"_blank\" rel=\"noopener\">Merkblatt<\/a> dazu auf der Internetseite des <a href=\"https:\/\/www.ewi-psy.fu-berlin.de\/verwaltung-service\/studienangelegenheiten\/pruefungsbuero\/bachelor_ewi_zukunft\/index.html\" target=\"_blank\" rel=\"noopener\">Studien- und Pr\u00fcfungsb\u00fcros<\/a> an (oder werfen einen Blick in die Studien- und Pr\u00fcfungsordnung!). Die Leitfrage muss so heruntergebrochen sein, dass sie sich bei einer Bearbeitungszeit innerhalb von 12 Wochen beantworten l\u00e4sst.<\/p>\n<p><em><strong>Wen schreibe ich in den Arbeitsbereichen an?<\/strong><\/em><br \/>\nProfessor*innen und wissenschaftliche Mitarbeit*innen sind m\u00f6gliche Kontaktpersonen f\u00fcr eine Bachelorarbeit. Aktuelle Informationen zu den Arbeitsbereichen findet ihr <a href=\"https:\/\/www.ewi-psy.fu-berlin.de\/erziehungswissenschaft\/arbeitsbereiche\/index.html\" target=\"_blank\" rel=\"noopener\">hier<\/a>.<\/p>\n<p><em><strong>Geben die Arbeitsbereiche auch Themen vor? Wenn ja, wo werden diese ver\u00f6ffentlicht?<\/strong><\/em><br \/>\nEs gibt Arbeitsbereiche, die das tun. z. B. der von Frau Prof. Dr. Hannover. Entweder auf ihrer Internetseite nachsehen, schreiben oder anrufen. Weitere Informationen findet ihr\u00a0hier.<\/p>\n<p><em><strong>Wie viel Betreuung kann ich von Dozent*innen erwarten\/einfordern?<\/strong><\/em><br \/>\nBesprechen\/Kl\u00e4ren Sie das zu Beginn mit de\/der potentiellen Betreuerin. Allgemein haben Sie Anrecht auf zwei bis drei feste Beratungsgespr\u00e4che.<\/p>\n<p><em><strong>Inwiefern kann ich meine*n Betreuer*in um Literatur anfragen oder um Feedback bei einer Gliederung?<\/strong><\/em><br \/>\nSie k\u00f6nnen Ihre Betreuer*innen nach Literaturtipps fragen und auch um Feedback zur Gliederung und dem Vorhaben Ihrer Arbeit bitten. Inwieweit und in welchem Umfang Ihre Betreuer*innen Ihnen allerdings Unterst\u00fctzungsmittel bieten ist voll und ganz diesen \u00fcberlassen. Ab einem gewissen Punkt m\u00fcssen Sie Ihre Arbeit auch in Eigenleistungen erbringen und die Betreuer*innen kommen sonst in einen Gewissenskonflikt die schlussendliche Bewertung betreffend.<\/p>\n<p><em><strong>Nach welchen Kriterien wird bewertet?<\/strong><\/em><br \/>\nGgf. nach Schl\u00fcssigkeit des Themas, nach dessen Aktualit\u00e4t, Aufarbeitung des Themas, Begriffsdefinitionen, Nachvollziehbarkeit, aktuelle Literatur, saubere Zitierweise, \u00fcberhaupt Anwenden der Techniken wissenschaftlichen Arbeitens, angemessenes Sprachniveau, Originalit\u00e4t und Herausarbeiten der eigenen Position. Bitte alles zusammen zuvor mit dem*r Betreuer*in besprechen und lassen Sie sich hier die Erwartungen an eine Abschlussarbeit schildern.<\/p>\n<p><em><strong>Gibt es die M\u00f6glichkeit zur Vorkorrektur?<\/strong><\/em><br \/>\nEine Vorkorrektur der Bachelorarbeit ist nicht \u00fcblich. Nutzen Sie allerdings auf jeden Fall die M\u00f6glichkeiten beispielsweise mit Kommilitoninnen gemeinsame Korrekturschleifen zu durchlaufen.<\/p>\n<p><em><strong>Gibt es eine m\u00fcndliche Verteidigung der Bachelorarbeit?<\/strong><\/em><br \/>\nNein, die Bachelorarbeit muss nicht m\u00fcndlich verteidigt werden.<\/p>\n<p><span style=\"color: #000000\"><strong>Spezielle Fragen<\/strong><\/span><\/p>\n<hr \/>\n<p><em><strong>Welche*r Professor*innen sind bereit, welche Themen bearbeiten zu lassen&#8230;<\/strong><\/em><br \/>\n<em><strong>Ich w\u00fcrde gerne zu etwas arbeiten, was nicht direkt unter die Themenbereiche f\u00e4llt, f\u00fcr die die FU auch Arbeitsbereiche hat. Ich w\u00fcsste gerne, ob es Professor*innen gibt, die bereit sind, auch Themen &#8222;ab vom Schuss&#8220; zu betreuen&#8230;<\/strong><\/em><br \/>\nJa, das gibt es durchaus. Aber das m\u00fcsste im Einzelfall erfragt werden, weil es am Ende doch immer auf den eigenen Schwerpunkt ankommt; was f\u00fcr den einen sehr nah ist, ist f\u00fcr den anderen entlegen. Wichtig ist immer zu beachten: Ihr Thema muss einen erziehungswissenschaftlichen Bezug haben.<\/p>\n<p><em><strong>Ich habe jetzt mitbekommen, das WImMis in durch Drittmittel gef\u00f6rderten Projekten BA-Betreuungen quasi &#8222;ehrenamtlich&#8220; machen. Daher meine Frage: Wer wird eigentlich daf\u00fcr bezahlt, BA Arbeiten zu betreuen? Wen k\u00f6nnen wir guten Gewissens anfragen?<\/strong><\/em><br \/>\nMitarbeiter, die \u00fcber Drittmittel finanziert sind, haben keine Pr\u00fcfungsberechtigung! Diese sind keine Mitglieder des Fachbereichs und daher nicht pr\u00fcfungsberechtigt. Sie k\u00f6nnen guten Gewissens alle Mitglieder des Fachbereichs fragen, bedeutet: alle Professoren, alle wissenschaftlichen Mitarbeiter, die nicht Drittmittel-finanziert sind, auch alle Lehrbeauftragten.<\/p>\n<p><em><strong>Wie genau muss ich einen externe*n Pr\u00fcfer*in anmelden, welche Voraussetzungen gibt es hierbei und wie wahrscheinlich ist es, dass der Antrag angenommen wird?<\/strong><\/em><br \/>\nBitte reichen Sie hierf\u00fcr einen formlosen Antrag im Pr\u00fcfungsb\u00fcro ein und begr\u00fcnden, warum ein externer Pr\u00fcfer n\u00f6tig ist (und warum das keiner von unserem Fachbereich \u00fcbernehmen kann).<\/p>\n","protected":false},"excerpt":{"rendered":"<p>Allgemeine Fragen Gibt es eine allgemeine Beratungsstelle? Auf der Webseite des Studien- und Pr\u00fcfungsb\u00fcro Erziehungswissenschaft findet man unter dem Reiter Studienabschluss ebenfalls alle relevanten Informationen, sowie notwendige Dokumente zur Bachelorarbeit und dem Studienabschluss. Des Weiteren k\u00f6nnen die hier genannten Ansprechpersonen mit spezifischen Fragen z.B. die Abgabe betreffend kontaktiert werden. Welche Unterlagen muss ich zur erfolgreichen &hellip; <a href=\"https:\/\/userblogs.fu-berlin.de\/bachelorarbeiten_ewi\/faq\/\" class=\"more-link\"><span class=\"screen-reader-text\">FAQ<\/span> weiterlesen<\/a><\/p>\n","protected":false},"author":5098,"featured_media":0,"parent":0,"menu_order":0,"comment_status":"closed","ping_status":"closed","template":"","meta":{"footnotes":""},"class_list":["post-13","page","type-page","status-publish","hentry"],"_links":{"self":[{"href":"https:\/\/userblogs.fu-berlin.de\/bachelorarbeiten_ewi\/wp-json\/wp\/v2\/pages\/13","targetHints":{"allow":["GET"]}}],"collection":[{"href":"https:\/\/userblogs.fu-berlin.de\/bachelorarbeiten_ewi\/wp-json\/wp\/v2\/pages"}],"about":[{"href":"https:\/\/userblogs.fu-berlin.de\/bachelorarbeiten_ewi\/wp-json\/wp\/v2\/types\/page"}],"author":[{"embeddable":true,"href":"https:\/\/userblogs.fu-berlin.de\/bachelorarbeiten_ewi\/wp-json\/wp\/v2\/users\/5098"}],"replies":[{"embeddable":true,"href":"https:\/\/userblogs.fu-berlin.de\/bachelorarbeiten_ewi\/wp-json\/wp\/v2\/comments?post=13"}],"version-history":[{"count":20,"href":"https:\/\/userblogs.fu-berlin.de\/bachelorarbeiten_ewi\/wp-json\/wp\/v2\/pages\/13\/revisions"}],"predecessor-version":[{"id":1042,"href":"https:\/\/userblogs.fu-berlin.de\/bachelorarbeiten_ewi\/wp-json\/wp\/v2\/pages\/13\/revisions\/1042"}],"wp:attachment":[{"href":"https:\/\/userblogs.fu-berlin.de\/bachelorarbeiten_ewi\/wp-json\/wp\/v2\/media?parent=13"}],"curies":[{"name":"wp","href":"https:\/\/api.w.org\/{rel}","templated":true}]}}