{"id":172,"date":"2021-01-02T13:21:57","date_gmt":"2021-01-02T12:21:57","guid":{"rendered":"https:\/\/userblogs.fu-berlin.de\/bachelorarbeiten_ewi\/?page_id=172"},"modified":"2023-01-25T12:46:57","modified_gmt":"2023-01-25T11:46:57","slug":"meine-bachelorarbeit","status":"publish","type":"page","link":"https:\/\/userblogs.fu-berlin.de\/bachelorarbeiten_ewi\/meine-bachelorarbeit\/","title":{"rendered":"Bachelorarbeit"},"content":{"rendered":"\n<p>Hier findest du alle Informationen rund um die Bachelorarbeit im Bachelor Bildungs- und Erziehungswissenschaft. Der Arbeitsprozess ist in vier Phasen unterteilt. Je nach deinem aktuellen Stand kannst du relevante Merkbl\u00e4tter und Formulare finden.<\/p>\n\n\n\n<div class=\"wp-block-columns is-layout-flex wp-container-core-columns-is-layout-9d6595d7 wp-block-columns-is-layout-flex\">\n<div class=\"wp-block-column is-layout-flow wp-block-column-is-layout-flow\"><div class=\"wp-block-image\">\n<figure class=\"aligncenter size-full\"><img loading=\"lazy\" decoding=\"async\" width=\"96\" height=\"96\" src=\"https:\/\/userblogs.fu-berlin.de\/bachelorarbeiten_ewi\/files\/2022\/11\/Bild1.jpg\" alt=\"\" class=\"wp-image-807\" \/><\/figure><\/div>\n\n\n<div class=\"wp-block-buttons is-content-justification-center is-layout-flex wp-container-core-buttons-is-layout-16018d1d wp-block-buttons-is-layout-flex\">\n<div class=\"wp-block-button is-style-fill\"><a class=\"wp-block-button__link has-white-color has-text-color has-background\" href=\"https:\/\/userblogs.fu-berlin.de\/bachelorarbeiten_ewi\/orientierung-und-planung\/\" style=\"background-color:#a9a9a9\">Orientierung und Planung<\/a><\/div>\n<\/div>\n\n\n\n<p><\/p>\n\n\n\n<p class=\"has-text-align-center\"><strong>Richtlinien und Pr\u00fcfungsordnung<\/strong><\/p>\n\n\n\n<p class=\"has-text-align-center\"><strong>Themenfindung und Formulierung der Fragestellung<\/strong><\/p>\n\n\n\n<p class=\"has-text-align-center\"><strong>Betreuer*innensuche<\/strong><\/p>\n\n\n\n<p class=\"has-text-align-center\"><strong>Expos\u00e9 schreiben und groben Zeitplan erstellen<\/strong><\/p>\n\n\n\n<p class=\"has-text-align-center\"><strong>Anmeldung<\/strong><\/p>\n<\/div>\n\n\n\n<div class=\"wp-block-column is-layout-flow wp-block-column-is-layout-flow\"><div class=\"wp-block-image\">\n<figure class=\"aligncenter size-full\"><img loading=\"lazy\" decoding=\"async\" width=\"96\" height=\"96\" src=\"https:\/\/userblogs.fu-berlin.de\/bachelorarbeiten_ewi\/files\/2022\/11\/Bild6.jpg\" alt=\"\" class=\"wp-image-822\" \/><\/figure><\/div>\n\n\n<div class=\"wp-block-buttons is-content-justification-center is-layout-flex wp-container-core-buttons-is-layout-16018d1d wp-block-buttons-is-layout-flex\">\n<div class=\"wp-block-button\"><a class=\"wp-block-button__link has-background\" href=\"https:\/\/userblogs.fu-berlin.de\/bachelorarbeiten_ewi\/recherche-und-strukturierung\/\" style=\"background-color:#a9a9a9\">Recherche und Strukturierung<\/a><\/div>\n<\/div>\n\n\n\n<p><\/p>\n\n\n\n<p class=\"has-text-align-center\"><strong>Literaturrecherche und Literaturverwaltung<\/strong><\/p>\n\n\n\n<p class=\"has-text-align-center\"><strong>Lesetechniken und Exzerps schreiben<\/strong><\/p>\n\n\n\n<p class=\"has-text-align-center\"><strong>Zeit- und Stukturplan<\/strong><\/p>\n\n\n\n<p class=\"has-text-align-center\"><\/p>\n\n\n\n<p><\/p>\n<\/div>\n<\/div>\n\n\n\n<div class=\"wp-block-columns is-layout-flex wp-container-core-columns-is-layout-9d6595d7 wp-block-columns-is-layout-flex\">\n<div class=\"wp-block-column is-layout-flow wp-block-column-is-layout-flow\"><div class=\"wp-block-image\">\n<figure class=\"aligncenter size-full\"><img loading=\"lazy\" decoding=\"async\" width=\"96\" height=\"96\" src=\"https:\/\/userblogs.fu-berlin.de\/bachelorarbeiten_ewi\/files\/2022\/11\/Bild3.jpg\" alt=\"\" class=\"wp-image-811\" \/><\/figure><\/div>\n\n\n<div class=\"wp-block-buttons is-content-justification-center is-layout-flex wp-container-core-buttons-is-layout-16018d1d wp-block-buttons-is-layout-flex\">\n<div class=\"wp-block-button is-style-fill\"><a class=\"wp-block-button__link has-white-color has-text-color has-background\" href=\"https:\/\/userblogs.fu-berlin.de\/bachelorarbeiten_ewi\/verschriftlichen-und-ueberarbeiten\/\" style=\"background-color:#a9a9a9\">Verschrriftlichen und \u00dcberarbeiten<\/a><\/div>\n<\/div>\n\n\n\n<p><\/p>\n\n\n\n<p class=\"has-text-align-center\"><strong>Anforderungen und formelle Gestaltung <\/strong><\/p>\n\n\n\n<p class=\"has-text-align-center\"><strong>\u00dcbergang zum Schreibprozess<\/strong><\/p>\n\n\n\n<p class=\"has-text-align-center\"><strong>Umgang mit Arbeitsschwierigkeiten<\/strong><\/p>\n<\/div>\n\n\n\n<div class=\"wp-block-column is-layout-flow wp-block-column-is-layout-flow\"><div class=\"wp-block-image\">\n<figure class=\"aligncenter size-full\"><img loading=\"lazy\" decoding=\"async\" width=\"96\" height=\"96\" src=\"https:\/\/userblogs.fu-berlin.de\/bachelorarbeiten_ewi\/files\/2022\/11\/Bild5.jpg\" alt=\"\" class=\"wp-image-809\" \/><\/figure><\/div>\n\n\n<div class=\"wp-block-buttons is-content-justification-center is-layout-flex wp-container-core-buttons-is-layout-16018d1d wp-block-buttons-is-layout-flex\">\n<div class=\"wp-block-button\"><a class=\"wp-block-button__link has-background\" href=\"https:\/\/userblogs.fu-berlin.de\/bachelorarbeiten_ewi\/korrektur-und-abgabe\/\" style=\"background-color:#a9a9a9\">Korrektur und Abgabe<\/a><\/div>\n<\/div>\n\n\n\n<p><\/p>\n\n\n\n<p class=\"has-text-align-center\"><strong>Korrektur<\/strong><\/p>\n\n\n\n<p class=\"has-text-align-center\"><strong>Abgabe<\/strong><\/p>\n\n\n\n<p class=\"has-text-align-center\"><strong>Antrag auf Studienabschluss<\/strong><\/p>\n\n\n\n<p class=\"has-text-align-center\"><strong>Exmatrikulation<\/strong><\/p>\n<\/div>\n<\/div>\n\n\n\n<p><\/p>\n","protected":false},"excerpt":{"rendered":"<p>Hier findest du alle Informationen rund um die Bachelorarbeit im Bachelor Bildungs- und Erziehungswissenschaft. Der Arbeitsprozess ist in vier Phasen unterteilt. Je nach deinem aktuellen Stand kannst du relevante Merkbl\u00e4tter und Formulare finden. Richtlinien und Pr\u00fcfungsordnung Themenfindung und Formulierung der Fragestellung Betreuer*innensuche Expos\u00e9 schreiben und groben Zeitplan erstellen Anmeldung Literaturrecherche und Literaturverwaltung Lesetechniken und Exzerps &hellip; <a href=\"https:\/\/userblogs.fu-berlin.de\/bachelorarbeiten_ewi\/meine-bachelorarbeit\/\" class=\"more-link\"><span class=\"screen-reader-text\">Bachelorarbeit<\/span> weiterlesen<\/a><\/p>\n","protected":false},"author":6168,"featured_media":0,"parent":0,"menu_order":0,"comment_status":"closed","ping_status":"closed","template":"","meta":{"footnotes":""},"class_list":["post-172","page","type-page","status-publish","hentry"],"_links":{"self":[{"href":"https:\/\/userblogs.fu-berlin.de\/bachelorarbeiten_ewi\/wp-json\/wp\/v2\/pages\/172","targetHints":{"allow":["GET"]}}],"collection":[{"href":"https:\/\/userblogs.fu-berlin.de\/bachelorarbeiten_ewi\/wp-json\/wp\/v2\/pages"}],"about":[{"href":"https:\/\/userblogs.fu-berlin.de\/bachelorarbeiten_ewi\/wp-json\/wp\/v2\/types\/page"}],"author":[{"embeddable":true,"href":"https:\/\/userblogs.fu-berlin.de\/bachelorarbeiten_ewi\/wp-json\/wp\/v2\/users\/6168"}],"replies":[{"embeddable":true,"href":"https:\/\/userblogs.fu-berlin.de\/bachelorarbeiten_ewi\/wp-json\/wp\/v2\/comments?post=172"}],"version-history":[{"count":67,"href":"https:\/\/userblogs.fu-berlin.de\/bachelorarbeiten_ewi\/wp-json\/wp\/v2\/pages\/172\/revisions"}],"predecessor-version":[{"id":891,"href":"https:\/\/userblogs.fu-berlin.de\/bachelorarbeiten_ewi\/wp-json\/wp\/v2\/pages\/172\/revisions\/891"}],"wp:attachment":[{"href":"https:\/\/userblogs.fu-berlin.de\/bachelorarbeiten_ewi\/wp-json\/wp\/v2\/media?parent=172"}],"curies":[{"name":"wp","href":"https:\/\/api.w.org\/{rel}","templated":true}]}}