{"id":2,"date":"2020-06-04T16:17:43","date_gmt":"2020-06-04T14:17:43","guid":{"rendered":""},"modified":"2024-01-18T15:28:13","modified_gmt":"2024-01-18T14:28:13","slug":"impressum","status":"publish","type":"page","link":"https:\/\/userblogs.fu-berlin.de\/bachelorarbeiten_ewi\/impressum\/","title":{"rendered":"Impressum"},"content":{"rendered":"<h2>Dienstanbieter:<\/h2>\n<p>Freie Universit\u00e4t Berlin, vertreten durch den <a href=\"http:\/\/www.fu-berlin.de\/einrichtungen\/organe\/praesidium\/praesident\/index.html\" target=\"_self\" rel=\"noopener noreferrer\">Pr\u00e4sidenten<\/a>.<\/p>\n<h2>Anschrift:<\/h2>\n<p>Freie Universit\u00e4t Berlin<br \/>\nPr\u00e4sidium<br \/>\nKaiserswerther Str. 16\/18<br \/>\n14195 Berlin<\/p>\n<h2><strong>Umsatzsteueridentifikationsnummer:<\/strong><\/h2>\n<p>DE 811304768<\/p>\n<h2>Inhaltliche Verantwortung nach \u00a7 55 RfStV:<\/h2>\n<p>Stefan Neuber<br \/>\nStudienausgangsmentoring<br \/>\nE-Mail: <a href=\"mailto:s.neuber@fu-berlin.de\">s.neuber@fu-berlin.de<\/a><\/p>\n<p>Ehemalige Mitarbeitende:<br \/>\nJamie-Celine Reichelt (<a href=\"mailto:jamieceline.reichelt@fu-berlin.de\">jamieceline.reichelt@fu-berlin.de<\/a>)<br \/>\nRonja Kumpe (<a href=\"mailto:r.kumpe@fu-berlin.de\">r.kumpe@fu-berlin.de<\/a>)<\/p>\n<p>Urheber des Bachelorarbeits-Blogs:<br \/>\nTanja Fiedermann (E-Mail: Tanja-Fiedermann@web.de)<br \/>\nJohannes R\u00fcss (E-Mail: johannes.ruess@posteo.de)<\/p>\n<h2>Rechtsform:<\/h2>\n<p>Die Freie Universit\u00e4t Berlin ist eine K\u00f6rperschaft des \u00f6ffentlichen Rechts gem. \u00a7\u00a7 1 und 2 Berliner Hochschulgesetz (BerlHG). Das Webangebot der Freien Universit\u00e4t Berlin unterliegt dem geltenden <a title=\"Freie Universit\u00e4t Berlin: Urheberrecht\/Copyright\" href=\"http:\/\/www.fu-berlin.de\/redaktion\/copyright\/index.html\">Urheberrecht<\/a>. Beachten Sie bitte auch unseren <a title=\"Haftungsausschluss - Disclaimer, FU Berlin\" href=\"http:\/\/www.fu-berlin.de\/redaktion\/disclaimer\/index.html\">Haftungsausschluss\/Disclaimer.<\/a><\/p>\n<h2>Aufsichtsbeh\u00f6rde<\/h2>\n<p>Aufsichtsbeh\u00f6rde ist die nach \u00a7 89 BerlHG zust\u00e4ndige Berliner Senatsverwaltung f\u00fcr Bildung, Wissenschaft und Forschung.<\/p>\n","protected":false},"excerpt":{"rendered":"<p>Dienstanbieter: Freie Universit\u00e4t Berlin, vertreten durch den Pr\u00e4sidenten. Anschrift: Freie Universit\u00e4t Berlin Pr\u00e4sidium Kaiserswerther Str. 16\/18 14195 Berlin Umsatzsteueridentifikationsnummer: DE 811304768 Inhaltliche Verantwortung nach \u00a7 55 RfStV: Stefan Neuber Studienausgangsmentoring E-Mail: s.neuber@fu-berlin.de Ehemalige Mitarbeitende: Jamie-Celine Reichelt (jamieceline.reichelt@fu-berlin.de) Ronja Kumpe (r.kumpe@fu-berlin.de) Urheber des Bachelorarbeits-Blogs: Tanja Fiedermann (E-Mail: Tanja-Fiedermann@web.de) Johannes R\u00fcss (E-Mail: johannes.ruess@posteo.de) Rechtsform: Die Freie Universit\u00e4t &hellip; <a href=\"https:\/\/userblogs.fu-berlin.de\/bachelorarbeiten_ewi\/impressum\/\" class=\"more-link\"><span class=\"screen-reader-text\">Impressum<\/span> weiterlesen<\/a><\/p>\n","protected":false},"author":5098,"featured_media":0,"parent":0,"menu_order":0,"comment_status":"closed","ping_status":"open","template":"sidebar-page.php","meta":{"footnotes":""},"class_list":["post-2","page","type-page","status-publish","hentry"],"_links":{"self":[{"href":"https:\/\/userblogs.fu-berlin.de\/bachelorarbeiten_ewi\/wp-json\/wp\/v2\/pages\/2","targetHints":{"allow":["GET"]}}],"collection":[{"href":"https:\/\/userblogs.fu-berlin.de\/bachelorarbeiten_ewi\/wp-json\/wp\/v2\/pages"}],"about":[{"href":"https:\/\/userblogs.fu-berlin.de\/bachelorarbeiten_ewi\/wp-json\/wp\/v2\/types\/page"}],"author":[{"embeddable":true,"href":"https:\/\/userblogs.fu-berlin.de\/bachelorarbeiten_ewi\/wp-json\/wp\/v2\/users\/5098"}],"replies":[{"embeddable":true,"href":"https:\/\/userblogs.fu-berlin.de\/bachelorarbeiten_ewi\/wp-json\/wp\/v2\/comments?post=2"}],"version-history":[{"count":10,"href":"https:\/\/userblogs.fu-berlin.de\/bachelorarbeiten_ewi\/wp-json\/wp\/v2\/pages\/2\/revisions"}],"predecessor-version":[{"id":1040,"href":"https:\/\/userblogs.fu-berlin.de\/bachelorarbeiten_ewi\/wp-json\/wp\/v2\/pages\/2\/revisions\/1040"}],"wp:attachment":[{"href":"https:\/\/userblogs.fu-berlin.de\/bachelorarbeiten_ewi\/wp-json\/wp\/v2\/media?parent=2"}],"curies":[{"name":"wp","href":"https:\/\/api.w.org\/{rel}","templated":true}]}}