{"id":306,"date":"2021-01-06T15:39:05","date_gmt":"2021-01-06T14:39:05","guid":{"rendered":"https:\/\/userblogs.fu-berlin.de\/bachelorarbeiten_ewi\/?page_id=306"},"modified":"2024-03-07T10:47:54","modified_gmt":"2024-03-07T09:47:54","slug":"orientierung-und-planung","status":"publish","type":"page","link":"https:\/\/userblogs.fu-berlin.de\/bachelorarbeiten_ewi\/orientierung-und-planung\/","title":{"rendered":"Orientierung und Planung"},"content":{"rendered":"\n<p>Hier findet ihr allgemeine Informationen und alles was ihr braucht, um mit der Arbeit an eurer Bachelorarbeit zu starten.<\/p>\n\n\n\n<div class=\"wp-block-media-text alignwide is-stacked-on-mobile is-vertically-aligned-center\" style=\"grid-template-columns:15% auto\"><figure class=\"wp-block-media-text__media\"><img loading=\"lazy\" decoding=\"async\" width=\"96\" height=\"96\" src=\"https:\/\/userblogs.fu-berlin.de\/bachelorarbeiten_ewi\/files\/2022\/11\/Bild12.jpg\" alt=\"\" class=\"wp-image-802 size-full\" \/><\/figure><div class=\"wp-block-media-text__content\">\n<h2 class=\"wp-block-heading\">Richtlinien der Pr\u00fcfungsordnung<\/h2>\n\n\n\n<p>Wenn die Bachelorarbeit ansteht, ist es sinnvoll f\u00fcr einen erste \u00dcbersicht einen Blick in die <a href=\"https:\/\/userblogs.fu-berlin.de\/bachelorarbeiten_ewi\/files\/2022\/01\/StO_PO_BA_Bildungswiss_Ewi_Amtsblatt27_20121.pdf\" target=\"_blank\" rel=\"noreferrer noopener\">Studien- und Pr\u00fcfungsordnung<\/a> zu werfen. Hier werden die Richtlinien zur Bachelorarbeit festgehalten (\u00a75 S. 423-424).<\/p>\n<\/div><\/div>\n\n\n\n<div class=\"wp-block-media-text alignwide is-stacked-on-mobile is-vertically-aligned-center\" style=\"grid-template-columns:15% auto\"><figure class=\"wp-block-media-text__media\"><img loading=\"lazy\" decoding=\"async\" width=\"96\" height=\"96\" src=\"https:\/\/userblogs.fu-berlin.de\/bachelorarbeiten_ewi\/files\/2022\/11\/Bild17.jpg\" alt=\"\" class=\"wp-image-823 size-full\" \/><\/figure><div class=\"wp-block-media-text__content\">\n<h2 class=\"wp-block-heading\">Anforderungen und formale Gestaltung<\/h2>\n\n\n\n<p>Hier findest du alle formalen Richtlinien, die f\u00fcr deine Bachelorarbeit wichtig sind:<\/p>\n\n\n\n<p><a rel=\"noreferrer noopener\" href=\"https:\/\/userblogs.fu-berlin.de\/bachelorarbeiten_ewi\/files\/2022\/01\/Merkblatt_BA_Arbeit_neu1-1.pdf\" target=\"_blank\">Merkblatt zur Bachelorarbeit<\/a><\/p>\n\n\n\n<p>(kleine Anmerkung: es gibt eine Neuerung, die auf dem Merkblatt noch nicht vermerkt ist. Die Bachelorarbeit darf zwei mal wiederholt werden) <br><br>Sprich dich aber zus\u00e4tzlich unbedingt auch mit deinen Betreuer:innen ab, sie haben manchmal noch zus\u00e4tzliche Anforderungen.<\/p>\n<\/div><\/div>\n\n\n\n<div class=\"wp-block-media-text alignwide is-stacked-on-mobile is-vertically-aligned-center\" style=\"grid-template-columns:15% auto\"><figure class=\"wp-block-media-text__media\"><img loading=\"lazy\" decoding=\"async\" width=\"96\" height=\"96\" src=\"https:\/\/userblogs.fu-berlin.de\/bachelorarbeiten_ewi\/files\/2022\/11\/Bild9.jpg\" alt=\"\" class=\"wp-image-818 size-full\" \/><\/figure><div class=\"wp-block-media-text__content\">\n<h2 class=\"wp-block-heading\">Themenfindung und Formulierung der Fragestellung<\/h2>\n\n\n\n<p>In der Bachelorarbeit hat man die M\u00f6glichkeit sich mit einer erziehungswissenschaftlichen Thematik ganz nach freier Wahl zu besch\u00e4ftigen. Als in der Regel letzte schriftliche Arbeit im Bachelor ist die Bachelorarbeit auch eine Gelegenheit noch einmal die eigenen Interessen und Schwerpunktsetzung im Studium sichtbar zu machen. Hier findest du ein paar Tipps zur <a href=\"https:\/\/userblogs.fu-berlin.de\/bachelorarbeiten_ewi\/files\/2022\/01\/Schritte-zur-Themenfindung.pdf\" target=\"_blank\" rel=\"noreferrer noopener\">Themenfindung<\/a> und <a href=\"https:\/\/userblogs.fu-berlin.de\/bachelorarbeiten_ewi\/files\/2022\/03\/Handout-Fragestellung.pdf\" target=\"_blank\" rel=\"noreferrer noopener\">Formulierung der Fragestellung<\/a>.<\/p>\n<\/div><\/div>\n\n\n\n<div class=\"wp-block-media-text alignwide is-stacked-on-mobile is-vertically-aligned-center\" style=\"grid-template-columns:15% auto\"><figure class=\"wp-block-media-text__media\"><img loading=\"lazy\" decoding=\"async\" width=\"96\" height=\"96\" src=\"https:\/\/userblogs.fu-berlin.de\/bachelorarbeiten_ewi\/files\/2022\/11\/Bild11.jpg\" alt=\"\" class=\"wp-image-803 size-full\" \/><\/figure><div class=\"wp-block-media-text__content\">\n<h2 class=\"wp-block-heading\">Betreuer*innensuche<\/h2>\n\n\n\n<p>Nach dem du ein Thema gefunden hast, mit dem du dich gerne besch\u00e4ftigen m\u00f6chtest, ist es an der Zeit die passende Betreuung zu finden. F\u00fcr die Betreuer*innensuche ist man grunds\u00e4tzlich selbst zust\u00e4ndig. Am besten klickst du dich durch die Webseiten der Arbeitsbereiche durch. <a rel=\"noreferrer noopener\" href=\"https:\/\/www.ewi-psy.fu-berlin.de\/erziehungswissenschaft\/arbeitsbereiche\/index.html\" target=\"_blank\">Alle Arbeitsbereiche<\/a> findet man \u00fcber die Fachbereichsseite. \u00dcberlege, welcher Arbeitsbereich thematisch gut zu dir und deinem potentialen Thema passt und bei welchen spezifisch hier t\u00e4tigen Dozierenden du gerne schreiben w\u00fcrdest. Wenn du jemanden gefunden hat, w\u00e4re als n\u00e4chstes die Kontaktaufnahme dran. Hier haben wir auch noch ein paar Hinweise zur Verfassung eines ansprechenden <a href=\"https:\/\/userblogs.fu-berlin.de\/bachelorarbeiten_ewi\/files\/2022\/01\/Formulierung-des-Anschreibens.pdf\" target=\"_blank\" rel=\"noreferrer noopener\">Anschreibens<\/a> aufgef\u00fchrt.<\/p>\n<\/div><\/div>\n\n\n\n<div class=\"wp-block-media-text alignwide is-stacked-on-mobile is-vertically-aligned-center\" style=\"grid-template-columns:15% auto\"><figure class=\"wp-block-media-text__media\"><img loading=\"lazy\" decoding=\"async\" width=\"96\" height=\"96\" src=\"https:\/\/userblogs.fu-berlin.de\/bachelorarbeiten_ewi\/files\/2022\/11\/Bild14.jpg\" alt=\"\" class=\"wp-image-805 size-full\" \/><\/figure><div class=\"wp-block-media-text__content\">\n<h2 class=\"wp-block-heading\">Expos\u00e9 schreiben und groben Zeitplan erstellen<\/h2>\n\n\n\n<p>Ein Expos\u00e9 kann deinen m\u00f6glichen Betreuer*innen einen genaueren Einblick in dein geplantes Vorhaben geben und zeigt, dass du dich schon intensiver mit der \u201eMachbarkeit\u201c deines Themas besch\u00e4ftigt hast. Au\u00dferdem gibt es dir die Gelegenheit in alle Teilaspekte schon einmal reinzuschnuppern (Relevanz des Themas, aktueller Forschungsstand, konkretes Vorhaben und Methodik, Gliederungsansatz und Zeitplan). Wie so ein Expos\u00e9 aufgebaut ist, haben wir die hier in einem <a rel=\"noreferrer noopener\" href=\"https:\/\/userblogs.fu-berlin.de\/bachelorarbeiten_ewi\/files\/2023\/02\/2023-Aufbau-Expose.pdf\" target=\"_blank\">Merkblatt<\/a> zusammengeschrieben. Wir haben au\u00dferdem ein Beispiel f\u00fcr ein <a href=\"https:\/\/userblogs.fu-berlin.de\/bachelorarbeiten_ewi\/files\/2022\/01\/Exemplarisches-Expos\u00e9.pdf\" target=\"_blank\" rel=\"noreferrer noopener\">Expos\u00e9<\/a> und <a href=\"https:\/\/userblogs.fu-berlin.de\/bachelorarbeiten_ewi\/files\/2022\/01\/exemplarische-Zeitpl\u00e4ne.pdf\" target=\"_blank\" rel=\"noreferrer noopener\">exemplarische Zeitpl\u00e4ne<\/a> hochgeladen.<\/p>\n<\/div><\/div>\n\n\n\n<div class=\"wp-block-media-text alignwide is-stacked-on-mobile is-vertically-aligned-center\" style=\"grid-template-columns:15% auto\"><figure class=\"wp-block-media-text__media\"><img loading=\"lazy\" decoding=\"async\" width=\"150\" height=\"150\" src=\"https:\/\/userblogs.fu-berlin.de\/bachelorarbeiten_ewi\/files\/2022\/11\/image-5.png\" alt=\"\" class=\"wp-image-792 size-full\" \/><\/figure><div class=\"wp-block-media-text__content\">\n<h2 class=\"wp-block-heading\">Anmeldung<\/h2>\n\n\n\n<p>Wenn das Thema steht und auch mit den Betreuer*innen abgesprochen ist und ihr den grundlegenden Stand an Literatur gesichtet und ihr das Gef\u00fchlt habt, zu all euren Fragen und Schwerpunkten Information finden zu k\u00f6nnen (Gliederungsentwurf sinnvoll), ist es an der Zeit die Bachelorarbeit anzumelden. Alle Informationen die du f\u00fcr Anmeldung zur Zulassung der Bachelorarbeit brauchst findest du im <a href=\"https:\/\/www.ewi-psy.fu-berlin.de\/verwaltung-service\/studienangelegenheiten\/pruefungsbuero\/bachelor_ewi_zukunft\/1-Bachelor\/1_4-Studienabschluss\/Merkblatt_BA_Arbeit_neu.pdf\" target=\"_blank\" rel=\"noreferrer noopener\">Merkblatt<\/a> auf der Seite vom Studien- und Pr\u00fcfungsb\u00fcro.&nbsp; <a href=\"https:\/\/www.ewi-psy.fu-berlin.de\/verwaltung-service\/studienangelegenheiten\/pruefungsbuero\/bachelor_ewi_zukunft\/1-Bachelor\/1_4-Studienabschluss\/index.html\" target=\"_blank\" rel=\"noreferrer noopener\">Hier<\/a> findest du auch das Schreiben zum Themenvorschlag und Infos zum Deckblatt, sowie den <a href=\"https:\/\/www.ewi-psy.fu-berlin.de\/verwaltung-service\/studienangelegenheiten\/pruefungsbuero\/bachelor_ewi_zukunft\/1-Bachelor\/1_4-Studienabschluss\/BA-Ewi-Antrag-Arbeit-201411.pdf\" data-type=\"post\" target=\"_blank\" rel=\"noreferrer noopener\">Antrag auf Zulassung<\/a>.<\/p>\n<\/div><\/div>\n\n\n\n<p><\/p>\n","protected":false},"excerpt":{"rendered":"<p>Hier findet ihr allgemeine Informationen und alles was ihr braucht, um mit der Arbeit an eurer Bachelorarbeit zu starten. Richtlinien der Pr\u00fcfungsordnung Wenn die Bachelorarbeit ansteht, ist es sinnvoll f\u00fcr einen erste \u00dcbersicht einen Blick in die Studien- und Pr\u00fcfungsordnung zu werfen. Hier werden die Richtlinien zur Bachelorarbeit festgehalten (\u00a75 S. 423-424). Anforderungen und formale &hellip; <a href=\"https:\/\/userblogs.fu-berlin.de\/bachelorarbeiten_ewi\/orientierung-und-planung\/\" class=\"more-link\"><span class=\"screen-reader-text\">Orientierung und Planung<\/span> weiterlesen<\/a><\/p>\n","protected":false},"author":5775,"featured_media":0,"parent":0,"menu_order":0,"comment_status":"closed","ping_status":"closed","template":"","meta":{"footnotes":""},"class_list":["post-306","page","type-page","status-publish","hentry"],"_links":{"self":[{"href":"https:\/\/userblogs.fu-berlin.de\/bachelorarbeiten_ewi\/wp-json\/wp\/v2\/pages\/306","targetHints":{"allow":["GET"]}}],"collection":[{"href":"https:\/\/userblogs.fu-berlin.de\/bachelorarbeiten_ewi\/wp-json\/wp\/v2\/pages"}],"about":[{"href":"https:\/\/userblogs.fu-berlin.de\/bachelorarbeiten_ewi\/wp-json\/wp\/v2\/types\/page"}],"author":[{"embeddable":true,"href":"https:\/\/userblogs.fu-berlin.de\/bachelorarbeiten_ewi\/wp-json\/wp\/v2\/users\/5775"}],"replies":[{"embeddable":true,"href":"https:\/\/userblogs.fu-berlin.de\/bachelorarbeiten_ewi\/wp-json\/wp\/v2\/comments?post=306"}],"version-history":[{"count":95,"href":"https:\/\/userblogs.fu-berlin.de\/bachelorarbeiten_ewi\/wp-json\/wp\/v2\/pages\/306\/revisions"}],"predecessor-version":[{"id":1055,"href":"https:\/\/userblogs.fu-berlin.de\/bachelorarbeiten_ewi\/wp-json\/wp\/v2\/pages\/306\/revisions\/1055"}],"wp:attachment":[{"href":"https:\/\/userblogs.fu-berlin.de\/bachelorarbeiten_ewi\/wp-json\/wp\/v2\/media?parent=306"}],"curies":[{"name":"wp","href":"https:\/\/api.w.org\/{rel}","templated":true}]}}