{"id":309,"date":"2021-01-06T15:41:43","date_gmt":"2021-01-06T14:41:43","guid":{"rendered":"https:\/\/userblogs.fu-berlin.de\/bachelorarbeiten_ewi\/?page_id=309"},"modified":"2024-03-07T10:50:11","modified_gmt":"2024-03-07T09:50:11","slug":"recherche-und-strukturierung","status":"publish","type":"page","link":"https:\/\/userblogs.fu-berlin.de\/bachelorarbeiten_ewi\/recherche-und-strukturierung\/","title":{"rendered":"Recherche und Strukturierung"},"content":{"rendered":"\n<div class=\"wp-block-media-text alignwide is-stacked-on-mobile\" style=\"grid-template-columns:15% auto\"><figure class=\"wp-block-media-text__media\"><img loading=\"lazy\" decoding=\"async\" width=\"96\" height=\"96\" src=\"https:\/\/userblogs.fu-berlin.de\/bachelorarbeiten_ewi\/files\/2022\/11\/Bild6.jpg\" alt=\"\" class=\"wp-image-822 size-full\" \/><\/figure><div class=\"wp-block-media-text__content\">\n<h3 class=\"wp-block-heading\">Literaturrecherche und -verwaltung<\/h3>\n\n\n\n<p>Diese <a rel=\"noreferrer noopener\" href=\"https:\/\/userblogs.fu-berlin.de\/bachelorarbeiten_ewi\/files\/2023\/03\/2023-03-24-Infoveranstaltung-2-final.pdf\" target=\"_blank\">Pr\u00e4sentation<\/a> zum Schwerpunkt Literatur gibt dir einen guten \u00dcberblick \u00fcber das Finden, Ordnen und Lesen geeigneter Quellen. <a rel=\"noreferrer noopener\" href=\"https:\/\/www.fu-berlin.de\/sites\/ub\/literatursuche\/datenbanken\/index.html\" target=\"_blank\">Hier<\/a> gelangst du zu den Datenbanken, in denen du Literatur f\u00fcr deine Bachelorarbeit finden kannst. Aber was sind eigentlich geeignete Quellen? Hier haben wir eine <a rel=\"noreferrer noopener\" href=\"https:\/\/userblogs.fu-berlin.de\/bachelorarbeiten_ewi\/files\/2022\/03\/Handout-wissenschaftliche-Texte.pdf\" target=\"_blank\">\u00dcbersicht<\/a> f\u00fcr euch vorbereitet.<\/p>\n<\/div><\/div>\n\n\n\n<div class=\"wp-block-media-text alignwide is-stacked-on-mobile\" style=\"grid-template-columns:15% auto\"><figure class=\"wp-block-media-text__media\"><img loading=\"lazy\" decoding=\"async\" width=\"96\" height=\"96\" src=\"https:\/\/userblogs.fu-berlin.de\/bachelorarbeiten_ewi\/files\/2023\/01\/Bild20.jpg\" alt=\"\" class=\"wp-image-894 size-full\" \/><\/figure><div class=\"wp-block-media-text__content\">\n<h3 class=\"wp-block-heading\">Lesetechniken und Exzerpts schreiben<\/h3>\n\n\n\n<p>Wie man am besten wissenschaftliche Texte liest, findest du <a href=\"https:\/\/userblogs.fu-berlin.de\/bachelorarbeiten_ewi\/files\/2022\/03\/Handout-Lesestrategien.pdf\" target=\"_blank\" rel=\"noreferrer noopener\">hier<\/a>. Um die Literatur sinnvoll f\u00fcr dich nutzbar zu machen, hilft es dir ggf. mit <a href=\"https:\/\/userblogs.fu-berlin.de\/bachelorarbeiten_ewi\/files\/2022\/05\/Handout_Exzerpt_Tabelle_Webseite_2020.pdf\" target=\"_blank\" rel=\"noreferrer noopener\">Exzerpts<\/a> zu arbeiten. Diese k\u00f6nnen auch sehr hilfreich sein, um ein erster Schritt im \u00dcbergang von Recherche in aktive Schreibphase zu sein.<\/p>\n\n\n\n<p>Zitation ist das A und O einer wissenschaftlichen Arbeit. Die Differenzierung zwischendurch wissenschaftlich nachgewiesen Belege dargelegte Argumente und eigner Meinung\/Interpretation ist essenziell, gerade im Hinblick auf den Eigenanteil. Damit dabei nicht schief geht, lies <a href=\"https:\/\/userblogs.fu-berlin.de\/bachelorarbeiten_ewi\/files\/2022\/03\/Handout-Zitation.pdf\" target=\"_blank\" rel=\"noreferrer noopener\">hier<\/a> alles Wichtige nach.<\/p>\n<\/div><\/div>\n\n\n\n<div class=\"wp-block-media-text alignwide is-stacked-on-mobile\" style=\"grid-template-columns:15% auto\"><figure class=\"wp-block-media-text__media\"><img loading=\"lazy\" decoding=\"async\" width=\"96\" height=\"96\" src=\"https:\/\/userblogs.fu-berlin.de\/bachelorarbeiten_ewi\/files\/2022\/11\/Bild13.jpg\" alt=\"\" class=\"wp-image-801 size-full\" \/><\/figure><div class=\"wp-block-media-text__content\">\n<h2 class=\"wp-block-heading\">Zeit- und Strukturplan<\/h2>\n\n\n\n<p><a href=\"https:\/\/hochschulinitiative-deutschland.de\/blog\/zeitmanagement-so-organisierst-du-deine-bachelorarbeit-richtig\" target=\"_blank\" rel=\"noreferrer noopener\">Hier<\/a> findest du Hinweise zum Organisations- und Zeitmanagement, um den Arbeitsprozess deiner Bachelorarbeit bestm\u00f6glich zu planen und durchzuf\u00fchren.<\/p>\n\n\n\n<p>Im Punkt Organisation und Planung haben wir euch bereits zwei exemplarische Zeitpl\u00e4ne f\u00fcr den gesamten Umfang der Bachelorarbeit aufgef\u00fchrt. Es ist nat\u00fcrlich auch sinnvoll den Arbeitsprozess kleinschrittiger zu durchdenken, z.B. mit konkreten Wochenpl\u00e4nen und Wochenzielen. Vom studierendenWERK Berlin gibt es hier ein <a href=\"https:\/\/userblogs.fu-berlin.de\/bachelorarbeiten_ewi\/files\/2022\/03\/Handout-Wochenplan-erstellen_studierendenWERK-Berlin.pdf\">Me<\/a><a href=\"https:\/\/userblogs.fu-berlin.de\/bachelorarbeiten_ewi\/files\/2022\/03\/Handout-Wochenplan-erstellen_studierendenWERK-Berlin.pdf\" target=\"_blank\" rel=\"noreferrer noopener\">r<\/a><a href=\"https:\/\/userblogs.fu-berlin.de\/bachelorarbeiten_ewi\/files\/2022\/03\/Handout-Wochenplan-erstellen_studierendenWERK-Berlin.pdf\">kblatt<\/a>, dass als Vorlage genutzt werden kann.<\/p>\n<\/div><\/div>\n\n\n\n<p><\/p>\n","protected":false},"excerpt":{"rendered":"<p>Literaturrecherche und -verwaltung Diese Pr\u00e4sentation zum Schwerpunkt Literatur gibt dir einen guten \u00dcberblick \u00fcber das Finden, Ordnen und Lesen geeigneter Quellen. Hier gelangst du zu den Datenbanken, in denen du Literatur f\u00fcr deine Bachelorarbeit finden kannst. Aber was sind eigentlich geeignete Quellen? Hier haben wir eine \u00dcbersicht f\u00fcr euch vorbereitet. Lesetechniken und Exzerpts schreiben Wie &hellip; <a href=\"https:\/\/userblogs.fu-berlin.de\/bachelorarbeiten_ewi\/recherche-und-strukturierung\/\" class=\"more-link\"><span class=\"screen-reader-text\">Recherche und Strukturierung<\/span> weiterlesen<\/a><\/p>\n","protected":false},"author":5775,"featured_media":0,"parent":0,"menu_order":0,"comment_status":"closed","ping_status":"closed","template":"","meta":{"footnotes":""},"class_list":["post-309","page","type-page","status-publish","hentry"],"_links":{"self":[{"href":"https:\/\/userblogs.fu-berlin.de\/bachelorarbeiten_ewi\/wp-json\/wp\/v2\/pages\/309","targetHints":{"allow":["GET"]}}],"collection":[{"href":"https:\/\/userblogs.fu-berlin.de\/bachelorarbeiten_ewi\/wp-json\/wp\/v2\/pages"}],"about":[{"href":"https:\/\/userblogs.fu-berlin.de\/bachelorarbeiten_ewi\/wp-json\/wp\/v2\/types\/page"}],"author":[{"embeddable":true,"href":"https:\/\/userblogs.fu-berlin.de\/bachelorarbeiten_ewi\/wp-json\/wp\/v2\/users\/5775"}],"replies":[{"embeddable":true,"href":"https:\/\/userblogs.fu-berlin.de\/bachelorarbeiten_ewi\/wp-json\/wp\/v2\/comments?post=309"}],"version-history":[{"count":16,"href":"https:\/\/userblogs.fu-berlin.de\/bachelorarbeiten_ewi\/wp-json\/wp\/v2\/pages\/309\/revisions"}],"predecessor-version":[{"id":1056,"href":"https:\/\/userblogs.fu-berlin.de\/bachelorarbeiten_ewi\/wp-json\/wp\/v2\/pages\/309\/revisions\/1056"}],"wp:attachment":[{"href":"https:\/\/userblogs.fu-berlin.de\/bachelorarbeiten_ewi\/wp-json\/wp\/v2\/media?parent=309"}],"curies":[{"name":"wp","href":"https:\/\/api.w.org\/{rel}","templated":true}]}}