{"id":576,"date":"2022-01-05T10:19:35","date_gmt":"2022-01-05T09:19:35","guid":{"rendered":"https:\/\/userblogs.fu-berlin.de\/bachelorarbeiten_ewi\/?page_id=576"},"modified":"2024-03-14T10:33:09","modified_gmt":"2024-03-14T09:33:09","slug":"startseite","status":"publish","type":"page","link":"https:\/\/userblogs.fu-berlin.de\/bachelorarbeiten_ewi\/","title":{"rendered":"Liebe Mitstudierende"},"content":{"rendered":"\n<pre class=\"wp-block-verse has-text-align-center\"><strong>Das Angebot des Studienausgangsmentorings 2024<\/strong> <strong>startet im Februar<\/strong>\n<\/pre>\n\n\n\n<p>Hier findet ihr alle wichtigen Informationen rund um die Bachelorarbeit im Studiengang Bildungs- und Erziehungswissenschaft. Auf dem Blog k\u00f6nnt ihr euch au\u00dferdem einen \u00dcberblick \u00fcber die vielseitigen und vielversprechenden Perspektiven verschaffen, die sich nach dem Bachelorstudium f\u00fcr euch ergeben.<\/p>\n\n\n\n<p>Ich w\u00fcnsche euch allen viel Erfolg beim Schreiben!<\/p>\n\n\n\n<div class=\"wp-block-columns is-layout-flex wp-container-core-columns-is-layout-9d6595d7 wp-block-columns-is-layout-flex\">\n<div class=\"wp-block-column is-layout-flow wp-block-column-is-layout-flow\" style=\"flex-basis:33.33%\">\n<figure class=\"wp-block-image size-full\"><img loading=\"lazy\" decoding=\"async\" width=\"361\" height=\"238\" src=\"https:\/\/userblogs.fu-berlin.de\/bachelorarbeiten_ewi\/files\/2024\/01\/NoFoto-fuer-Team-Seite.png\" alt=\"\" class=\"wp-image-1028\" srcset=\"https:\/\/userblogs.fu-berlin.de\/bachelorarbeiten_ewi\/files\/2024\/01\/NoFoto-fuer-Team-Seite.png 361w, https:\/\/userblogs.fu-berlin.de\/bachelorarbeiten_ewi\/files\/2024\/01\/NoFoto-fuer-Team-Seite-300x198.png 300w\" sizes=\"auto, (max-width: 361px) 100vw, 361px\" \/><\/figure>\n<\/div>\n\n\n\n<div class=\"wp-block-column is-layout-flow wp-block-column-is-layout-flow\" style=\"flex-basis:66.66%\">\n<h2 class=\"wp-block-heading\">Stefan Neuber<\/h2>\n\n\n\n<p class=\"has-light-gray-background-color has-background\">Ich studiere zur Zeit den Masterstudiengang Bildungswissenschaft im Fachbereich Erziehungswissenschaften und Psychologie. Davor habe ich bereits das Bachelorstudium in Bildungs- und Erziehungswissenschaft hier an der Freien Universit\u00e4t absolviert. <br>Ich freue mich auf einen spannenden Austausch mit euch. <br><strong>Bei Fragen k\u00f6nnt ihr euch auch gerne direkt an mich wenden: <\/strong><br><strong>s.neuber@fu-berlin.de<\/strong><\/p>\n\n\n\n<p><\/p>\n<\/div>\n<\/div>\n\n\n\n<figure class=\"wp-block-embed is-type-wp-embed is-provider-mentoring-zum-studienausgang-der-blog wp-block-embed-mentoring-zum-studienausgang-der-blog\"><div class=\"wp-block-embed__wrapper\">\n<blockquote class=\"wp-embedded-content\" data-secret=\"pbhYskz6lB\"><a href=\"https:\/\/userblogs.fu-berlin.de\/bachelorarbeiten_ewi\/2023\/01\/30\/was-ist-ueberhaupt-das-studienausgangsmentoring\/\">Was ist \u00fcberhaupt das Studienausgangsmentoring?<\/a><\/blockquote><iframe loading=\"lazy\" class=\"wp-embedded-content\" sandbox=\"allow-scripts\" security=\"restricted\" style=\"position: absolute; visibility: hidden;\" title=\"&#8222;Was ist \u00fcberhaupt das Studienausgangsmentoring?&#8220; &#8212; Mentoring zum Studienausgang: Der Blog\" src=\"https:\/\/userblogs.fu-berlin.de\/bachelorarbeiten_ewi\/2023\/01\/30\/was-ist-ueberhaupt-das-studienausgangsmentoring\/embed\/#?secret=Hu40TQL6mj#?secret=pbhYskz6lB\" data-secret=\"pbhYskz6lB\" width=\"600\" height=\"338\" frameborder=\"0\" marginwidth=\"0\" marginheight=\"0\" scrolling=\"no\"><\/iframe>\n<\/div><\/figure>\n","protected":false},"excerpt":{"rendered":"<p>Das Angebot des Studienausgangsmentorings 2024 startet im Februar Hier findet ihr alle wichtigen Informationen rund um die Bachelorarbeit im Studiengang Bildungs- und Erziehungswissenschaft. Auf dem Blog k\u00f6nnt ihr euch au\u00dferdem einen \u00dcberblick \u00fcber die vielseitigen und vielversprechenden Perspektiven verschaffen, die sich nach dem Bachelorstudium f\u00fcr euch ergeben. Ich w\u00fcnsche euch allen viel Erfolg beim Schreiben! &hellip; <a href=\"https:\/\/userblogs.fu-berlin.de\/bachelorarbeiten_ewi\/\" class=\"more-link\"><span class=\"screen-reader-text\">Liebe Mitstudierende<\/span> weiterlesen<\/a><\/p>\n","protected":false},"author":6168,"featured_media":0,"parent":0,"menu_order":0,"comment_status":"closed","ping_status":"closed","template":"","meta":{"footnotes":""},"class_list":["post-576","page","type-page","status-publish","hentry"],"_links":{"self":[{"href":"https:\/\/userblogs.fu-berlin.de\/bachelorarbeiten_ewi\/wp-json\/wp\/v2\/pages\/576","targetHints":{"allow":["GET"]}}],"collection":[{"href":"https:\/\/userblogs.fu-berlin.de\/bachelorarbeiten_ewi\/wp-json\/wp\/v2\/pages"}],"about":[{"href":"https:\/\/userblogs.fu-berlin.de\/bachelorarbeiten_ewi\/wp-json\/wp\/v2\/types\/page"}],"author":[{"embeddable":true,"href":"https:\/\/userblogs.fu-berlin.de\/bachelorarbeiten_ewi\/wp-json\/wp\/v2\/users\/6168"}],"replies":[{"embeddable":true,"href":"https:\/\/userblogs.fu-berlin.de\/bachelorarbeiten_ewi\/wp-json\/wp\/v2\/comments?post=576"}],"version-history":[{"count":19,"href":"https:\/\/userblogs.fu-berlin.de\/bachelorarbeiten_ewi\/wp-json\/wp\/v2\/pages\/576\/revisions"}],"predecessor-version":[{"id":1061,"href":"https:\/\/userblogs.fu-berlin.de\/bachelorarbeiten_ewi\/wp-json\/wp\/v2\/pages\/576\/revisions\/1061"}],"wp:attachment":[{"href":"https:\/\/userblogs.fu-berlin.de\/bachelorarbeiten_ewi\/wp-json\/wp\/v2\/media?parent=576"}],"curies":[{"name":"wp","href":"https:\/\/api.w.org\/{rel}","templated":true}]}}