{"id":848,"date":"2023-01-20T15:43:02","date_gmt":"2023-01-20T14:43:02","guid":{"rendered":"https:\/\/userblogs.fu-berlin.de\/bachelorarbeiten_ewi\/?page_id=848"},"modified":"2024-01-18T15:24:46","modified_gmt":"2024-01-18T14:24:46","slug":"materialien","status":"publish","type":"page","link":"https:\/\/userblogs.fu-berlin.de\/bachelorarbeiten_ewi\/materialien\/","title":{"rendered":"Materialien"},"content":{"rendered":"\n<p>Die Veranstaltungsreihe 2023 zum Studienausgang ist zu Ende. Die Reihe f\u00fcr 2024 startet bald =) Hier werden dann nach und nach alle Unterlagen hochgeladen und euch zur Verf\u00fcgung gestellt.<\/p>\n\n\n\n<p><\/p>\n\n\n\n<hr class=\"wp-block-separator has-alpha-channel-opacity is-style-wide\" \/>\n\n\n\n<p>Ungeduldige k\u00f6nnen sich die <a href=\"https:\/\/userblogs.fu-berlin.de\/bachelorarbeiten_ewi\/archiv\/\">hier<\/a> Materialien aus dem vergangenen Durchlauf der Veranstaltungsreihe ansehen. Bitte bedenkt aber, dass sich Angaben ggf. ver\u00e4ndert haben und nicht mehr aktuell sind. Wenn ihr euch unsicher seid, fragt gern direkt bei uns nach oder wartet eins unserer Treffen ab und stellt da eure Fragen =)<\/p>\n\n\n\n<figure class=\"wp-block-embed is-type-wp-embed is-provider-mentoring-zum-studienausgang-der-blog wp-block-embed-mentoring-zum-studienausgang-der-blog\"><div class=\"wp-block-embed__wrapper\">\n<blockquote class=\"wp-embedded-content\" data-secret=\"oNHoppgc0C\"><a href=\"https:\/\/userblogs.fu-berlin.de\/bachelorarbeiten_ewi\/archiv\/\">Archiv<\/a><\/blockquote><iframe loading=\"lazy\" class=\"wp-embedded-content\" sandbox=\"allow-scripts\" security=\"restricted\" style=\"position: absolute; visibility: hidden;\" title=\"&#8222;Archiv&#8220; &#8212; Mentoring zum Studienausgang: Der Blog\" src=\"https:\/\/userblogs.fu-berlin.de\/bachelorarbeiten_ewi\/archiv\/embed\/#?secret=iMvJMp3toE#?secret=oNHoppgc0C\" data-secret=\"oNHoppgc0C\" width=\"600\" height=\"338\" frameborder=\"0\" marginwidth=\"0\" marginheight=\"0\" scrolling=\"no\"><\/iframe>\n<\/div><\/figure>\n","protected":false},"excerpt":{"rendered":"<p>Die Veranstaltungsreihe 2023 zum Studienausgang ist zu Ende. Die Reihe f\u00fcr 2024 startet bald =) Hier werden dann nach und nach alle Unterlagen hochgeladen und euch zur Verf\u00fcgung gestellt. Ungeduldige k\u00f6nnen sich die hier Materialien aus dem vergangenen Durchlauf der Veranstaltungsreihe ansehen. Bitte bedenkt aber, dass sich Angaben ggf. ver\u00e4ndert haben und nicht mehr aktuell &hellip; <a href=\"https:\/\/userblogs.fu-berlin.de\/bachelorarbeiten_ewi\/materialien\/\" class=\"more-link\"><span class=\"screen-reader-text\">Materialien<\/span> weiterlesen<\/a><\/p>\n","protected":false},"author":6168,"featured_media":0,"parent":0,"menu_order":0,"comment_status":"closed","ping_status":"closed","template":"","meta":{"footnotes":""},"class_list":["post-848","page","type-page","status-publish","hentry"],"_links":{"self":[{"href":"https:\/\/userblogs.fu-berlin.de\/bachelorarbeiten_ewi\/wp-json\/wp\/v2\/pages\/848","targetHints":{"allow":["GET"]}}],"collection":[{"href":"https:\/\/userblogs.fu-berlin.de\/bachelorarbeiten_ewi\/wp-json\/wp\/v2\/pages"}],"about":[{"href":"https:\/\/userblogs.fu-berlin.de\/bachelorarbeiten_ewi\/wp-json\/wp\/v2\/types\/page"}],"author":[{"embeddable":true,"href":"https:\/\/userblogs.fu-berlin.de\/bachelorarbeiten_ewi\/wp-json\/wp\/v2\/users\/6168"}],"replies":[{"embeddable":true,"href":"https:\/\/userblogs.fu-berlin.de\/bachelorarbeiten_ewi\/wp-json\/wp\/v2\/comments?post=848"}],"version-history":[{"count":25,"href":"https:\/\/userblogs.fu-berlin.de\/bachelorarbeiten_ewi\/wp-json\/wp\/v2\/pages\/848\/revisions"}],"predecessor-version":[{"id":1038,"href":"https:\/\/userblogs.fu-berlin.de\/bachelorarbeiten_ewi\/wp-json\/wp\/v2\/pages\/848\/revisions\/1038"}],"wp:attachment":[{"href":"https:\/\/userblogs.fu-berlin.de\/bachelorarbeiten_ewi\/wp-json\/wp\/v2\/media?parent=848"}],"curies":[{"name":"wp","href":"https:\/\/api.w.org\/{rel}","templated":true}]}}