{"id":877,"date":"2023-01-20T16:37:48","date_gmt":"2023-01-20T15:37:48","guid":{"rendered":"https:\/\/userblogs.fu-berlin.de\/bachelorarbeiten_ewi\/?page_id=877"},"modified":"2023-06-09T13:29:54","modified_gmt":"2023-06-09T11:29:54","slug":"verschriftlichen-und-ueberarbeiten","status":"publish","type":"page","link":"https:\/\/userblogs.fu-berlin.de\/bachelorarbeiten_ewi\/verschriftlichen-und-ueberarbeiten\/","title":{"rendered":"Verschriftlichen und \u00dcberarbeiten"},"content":{"rendered":"\n<div class=\"wp-block-media-text alignwide is-stacked-on-mobile\" style=\"grid-template-columns:15% auto\"><figure class=\"wp-block-media-text__media\"><img loading=\"lazy\" decoding=\"async\" width=\"96\" height=\"96\" src=\"https:\/\/userblogs.fu-berlin.de\/bachelorarbeiten_ewi\/files\/2022\/11\/Bild3.jpg\" alt=\"\" class=\"wp-image-811 size-full\" \/><\/figure><div class=\"wp-block-media-text__content\">\n<h3 class=\"wp-block-heading\">\u00dcbergang in den Schreibprozess<\/h3>\n\n\n\n<p>Nun ist es an der Zeit ins konkrete Schreiben zu kommen. Im zweiten Block dieser <a href=\"https:\/\/userblogs.fu-berlin.de\/bachelorarbeiten_ewi\/files\/2022\/05\/PPT_Info_Schreibprozess.pdf\" target=\"_blank\" rel=\"noreferrer noopener\">Pr\u00e4sentation<\/a> (2022) findest du viele relevante Informationen und Tipps. Von Ans\u00e4tzen zur <a href=\"https:\/\/userblogs.fu-berlin.de\/bachelorarbeiten_ewi\/files\/2022\/05\/Handout_Planungsfuenfeck_Webseite_2020.pdf\" target=\"_blank\" rel=\"noreferrer noopener\">Planung und Konkretisierung des Vorhabens<\/a>, Formulierung der Fragestellung und Schreibtechniken (<a href=\"https:\/\/userblogs.fu-berlin.de\/bachelorarbeiten_ewi\/files\/2022\/05\/Handout_Fokussprint_Webseite_2020.pdf\" target=\"_blank\" rel=\"noreferrer noopener\">Fokussprint<\/a> und <a href=\"https:\/\/userblogs.fu-berlin.de\/bachelorarbeiten_ewi\/files\/2022\/05\/Handout_Dreischritt_Webseite_2020.pdf\" target=\"_blank\" rel=\"noreferrer noopener\">Dreischritt<\/a>) als Impulse um ins Schreiben zu kommen, ist alles dabei. Die genauen <a href=\"https:\/\/userblogs.fu-berlin.de\/bachelorarbeiten_ewi\/files\/2022\/05\/Handout-Arbeitsschritte-im-Schreibprozess.pdf\" target=\"_blank\" rel=\"noreferrer noopener\">Arbeitsschritte im Schreibprozess einer wissenschaftlichen Arbeit<\/a> haben wir hier auch noch einmal aufgef\u00fchrt. Ein gro\u00dfes Thema ist auch der \u201erote Faden\u201c und wie man diesen im Schreibprozess \u00fcber den gesamten Verlauf der Arbeit beibehalten kann.<\/p>\n\n\n\n<p>Jeder kennt es, dass Gef\u00fchl, die Gedanken sind klar im Kopf, aber man kann es einfach nicht zu Papier bringen und es fehlen die \u201erichtigen\u201c Worte. Wir haben hier ein Handout mit <a href=\"https:\/\/userblogs.fu-berlin.de\/bachelorarbeiten_ewi\/files\/2022\/05\/Handout_Wissenschaftliche_Redemittel.pdf\" target=\"_blank\" rel=\"noreferrer noopener\">Redemitteln<\/a> vorbereitet, dass hier hilfreich sein kann.<\/p>\n\n\n\n<p>Au\u00dferdem haben wir hier noch ein <a href=\"https:\/\/userblogs.fu-berlin.de\/bachelorarbeiten_ewi\/files\/2022\/05\/Handout-Einleitung-und-Schluss.pdf\" target=\"_blank\" rel=\"noreferrer noopener\">Merkblatt<\/a> zum Schreiben von Einleitung und Schluss, damit in diesen bestm\u00f6glich die Zielsetzung und Beantwortung der Fragestellung, mit Take-Home-Message durchkommt.<\/p>\n<\/div><\/div>\n\n\n\n<div class=\"wp-block-media-text alignwide is-stacked-on-mobile\" style=\"grid-template-columns:15% auto\"><figure class=\"wp-block-media-text__media\"><img loading=\"lazy\" decoding=\"async\" width=\"96\" height=\"96\" src=\"https:\/\/userblogs.fu-berlin.de\/bachelorarbeiten_ewi\/files\/2022\/11\/Bild19.jpg\" alt=\"\" class=\"wp-image-824 size-full\" \/><\/figure><div class=\"wp-block-media-text__content\">\n<h3 class=\"wp-block-heading\">Umgang mit Arbeitsschwierigkeiten<\/h3>\n\n\n\n<p>Auch wenn Arbeitsschwierigkeiten nichts mit Faulheit zu tun haben: Wir haben euch <a href=\"https:\/\/userblogs.fu-berlin.de\/bachelorarbeiten_ewi\/files\/2022\/08\/Praesentation-vom-10.06.2022.pdf\" target=\"_blank\" rel=\"noreferrer noopener\">hier<\/a> mal unsere Pr\u00e4sentation (2022) speziell zum Thema Arbeitsschwierigkeiten verlinkt. Im ersten Block dieser <a href=\"https:\/\/userblogs.fu-berlin.de\/bachelorarbeiten_ewi\/files\/2022\/05\/PPT_Info_Schreibprozess.pdf\" target=\"_blank\" rel=\"noreferrer noopener\">Pr\u00e4sentation<\/a> (2022) findet ihr ebenfalls Infos dazu. Bitte denkt dran, dass JEDE*R von uns (manchmal) Arbeitsschwierigkeiten wie z.B. Schreibblockaden und Probleme mit Prokrastination hat. Aber denkt auch daran, dass das ganz normal ist und das es Wege gibt, damit umzugehen :)<\/p>\n<\/div><\/div>\n","protected":false},"excerpt":{"rendered":"<p>\u00dcbergang in den Schreibprozess Nun ist es an der Zeit ins konkrete Schreiben zu kommen. Im zweiten Block dieser Pr\u00e4sentation (2022) findest du viele relevante Informationen und Tipps. Von Ans\u00e4tzen zur Planung und Konkretisierung des Vorhabens, Formulierung der Fragestellung und Schreibtechniken (Fokussprint und Dreischritt) als Impulse um ins Schreiben zu kommen, ist alles dabei. Die &hellip; <a href=\"https:\/\/userblogs.fu-berlin.de\/bachelorarbeiten_ewi\/verschriftlichen-und-ueberarbeiten\/\" class=\"more-link\"><span class=\"screen-reader-text\">Verschriftlichen und \u00dcberarbeiten<\/span> weiterlesen<\/a><\/p>\n","protected":false},"author":6168,"featured_media":0,"parent":0,"menu_order":0,"comment_status":"closed","ping_status":"closed","template":"","meta":{"footnotes":""},"class_list":["post-877","page","type-page","status-publish","hentry"],"_links":{"self":[{"href":"https:\/\/userblogs.fu-berlin.de\/bachelorarbeiten_ewi\/wp-json\/wp\/v2\/pages\/877","targetHints":{"allow":["GET"]}}],"collection":[{"href":"https:\/\/userblogs.fu-berlin.de\/bachelorarbeiten_ewi\/wp-json\/wp\/v2\/pages"}],"about":[{"href":"https:\/\/userblogs.fu-berlin.de\/bachelorarbeiten_ewi\/wp-json\/wp\/v2\/types\/page"}],"author":[{"embeddable":true,"href":"https:\/\/userblogs.fu-berlin.de\/bachelorarbeiten_ewi\/wp-json\/wp\/v2\/users\/6168"}],"replies":[{"embeddable":true,"href":"https:\/\/userblogs.fu-berlin.de\/bachelorarbeiten_ewi\/wp-json\/wp\/v2\/comments?post=877"}],"version-history":[{"count":4,"href":"https:\/\/userblogs.fu-berlin.de\/bachelorarbeiten_ewi\/wp-json\/wp\/v2\/pages\/877\/revisions"}],"predecessor-version":[{"id":976,"href":"https:\/\/userblogs.fu-berlin.de\/bachelorarbeiten_ewi\/wp-json\/wp\/v2\/pages\/877\/revisions\/976"}],"wp:attachment":[{"href":"https:\/\/userblogs.fu-berlin.de\/bachelorarbeiten_ewi\/wp-json\/wp\/v2\/media?parent=877"}],"curies":[{"name":"wp","href":"https:\/\/api.w.org\/{rel}","templated":true}]}}