{"id":63,"date":"2020-08-26T16:39:09","date_gmt":"2020-08-26T14:39:09","guid":{"rendered":"https:\/\/userblogs.fu-berlin.de\/china_studieren\/?page_id=63"},"modified":"2020-10-21T10:45:29","modified_gmt":"2020-10-21T08:45:29","slug":"institut","status":"publish","type":"page","link":"https:\/\/userblogs.fu-berlin.de\/china_studieren\/institut\/","title":{"rendered":"Institut"},"content":{"rendered":"\n<p>Das<a rel=\"noreferrer noopener\" href=\"https:\/\/www.geschkult.fu-berlin.de\/e\/oas\/sinologie\/institut\/index.html\" target=\"_blank\"> Institut f\u00fcr Chinastudien<\/a> an der Freien Universit\u00e4t Berlin\u00a0z\u00e4hlt zu den gr\u00f6\u00dften wissenschaftlichen Zentren der Chinaforschung in Deutschland. Bereits wenige Jahre nach der Gr\u00fcndung der Freien Universit\u00e4t wurde 1956 das Fach Sinologie eingerichtet. War dieses zun\u00e4chst noch klassisch-philologisch ausgerichtet, verlegte sich der Schwerpunkt fr\u00fchzeitig auf die Sozialwissenschaften. Heute liegt der Fokus in Lehre und Forschung auf der Gesellschaft des modernen und gegenw\u00e4rtigen China, auf den historischen Prozessen ihrer Herausbildung sowie auf politischen, sozialen, wirtschaftlichen und kulturellen Transformationen in einem sich globalisierenden Umfeld.<\/p>\n\n\n\n<p>Forschungsschwerpunkte und aktuelle Forschungsprojekte der Mitarbeiterinnen und Mitarbeiter des Instituts umfassen die folgenden Bereiche und k\u00f6nnen <a rel=\"noreferrer noopener\" href=\"https:\/\/www.geschkult.fu-berlin.de\/e\/oas\/sinologie\/forschung\/Forschungsschwerpunkte\/index.html\" target=\"_blank\">hier<\/a> n\u00e4her nachgelesen werden:<\/p>\n\n\n\n<ul class=\"wp-block-list\"><li>Politik und Wirtschaft<\/li><li>Geschichte und Kultur<\/li><li>Gesellschaft<\/li><li>Religion<\/li><li>Umwelt<\/li><li>Sprache<\/li><\/ul>\n\n\n\n<p>Diese Forschungsschwerpunkte spiegeln sich auch in der Lehre des Instituts f\u00fcr Chinastudien wider: Das moderne und gegenw\u00e4rtige China wird unter besonderer Ber\u00fccksichtigung seiner historischen Entwicklung wahlweise aus sozialwissenschaftlicher und\/oder kulturwissenschaftlicher Perspektive erschlossen. Die Vermittlung der chinesischen Sprache spielt dabei eine wichtige Rolle.<\/p>\n\n\n\n<p>Informationen f\u00fcr Studieninteressierte sind <a rel=\"noreferrer noopener\" href=\"https:\/\/www.geschkult.fu-berlin.de\/e\/oas\/sinologie\/studium\/index.html\" target=\"_blank\">hier<\/a> zu finden.<\/p>\n<div class=\"shariff shariff-align-flex-start shariff-widget-align-flex-start\" data-services=\"facebook\" data-url=\"https%3A%2F%2Fuserblogs.fu-berlin.de%2Fchina_studieren%2Finstitut%2F\" data-timestamp=\"1603277129\" data-backendurl=\"https:\/\/userblogs.fu-berlin.de\/china_studieren\/wp-json\/shariff\/v1\/share_counts?\"><ul class=\"shariff-buttons theme-round orientation-horizontal buttonsize-small\"><li class=\"shariff-button mastodon shariff-nocustomcolor\" style=\"background-color:#563ACC\"><a href=\"https:\/\/s2f.kytta.dev\/?text=Institut https%3A%2F%2Fuserblogs.fu-berlin.de%2Fchina_studieren%2Finstitut%2F\" title=\"Share on Mastodon\" aria-label=\"Share on Mastodon\" role=\"button\" rel=\"noopener nofollow\" class=\"shariff-link\" style=\"; background-color:#6364FF; color:#fff\" target=\"_blank\"><span class=\"shariff-icon\" style=\"\"><svg width=\"75\" height=\"79\" viewBox=\"0 0 75 79\" fill=\"none\" xmlns=\"http:\/\/www.w3.org\/2000\/svg\"><path d=\"M37.813-.025C32.462-.058 27.114.13 21.79.598c-8.544.621-17.214 5.58-20.203 13.931C-1.12 23.318.408 32.622.465 41.65c.375 7.316.943 14.78 3.392 21.73 4.365 9.465 14.781 14.537 24.782 15.385 7.64.698 15.761-.213 22.517-4.026a54.1 54.1 0 0 0 .01-6.232c-6.855 1.316-14.101 2.609-21.049 1.074-3.883-.88-6.876-4.237-7.25-8.215-1.53-3.988 3.78-.43 5.584-.883 9.048 1.224 18.282.776 27.303-.462 7.044-.837 14.26-4.788 16.65-11.833 2.263-6.135 1.215-12.79 1.698-19.177.06-3.84.09-7.692-.262-11.52C72.596 7.844 63.223.981 53.834.684a219.453 219.453 0 0 0-16.022-.71zm11.294 12.882c5.5-.067 10.801 4.143 11.67 9.653.338 1.48.471 3 .471 4.515v21.088h-8.357c-.07-7.588.153-15.182-.131-22.765-.587-4.368-7.04-5.747-9.672-2.397-2.422 3.04-1.47 7.155-1.67 10.735v6.392h-8.307c-.146-4.996.359-10.045-.404-15.002-1.108-4.218-7.809-5.565-10.094-1.666-1.685 3.046-.712 6.634-.976 9.936v14.767h-8.354c.109-8.165-.238-16.344.215-24.5.674-5.346 5.095-10.389 10.676-10.627 4.902-.739 10.103 2.038 12.053 6.631.375 1.435 1.76 1.932 1.994.084 1.844-3.704 5.501-6.739 9.785-6.771.367-.044.735-.068 1.101-.073z\"\/><defs><linearGradient id=\"paint0_linear_549_34\" x1=\"37.0692\" y1=\"0\" x2=\"37.0692\" y2=\"79\" gradientUnits=\"userSpaceOnUse\"><stop stop-color=\"#6364FF\"\/><stop offset=\"1\" stop-color=\"#563ACC\"\/><\/linearGradient><\/defs><\/svg><\/span><\/a><\/li><li class=\"shariff-button facebook shariff-nocustomcolor\" style=\"background-color:#4273c8\"><a href=\"https:\/\/www.facebook.com\/sharer\/sharer.php?u=https%3A%2F%2Fuserblogs.fu-berlin.de%2Fchina_studieren%2Finstitut%2F\" title=\"Share on Facebook\" aria-label=\"Share on Facebook\" role=\"button\" rel=\"nofollow\" class=\"shariff-link\" style=\"; background-color:#3b5998; color:#fff\" target=\"_blank\"><span class=\"shariff-icon\" style=\"\"><svg width=\"32px\" height=\"20px\" xmlns=\"http:\/\/www.w3.org\/2000\/svg\" viewBox=\"0 0 18 32\"><path fill=\"#3b5998\" d=\"M17.1 0.2v4.7h-2.8q-1.5 0-2.1 0.6t-0.5 1.9v3.4h5.2l-0.7 5.3h-4.5v13.6h-5.5v-13.6h-4.5v-5.3h4.5v-3.9q0-3.3 1.9-5.2t5-1.8q2.6 0 4.1 0.2z\"\/><\/svg><\/span><\/a><\/li><li class=\"shariff-button linkedin shariff-nocustomcolor\" style=\"background-color:#1488bf\"><a href=\"https:\/\/www.linkedin.com\/sharing\/share-offsite\/?url=https%3A%2F%2Fuserblogs.fu-berlin.de%2Fchina_studieren%2Finstitut%2F\" title=\"Share on LinkedIn\" aria-label=\"Share on LinkedIn\" role=\"button\" rel=\"noopener nofollow\" class=\"shariff-link\" style=\"; background-color:#0077b5; color:#fff\" target=\"_blank\"><span class=\"shariff-icon\" style=\"\"><svg width=\"32px\" height=\"20px\" xmlns=\"http:\/\/www.w3.org\/2000\/svg\" viewBox=\"0 0 27 32\"><path fill=\"#0077b5\" d=\"M6.2 11.2v17.7h-5.9v-17.7h5.9zM6.6 5.7q0 1.3-0.9 2.2t-2.4 0.9h0q-1.5 0-2.4-0.9t-0.9-2.2 0.9-2.2 2.4-0.9 2.4 0.9 0.9 2.2zM27.4 18.7v10.1h-5.9v-9.5q0-1.9-0.7-2.9t-2.3-1.1q-1.1 0-1.9 0.6t-1.2 1.5q-0.2 0.5-0.2 1.4v9.9h-5.9q0-7.1 0-11.6t0-5.3l0-0.9h5.9v2.6h0q0.4-0.6 0.7-1t1-0.9 1.6-0.8 2-0.3q3 0 4.9 2t1.9 6z\"\/><\/svg><\/span><\/a><\/li><li class=\"shariff-button info shariff-nocustomcolor\" style=\"background-color:#eee\"><a href=\"http:\/\/ct.de\/-2467514\" title=\"More information\" aria-label=\"More information\" role=\"button\" rel=\"noopener \" class=\"shariff-link\" style=\"; background-color:#fff; color:#fff\" target=\"_blank\"><span class=\"shariff-icon\" style=\"\"><svg width=\"32px\" height=\"20px\" xmlns=\"http:\/\/www.w3.org\/2000\/svg\" viewBox=\"0 0 11 32\"><path fill=\"#999\" d=\"M11.4 24v2.3q0 0.5-0.3 0.8t-0.8 0.4h-9.1q-0.5 0-0.8-0.4t-0.4-0.8v-2.3q0-0.5 0.4-0.8t0.8-0.4h1.1v-6.8h-1.1q-0.5 0-0.8-0.4t-0.4-0.8v-2.3q0-0.5 0.4-0.8t0.8-0.4h6.8q0.5 0 0.8 0.4t0.4 0.8v10.3h1.1q0.5 0 0.8 0.4t0.3 0.8zM9.2 3.4v3.4q0 0.5-0.4 0.8t-0.8 0.4h-4.6q-0.4 0-0.8-0.4t-0.4-0.8v-3.4q0-0.4 0.4-0.8t0.8-0.4h4.6q0.5 0 0.8 0.4t0.4 0.8z\"\/><\/svg><\/span><\/a><\/li><\/ul><\/div>","protected":false},"excerpt":{"rendered":"<p>Das Institut f\u00fcr Chinastudien an der Freien Universit\u00e4t Berlin\u00a0z\u00e4hlt zu den gr\u00f6\u00dften wissenschaftlichen Zentren der Chinaforschung in Deutschland. Bereits wenige Jahre nach der Gr\u00fcndung der Freien Universit\u00e4t wurde 1956 das Fach Sinologie eingerichtet. War dieses zun\u00e4chst noch klassisch-philologisch ausgerichtet, verlegte &hellip; <a href=\"https:\/\/userblogs.fu-berlin.de\/china_studieren\/institut\/\">Weiterlesen <span class=\"meta-nav\">&rarr;<\/span><\/a><\/p>\n","protected":false},"author":5234,"featured_media":0,"parent":0,"menu_order":1,"comment_status":"closed","ping_status":"closed","template":"","meta":{"footnotes":""},"class_list":["post-63","page","type-page","status-publish","hentry"],"_links":{"self":[{"href":"https:\/\/userblogs.fu-berlin.de\/china_studieren\/wp-json\/wp\/v2\/pages\/63","targetHints":{"allow":["GET"]}}],"collection":[{"href":"https:\/\/userblogs.fu-berlin.de\/china_studieren\/wp-json\/wp\/v2\/pages"}],"about":[{"href":"https:\/\/userblogs.fu-berlin.de\/china_studieren\/wp-json\/wp\/v2\/types\/page"}],"author":[{"embeddable":true,"href":"https:\/\/userblogs.fu-berlin.de\/china_studieren\/wp-json\/wp\/v2\/users\/5234"}],"replies":[{"embeddable":true,"href":"https:\/\/userblogs.fu-berlin.de\/china_studieren\/wp-json\/wp\/v2\/comments?post=63"}],"version-history":[{"count":5,"href":"https:\/\/userblogs.fu-berlin.de\/china_studieren\/wp-json\/wp\/v2\/pages\/63\/revisions"}],"predecessor-version":[{"id":304,"href":"https:\/\/userblogs.fu-berlin.de\/china_studieren\/wp-json\/wp\/v2\/pages\/63\/revisions\/304"}],"wp:attachment":[{"href":"https:\/\/userblogs.fu-berlin.de\/china_studieren\/wp-json\/wp\/v2\/media?parent=63"}],"curies":[{"name":"wp","href":"https:\/\/api.w.org\/{rel}","templated":true}]}}