{"id":11,"date":"2024-02-21T15:44:04","date_gmt":"2024-02-21T14:44:04","guid":{"rendered":"https:\/\/userblogs.fu-berlin.de\/dgpuk\/?page_id=11"},"modified":"2025-03-18T18:13:56","modified_gmt":"2025-03-18T17:13:56","slug":"start","status":"publish","type":"page","link":"https:\/\/userblogs.fu-berlin.de\/dgpuk\/","title":{"rendered":"Start"},"content":{"rendered":"<div class=\"wp-block-image\">\n<figure class=\"aligncenter size-large is-resized\"><img loading=\"lazy\" decoding=\"async\" src=\"https:\/\/userblogs.fu-berlin.de\/dgpuk\/files\/2024\/02\/DGPuK25_Logo_mit-Schriftzug_RGB-web-1024x614.png\" alt=\"\" class=\"wp-image-117\" width=\"768\" height=\"461\" srcset=\"https:\/\/userblogs.fu-berlin.de\/dgpuk\/files\/2024\/02\/DGPuK25_Logo_mit-Schriftzug_RGB-web-1024x614.png 1024w, https:\/\/userblogs.fu-berlin.de\/dgpuk\/files\/2024\/02\/DGPuK25_Logo_mit-Schriftzug_RGB-web-300x180.png 300w, https:\/\/userblogs.fu-berlin.de\/dgpuk\/files\/2024\/02\/DGPuK25_Logo_mit-Schriftzug_RGB-web-768x461.png 768w, https:\/\/userblogs.fu-berlin.de\/dgpuk\/files\/2024\/02\/DGPuK25_Logo_mit-Schriftzug_RGB-web-1536x921.png 1536w, https:\/\/userblogs.fu-berlin.de\/dgpuk\/files\/2024\/02\/DGPuK25_Logo_mit-Schriftzug_RGB-web.png 1667w\" sizes=\"auto, (max-width: 768px) 100vw, 768px\" \/><\/figure><\/div>\n\n\n<p>Das Institut f\u00fcr Publizistik- und Kommunikationswissenschaft der Freien Universit\u00e4t Berlin und das Weizenbaum-Institut f\u00fcr die vernetzte Gesellschaft laden gemeinsam zur 70. Jahrestagung der Deutschen Gesellschaft f\u00fcr Publizistik- und Kommunikationswissenschaft nach Berlin ein.<\/p>\n\n\n\n<hr class=\"wp-block-separator has-alpha-channel-opacity is-style-wide\" \/>\n\n\n\n<p>Liebe Kolleg:innen,<br>am Mittwoch ist es so weit und wir k\u00f6nnen Sie und euch nach \u00fcber einem Jahr Vorbereitungszeit zur 70. Jahrestagung der Deutschen Gesellschaft f\u00fcr Publizistik- und Kommunikationswissenschaft begr\u00fc\u00dfen. Wir freuen uns sehr darauf, drei Tage lang unter unserem Thema \u201e\u00d6ffentlichkeit(en) und ihre Werte\u201c ins Gespr\u00e4ch zu kommen. Bevor also die Reise nach Berlin beginnt, hier noch ein paar letzte organisatorische Hinweise.<\/p>\n\n\n\n<div class=\"wp-block-buttons is-content-justification-center is-layout-flex wp-container-core-buttons-is-layout-16018d1d wp-block-buttons-is-layout-flex\">\n<div class=\"wp-block-button\"><a class=\"wp-block-button__link\" href=\"https:\/\/userblogs.fu-berlin.de\/dgpuk\/files\/2025\/03\/Info-Brief-250317.pdf\" target=\"_blank\" rel=\"noreferrer noopener\">Informationsbrief<\/a><\/div>\n<\/div>\n\n\n\n<hr class=\"wp-block-separator has-alpha-channel-opacity\" \/>\n\n\n\n<div class=\"wp-block-columns is-layout-flex wp-container-core-columns-is-layout-9d6595d7 wp-block-columns-is-layout-flex\">\n<div class=\"wp-block-column is-layout-flow wp-block-column-is-layout-flow\" style=\"flex-basis:25%\">\n<figure class=\"wp-block-image size-medium\"><img loading=\"lazy\" decoding=\"async\" width=\"270\" height=\"300\" src=\"https:\/\/userblogs.fu-berlin.de\/dgpuk\/files\/2025\/02\/Titel_Programmheft-270x300.png\" alt=\"\" class=\"wp-image-404\" srcset=\"https:\/\/userblogs.fu-berlin.de\/dgpuk\/files\/2025\/02\/Titel_Programmheft-270x300.png 270w, https:\/\/userblogs.fu-berlin.de\/dgpuk\/files\/2025\/02\/Titel_Programmheft.png 681w\" sizes=\"auto, (max-width: 270px) 100vw, 270px\" \/><\/figure>\n<\/div>\n\n\n\n<div class=\"wp-block-column is-layout-flow wp-block-column-is-layout-flow\" style=\"flex-basis:75%\">\n<blockquote class=\"wp-block-quote is-layout-flow wp-block-quote-is-layout-flow\"><p>Das Tagungsprogramm ist fertig und steht ab sofort zum Download bereit. Sie erhalten das Programm aber auch wie gewohnt als gedrucktes Heft bei der Anmeldung.<\/p><\/blockquote>\n\n\n\n<div class=\"wp-block-buttons is-content-justification-center is-layout-flex wp-container-core-buttons-is-layout-16018d1d wp-block-buttons-is-layout-flex\">\n<div class=\"wp-block-button\"><a class=\"wp-block-button__link\" href=\"https:\/\/userblogs.fu-berlin.de\/dgpuk\/tagungsprogramm\/\" style=\"border-radius:100px\">Tagungsprogramm<\/a><\/div>\n\n\n\n<div class=\"wp-block-button\"><a class=\"wp-block-button__link\" href=\"https:\/\/userblogs.fu-berlin.de\/dgpuk\/tagungsprogramm\/vorprogramm\/\" style=\"border-radius:100px\">Vorprogramm (18. &amp; 19.03.)<\/a><\/div>\n<\/div>\n<\/div>\n<\/div>\n\n\n\n<hr class=\"wp-block-separator has-text-color has-accent-color has-alpha-channel-opacity has-accent-background-color has-background\" \/>\n\n\n\n<div class=\"wp-block-columns is-layout-flex wp-container-core-columns-is-layout-9d6595d7 wp-block-columns-is-layout-flex\">\n<div class=\"wp-block-column is-layout-flow wp-block-column-is-layout-flow\" style=\"flex-basis:70%\">\n<div class=\"wp-block-group is-vertical is-layout-flex wp-container-core-group-is-layout-8cf370e7 wp-block-group-is-layout-flex\">\n<h1 class=\"has-medium-font-size wp-block-heading\"><strong><br>\u00d6ffentlichkeit(en) und ihre Werte<\/strong><\/h1>\n\n\n\n<p>Ereignisse der letzten Jahre wie die Corona-Pandemie, der russische Angriffskrieg auf die Ukraine und der Krieg im Nahen Osten sowie die globale Klimakrise haben die Dringlichkeit vor Augen gef\u00fchrt, sich \u00fcber Werte wie Freiheit, Gerechtigkeit, Gleichheit, Sicherheit, Solidarit\u00e4t und Wahrheit zu verst\u00e4ndigen, sie auch in globaler Perspektive kritisch zu pr\u00fcfen. Die DGPuK-Tagung 2025 ist dem Thema \u201eWerte\u201c gewidmet, die das gesellschaftliche Zusammenleben und den \u00f6ffentlichen Diskurs bestimmen. \u00d6ffentlichkeit und Medien spielen dabei eine doppelte Rolle: Sie sind Ort der Aushandlung von Werten und zugleich Ort ihrer Verwirklichung. Insbesondere mit der Digitalisierung haben sich allerdings Zweifel verst\u00e4rkt, dass \u00d6ffentlichkeit und Medien diese Aufgaben im Sinne demokratischer Willensbildung erf\u00fcllen k\u00f6nnen: Desinformation und Hasskommentare, digitale Spaltung und Freiheitsbeschr\u00e4nkungen, Polarisierung und Diskriminierung \u2013 dies sind nur einige Ph\u00e4nomene, die zeigen, wie dringlich die Analyse von kommunikativen Aushandlungsprozessen gesellschaftlicher Werte ist. Transnationale und globale Kommunikationsfl\u00fcsse fordern dabei die Vorstellung geteilter Werte heraus. Der Einsatz automatisierter Kommunikation und K\u00fcnstlicher Intelligenz wirft neue Fragen der Zuschreibung von Verantwortung auf.<\/p>\n<\/div>\n<\/div>\n\n\n\n<div class=\"wp-block-column is-vertically-aligned-center is-layout-flow wp-block-column-is-layout-flow\" style=\"flex-basis:30%\">\n<figure class=\"wp-block-image size-large is-resized\"><img loading=\"lazy\" decoding=\"async\" src=\"https:\/\/steffengoeths.files.wordpress.com\/2024\/02\/ifpuk-rgb.jpg?w=1024\" alt=\"\" class=\"wp-image-39\" width=\"253\" height=\"110\" \/><\/figure>\n\n\n\n<div style=\"height:15px\" aria-hidden=\"true\" class=\"wp-block-spacer\"><\/div>\n\n\n\n<figure class=\"wp-block-image is-resized\"><img loading=\"lazy\" decoding=\"async\" src=\"https:\/\/steffengoeths.files.wordpress.com\/2024\/02\/weizenbaum_main-logo_colour_l.png?w=800\" alt=\"\" class=\"wp-image-79\" width=\"271\" height=\"70\" \/><\/figure>\n<\/div>\n<\/div>\n\n\n\n<p class=\"has-small-font-size\"><\/p>\n\n\n\n<div class=\"wp-block-buttons is-content-justification-center is-layout-flex wp-container-core-buttons-is-layout-16018d1d wp-block-buttons-is-layout-flex\">\n<div class=\"wp-block-button\"><a class=\"wp-block-button__link\" href=\"https:\/\/userblogs.fu-berlin.de\/dgpuk\/call-for-papers\/\" style=\"border-radius:100px\">Call for Papers<\/a><\/div>\n\n\n\n<div class=\"wp-block-button\"><a class=\"wp-block-button__link\" href=\"https:\/\/userblogs.fu-berlin.de\/dgpuk\/einreichungen\/\" style=\"border-radius:100px\">Einreichungen<\/a><\/div>\n<\/div>\n\n\n\n<hr class=\"wp-block-separator has-text-color has-accent-color has-alpha-channel-opacity has-accent-background-color has-background\" \/>\n\n\n\n<h4 class=\"has-text-align-center wp-block-heading\" style=\"margin-right:var:preset|spacing|20;margin-left:var:preset|spacing|20\"><strong>Tagungsteam<\/strong><\/h4>\n\n\n\n<div class=\"wp-block-columns is-layout-flex wp-container-core-columns-is-layout-9d6595d7 wp-block-columns-is-layout-flex\">\n<div class=\"wp-block-column is-layout-flow wp-block-column-is-layout-flow\"><\/div>\n\n\n\n<div class=\"wp-block-column is-layout-flow wp-block-column-is-layout-flow\"><\/div>\n\n\n\n<div class=\"wp-block-column is-layout-flow wp-block-column-is-layout-flow\"><\/div>\n\n\n\n<div class=\"wp-block-column is-layout-flow wp-block-column-is-layout-flow\"><\/div>\n\n\n\n<div class=\"wp-block-column is-layout-flow wp-block-column-is-layout-flow\"><\/div>\n<\/div>\n\n\n\n<div class=\"wp-block-columns is-layout-flex wp-container-core-columns-is-layout-9d6595d7 wp-block-columns-is-layout-flex\">\n<div class=\"wp-block-column is-layout-flow wp-block-column-is-layout-flow\">\n<p class=\"has-text-align-center\"><strong>Margreth L\u00fcnenborg<\/strong><\/p>\n\n\n\n<p class=\"has-text-align-center has-small-font-size\">Professorin f\u00fcr Journalistik<\/p>\n<\/div>\n\n\n\n<div class=\"wp-block-column is-layout-flow wp-block-column-is-layout-flow\">\n<p class=\"has-text-align-center\"><strong>Christoph Neuberger<\/strong><\/p>\n\n\n\n<p class=\"has-text-align-center has-small-font-size\">Professor f\u00fcr <br>Digitalisierung und Partizipation <br>Wissenschaftlicher Gesch\u00e4ftsf\u00fchrer <br>und Direktor des Weizenbaum-Instituts f\u00fcr die vernetzte Gesellschaft<\/p>\n<\/div>\n\n\n\n<div class=\"wp-block-column is-layout-flow wp-block-column-is-layout-flow\">\n<p class=\"has-text-align-center\"><strong>Carola Richter<\/strong><\/p>\n\n\n\n<p class=\"has-text-align-center has-small-font-size\">Professorin f\u00fcr <br>Internationale Kommunikation<\/p>\n<\/div>\n<\/div>\n\n\n\n<div class=\"wp-block-columns is-layout-flex wp-container-core-columns-is-layout-9d6595d7 wp-block-columns-is-layout-flex\">\n<div class=\"wp-block-column is-layout-flow wp-block-column-is-layout-flow\">\n<p class=\"has-text-align-center\"><strong>Steffen G\u00f6ths<\/strong><\/p>\n\n\n\n<p class=\"has-text-align-center has-small-font-size\">Wissenschaftlicher Mitarbeiter <br>an der Arbeitsstelle Wissenschaftsjournalismus \/ Wissenskommunikation<\/p>\n<\/div>\n\n\n\n<div class=\"wp-block-column is-layout-flow wp-block-column-is-layout-flow\">\n<p class=\"has-text-align-center\"><strong>Antje Wolters<\/strong><\/p>\n\n\n\n<p class=\"has-text-align-center has-small-font-size\">Zentrale Sekret\u00e4rin des Instituts f\u00fcr Publizistik- und Kommunikationswissenschaft<\/p>\n<\/div>\n\n\n\n<div class=\"wp-block-column is-layout-flow wp-block-column-is-layout-flow\">\n<p class=\"has-text-align-center\"><strong>Hannah Hartmuth<\/strong><\/p>\n\n\n\n<p class=\"has-text-align-center has-small-font-size\">Studentische Mitarbeiterin des Instituts f\u00fcr Publizistik- und Kommunikationswissenschaft<\/p>\n<\/div>\n<\/div>\n","protected":false},"excerpt":{"rendered":"<p>Das Institut f\u00fcr Publizistik- und Kommunikationswissenschaft der Freien Universit\u00e4t Berlin und das Weizenbaum-Institut f\u00fcr die vernetzte Gesellschaft laden gemeinsam zur 70. Jahrestagung der Deutschen Gesellschaft f\u00fcr Publizistik- und Kommunikationswissenschaft nach Berlin ein. Liebe Kolleg:innen,am Mittwoch ist es so weit und wir k\u00f6nnen Sie und euch nach \u00fcber einem Jahr Vorbereitungszeit zur 70. Jahrestagung der Deutschen &#8230; <a title=\"Start\" class=\"read-more\" href=\"https:\/\/userblogs.fu-berlin.de\/dgpuk\/\" aria-label=\"Mehr Informationen \u00fcber Start\">Weiterlesen<\/a><\/p>\n","protected":false},"author":7900,"featured_media":0,"parent":0,"menu_order":0,"comment_status":"closed","ping_status":"closed","template":"","meta":{"footnotes":""},"class_list":["post-11","page","type-page","status-publish"],"_links":{"self":[{"href":"https:\/\/userblogs.fu-berlin.de\/dgpuk\/wp-json\/wp\/v2\/pages\/11","targetHints":{"allow":["GET"]}}],"collection":[{"href":"https:\/\/userblogs.fu-berlin.de\/dgpuk\/wp-json\/wp\/v2\/pages"}],"about":[{"href":"https:\/\/userblogs.fu-berlin.de\/dgpuk\/wp-json\/wp\/v2\/types\/page"}],"author":[{"embeddable":true,"href":"https:\/\/userblogs.fu-berlin.de\/dgpuk\/wp-json\/wp\/v2\/users\/7900"}],"replies":[{"embeddable":true,"href":"https:\/\/userblogs.fu-berlin.de\/dgpuk\/wp-json\/wp\/v2\/comments?post=11"}],"version-history":[{"count":23,"href":"https:\/\/userblogs.fu-berlin.de\/dgpuk\/wp-json\/wp\/v2\/pages\/11\/revisions"}],"predecessor-version":[{"id":454,"href":"https:\/\/userblogs.fu-berlin.de\/dgpuk\/wp-json\/wp\/v2\/pages\/11\/revisions\/454"}],"wp:attachment":[{"href":"https:\/\/userblogs.fu-berlin.de\/dgpuk\/wp-json\/wp\/v2\/media?parent=11"}],"curies":[{"name":"wp","href":"https:\/\/api.w.org\/{rel}","templated":true}]}}