{"id":2,"date":"2024-02-21T13:25:39","date_gmt":"2024-02-21T12:25:39","guid":{"rendered":""},"modified":"2024-10-23T14:12:56","modified_gmt":"2024-10-23T12:12:56","slug":"impressum","status":"publish","type":"page","link":"https:\/\/userblogs.fu-berlin.de\/dgpuk\/impressum\/","title":{"rendered":"Impressum"},"content":{"rendered":"<h2>Dienstanbieter:<\/h2>\n<p>Freie Universit\u00e4t Berlin, vertreten durch den <a href=\"http:\/\/www.fu-berlin.de\/einrichtungen\/organe\/praesidium\/praesident\/index.html\" target=\"_self\" rel=\"noopener\">Pr\u00e4sidenten<\/a>.<\/p>\n<h2>Anschrift:<\/h2>\n<p>Freie Universit\u00e4t Berlin<br \/>\nPr\u00e4sidium<br \/>\nKaiserswerther Str. 16\/18<br \/>\n14195 Berlin<\/p>\n<h2><strong>Umsatzsteueridentifikationsnummer:<\/strong><\/h2>\n<p>DE 811304768<\/p>\n<h2>Inhaltliche Verantwortung nach \u00a7 55 RfStV:<\/h2>\n<p>Steffen G\u00f6ths<br \/>\nGarystra\u00dfe 55, 14195 Berlin<br \/>\nTel.: +49 (0) 30 &#8211; 838 68172<br \/>\nFax: +49 (0) 30 &#8211; 838 468172<br \/>\nE-Mail: dgpuk2025[at]polsoz.fu-berlin.de<\/p>\n<p>Gestaltung Logo: Lena Haubner<\/p>\n<p>Bildquellen:<br \/>\nCitadines, enjoy hotels Berlin,\u00a0 Hyperion Hotel Berlin, Hotel Seehof KG \/ Fuchs-Henel GmbH &amp; Co., Hotel Landhaus Schlachtensee, Hotel Morgenland, Hotel Steglitz International, Novum Hospitality, Scandic Hotels, Seminaris Hotels, Titanic Hotels<br \/>\nFreie Universit\u00e4t Berlin, Institut f\u00fcr Publizistik- und Kommunikationswissenschaft, Weizenbaum-Institut f\u00fcr die vernetzte Gesellschaft<\/p>\n<h2>Rechtsform:<\/h2>\n<p>Die Freie Universit\u00e4t Berlin ist eine K\u00f6rperschaft des \u00f6ffentlichen Rechts gem. \u00a7\u00a7 1 und 2 Berliner Hochschulgesetz (BerlHG). Das Webangebot der Freien Universit\u00e4t Berlin unterliegt dem geltenden <a title=\"Freie Universit\u00e4t Berlin: Urheberrecht\/Copyright\" href=\"http:\/\/www.fu-berlin.de\/redaktion\/copyright\/index.html\">Urheberrecht<\/a>. Beachten Sie bitte auch unseren <a title=\"Haftungsausschluss - Disclaimer, FU Berlin\" href=\"http:\/\/www.fu-berlin.de\/redaktion\/disclaimer\/index.html\">Haftungsausschluss\/Disclaimer.<\/a><\/p>\n<h2>Aufsichtsbeh\u00f6rde<\/h2>\n<p>Aufsichtsbeh\u00f6rde ist die nach \u00a7 89 BerlHG zust\u00e4ndige Berliner Senatsverwaltung f\u00fcr Bildung, Wissenschaft und Forschung.<\/p>\n","protected":false},"excerpt":{"rendered":"<p>Dienstanbieter: Freie Universit\u00e4t Berlin, vertreten durch den Pr\u00e4sidenten. Anschrift: Freie Universit\u00e4t Berlin Pr\u00e4sidium Kaiserswerther Str. 16\/18 14195 Berlin Umsatzsteueridentifikationsnummer: DE 811304768 Inhaltliche Verantwortung nach \u00a7 55 RfStV: Steffen G\u00f6ths Garystra\u00dfe 55, 14195 Berlin Tel.: +49 (0) 30 &#8211; 838 68172 Fax: +49 (0) 30 &#8211; 838 468172 E-Mail: dgpuk2025[at]polsoz.fu-berlin.de Gestaltung Logo: Lena Haubner Bildquellen: Citadines, &#8230; <a title=\"Impressum\" class=\"read-more\" href=\"https:\/\/userblogs.fu-berlin.de\/dgpuk\/impressum\/\" aria-label=\"Mehr Informationen \u00fcber Impressum\">Weiterlesen<\/a><\/p>\n","protected":false},"author":7900,"featured_media":0,"parent":0,"menu_order":0,"comment_status":"closed","ping_status":"open","template":"","meta":{"footnotes":""},"class_list":["post-2","page","type-page","status-publish"],"_links":{"self":[{"href":"https:\/\/userblogs.fu-berlin.de\/dgpuk\/wp-json\/wp\/v2\/pages\/2","targetHints":{"allow":["GET"]}}],"collection":[{"href":"https:\/\/userblogs.fu-berlin.de\/dgpuk\/wp-json\/wp\/v2\/pages"}],"about":[{"href":"https:\/\/userblogs.fu-berlin.de\/dgpuk\/wp-json\/wp\/v2\/types\/page"}],"author":[{"embeddable":true,"href":"https:\/\/userblogs.fu-berlin.de\/dgpuk\/wp-json\/wp\/v2\/users\/7900"}],"replies":[{"embeddable":true,"href":"https:\/\/userblogs.fu-berlin.de\/dgpuk\/wp-json\/wp\/v2\/comments?post=2"}],"version-history":[{"count":6,"href":"https:\/\/userblogs.fu-berlin.de\/dgpuk\/wp-json\/wp\/v2\/pages\/2\/revisions"}],"predecessor-version":[{"id":243,"href":"https:\/\/userblogs.fu-berlin.de\/dgpuk\/wp-json\/wp\/v2\/pages\/2\/revisions\/243"}],"wp:attachment":[{"href":"https:\/\/userblogs.fu-berlin.de\/dgpuk\/wp-json\/wp\/v2\/media?parent=2"}],"curies":[{"name":"wp","href":"https:\/\/api.w.org\/{rel}","templated":true}]}}