{"id":33,"date":"2024-02-21T16:36:52","date_gmt":"2024-02-21T15:36:52","guid":{"rendered":"https:\/\/userblogs.fu-berlin.de\/dgpuk\/?page_id=33"},"modified":"2024-09-13T14:11:23","modified_gmt":"2024-09-13T12:11:23","slug":"einreichungen","status":"publish","type":"page","link":"https:\/\/userblogs.fu-berlin.de\/dgpuk\/einreichungen\/","title":{"rendered":"Einreichungen"},"content":{"rendered":"\n<p class=\"has-accent-color has-text-color\"><strong>Herzlichen Dank f\u00fcr die vielf\u00e4ltigen Einreichungen zur 70. Jahrestagung der DGPuK. Es sind keine weiteren Einreichungen mehr m\u00f6glich.<\/strong><\/p>\n\n\n\n<h5 class=\"wp-block-heading\"><strong>Einreichung und Fristen<\/strong><\/h5>\n\n\n\n<div class=\"wp-block-group is-nowrap is-layout-flex wp-container-core-group-is-layout-ad2f72ca wp-block-group-is-layout-flex\">\n<p class=\"has-text-align-left .entry-content &gt; *:not(.alignwide):not(.alignfull):not(.alignleft):not(.alignright):not(.is-style-wide) { max-width: 90rem; width: calc(100% - 4rem); }\">Ab dem <strong>01. Juli 2024 <\/strong>k\u00f6nnen Einzelbeitrage und Panels \u00fcber das <a rel=\"noreferrer noopener\" href=\"http:\/\/www.conftool.net\/dgpuk2025\" target=\"_blank\"><strong>Conference Tool<\/strong><\/a> eingereicht werden. <br><br>Die Frist f\u00fcr die Einreichung endet am <strong>1. September 2024.<\/strong><br>Die Benachrichtigung \u00fcber Annahme oder Ablehnung der Einreichungen erfolgt bis zum <strong>15. Dezember 2024.<\/strong><br><br>Alle Einreichungen werden nach den Kriterien theoretische Fundierung, Relevanz der Fragestellung, Angemessenheit der Methode bzw. theoriegeleiteten Vorgehensweise sowie Klarheit\/Pr\u00e4gnanz der Darstellung und Neuigkeitswert \/ Originalit\u00e4t begutachtet.<\/p>\n<\/div>\n\n\n\n<p><\/p>\n\n\n\n<h5 class=\"wp-block-heading\"><strong>Einreichungsformate<\/strong><\/h5>\n\n\n\n<div class=\"wp-block-group .entry-content &gt; *:not(.alignwide):not(.alignfull):not(.alignleft):not(.alignright):not(.is-style-wide) { max-width: 90rem; width: calc(100% - 4rem); } is-nowrap is-layout-flex wp-container-core-group-is-layout-ad2f72ca wp-block-group-is-layout-flex\">\n<p class=\"has-text-align-left .entry-content &gt; *:not(.alignwide):not(.alignfull):not(.alignleft):not(.alignright):not(.is-style-wide) { max-width: 90rem; width: calc(100% - 4rem); }\"><strong>Extended Abstracts zum Tagungsthema<\/strong><br>Extended Abstracts f\u00fcr Vortr\u00e4ge zum Tagungsthema sollen 4.000 \u2013 6.000 Zeichen umfassen (inkl. Leerzeichen, Literatur, Tabellen und Abbildungen).<\/p>\n<\/div>\n\n\n\n<p><\/p>\n\n\n\n<div class=\"wp-block-group is-nowrap is-layout-flex wp-container-core-group-is-layout-ad2f72ca wp-block-group-is-layout-flex\">\n<p><strong>Panelvorschl\u00e4ge zum Tagungsthema<\/strong><br>Es besteht die M\u00f6glichkeit, komplette Panels einzureichen. So k\u00f6nnen gr\u00f6\u00dfere Projekte oder Forschungszusammenhange mit einem Bezug zum Tagungsthema vorgestellt werden. Die einzelnen Vortr\u00e4ge sollen dabei aufeinander bezogen sein. Panelvorschlage m\u00fcssen enthalten: Paneltitel, Benennung der Moderation\/Chair, Beschreibung des Panels in 3.000-4.000 Zeichen (inklusive Leerzeichen, Literatur, Tabellen und Abbildungen) sowie Titel und Abstract f\u00fcr jeden Vortrag (jeweils 1.000 \u2013 1.500 Zeichen inklusive Leerzeichen, Literatur, Tabellen und Abbildungen). Ein Panel kann bis zu vier Vortrage enthalten. Die parallele Einreichung einzelner Beitr\u00e4ge aus einem Panelvorschlag im Normalverfahren ist nicht zul\u00e4ssig.<\/p>\n<\/div>\n\n\n\n<p><\/p>\n\n\n\n<div class=\"wp-block-group is-nowrap is-layout-flex wp-container-core-group-is-layout-ad2f72ca wp-block-group-is-layout-flex\">\n<p><strong>Einreichungen f\u00fcr offene Formate zum Tagungsthema<\/strong><br>Auch auf der Jahrestagung in Berlin wollen wir die M\u00f6glichkeit f\u00fcr andere Formate als den klassischen Vortrag bieten. Dazu z\u00e4hlen insbesondere interaktive Formate, etwa Workshops, Diskussionsrunden (z. B. Fishbowl), Panels mit Medienpraktiker:innen oder andere Ideen. Einreichungen f\u00fcr offene Formate sollen eine inhaltliche Beschreibung des geplanten Formats enthalten sowie dessen geplanten Ablauf kurz skizzieren (ca. 3.000-4.000 Zeichen inkl. Leerzeichen, Literatur, Tabellen und Abbildungen). Die Beitr\u00e4ge sollen nicht-anonymisiert eingereicht werden. F\u00fcr die offenen Formate wird ein eigenes Review-Verfahren durchgef\u00fchrt und die M\u00f6glichkeit eruiert, diese in das Veranstaltungsprogramm oder ggf. als PreConferences einzubauen. Abschlie\u00dfende Entscheidungen \u00fcber eine Annahme werden vom Organisationsteam auch auf Basis der Passung zum restlichen Programm getroffen. Einreichungen werden \u00fcber <a href=\"mailto:dgpuk2025@polsoz.fu-berlin.de\"><strong>dgpuk2025@polsoz.fu-berlin.de<\/strong><\/a> erbeten.<\/p>\n<\/div>\n\n\n\n<p><\/p>\n\n\n\n<div class=\"wp-block-group is-nowrap is-layout-flex wp-container-core-group-is-layout-ad2f72ca wp-block-group-is-layout-flex\">\n<p><strong>Extended Abstracts ohne Bezug zum Tagungsthema (offene Panels)<\/strong><br>In offenen Panels finden aktuelle Forschungsarbeiten Platz, die sich nicht unmittelbar in das Tagungsthema einordnen lassen. Abstracts f\u00fcr die offenen Panels sollen ebenfalls etwa 4.000 \u2013 6.000 Zeichen umfassen (inkl. Leerzeichen, Literatur, Tabellen und Abbildungen).<\/p>\n<\/div>\n\n\n\n<p><\/p>\n\n\n\n<h5 class=\"wp-block-heading\"><strong>Anforderungen und Hinweise<\/strong><\/h5>\n\n\n\n<div class=\"wp-block-group is-horizontal is-content-justification-right is-nowrap is-layout-flex wp-container-core-group-is-layout-1c040b41 wp-block-group-is-layout-flex\">\n<p class=\"has-base-3-color has-text-color\">.<\/p>\n\n\n\n<ul class=\"wp-block-list\"><li>Einreichungen und Vortr\u00e4ge sind auf Deutsch und Englisch m\u00f6glich.<\/li><li>Bitte achten Sie darauf, dass Ihre Einreichung keine Hinweise auf die Autor:innen enth\u00e4lt (au\u00dfer offene Formate).<\/li><li>Eingereicht werden k\u00f6nnen nur Beitr\u00e4ge, die zum Zeitpunkt der Einreichung (a) noch nicht in schriftlicher Form ver\u00f6ffentlicht wurden und (b) noch nicht bei einer wissenschaftlichen Tagung als Vortrag eingereicht, akzeptiert oder pr\u00e4sentiert wurden, deren Publikum sich mit dem der Jahrestagung ma\u00dfgeblich \u00fcberschneidet (insbesondere Fachgruppentagungen). Dass diese beiden Bedingungen erf\u00fcllt sind, ist auf dem Deckblatt der Einreichung zu erkl\u00e4ren.<\/li><li>Einreichungen sollten auf Basis substanzieller Befunde oder Theoriediskussionen erfolgen. Abstracts, die lediglich eine Vorschau auf erwartete, aber noch nicht vorliegende Befunde enthalten, werden nicht in den Begutachtungsprozess einbezogen.<\/li><li>Die Organisator:innen der Tagung behalten es sich vor, eingereichte Beitrage in andere Pr\u00e4sentationsformen jenseits des klassischen Vortragsformats einzuladen.<\/li><\/ul>\n<\/div>\n\n\n\n<div class=\"wp-block-group is-content-justification-center is-nowrap is-layout-flex wp-container-core-group-is-layout-94bc23d7 wp-block-group-is-layout-flex\">\n<p class=\"has-text-align-center\"><strong>Wir freuen uns auf Ihre Einreichungen und hoffen, viele Kolleg:innen in Berlin begr\u00fc\u00dfen zu k\u00f6nnen!<\/strong><\/p>\n<\/div>\n","protected":false},"excerpt":{"rendered":"<p>Herzlichen Dank f\u00fcr die vielf\u00e4ltigen Einreichungen zur 70. Jahrestagung der DGPuK. Es sind keine weiteren Einreichungen mehr m\u00f6glich. Einreichung und Fristen Ab dem 01. Juli 2024 k\u00f6nnen Einzelbeitrage und Panels \u00fcber das Conference Tool eingereicht werden. Die Frist f\u00fcr die Einreichung endet am 1. September 2024.Die Benachrichtigung \u00fcber Annahme oder Ablehnung der Einreichungen erfolgt bis &#8230; <a title=\"Einreichungen\" class=\"read-more\" href=\"https:\/\/userblogs.fu-berlin.de\/dgpuk\/einreichungen\/\" aria-label=\"Mehr Informationen \u00fcber Einreichungen\">Weiterlesen<\/a><\/p>\n","protected":false},"author":7900,"featured_media":0,"parent":0,"menu_order":0,"comment_status":"closed","ping_status":"closed","template":"","meta":{"footnotes":""},"class_list":["post-33","page","type-page","status-publish"],"_links":{"self":[{"href":"https:\/\/userblogs.fu-berlin.de\/dgpuk\/wp-json\/wp\/v2\/pages\/33","targetHints":{"allow":["GET"]}}],"collection":[{"href":"https:\/\/userblogs.fu-berlin.de\/dgpuk\/wp-json\/wp\/v2\/pages"}],"about":[{"href":"https:\/\/userblogs.fu-berlin.de\/dgpuk\/wp-json\/wp\/v2\/types\/page"}],"author":[{"embeddable":true,"href":"https:\/\/userblogs.fu-berlin.de\/dgpuk\/wp-json\/wp\/v2\/users\/7900"}],"replies":[{"embeddable":true,"href":"https:\/\/userblogs.fu-berlin.de\/dgpuk\/wp-json\/wp\/v2\/comments?post=33"}],"version-history":[{"count":9,"href":"https:\/\/userblogs.fu-berlin.de\/dgpuk\/wp-json\/wp\/v2\/pages\/33\/revisions"}],"predecessor-version":[{"id":195,"href":"https:\/\/userblogs.fu-berlin.de\/dgpuk\/wp-json\/wp\/v2\/pages\/33\/revisions\/195"}],"wp:attachment":[{"href":"https:\/\/userblogs.fu-berlin.de\/dgpuk\/wp-json\/wp\/v2\/media?parent=33"}],"curies":[{"name":"wp","href":"https:\/\/api.w.org\/{rel}","templated":true}]}}