{"id":47,"date":"2024-10-15T16:39:36","date_gmt":"2024-10-15T14:39:36","guid":{"rendered":"https:\/\/userblogs.fu-berlin.de\/dgpuk\/?page_id=47"},"modified":"2025-03-10T10:57:46","modified_gmt":"2025-03-10T09:57:46","slug":"tagungsprogramm","status":"publish","type":"page","link":"https:\/\/userblogs.fu-berlin.de\/dgpuk\/tagungsprogramm\/","title":{"rendered":"Tagungsprogramm"},"content":{"rendered":"\n<div class=\"wp-block-buttons is-content-justification-center is-layout-flex wp-container-core-buttons-is-layout-16018d1d wp-block-buttons-is-layout-flex\">\n<div class=\"wp-block-button\"><a class=\"wp-block-button__link\" href=\"https:\/\/userblogs.fu-berlin.de\/dgpuk\/tagungsprogramm\/vorprogramm\/\">Vorprogramm<\/a><\/div>\n\n\n\n<div class=\"wp-block-button\"><a class=\"wp-block-button__link\" href=\"https:\/\/userblogs.fu-berlin.de\/dgpuk\/tagungsprogramm\/keynotes\/\">Keynotes<\/a><\/div>\n\n\n\n<div class=\"wp-block-button\"><a class=\"wp-block-button__link\" href=\"https:\/\/userblogs.fu-berlin.de\/dgpuk\/tagungsprogramm\/weizenbaum-fellow-talks\/\">Weizenbaum Fellow Talks<\/a><\/div>\n\n\n\n<div class=\"wp-block-button\"><a class=\"wp-block-button__link\" href=\"https:\/\/userblogs.fu-berlin.de\/dgpuk\/tagungsprogramm\/podiumsdiskussionen\/\">Podiumsdiskussion<\/a><\/div>\n<\/div>\n\n\n\n<hr class=\"wp-block-separator has-alpha-channel-opacity\" \/>\n\n\n\n<div class=\"wp-block-columns is-layout-flex wp-container-core-columns-is-layout-9d6595d7 wp-block-columns-is-layout-flex\">\n<div class=\"wp-block-column is-layout-flow wp-block-column-is-layout-flow\" style=\"flex-basis:40%\">\n<figure class=\"wp-block-image size-full\"><img loading=\"lazy\" decoding=\"async\" width=\"681\" height=\"758\" src=\"https:\/\/userblogs.fu-berlin.de\/dgpuk\/files\/2025\/02\/Titel_Programmheft.png\" alt=\"\" class=\"wp-image-404\" srcset=\"https:\/\/userblogs.fu-berlin.de\/dgpuk\/files\/2025\/02\/Titel_Programmheft.png 681w, https:\/\/userblogs.fu-berlin.de\/dgpuk\/files\/2025\/02\/Titel_Programmheft-270x300.png 270w\" sizes=\"auto, (max-width: 681px) 100vw, 681px\" \/><\/figure>\n<\/div>\n\n\n\n<div class=\"wp-block-column is-layout-flow wp-block-column-is-layout-flow\" style=\"flex-basis:50%\">\n<p>Das Programmheft steht ab sofort zum Download als PDF bereit. Dort finden Sie alle Angaben zum Programmablauf, eine \u00dcbersicht aller Panels und weiterer Programmpunkte sowie alle wichtigen Angaben zur Tagung an sich.<\/p>\n\n\n\n<div class=\"wp-block-buttons is-content-justification-center is-layout-flex wp-container-core-buttons-is-layout-16018d1d wp-block-buttons-is-layout-flex\">\n<div class=\"wp-block-button\"><a class=\"wp-block-button__link\" href=\"https:\/\/userblogs.fu-berlin.de\/dgpuk\/files\/2025\/03\/DGPuK25_Programmheft.pdf\" style=\"border-radius:35px\" target=\"_blank\" rel=\"noreferrer noopener\">Programmheft<br>(Download, PDF)<\/a><\/div>\n<\/div>\n\n\n\n<p><\/p>\n\n\n\n<p>Zus\u00e4tzlich k\u00f6nnen die Abstracts und Zusammenfassungen aller Vortr\u00e4ge im ConferenceTool eingesehen werden. Sollten sich im Vergleich zum gedruckten Programm noch kurzfristige \u00c4nderungen ergeben, werden wir diese auf der Tagung aush\u00e4ngen sowie im ConfTool ver\u00f6ffentlichen.<\/p>\n\n\n\n<div class=\"wp-block-buttons is-content-justification-center is-layout-flex wp-container-core-buttons-is-layout-16018d1d wp-block-buttons-is-layout-flex\">\n<div class=\"wp-block-button is-style-fill\"><a class=\"wp-block-button__link\" href=\"https:\/\/www.conftool.net\/dgpuk2025\/sessions.php\" style=\"border-radius:35px\" target=\"_blank\" rel=\"noreferrer noopener\">Programm im<br>ConfTool<\/a><\/div>\n<\/div>\n<\/div>\n<\/div>\n","protected":false},"excerpt":{"rendered":"<p>Das Programmheft steht ab sofort zum Download als PDF bereit. Dort finden Sie alle Angaben zum Programmablauf, eine \u00dcbersicht aller Panels und weiterer Programmpunkte sowie alle wichtigen Angaben zur Tagung an sich. Zus\u00e4tzlich k\u00f6nnen die Abstracts und Zusammenfassungen aller Vortr\u00e4ge im ConferenceTool eingesehen werden. Sollten sich im Vergleich zum gedruckten Programm noch kurzfristige \u00c4nderungen ergeben, &#8230; <a title=\"Tagungsprogramm\" class=\"read-more\" href=\"https:\/\/userblogs.fu-berlin.de\/dgpuk\/tagungsprogramm\/\" aria-label=\"Mehr Informationen \u00fcber Tagungsprogramm\">Weiterlesen<\/a><\/p>\n","protected":false},"author":7900,"featured_media":0,"parent":0,"menu_order":0,"comment_status":"closed","ping_status":"closed","template":"","meta":{"footnotes":""},"class_list":["post-47","page","type-page","status-publish"],"_links":{"self":[{"href":"https:\/\/userblogs.fu-berlin.de\/dgpuk\/wp-json\/wp\/v2\/pages\/47","targetHints":{"allow":["GET"]}}],"collection":[{"href":"https:\/\/userblogs.fu-berlin.de\/dgpuk\/wp-json\/wp\/v2\/pages"}],"about":[{"href":"https:\/\/userblogs.fu-berlin.de\/dgpuk\/wp-json\/wp\/v2\/types\/page"}],"author":[{"embeddable":true,"href":"https:\/\/userblogs.fu-berlin.de\/dgpuk\/wp-json\/wp\/v2\/users\/7900"}],"replies":[{"embeddable":true,"href":"https:\/\/userblogs.fu-berlin.de\/dgpuk\/wp-json\/wp\/v2\/comments?post=47"}],"version-history":[{"count":31,"href":"https:\/\/userblogs.fu-berlin.de\/dgpuk\/wp-json\/wp\/v2\/pages\/47\/revisions"}],"predecessor-version":[{"id":426,"href":"https:\/\/userblogs.fu-berlin.de\/dgpuk\/wp-json\/wp\/v2\/pages\/47\/revisions\/426"}],"wp:attachment":[{"href":"https:\/\/userblogs.fu-berlin.de\/dgpuk\/wp-json\/wp\/v2\/media?parent=47"}],"curies":[{"name":"wp","href":"https:\/\/api.w.org\/{rel}","templated":true}]}}