{"id":49,"date":"2024-11-11T13:42:59","date_gmt":"2024-11-11T12:42:59","guid":{"rendered":"https:\/\/userblogs.fu-berlin.de\/dgpuk\/?page_id=49"},"modified":"2024-11-14T16:11:54","modified_gmt":"2024-11-14T15:11:54","slug":"anmeldung","status":"publish","type":"page","link":"https:\/\/userblogs.fu-berlin.de\/dgpuk\/anmeldung\/","title":{"rendered":"Anmeldung"},"content":{"rendered":"\n<p class=\"has-accent-color has-text-color\"><strong>Anmeldung<\/strong><\/p>\n\n\n\n<p>Die Anmeldung zur Jahrestagung ist bis zum 21.03.2025 \u00fcber <a rel=\"noreferrer noopener\" href=\"http:\/\/www.conftool.net\/dgpuk2025\" data-type=\"URL\" data-id=\"www.conftool.net\/dgpuk2025\" target=\"_blank\"><strong>ConfTool<\/strong><\/a> m\u00f6glich. Wenn Sie bereits einen Account f\u00fcr die Jahrestagung 2025 besitzen, verwenden Sie diesen bitte weiter.<\/p>\n\n\n\n<p class=\"has-accent-color has-text-color\"><strong>Tagungsgeb\u00fchren<\/strong><\/p>\n\n\n\n<figure class=\"wp-block-table aligncenter\"><table class=\"has-fixed-layout\"><thead><tr><th><\/th><th class=\"has-text-align-right\" data-align=\"right\">Early-Bird-Tarif <br>(bis 15.01.25)<\/th><th class=\"has-text-align-right\" data-align=\"right\">Regul\u00e4rer Betrag<br>(16.01.-09.03.25)<\/th><th class=\"has-text-align-right\" data-align=\"right\">Last Minute <br>(10.03.-21.03.25)<\/th><\/tr><\/thead><tbody><tr><td>Wissenschaftler:innen \/ Berufst\u00e4tige (Vollzeit, ab 75 %)<\/td><td class=\"has-text-align-right\" data-align=\"right\">190 \u20ac<\/td><td class=\"has-text-align-right\" data-align=\"right\">240 \u20ac<\/td><td class=\"has-text-align-right\" data-align=\"right\">270 \u20ac<\/td><\/tr><tr><td>Wissenschaftler:innen \/ Berufst\u00e4tige (Teilzeit, unter 75%)<\/td><td class=\"has-text-align-right\" data-align=\"right\">100 \u20ac<\/td><td class=\"has-text-align-right\" data-align=\"right\">130 \u20ac<\/td><td class=\"has-text-align-right\" data-align=\"right\">170\u20ac<\/td><\/tr><tr><td>Pension\u00e4r:innen und Begleitpersonen<\/td><td class=\"has-text-align-right\" data-align=\"right\">100 \u20ac<\/td><td class=\"has-text-align-right\" data-align=\"right\">130 \u20ac<\/td><td class=\"has-text-align-right\" data-align=\"right\">170 \u20ac<\/td><\/tr><tr><td>Arbeitssuchende und Vollzeitstudierende<\/td><td class=\"has-text-align-right\" data-align=\"right\">60 \u20ac<\/td><td class=\"has-text-align-right\" data-align=\"right\">80 \u20ac<\/td><td class=\"has-text-align-right\" data-align=\"right\">100 \u20ac<\/td><\/tr><\/tbody><\/table><\/figure>\n\n\n\n<p>Die Tagungsgeb\u00fchr deckt folgende Punkte ab:<\/p>\n\n\n\n<ul class=\"wp-block-list\"><li>Teilnahme am akademischen Programm<\/li><li>Tagungsmaterialien<\/li><li>Mittagsverpflegung und Kaffeepausen<\/li><li>Teilnahme an Get-Together und Konferenzdinner<\/li><\/ul>\n\n\n\n<p>F\u00fcr die Farewell-Party am Freitag besteht aufgrund der Vorgaben der Location ein feste Obergrenze an Teilnehmenden. Die Teilnahme kann im ConfTool f\u00fcr 25 \u20ac p.P. hinzugebucht werden.<\/p>\n\n\n\n<p>Bachelor- und Masterstudierende, die <strong>ausschlie\u00dflich am akademischen Programm<\/strong> teilnehmen m\u00f6chten, k\u00f6nnen sich \u00fcber ConfTool kostenfrei registrieren. Hierzu ist der Upload einer Immatrikulationsbescheinigung notwendig.<\/p>\n","protected":false},"excerpt":{"rendered":"<p>Anmeldung Die Anmeldung zur Jahrestagung ist bis zum 21.03.2025 \u00fcber ConfTool m\u00f6glich. Wenn Sie bereits einen Account f\u00fcr die Jahrestagung 2025 besitzen, verwenden Sie diesen bitte weiter. Tagungsgeb\u00fchren Early-Bird-Tarif (bis 15.01.25) Regul\u00e4rer Betrag(16.01.-09.03.25) Last Minute (10.03.-21.03.25) Wissenschaftler:innen \/ Berufst\u00e4tige (Vollzeit, ab 75 %) 190 \u20ac 240 \u20ac 270 \u20ac Wissenschaftler:innen \/ Berufst\u00e4tige (Teilzeit, unter 75%) &#8230; <a title=\"Anmeldung\" class=\"read-more\" href=\"https:\/\/userblogs.fu-berlin.de\/dgpuk\/anmeldung\/\" aria-label=\"Mehr Informationen \u00fcber Anmeldung\">Weiterlesen<\/a><\/p>\n","protected":false},"author":7900,"featured_media":0,"parent":0,"menu_order":0,"comment_status":"closed","ping_status":"closed","template":"","meta":{"footnotes":""},"class_list":["post-49","page","type-page","status-publish"],"_links":{"self":[{"href":"https:\/\/userblogs.fu-berlin.de\/dgpuk\/wp-json\/wp\/v2\/pages\/49","targetHints":{"allow":["GET"]}}],"collection":[{"href":"https:\/\/userblogs.fu-berlin.de\/dgpuk\/wp-json\/wp\/v2\/pages"}],"about":[{"href":"https:\/\/userblogs.fu-berlin.de\/dgpuk\/wp-json\/wp\/v2\/types\/page"}],"author":[{"embeddable":true,"href":"https:\/\/userblogs.fu-berlin.de\/dgpuk\/wp-json\/wp\/v2\/users\/7900"}],"replies":[{"embeddable":true,"href":"https:\/\/userblogs.fu-berlin.de\/dgpuk\/wp-json\/wp\/v2\/comments?post=49"}],"version-history":[{"count":6,"href":"https:\/\/userblogs.fu-berlin.de\/dgpuk\/wp-json\/wp\/v2\/pages\/49\/revisions"}],"predecessor-version":[{"id":278,"href":"https:\/\/userblogs.fu-berlin.de\/dgpuk\/wp-json\/wp\/v2\/pages\/49\/revisions\/278"}],"wp:attachment":[{"href":"https:\/\/userblogs.fu-berlin.de\/dgpuk\/wp-json\/wp\/v2\/media?parent=49"}],"curies":[{"name":"wp","href":"https:\/\/api.w.org\/{rel}","templated":true}]}}