{"id":19,"date":"2022-06-07T15:05:48","date_gmt":"2022-06-07T13:05:48","guid":{"rendered":"https:\/\/userblogs.fu-berlin.de\/digital-arts-and-humanities-lab\/?page_id=19"},"modified":"2023-03-27T20:54:33","modified_gmt":"2023-03-27T18:54:33","slug":"facilitator-bios","status":"publish","type":"page","link":"https:\/\/userblogs.fu-berlin.de\/digital-arts-and-humanities-lab\/facilitator-bios\/","title":{"rendered":"Facilitator Bios"},"content":{"rendered":"\n<p><strong>Nata\u0161a Djurdjevac Conrad<\/strong> is a mathematician working in applied and computational mathematics at the Zuse Institute Berlin (ZIB). She finished her BSc and MSc at the Faculty of Mathematics, University of Belgrade in Serbia. As a scholar of the Berlin Mathematical School (BMS), Nata\u0161a obtained her PhD in mathematics from Free University Berlin in 2012. She is currently a head of a \u201cComputational Humanities\u201d research group at ZIB. Her research is on mathematical modeling, simulation and numerical analysis of complex systems with applications in social and life sciences. In particular, her recent work is on developing network and agent-based models for spreading processes in ancient and modern societies. In 2022, Nata\u0161a Conrad was elected to be a corresponding member of the German Archaeological Institute.<\/p>\n\n\n\n<p><strong>Kate Elswit <\/strong>is author of the award-winning books<a href=\"https:\/\/global.oup.com\/academic\/product\/watching-weimar-dance-9780199844838\"> <em>Watching Weimar Dance<\/em> <\/a>(2014) and<a href=\"https:\/\/www.macmillanihe.com\/page\/detail\/Theatre-and-Dance\/?K=9781137605740\"> <em>Theatre &amp; Dance<\/em> <\/a>(2018). For the past decade, she has been collaborating with Harmony Bench on projects to bring dance history and the digital humanities into conversation, including the AHRC-funded projects<a href=\"https:\/\/www.cssd.ac.uk\/news\/dr-kate-elswit-awarded-ahrc-fellowship\"> <em>Visceral Histories, Visual Arguments: Dance-Based Approaches to Data<\/em><\/a><em> <\/em>(2022-25) and<a href=\"http:\/\/www.dunhamsdata.org\/\"> <em>Dunham\u2019s Data: Katherine Dunham and Digital Methods for Dance Historical Inquiry<\/em><\/a> (2018-22), which won the 2021 ATHE-ASTR Award for Excellence in Digital Theatre and Performance Scholarship. She received her PhD from the University of Cambridge, and is now Professor of Performance and Technology and Head of Digital Research at the Royal Central School of Speech and Drama, University of London. <a href=\"http:\/\/www.kateelswit.org\">www.kateelswit.org<\/a><\/p>\n\n\n\n<p><strong>Annette Jael Lehmann <\/strong>is Professor for Culture and Media at the Institute for Theater Studies at the Freie Universit\u00e4t Berlin. She has a strong inter- and cross-disciplinary focus in research and practice-based collaborations with various institutions in academia, art, and culture. In 2015, she was awarded a Senior Research and Teaching Stay at the Hebrew University of Jerusalem, Israel and, in 2016-2017, was Global Humanities Senior Fellow at the Mahindra Humanities Center at Harvard University, Cambridge, USA. She is currently Principal Investigator (PI) at the Einstein Center Digital Future (ECDF) in Berlin. Since 2019, she has been working as Principal Researcher (PR) in Research Area 2, \u2018Travelling Matters\u2019, within the \u2018Temporal Communities: Doing Literature in a Global Perspective\u2019 Excellence Cluster (EXC) 2020 at the Freie Universit\u00e4t Berlin. In 2019, she became Principle Investigator at the Friedrich Schlegel Graduiertenschule f\u00fcr Literaturwissenschaftliche Studien. Since October 2019, she is Head of the Seminar f\u00fcr Kultur- und Medienmanagement at the Institute for Theater Studies, FU Berlin. She is a senior affiliate <em>at metaLAB(a)Harvard <\/em>and the Berkman Klein Center, Harvard University.<\/p>\n\n\n\n<p><strong>Amalia S. Levi<\/strong> is an archivist, historian, and cultural heritage professional working with the non-profit HeritEdge Connection. She is currently conducting doctoral research at Bonn University\u2019s Center for Dependency and Slavery Studies on the community of enslaved in Jewish households in Barbados, looking into issues of archives and knowledge production. She has worked in numerous projects doing exhibits, as well as processing and digitizing archival collections. She has Master\u2019s degrees in History; Library Science and Archives; and Museum Studies. Her research focuses on \u2018unearthing\u2019 marginalized people, who are usually invisible in archives, by weaving together different types of information to go beyond archival documents.<br>Profile: <a href=\"https:\/\/hcommons.org\/members\/amaliasl\/\">https:\/\/hcommons.org\/members\/amaliasl\/<\/a><br>Twitter: @amaliasl<\/p>\n\n\n\n<p><strong>Christopher Ohge<\/strong> is an educator, writer, and scholarly editor. Ohge received a PhD from Boston University and was supervised by the literary critic and editor Professor Sir Christopher Ricks. Ohge has held postdoctoral fellowships and taught at the University of Maine, Boston University, and the Massachusetts College of Art and Design. Ohge then served as an associate editor at the&nbsp;<a rel=\"noreferrer noopener\" href=\"https:\/\/www.marktwainproject.org\/homepage.html\" target=\"_blank\">Mark Twain Papers &amp; Project<\/a>&nbsp;at the University of California, Berkeley, from 2014\u20132017 and in 2017 moved to London to take up a lectureship at the Institute of English Studies, University of London.&nbsp;Dr. Ohge&#8217;s role is Senior Lecturer in Digital Approaches to Literature at the Institute of English Studies and Digital Humanities Research Hub at the School of Advanced Study, University of London, where Ohge has taught editing and book history courses on the&nbsp;<a rel=\"noreferrer noopener\" href=\"https:\/\/ies.sas.ac.uk\/london-rare-books-school\" target=\"_blank\">London Rare Books School<\/a>&nbsp;since 2018. Also serving as a core faculty member of&nbsp;<a rel=\"noreferrer noopener\" href=\"https:\/\/elaboratories.org\/\" target=\"_blank\">e-Laboratories<\/a>, Ohge is within this initiative working on the Fundamentals of Editing Course (formerly known as the Institute for Editing Historical Documents, or \u201cCamp Edit\u201d), set to be released in summer 2023. Ohge&#8217;s research focuses on textual scholarship, computation, and creative and critical methods for studying book history and literary texts, including as Associate Director of the&nbsp;<a rel=\"noreferrer noopener\" href=\"https:\/\/melville.electroniclibrary.org\/\" target=\"_blank\">Herman Melville Electronic Library<\/a>&nbsp;and as contributor to&nbsp;<a rel=\"noreferrer noopener\" href=\"http:\/\/melvillesmarginalia.org\/\" target=\"_blank\">Melville\u2019s Marginalia Online<\/a>&nbsp;as an associate editor. Ohge is also working to educate people on the environmental impact of digital research by coordinating the Green Digital Humanities&nbsp;<a rel=\"noreferrer noopener\" href=\"https:\/\/sas-dhrh.github.io\/dhcc-toolkit\/\" target=\"_blank\">Tool-kit<\/a>&nbsp;group for the&nbsp;<a rel=\"noreferrer noopener\" href=\"https:\/\/www.cdcs.ed.ac.uk\/digital-humanities-climate-coalition\" target=\"_blank\">Digital Humanities Climate Coalition<\/a>.<\/p>\n\n\n\n<p><strong>Magda Romanska <\/strong>is a Principal at Harvard metaLAB, and Professor of Theatre at Emerson College in Boston, MA, a Research Associate at the Center for European Studies and Davis Center for Russian and Eurasian Studies at Harvard University, and the Chair of Transmedia Arts Seminar at Harvard University Mahindra Humanities Center, where she curates a series of lectures on transmediality.\u00a0<\/p>\n\n\n\n<p><strong>Daniil Skorinkin<\/strong>: &#8220;I am a programming literary scholar with a background in natural language processing. I code for literary scholars and literary scholarship projects (such as\u00a0<a href=\"http:\/\/dracor.org\/\">dracor.org<\/a>) to accelerate the acquisition of new knowledge about literature and literary history. I have a Ph.D. in linguistics and literary studies, my thesis focused on the application of digital methods to the study of Russian literature (namely Leo Tolstoy). My research interests include stylometry, network analysis, and the use of NLP models and tools for humanistic research.\u00a0I have 6 years of experience in teaching Digital Humanities, Computational Literary Studies, and Python Programming for Humanists. Before 24.02.2022 I worked for several years as\u00a0an Associate Professor at the Humanities Faculty of the Higher School of Economics (HSE) in Moscow. Now I am a Digital Humanities coordinator at Uni Potsdam and work heavily on the DraCor project (<a href=\"http:\/\/dracor.org\/\">dracor.org<\/a>).&#8221;<\/p>\n\n\n\n<p><strong>Christian Stein<\/strong> studied German language and literature and computer science, earned a doctorate in literary studies and has since been working in the border area between the humanities and technical sciences. He is employed at the Cluster of Excellence Matters of Activity and heads the Object Space Agency project. In the Cluster of Excellence Image Knowledge Design, which was completed in 2019, he served as head of the research area Architectures of Knowledge with six research projects and is co-founder of gamelab.berlin, which deals with play as a cultural technique. In this context he has focused on the development of game prototypes in the field of museums and medicine. This includes the development of innovative museum games (e.g. game+ultra and Mein Objekt in Humboldt Forum ) and VR applications (e.g. Neurosurgery 360 and Kenya VR). In addition to his focus on games, he works on artificial and natural languages (semantic web and modeling) as well as an interdisciplinary theory of the interface, on which he is currently completing his habilitation project.&nbsp;<\/p>\n\n\n\n<h2 class=\"wp-block-heading\">Organiser Bios<\/h2>\n\n\n\n<p><strong>Lindsey Drury <\/strong>researches&nbsp;dance&nbsp;and literary history&nbsp;as&nbsp;postdoc&nbsp;at the Cluster of Excellence \u201cTemporal Communities\u201d (Freie Universit\u00e4t Berlin). At present, Drury is co-editing a special issue of the journal&nbsp;<em>Interface Critique<\/em>&nbsp;with Nina Tolksdorf. She works at the interface of performance studies, artistic research and history and holds a PhD in early modern studies (University of Kent \/ Freie Universit\u00e4t Berlin). She has received fellowships from Erasmus Mundus and the University of Utah as well as artist grants from Pioneer Works, the Nordic University, and the Queens Art Council. She lives in Berlin.<\/p>\n\n\n\n<p><strong>Tony Fisher<\/strong> is Reader in Theatre and Philosophy at the Royal Central School of Speech and Drama and Head of Research Strategy and Projects, as well as Deputy Director of the London Arts and Humanities Partnership (LAHP) responsible for training and cohort development. His books include <em>Theatre and Governance in Britain 1500-1900: Democracy, Disorder and the State <\/em>(2017), <em>Foucault\u2019s Theatres <\/em>\u2013 edited with Kelina Gotman (2020) and, forthcoming in 2022, with Manchester University Press, <em>The Aesthetic Exception: Essays on Art, Theatre and Politics<\/em>.<\/p>\n\n\n\n<p><strong>Ramona Mosse <\/strong>is a Lecturer in Theatre Studies and currently the PI of the <em>Viral Theatres<\/em>-Project, funded by the VolkswagenFoundation and based at the Excellence Cluster \u201cTemporal Communities: Doing Literature in a Global Perspective\u201d at the Freie Universit\u00e4t Berlin. She is a former fellow of the International Research Cluster Interweaving Performance Cultures at the FU Berlin and has taught also at Bard College Berlin, the Goethe University Frankfurt\/Main, Barnard College and Columbia University, New York. Her research is focussed on the crossings between digital and environmental humanities in a theatre and performance context.<br>Her research focuses on the intersection of theatre and transmedia, including multiplatform dramaturgy, human\/AI interaction in performance, and posthuman theatre and performance. She is also the Founder, Executive Director, and Editor-in-Chief of <a href=\"http:\/\/thetheatretimes.com\/\">TheTheatreTimes.com<\/a>, the largest global digital theatre portal.&nbsp; <\/p>\n","protected":false},"excerpt":{"rendered":"<p>Nata\u0161a Djurdjevac Conrad is a mathematician working in applied and computational mathematics at the Zuse Institute Berlin (ZIB). She finished her BSc and MSc at the Faculty of Mathematics, University of Belgrade in Serbia. As a scholar of the Berlin Mathematical School (BMS), Nata\u0161a obtained her PhD in mathematics from Free University Berlin in 2012. &hellip; <\/p>\n<p class=\"link-more\"><a href=\"https:\/\/userblogs.fu-berlin.de\/digital-arts-and-humanities-lab\/facilitator-bios\/\" class=\"more-link\">Continue reading<span class=\"screen-reader-text\"> &#8220;Facilitator Bios&#8221;<\/span><\/a><\/p>\n","protected":false},"author":5248,"featured_media":0,"parent":0,"menu_order":0,"comment_status":"closed","ping_status":"closed","template":"","meta":{"footnotes":""},"class_list":["post-19","page","type-page","status-publish","hentry"],"_links":{"self":[{"href":"https:\/\/userblogs.fu-berlin.de\/digital-arts-and-humanities-lab\/wp-json\/wp\/v2\/pages\/19","targetHints":{"allow":["GET"]}}],"collection":[{"href":"https:\/\/userblogs.fu-berlin.de\/digital-arts-and-humanities-lab\/wp-json\/wp\/v2\/pages"}],"about":[{"href":"https:\/\/userblogs.fu-berlin.de\/digital-arts-and-humanities-lab\/wp-json\/wp\/v2\/types\/page"}],"author":[{"embeddable":true,"href":"https:\/\/userblogs.fu-berlin.de\/digital-arts-and-humanities-lab\/wp-json\/wp\/v2\/users\/5248"}],"replies":[{"embeddable":true,"href":"https:\/\/userblogs.fu-berlin.de\/digital-arts-and-humanities-lab\/wp-json\/wp\/v2\/comments?post=19"}],"version-history":[{"count":5,"href":"https:\/\/userblogs.fu-berlin.de\/digital-arts-and-humanities-lab\/wp-json\/wp\/v2\/pages\/19\/revisions"}],"predecessor-version":[{"id":189,"href":"https:\/\/userblogs.fu-berlin.de\/digital-arts-and-humanities-lab\/wp-json\/wp\/v2\/pages\/19\/revisions\/189"}],"wp:attachment":[{"href":"https:\/\/userblogs.fu-berlin.de\/digital-arts-and-humanities-lab\/wp-json\/wp\/v2\/media?parent=19"}],"curies":[{"name":"wp","href":"https:\/\/api.w.org\/{rel}","templated":true}]}}