{"id":245,"date":"2020-03-24T19:53:26","date_gmt":"2020-03-24T18:53:26","guid":{"rendered":"https:\/\/userblogs.fu-berlin.de\/dutch\/?page_id=245"},"modified":"2022-08-23T16:05:47","modified_gmt":"2022-08-23T14:05:47","slug":"dialect","status":"publish","type":"page","link":"https:\/\/userblogs.fu-berlin.de\/dutch\/begrippen\/dialect\/","title":{"rendered":"Dialect"},"content":{"rendered":"\r\n<div class=\"wp-block-group alignfull\">\r\n<div class=\"wp-block-group__inner-container is-layout-flow wp-block-group-is-layout-flow\">\r\n<h1 class=\"wp-block-heading\">Dialect<img loading=\"lazy\" decoding=\"async\" class=\"size-full wp-image-649 alignright\" src=\"https:\/\/userblogs.fu-berlin.de\/dutch\/files\/2020\/04\/buch-e1585856878476.png\" alt=\"\" width=\"100\" height=\"100\" \/><\/h1>\r\n<\/div>\r\n<\/div>\r\n\r\n\r\n\r\n<div class=\"wp-block-columns is-layout-flex wp-container-core-columns-is-layout-9d6595d7 wp-block-columns-is-layout-flex\">\r\n<div class=\"wp-block-column is-layout-flow wp-block-column-is-layout-flow\" style=\"flex-basis: 66.66%\">\r\n<p>Een <strong>dialect <\/strong>is een <strong>geografische vari\u00ebteit<\/strong>, d.w.z., een <a href=\"https:\/\/userblogs.fu-berlin.de\/dutch\/begrippen\/taalvariatie\/\">taalvari\u00ebteit<\/a> die in een geografisch beperkt gebied voorkomt. West-Vlaams, Zeeuws, Limburgs, Gents, Antwerps, Gronings, Amsterdams: dat zijn allemaal voorbeelden van Nederlandse dialecten. Een dialect is beperkter dan een <strong>regiolect<\/strong>, dat in een grotere regio wordt gebruikt. Een dialect kan beperkt zijn tot een bepaalde stad of dorp terwijl een regiolect zich uitstrekt over een grotere regio. Maar dialecten en regiolecten zijn in de praktijk moeilijk van elkaar te onderscheiden (zie ook de <a href=\"https:\/\/userblogs.fu-berlin.de\/dutch\/begrippen\/taalvariatie\/\">pagina over taalvariatie<\/a> voor dit probleem). Een ander probleem is het onderscheid tussen een taal en een dialect. Uit taalwetenschappelijk oogpunt is elk dialect een taal, maar niet elke taal is een dialect (<a href=\"https:\/\/userblogs.fu-berlin.de\/dutch\/literatuur-pluricentrische-talen\/\">Haugen 1972: 99<\/a>). Hoe zit dat precies en vanaf wanneer noemen we een bepaalde code een &#8217;taal&#8217;? Hieronder zullen we enkele criteria kritisch bespreken.<\/p>\r\n<\/div>\r\n\r\n\r\n\r\n<div class=\"wp-block-column is-layout-flow wp-block-column-is-layout-flow\" style=\"flex-basis: 33.33%\">\r\n<figure class=\"wp-block-table\">\r\n<table>\r\n<tbody>\r\n<tr>\r\n<td><strong>Inhoudsopgave<\/strong><br \/><br \/>1. <a href=\"#taal\">Taal of dialect?<\/a><br \/>2. <a href=\"#criteria\">Criteria voor het onderscheid tussen taal en dialect<\/a><br \/>3. <a href=\"#gebruikt\">Wie gebruikt dialect en wanneer?<\/a><br \/>4. <a href=\"#attitudes\">Attitudes ten opzichte van dialect<\/a><br \/>5. <a href=\"#dialect\">Dialect en streektaal<\/a><\/td>\r\n<\/tr>\r\n<\/tbody>\r\n<\/table>\r\n<\/figure>\r\n<\/div>\r\n<\/div>\r\n\r\n\r\n\r\n<div class=\"wp-block-image\">\r\n<figure class=\"aligncenter size-full\"><img loading=\"lazy\" decoding=\"async\" width=\"624\" height=\"503\" class=\"wp-image-246\" src=\"https:\/\/userblogs.fu-berlin.de\/dutch\/files\/2020\/03\/Dialecten_in_Nederland.jpg\" alt=\"Overzichtskaart van de verschillende dialecten in Nederland.\" srcset=\"https:\/\/userblogs.fu-berlin.de\/dutch\/files\/2020\/03\/Dialecten_in_Nederland.jpg 624w, https:\/\/userblogs.fu-berlin.de\/dutch\/files\/2020\/03\/Dialecten_in_Nederland-300x242.jpg 300w\" sizes=\"auto, (max-width: 624px) 100vw, 624px\" \/>\r\n<figcaption>Overzichtskaart van de verschillende dialecten in Nederland.<\/figcaption>\r\n<\/figure>\r\n<\/div>\r\n\r\n\r\n\r\n<p><br \/><a id=\"taal\"><\/a><\/p>\r\n\r\n\r\n<hr class=\"wp-block-separator\" \/>\r\n\r\n\r\n<p><strong>Taal of dialect?<\/strong><\/p>\r\n\r\n\r\n\r\n<div class=\"diaversustaal hiddenText text-showed\">\r\n<p style=\"padding-left: 30px\">De relatie tussen &#8216;dialecten&#8217; en &#8217;talen&#8217; is gecompliceerd. \u2018Taal\u2019 en \u2018dialect\u2019 zijn algemeen ingeburgerde categorie\u00ebn voor het benoemen van bepaalde codes. De meeste mensen zijn het erover eens dat Nederlands, Duits en Engels talen zijn is en het Achterhoeks, West-Vlaams, Antwerps en Haags dialecten. Maar hoe zit het met het Fries? Bij de illustratie hierboven staat het tussen de Nederlandse dialecten, al beschouwen taalwetenschappers het Fries als een taal. Op welke criteria is het onderscheid taal\/dialect gebaseerd?<\/p>\r\n<ul>\r\n<li>Je zou kunnen stellen dat talen <strong>op zichzelf staande entiteiten<\/strong> zijn (bv. Frans, Engels, Duits, Nederlands). Dat is anders met vari\u00ebteiten: verschillende vari\u00ebteiten zoals Belgisch Nederlands, tussentaal en jongerentaal vormen samen een eenheid: het Nederlands. Zo staan ook het Achterhoeks, het West-Vlaams, etcetera niet op zichzelf, maar vormen ze samen de Nederlandse \u2018dialecten\u2019. Deze eenheid komt bijvoorbeeld naar voren door een gemeenschappelijke overkoepelende schrijftaal.<\/li>\r\n<li>Het begrip \u2018taal\u2019 wordt meestal in verband gebracht met een bepaald <strong>land<\/strong>. De taalwetenschapper <a href=\"\/\/userblogs.fu-berlin.de\/dutch\/literatuur-pluricentrische-talen\/\">Haugen (1972: 101,106)<\/a> wees al op het historische verband tussen het begrip \u2018taal\u2019 en natievorming. In de Renaissance ontwikkelden mensen een gevoel van saamhorigheid rond een gemeenschappelijk bestuur. Een eigen taal kon aan de eenheid en de culturele identiteit van een natie uitdrukking geven: de taal was zowel communicatiemiddel als symbool. Ook vandaag nog leidt nationalisme ertoe dat men een eigen taal wil hebben, om zijn eigenheid te benadrukken en zich van andere landen af te grenzen.<\/li>\r\n<li>Er is een duidelijk functioneel verschil tussen wat we \u2018taal\u2019 en \u2018dialect\u2019 noemen. Een taal heeft bredere <strong>functies<\/strong> in de maatschappij dan een dialect. Een dialect is alleen maar gebruikelijk in een beperkte locale gemeenschap, terwijl een taal veel ruimer bruikbaar is (<a href=\"https:\/\/userblogs.fu-berlin.de\/dutch\/literatuur-pluricentrische-talen\/\">Haugen 1972: 102<\/a>). Een taal dient bijvoorbeeld als overkoepelend communicatiemiddel voor personen die verschillende dialecten spreken (<a href=\"https:\/\/userblogs.fu-berlin.de\/dutch\/literatuur-pluricentrische-talen\/\">Haugen 1972: 102<\/a>). Een taal wordt zakelijk op papier gebruikt, en dialect niet. Dat heeft er ook mee te maken dat een taal doorgaans een (wettelijk geregelde) spelling heeft en een dialect meestal niet. Bovendien wordt een taal op school onderwezen en een dialect niet.<\/li>\r\n<li>Er is een belangrijk verschil in <strong>status<\/strong>: er is een verschillende waardering voor &#8217;talen&#8217; en &#8216;dialecten&#8217;, ze hebben een andere maatschappelijke positie. Met een \u2018taal\u2019 is meer sociaal <strong>prestige<\/strong> verbonden dan met een \u2018dialect\u2019 (<a href=\"https:\/\/userblogs.fu-berlin.de\/dutch\/literatuur-pluricentrische-talen\/\">Haugen 1972: 103<\/a>). Het woord \u2018prestige\u2019 komt uit het Frans en betekent\u00a0 \u2018achting\u2019 of \u2018aanzien\u2019. Uit onderzoek blijkt dat dialect en taal door taalgebruikers niet als gelijkwaardig worden beschouwd maar dat er een rangorde bestaat. Dit geldt niet alleen voor de opvatting van de sprekers maar het is ook zichtbaar in de mate van (offici\u00eble) erkenning. Een taal wordt meestal door een overheid beschermd; bij een dialect komt dat zelden voor.<\/li>\r\n<\/ul>\r\n<figure><a href=\"#content\"><img loading=\"lazy\" decoding=\"async\" width=\"40\" height=\"40\" class=\"wp-image-666 alignright\" src=\"https:\/\/userblogs.fu-berlin.de\/dutch\/files\/2020\/04\/erhoehen-ansteigen2-e1585913571900.png\" alt=\"\" \/><\/a><\/figure>\r\n<p>&nbsp;<\/p>\r\n<\/div>\r\n\r\n\r\n\r\n<p>&nbsp;<\/p>\r\n\r\n\r\n<hr class=\"wp-block-separator\" \/>\r\n\r\n\r\n<p><strong>Criteria voor het onderscheid tussen taal en dialect<\/strong><\/p>\r\n\r\n\r\n\r\n<div class=\"diacriteria hiddenText text-showed\">\r\n<p style=\"padding-left: 30px\">De gangbare indeling in \u2018talen\u2019, \u2018dialecten\u2019 en \u2018vari\u00ebteiten\u2019 lijkt logisch en voor de hand liggend, maar ze is in werkelijkheid helemaal niet vanzelfsprekend. Vanuit puur taalkundig oogpunt is deze indeling zelfs volkomen willekeurig. Er bestaat <strong>geen zuiver taalkundig argument<\/strong> om de ene groep verschijnselen een \u2018taal\u2019 te noemen en de andere groep een \u2018dialect\u2019 of een \u2018vari\u00ebteit\u2019. Er is wel eens betoogd dat de \u2018taalkundige afstand\u2019 tussen de groepen onderscheidend is, meer bepaald hun onderlinge verstaanbaarheid. Volgens dat criterium staan talen ver van elkaar af omdat ze het sterkst verschillen, terwijl dialecten op elkaar lijken. Maar het criterium van de verstaanbaarheid is geen betrouwbaar criterium (zie bv. <a href=\"https:\/\/userblogs.fu-berlin.de\/dutch\/literatuur-pluricentrische-talen\/\">Haugen 1972: 102<\/a>). Als je alleen kijkt naar vormkenmerken, zou je kunnen stellen dat het West-Vlaams en het Limburgs taalkundig veel verder van elkaar af staan dan het Tsjechisch en het Slowaaks. Hoewel het Tsjechisch en het Slowaaks zo sterk op elkaar lijken en onderling veel beter verstaanbaar zijn, worden ze toch als aparte talen beschouwd. Alleen externe factoren kunnen het onderscheid tussen \u2018talen\u2019 en \u2018dialecten\u2019 verantwoorden.<\/p>\r\n<ul>\r\n<li><strong>Structuurverschillen en onderlinge verstaanbaarheid<\/strong><br \/>Als een Nederlander op vakantie in Frankrijk gewoon Nederlands praat, zal de Franstalige man achter de bar hem niet verstaan. Als hij vervolgens in het Frans antwoordt, verstaat de Nederlander hem ook niet. We noemen het Nederlands en het Frans twee aparte <strong>talen<\/strong> omdat sprekers van het Nederlands niet in staat zijn om sprekers van het Frans te verstaan, en omgekeerd. Dat komt doordat het taalsysteem of de structuur van het Nederlands en het Frans te verschillend zijn. Het is duidelijk dat het Nederlands andere klanken heeft dan het Frans (bijvoorbeeld de <em>ij<\/em> en de <em>ou<\/em>), eigen woorden (bijvoorbeeld Nederlands <em>boek<\/em> tegenover Frans <em>livre<\/em>) en andere grammaticaregels. Als er opvallende <strong>structuurverschillen<\/strong> zijn, kunnen sprekers van het Nederlands en het Frans niet zomaar met elkaar praten, maar ondervinden ze daar grote problemen bij. Dat wordt in de taalwetenschap aangeduid als het criterium van de <strong>\u2018onderlinge <a href=\"https:\/\/userblogs.fu-berlin.de\/dutch\/begrippen\/varieteiten-verstaan\/\">verstaanbaarheid<\/a>\u2019<\/strong>. Onderlinge verstaanbaarheid is echter geen sluitend criterium om te onderscheiden tussen vari\u00ebteiten van \u00e9\u00e9nzelfde taal en afzonderlijke talen. Het Deens, Noors en Zweeds worden aparte talen genoemd, terwijl ze onderling veel beter verstaanbaar zijn dan bijvoorbeeld verschillende dialecten in China, die allemaal als \u2018Chinees\u2019 worden geclassificeerd terwijl hun sprekers elkaar niet of nauwelijks kunnen verstaan. Daarentegen verstaan Denen, Noren en Zweden elkaar zo goed dat ze in veel gevallen hun eigen taal kunnen blijven spreken als ze met elkaar communiceren.<\/li>\r\n<li><strong>Nationale grenzen<\/strong><br \/>Dat Nederlands en Frans aparte talen zijn, daar is iedereen het wel over eens. Maar het criterium van de onderlinge verstaanbaarheid is niet altijd geldig. Sprekers van het Noors, Deens en Zweeds kunnen elkaar over het algemeen wel verstaan, maar toch worden deze codes niet als \u00e9\u00e9n taal beschouwd, maar als drie aparte talen. Als we willen bepalen wat een taal is en wat niet, spelen er niet alleen structuurkenmerken mee, maar zijn er ook andere factoren belangrijk, met name sociale factoren. Noors, Deens en Zweeds worden als aparte talen beschouwd omdat ze in verschillende landen gesproken worden. <strong>Nationale grenzen<\/strong> kunnen er dus voor verantwoordelijk zijn dat onderling verstaanbare vari\u00ebteiten toch als aparte talen worden beschouwd.<br \/>Dialecten in het grensgebied tussen twee landen vertonen grote structurele overeenkomsten. Dat is bijvoorbeeld op de Nederlands-Duitse grens te zien en heeft een historische oorzaak. Toch kunnen er veranderingen optreden waardoor de landsgrens een scheidingslijn wordt tussen twee talen. Dat verschijnsel treedt op als jonge sprekers aan hun kant van de grens zich sterk op de standaardtaal in hun land gaan richten. Dat is de vari\u00ebteit die ze op school leren en in de media horen. Op die manier kan een landsgrens een dialectcontinu\u00fcm opdelen in verschillende talen.<\/li>\r\n<li><strong>Culturele en godsdienstige verschillen<\/strong><br \/>Niet alleen nationale maar ook <strong>culturele grenzen<\/strong> kunnen er de oorzaak van zijn dat onderling verstaanbare vari\u00ebteiten in verschillende talen gescheiden worden. In voormalig Joegoslavi\u00eb werden onderling verstaanbare dialecten gesproken. Doordat verschillende etnische groepen hun culturele verschillen wilden benadrukken, identificeert zich sinds de jaren negentig iedere groep met een eigen taal. Servisch, Kroatisch en Bosnisch zijn dus geen dialecten meer, maar aparte talen, zelfs al is hun structuur sterk vergelijkbaar en zijn ze onderling verstaanbaar. Het kan gebeuren dat verschillende sprekers of zelfs hele groepen elkaar niet meer <em>willen<\/em> verstaan. Dat geldt vaak voor de groep met de meeste macht, die typisch minder bereidheid toont om sprekers van andere groepen te verstaan.Tot slot kunnen verschillende talen ook op basis van <strong>godsdienstige verschillen<\/strong> gedefinieerd worden. Met de splitsing van India en Pakistan viel het Hindustani uiteen in twee aparte talen: Het Hindi is de taal van de Hindoes terwijl het Urdu door Moslims in Pakistan wordt gesproken.<\/li>\r\n<\/ul>\r\n<\/div>\r\n\r\n\r\n\r\n<p style=\"padding-left: 30px\">Omgekeerd kunnen culturele overeenkomsten ervoor zorgen dat vari\u00ebteiten die niet onderling verstaanbaar zijn toch als \u00e9\u00e9n taal worden beschouwd. Dat is bijvoorbeeld het geval in China, waar het Chinees op grond van een gevoel van nationale identiteit als \u00e9\u00e9n taal wordt beschouwd. Dat is opmerkelijk omdat bijvoorbeeld het Mandarijns (Putonghua) en Kantonees zo sterk van elkaar verschillen dat je ze uit structureel perspectief verschillende talen kunt noemen. In China wordt de culturele eenheid sterker benadrukt dan de lingu\u00efstische verschillen.<\/p>\r\n<p>\r\n\r\n<\/p>\r\n<p>Meer lezen? Raadpleeg dan <a href=\"http:\/\/neon.niederlandistik.fu-berlin.de\/nl\/nedling\/langvar\/dialects\">Neon<\/a>.<\/p>\r\n<p>\r\n\r\n<\/p>\r\n<div class=\"wp-block-image\">\r\n<figure class=\"alignright\"><a href=\"#content\"><img loading=\"lazy\" decoding=\"async\" width=\"40\" height=\"40\" class=\"wp-image-666\" src=\"https:\/\/userblogs.fu-berlin.de\/dutch\/files\/2020\/04\/erhoehen-ansteigen2-e1585913571900.png\" alt=\"\" \/><\/a><\/figure>\r\n<\/div>\r\n<p>\r\n\r\n<\/p>\r\n<p>&nbsp;<\/p>\r\n<p>\r\n\r\n <br \/>\r\n\r\n<\/p>\r\n<hr class=\"wp-block-separator\" \/>\r\n<p>\r\n\r\n<\/p>\r\n<p><strong>Wie gebruikt dialect en wanneer?<\/strong><\/p>\r\n<p>\r\n\r\n<\/p>\r\n<p style=\"padding-left: 30px\">Het gebruik van dialect is binnen het Nederlandse taalgebied beperkt tot bepaalde situaties. Dialect wordt nog wel eens in (dorps)winkels gebruikt, maar weinig op het werk of op school (vergelijk enqu\u00eate van <a href=\"http:\/\/taalunieversum.org\/sites\/tuv\/files\/downloads\/taalpeil_2009.pdf\">Taalpeil 2009<\/a>). Dat heeft er onder meer mee te maken dat op het werk steeds meer mensen uit een andere regio komen. Het dialectgebruik op school wordt ingeperkt door de controle van leerkrachten. Ouders in Nederland en Belgi\u00eb spreken vandaag vaak wel nog dialect met elkaar, maar ze geven het dialect niet meer altijd door aan hun kinderen. Personen jonger dan 35 jaar gebruiken minder dialect dan ouderen. Dit beschouwen taalkundigen als indicaties dat het gebruik van dialect in het Nederlandse taalgebied terugloopt.<\/p>\r\n<p>\r\n\r\n<\/p>\r\n<div class=\"wp-block-image\">\r\n<figure class=\"alignright\"><a href=\"#content\"><img loading=\"lazy\" decoding=\"async\" width=\"40\" height=\"40\" class=\"wp-image-666\" src=\"https:\/\/userblogs.fu-berlin.de\/dutch\/files\/2020\/04\/erhoehen-ansteigen2-e1585913571900.png\" alt=\"\" \/><\/a><\/figure>\r\n<\/div>\r\n<p>\r\n\r\n<\/p>\r\n<p>&nbsp;<\/p>\r\n<p>\r\n\r\n <br \/>\r\n\r\n<\/p>\r\n<hr class=\"wp-block-separator\" \/>\r\n<p>\r\n\r\n<\/p>\r\n<p><strong>Attitudes ten opzichte van dialect<\/strong><\/p>\r\n<p>\r\n\r\n<\/p>\r\n<p style=\"padding-left: 30px\">Kijken we heel kort naar <a href=\"https:\/\/userblogs.fu-berlin.de\/dutch\/begrippen\/taalattitude\/\">attitudes<\/a> ten opzichte van dialect. Het Nederlandse dialect heeft wel eens met een slechte reputatie te kampen. Er zijn ouders die hun kinderen liever niet in het dialect willen opvoeden omdat ze denken dat hun kinderen daardoor later nadelen ondervinden. Taalkundigen zien dat anders. Johan Taeldeman, prof. emeritus van de Universiteit Gent, is van mening dat het beheersen van meerdere geografische vari\u00ebteiten juist bijdraagt tot de taalvaardigheid. (bron: <a href=\"http:\/\/taalunieversum.org\/sites\/tuv\/files\/downloads\/taalpeil_2009.pdf\">Taalpeil 2009<\/a> verwijzend naar De Standaard)<\/p>\r\n<p>\r\n\r\n<\/p>\r\n<div class=\"wp-block-image\">\r\n<figure class=\"alignright\"><a href=\"#content\"><img loading=\"lazy\" decoding=\"async\" width=\"40\" height=\"40\" class=\"wp-image-666\" src=\"https:\/\/userblogs.fu-berlin.de\/dutch\/files\/2020\/04\/erhoehen-ansteigen2-e1585913571900.png\" alt=\"\" \/><\/a><\/figure>\r\n<\/div>\r\n<p>\r\n\r\n<\/p>\r\n<p>&nbsp;<\/p>\r\n<p>\r\n\r\n <br \/>\r\n\r\n<\/p>\r\n<hr class=\"wp-block-separator\" \/>\r\n<p>\r\n\r\n<\/p>\r\n<p><strong>Dialect en streektaal<\/strong><\/p>\r\n<p>\r\n\r\n<\/p>\r\n<div class=\"wp-block-image wp-image-247\">\r\n<figure class=\"alignright size-medium\"><img loading=\"lazy\" decoding=\"async\" width=\"277\" height=\"300\" class=\"wp-image-247\" src=\"https:\/\/userblogs.fu-berlin.de\/dutch\/files\/2020\/03\/Nedersaksische_dialecten-277x300.jpg\" alt=\"Map of Dutch low saxon dialects in the Netherlands\" srcset=\"https:\/\/userblogs.fu-berlin.de\/dutch\/files\/2020\/03\/Nedersaksische_dialecten-277x300.jpg 277w, https:\/\/userblogs.fu-berlin.de\/dutch\/files\/2020\/03\/Nedersaksische_dialecten.jpg 480w\" sizes=\"auto, (max-width: 277px) 100vw, 277px\" \/>\r\n<figcaption>Map of Dutch low saxon dialects in the Netherlands<\/figcaption>\r\n<\/figure>\r\n<\/div>\r\n<p>\r\n\r\n<\/p>\r\n<p style=\"padding-left: 30px\">Een &#8216;streektaal&#8217; is een dialect met een bijzondere status. De vari\u00ebteiten Nedersaksisch en Limburgs hebben in Nederland die bijzondere status. Als &#8216;streektalen&#8217; zijn ze erkend in het kader van het <a href=\"http:\/\/wetten.overheid.nl\/BWBV0001223\/geldigheidsdatum_22-02-2012#VertalingNL\" target=\"_blank\" rel=\"noopener noreferrer\">Europees Handvest voor regionale talen en talen van minderheden<\/a>. Er zijn concrete implicaties. De overheid levert bewust inspanningen om het gebruik van deze streektalen te promoten.<\/p>\r\n<p>\r\n\r\n<\/p>\r\n<ul class=\"wp-block-list\">\r\n<li>Het Nedersaksisch wordt gebruikt in de provincies Friesland (in de gemeentes Oost- en Weststellingwerf), Groningen, Drenthe, Overijssel en Gelderland. De Nedersaksische dialecten zijn afgebeeld op de kaart hiernaast.<\/li>\r\n<li>Het Limburgs wordt gebruikt in de Nederlandse provincie Limburg (in het zuidoosten).<\/li>\r\n<\/ul>\r\n<p>\r\n\r\n <br \/>\r\n\r\n <br \/>\r\n\r\n <br \/>\r\n\r\n<\/p>\r\n<div class=\"wp-block-image\">\r\n<figure class=\"alignright\"><a href=\"#content\"><img loading=\"lazy\" decoding=\"async\" width=\"40\" height=\"40\" class=\"wp-image-666\" src=\"https:\/\/userblogs.fu-berlin.de\/dutch\/files\/2020\/04\/erhoehen-ansteigen2-e1585913571900.png\" alt=\"\" \/><\/a><\/figure>\r\n<\/div>\r\n<p><\/p>","protected":false},"excerpt":{"rendered":"<p>Dialect Een dialect is een geografische vari\u00ebteit, d.w.z., een taalvari\u00ebteit die in een geografisch beperkt gebied voorkomt. West-Vlaams, Zeeuws, Limburgs, Gents, Antwerps, Gronings, Amsterdams: dat zijn allemaal voorbeelden van Nederlandse dialecten. Een dialect is beperkter dan een regiolect, dat in een grotere regio wordt gebruikt. Een dialect kan beperkt zijn tot een bepaalde stad of &#8230; <a title=\"Dialect\" class=\"read-more\" href=\"https:\/\/userblogs.fu-berlin.de\/dutch\/begrippen\/dialect\/\" aria-label=\"Lees meer over Dialect\">Lees verder<\/a><\/p>\n","protected":false},"author":4743,"featured_media":0,"parent":223,"menu_order":0,"comment_status":"closed","ping_status":"closed","template":"","meta":{"footnotes":""},"class_list":["post-245","page","type-page","status-publish"],"_links":{"self":[{"href":"https:\/\/userblogs.fu-berlin.de\/dutch\/wp-json\/wp\/v2\/pages\/245","targetHints":{"allow":["GET"]}}],"collection":[{"href":"https:\/\/userblogs.fu-berlin.de\/dutch\/wp-json\/wp\/v2\/pages"}],"about":[{"href":"https:\/\/userblogs.fu-berlin.de\/dutch\/wp-json\/wp\/v2\/types\/page"}],"author":[{"embeddable":true,"href":"https:\/\/userblogs.fu-berlin.de\/dutch\/wp-json\/wp\/v2\/users\/4743"}],"replies":[{"embeddable":true,"href":"https:\/\/userblogs.fu-berlin.de\/dutch\/wp-json\/wp\/v2\/comments?post=245"}],"version-history":[{"count":10,"href":"https:\/\/userblogs.fu-berlin.de\/dutch\/wp-json\/wp\/v2\/pages\/245\/revisions"}],"predecessor-version":[{"id":3872,"href":"https:\/\/userblogs.fu-berlin.de\/dutch\/wp-json\/wp\/v2\/pages\/245\/revisions\/3872"}],"up":[{"embeddable":true,"href":"https:\/\/userblogs.fu-berlin.de\/dutch\/wp-json\/wp\/v2\/pages\/223"}],"wp:attachment":[{"href":"https:\/\/userblogs.fu-berlin.de\/dutch\/wp-json\/wp\/v2\/media?parent=245"}],"curies":[{"name":"wp","href":"https:\/\/api.w.org\/{rel}","templated":true}]}}