{"id":3004,"date":"2020-07-10T12:03:18","date_gmt":"2020-07-10T10:03:18","guid":{"rendered":"https:\/\/userblogs.fu-berlin.de\/dutch\/?page_id=3004"},"modified":"2020-10-05T23:43:34","modified_gmt":"2020-10-05T21:43:34","slug":"literatuur-taalmethodes","status":"publish","type":"page","link":"https:\/\/userblogs.fu-berlin.de\/dutch\/literatuur-taalmethodes\/","title":{"rendered":"Literatuur &#8211; Taalmethodes"},"content":{"rendered":"\r\n<p><strong>Abitzsch, D., en S. Sudhoff<\/strong>. 2009. <em>Welkom! Niederl\u00e4ndisch f\u00fcr Anf\u00e4nger.<\/em> Stuttgart: Ernst Klett.<\/p>\r\n\r\n\r\n\r\n<p><strong>Boeken, C., E. Le Page, K. Maes, E. Mertens, en I. Peeters<\/strong>. 2012. <em>Zo Gezegd. 2.2: Nederlands voor anderstaligen: B1 Threshold 2.<\/em> Kalmthout: Pelckmans.<\/p>\r\n\r\n\r\n\r\n<p><strong>Boeken, C., E. Le Page, E. Mertens, en I. Peeters<\/strong>. 2013. <em>Zo Gezegd. 1.1: Nederlands voor anderstaligen: A1 Breakthrough<\/em>. Kapellen: Pelckmans.<br \/><br \/><strong>Boeken, C., E. Le Page, K. Maes, E. Mertens, en I. Peeters<\/strong>. 2013. <em>Zo Gezegd. 2.1: Nederlands voor anderstaligen: B1 Threshold 1.<\/em> Kapellen: Pelckmans.<\/p>\r\n\r\n\r\n\r\n<p><strong>Boeken, C., E. Le Page, E. Mertens, en I. Peeters<\/strong>. 2012. <em>Zo Gezegd. 1.2: Nederlands voor anderstaligen: A2 Waystage.<\/em> Kapellen: Pelckmans.<\/p>\r\n\r\n\r\n\r\n\r\n\r\n<p><strong>Boers, T., V. Olijhoek, C. van der Voort, N. Heijne, en M. Hidma<\/strong>. 2004. <em>Code: Basisleergang Nederlands voor anderstaligen. Deel 1, 2, 3<\/em>. Utrecht: Thieme Meulenhoff.<br \/><br \/><strong>Boers, T., K. Kamma, G. Gastelaars, V. Olijhoek, N. Heijne, en M. Hidma<\/strong>. 2011. <em>Code Plus: Basisleergang Nederlands voor anderstaligen. Deel 1 En 2.<\/em> Utrecht: Thieme Meulenhoff.<br \/><strong><br \/>De Boer, B., M. van der Kamp, en B. Lijmbach<\/strong>. 2008. <em>Nederlands in gang: Methode Nt2 voor hoogopgeleide anderstaligen<\/em>. Bussum: Coutinho.<\/p>\r\n<p>\r\n\r\n<\/p>\r\n<p><strong>De Boer, B., M. van der Kamp, en B. Lijmbach<\/strong>. 2008. <em>Nederlands in actie: Methode Nt2 voor hoogopgeleide anderstaligen.<\/em> Bussum: Coutinho.<\/p>\r\n<p>\r\n\r\n<\/p>\r\n<p><strong>De Boer, B., M. van der Kamp, en B. Lijmbach<\/strong>. 2007. <em>Nederlands op niveau: Methode Nt2 voor hoogopgeleide anderstaligen<\/em>. Bussum: Coutinho.<\/p>\r\n<p><strong>Deen, J., en C. van Veen<\/strong>. 1994. <em>Taalriedels. Een cursus spreekvaardigheid Nederlands als tweede taal.<\/em> Groningen: Wolters-Noordhoff.<br \/><br \/><strong>De Greef, M., G. Noblesse, I. Peeters, en K. Verstraeten<\/strong>. 2011. <em>Zo gezegd. 2.3: Nederlands voor anderstaligen: B1 Threshold 3.<\/em> Kapellen: Pelckmans.<br \/><br \/><strong>Devos, R., P. Schoenaerts, H. van Loo, en H. Fraters<\/strong>. 2009. <em>Vanzelfsprekend. Nederlands voor anderstaligen.<\/em> Leuven: Acco.<br \/><br \/><strong>Fox, S., en J. Schneider-Broekmans<\/strong>. 2008. <em>Taal vitaal: Niederl\u00e4ndisch f\u00fcr Anf\u00e4nger<\/em>. Ismaning: Hueber.<\/p>\r\n\r\n\r\n\r\n<p><strong>Fox, S., en S. van Keulen<\/strong>. 2009. <em>Taal totaal: Niederl\u00e4ndisch f\u00fcr Fortgeschrittene.<\/em> Ismaning: Hueber.<\/p>\r\n\r\n\r\n\r\n\r\n\r\n<p><strong>Ham, E., W. Tersteeg, en L. Zijlmans<\/strong>. 1999. <em>Help! 1 En 2. Kunt u mij helpen?<\/em>. Utrecht: NCB.<\/p>\r\n<p><strong>Leysen, J.<\/strong> 2005. <em>Riedel en ritme &#8211; Vlaamse taalriedels.<\/em> Leuven: Acco.<\/p>\r\n<p><strong>Reitsma, F<\/strong>. 2010. <em>Prisma Nederlands voor buitenlanders.<\/em> Het Spectrum B.V.<br \/><br \/><strong>Sciarone, B., A. Blom, en J.E. Grezel<\/strong>. 2010. <em>Delftse methode, Deel 1 en 2: Nederlands voor buitenlanders.<\/em> Amsterdam: Boom.<br \/><br \/><strong>Schneider-Broekmans, J<\/strong>. 2008. <em>Taal vitaal: Nederlands voor beginners.<\/em> Amsterdam\/Antwerpen: Intertaal.<\/p>\r\n<p><strong>Tak, M.A. Dumon, A.M. Fontein, en L.H.M. Palenstein<\/strong>. 1998. <em>Help! 3. Zal ik u even helpen?<\/em>. Utrecht: NCB.<br \/><br \/><strong>Van Keulen, S.<\/strong> 2001. <em>Taal totaal: Nederlands voor gevorderden.<\/em> Amsterdam\/Antwerpen: Intertaal.<br \/><br \/><strong>Van Loo, H., en P. Schoenaerts<\/strong>. 2003. <em>Niet vanzelfsprekend. Nederlands voor anderstaligen.<\/em> Leuven: Acco.<br \/><br \/><\/p>\r\n<p><a href=\"https:\/\/userblogs.fu-berlin.de\/dutch\/over-dutch\/literatuur\/\">Terug naar overzichtspagina<\/a><\/p>\r\n","protected":false},"excerpt":{"rendered":"<p>Abitzsch, D., en S. Sudhoff. 2009. Welkom! Niederl\u00e4ndisch f\u00fcr Anf\u00e4nger. Stuttgart: Ernst Klett. Boeken, C., E. Le Page, K. Maes, E. Mertens, en I. Peeters. 2012. Zo Gezegd. 2.2: Nederlands voor anderstaligen: B1 Threshold 2. Kalmthout: Pelckmans. Boeken, C., E. Le Page, E. Mertens, en I. Peeters. 2013. Zo Gezegd. 1.1: Nederlands voor anderstaligen: A1 &#8230; <a title=\"Literatuur &#8211; Taalmethodes\" class=\"read-more\" href=\"https:\/\/userblogs.fu-berlin.de\/dutch\/literatuur-taalmethodes\/\" aria-label=\"Lees meer over Literatuur &#8211; Taalmethodes\">Lees verder<\/a><\/p>\n","protected":false},"author":4734,"featured_media":0,"parent":0,"menu_order":0,"comment_status":"closed","ping_status":"closed","template":"","meta":{"footnotes":""},"class_list":["post-3004","page","type-page","status-publish"],"_links":{"self":[{"href":"https:\/\/userblogs.fu-berlin.de\/dutch\/wp-json\/wp\/v2\/pages\/3004","targetHints":{"allow":["GET"]}}],"collection":[{"href":"https:\/\/userblogs.fu-berlin.de\/dutch\/wp-json\/wp\/v2\/pages"}],"about":[{"href":"https:\/\/userblogs.fu-berlin.de\/dutch\/wp-json\/wp\/v2\/types\/page"}],"author":[{"embeddable":true,"href":"https:\/\/userblogs.fu-berlin.de\/dutch\/wp-json\/wp\/v2\/users\/4734"}],"replies":[{"embeddable":true,"href":"https:\/\/userblogs.fu-berlin.de\/dutch\/wp-json\/wp\/v2\/comments?post=3004"}],"version-history":[{"count":8,"href":"https:\/\/userblogs.fu-berlin.de\/dutch\/wp-json\/wp\/v2\/pages\/3004\/revisions"}],"predecessor-version":[{"id":3773,"href":"https:\/\/userblogs.fu-berlin.de\/dutch\/wp-json\/wp\/v2\/pages\/3004\/revisions\/3773"}],"wp:attachment":[{"href":"https:\/\/userblogs.fu-berlin.de\/dutch\/wp-json\/wp\/v2\/media?parent=3004"}],"curies":[{"name":"wp","href":"https:\/\/api.w.org\/{rel}","templated":true}]}}