{"id":324,"date":"2020-03-25T19:04:35","date_gmt":"2020-03-25T18:04:35","guid":{"rendered":"https:\/\/userblogs.fu-berlin.de\/dutch\/?page_id=324"},"modified":"2022-10-25T15:45:47","modified_gmt":"2022-10-25T13:45:47","slug":"woordenschat-studeren","status":"publish","type":"page","link":"https:\/\/userblogs.fu-berlin.de\/dutch\/taalgebruik\/taalgebruik-op-school\/woordenschat-studeren\/","title":{"rendered":"Woordenschat: studeren"},"content":{"rendered":"\r\n<div class=\"wp-block-group alignfull\">\r\n<div class=\"wp-block-group__inner-container is-layout-flow wp-block-group-is-layout-flow\">\r\n<h1 class=\"wp-block-heading\">Woordenschat: studeren<img loading=\"lazy\" decoding=\"async\" class=\"size-full wp-image-652 alignright\" src=\"https:\/\/userblogs.fu-berlin.de\/dutch\/files\/2020\/04\/Hamma-e1585856968315.png\" alt=\"\" width=\"100\" height=\"100\" \/><\/h1>\r\n<\/div>\r\n<\/div>\r\n\r\n\r\n\r\n<div class=\"wp-block-columns is-layout-flex wp-container-core-columns-is-layout-9d6595d7 wp-block-columns-is-layout-flex\">\r\n<div class=\"wp-block-column is-layout-flow wp-block-column-is-layout-flow\" style=\"flex-basis: 66.66%\">\r\n<p>Op deze pagina leer je woordenschat kennen die te maken heeft met studeren aan de universiteit. Studenten hebben een eigen vorm van het Nederlands, een <strong>studententaal<\/strong>, met speciale woorden die alleen studenten begrijpen. Omdat het hoger onderwijs in Nederland en Belgi\u00eb (Vlaanderen) anders georganiseerd is, heeft ieder land zijn eigen &#8216;studententaal&#8217;. V\u00f3\u00f3r de invoering van het bachelor-mastersysteem waren er nog veel grotere verschillen tussen het hoger onderwijs in Nederland en Vlaanderen dan nu. De oude termen die daarbij hoorden worden nu nog vaak gebruikt.<\/p>\r\n<\/div>\r\n\r\n\r\n\r\n<div class=\"wp-block-column is-layout-flow wp-block-column-is-layout-flow\" style=\"flex-basis: 33.33%\">\r\n<figure class=\"wp-block-table\">\r\n<table>\r\n<tbody>\r\n<tr>\r\n<td><strong>Inhoudsopgave<\/strong><br \/><br \/>1. <a href=\"#oudere\">Oudere studieprogramma&#8217;s in Nederland en Vlaanderen<\/a><br \/>2. <a href=\"#studeren\">Studeren in Nederland en Vlaanderen vandaag<\/a><br \/>3. <a href=\"#wonen\">Waar wonen studenten?<\/a><br \/>4. <a href=\"#colleges\">Colleges volgen<\/a><br \/>5. <a href=\"#leven\">Het (echte) studentenleven &#8211; met luisterfragmenten<\/a><br \/>6. <a href=\"#meer\">Nog meer lezen?<\/a><\/td>\r\n<\/tr>\r\n<\/tbody>\r\n<\/table>\r\n<\/figure>\r\n<\/div>\r\n<\/div>\r\n\r\n\r\n\r\n<div class=\"lyte-wrapper\" style=\"width:640px;max-width:100%;margin:5px;\"><div class=\"lyMe\" id=\"WYL_wJto7VC1mTg\"><div id=\"lyte_wJto7VC1mTg\" data-src=\"https:\/\/userblogs.fu-berlin.de\/dutch\/wp-content\/plugins\/wp-youtube-lyte\/lyteCache.php?origThumbUrl=%2F%2Fi.ytimg.com%2Fvi%2FwJto7VC1mTg%2Fhqdefault.jpg\" class=\"pL\"><div class=\"tC\"><div class=\"tT\"><\/div><\/div><div class=\"play\"><\/div><div class=\"ctrl\"><div class=\"Lctrl\"><\/div><div class=\"Rctrl\"><\/div><\/div><\/div><noscript><a href=\"https:\/\/youtu.be\/wJto7VC1mTg\" rel=\"nofollow\"><img loading=\"lazy\" decoding=\"async\" src=\"https:\/\/userblogs.fu-berlin.de\/dutch\/wp-content\/plugins\/wp-youtube-lyte\/lyteCache.php?origThumbUrl=https%3A%2F%2Fi.ytimg.com%2Fvi%2FwJto7VC1mTg%2F0.jpg\" alt=\"YouTube video thumbnail\" width=\"640\" height=\"340\" \/><br \/>Bekijk deze video op YouTube<\/a><\/noscript><\/div><\/div><div class=\"lL\" style=\"max-width:100%;width:640px;margin:5px;\"><\/div><\/p>\r\n\r\n\r\n\r\n<p><strong>Josta Vaseur <\/strong>is een gepensioneerde lerares Nederlands van Surinaamse afkomst. Haar generatie moest naar Nederland om verder te studeren. Tegenwoordig zijn er heel wat studiemogelijkheden in Suriname.<\/p>\r\n\r\n\r\n\r\n<p><br \/><a id=\"oudere\"><\/a><\/p>\r\n\r\n\r\n<hr class=\"wp-block-separator\" \/>\r\n\r\n\r\n<p><strong>Oudere studieprogramma&#8217;s in Nederland en Vlaanderen<\/strong><\/p>\r\n\r\n\r\n\r\n<ul class=\"wp-block-list\">\r\n<li>In <strong>Nederland <\/strong>is het behalen van de <em><a href=\"https:\/\/onderwijstermen.taalunie.org\/term\/propedeuse\/\" target=\"_blank\" rel=\"noopener noreferrer\">propedeuse<\/a><\/em>, het slagen voor de inleidende vakken (de eerste 60 studiepunten), een voorwaarde om verder te mogen studeren. Vroeger behaalde je door het slagen voor je <a href=\"https:\/\/onderwijstermen.taalunie.org\/term\/doctoraalexamen\/\" target=\"_blank\" rel=\"noopener noreferrer\"><em>doctoraalexamen <\/em><\/a>de graad van <a href=\"https:\/\/onderwijstermen.taalunie.org\/term\/doctorandus\/\" target=\"_blank\" rel=\"noopener noreferrer\"><em>doctorandus<\/em><\/a>, wat vandaag gelijkstaat met master. In principe ben je dan klaar om tot de promotie toegelaten te worden. In Vlaanderen duidt de naam <a href=\"https:\/\/onderwijstermen.taalunie.org\/term\/doctorandus\/\" target=\"_blank\" rel=\"noopener noreferrer\"><em>doctorandus<\/em><\/a> al het volgende stadium aan, namelijk iemand die actief bezig is met zijn of haar promotie of doctoraat. In Nederland is dat een <a href=\"https:\/\/onderwijstermen.taalunie.org\/term\/promovendus\/\" target=\"_blank\" rel=\"noopener noreferrer\"><em>promovendus <\/em><\/a>of een <a href=\"https:\/\/onderwijstermen.taalunie.org\/term\/aio\/\" target=\"_blank\" rel=\"noopener noreferrer\"><em>aio (assistent in opleiding)<\/em><\/a> als die persoon werknemer is bij de universiteit. In Nederland gaat de eigenlijke <a href=\"https:\/\/onderwijstermen.taalunie.org\/term\/promotie\/\" target=\"_blank\" rel=\"noopener noreferrer\"><em>promotie<\/em><\/a> gepaard met een hele ceremonie. De hoogleraren dragen een toga en de promovendus wordt door twee zogenaamde paranimfen bijgestaan. Lees er meer over op <a href=\"http:\/\/nl.wikipedia.org\/wiki\/Wetenschappelijke_promotie\" target=\"_blank\" rel=\"noopener noreferrer\">Wikipedia<\/a>. In het filmpje hiernaast kun je een Nederlandse promotieplechtigheid bekijken.<\/li>\r\n<li>In <strong>Vlaanderen <\/strong>was de laagste academische graad die je kon behalen die van <em>kandidaat<\/em>. Daarna kon je het <a href=\"https:\/\/onderwijstermen.taalunie.org\/term\/licentiaat\/\" target=\"_blank\" rel=\"noopener noreferrer\"><em>licentiaat (lic.) <\/em><\/a>behalen, dat ongeveer met de huidige graad van master overeenkomt. Voor de opleiding van leraren bestond de speciale benaming <a href=\"https:\/\/onderwijstermen.taalunie.org\/term\/regentaatsopleiding\/\" target=\"_blank\" rel=\"noopener noreferrer\"><em>regentaat<\/em><\/a>. Die titels worden nu niet meer uitgereikt, maar personen die in het oude systeem afgestudeerd zijn, blijven ze dragen. Andere Vlaamse academische graden zijn die van handelsingenieur (bedrijfseconoom) of burgerlijk ingenieur. De studierichting &#8216;Politieke en sociale wetenschappen&#8217; is een hele mond vol en wordt in informeel taalgebruik vaak afgekort tot <em>pol en soc<\/em>; &#8216;Toegepaste economische wetenschappen&#8217; wordt <em>TEW<\/em>.<\/li>\r\n<\/ul>\r\n\r\n\r\n\r\n<div class=\"lyte-wrapper\" style=\"width:640px;max-width:100%;margin:5px;\"><div class=\"lyMe\" id=\"WYL_EDOiAlgzzYk\"><div id=\"lyte_EDOiAlgzzYk\" data-src=\"https:\/\/userblogs.fu-berlin.de\/dutch\/wp-content\/plugins\/wp-youtube-lyte\/lyteCache.php?origThumbUrl=%2F%2Fi.ytimg.com%2Fvi%2FEDOiAlgzzYk%2Fhqdefault.jpg\" class=\"pL\"><div class=\"tC\"><div class=\"tT\"><\/div><\/div><div class=\"play\"><\/div><div class=\"ctrl\"><div class=\"Lctrl\"><\/div><div class=\"Rctrl\"><\/div><\/div><\/div><noscript><a href=\"https:\/\/youtu.be\/EDOiAlgzzYk\" rel=\"nofollow\"><img loading=\"lazy\" decoding=\"async\" src=\"https:\/\/userblogs.fu-berlin.de\/dutch\/wp-content\/plugins\/wp-youtube-lyte\/lyteCache.php?origThumbUrl=https%3A%2F%2Fi.ytimg.com%2Fvi%2FEDOiAlgzzYk%2F0.jpg\" alt=\"YouTube video thumbnail\" width=\"640\" height=\"340\" \/><br \/>Bekijk deze video op YouTube<\/a><\/noscript><\/div><\/div><div class=\"lL\" style=\"max-width:100%;width:640px;margin:5px;\"><\/div><\/p>\r\n\r\n\r\n\r\n<div class=\"wp-block-image\">\r\n<figure class=\"alignright\"><a href=\"#content\"><img loading=\"lazy\" decoding=\"async\" width=\"40\" height=\"40\" class=\"wp-image-666\" src=\"https:\/\/userblogs.fu-berlin.de\/dutch\/files\/2020\/04\/erhoehen-ansteigen2-e1585913571900.png\" alt=\"\" \/><\/a><\/figure>\r\n<\/div>\r\n\r\n\r\n\r\n<p>&nbsp;<\/p>\r\n\r\n\r\n\r\n<p>&nbsp;<\/p>\r\n\r\n\r\n<hr class=\"wp-block-separator\" \/>\r\n\r\n\r\n<p><strong>Studeren in Nederland en Vlaanderen vandaag<\/strong><\/p>\r\n\r\n\r\n\r\n<div class=\"wp-block-image wp-image-326\">\r\n<figure class=\"alignright\"><img loading=\"lazy\" decoding=\"async\" width=\"200\" height=\"300\" class=\"wp-image-326\" src=\"https:\/\/userblogs.fu-berlin.de\/dutch\/files\/2020\/03\/Leuven_Fonske-200x300.jpg\" alt=\"Beeld van Fons Sapientiae, of Fonske, van de hand van Jef Claerhout\" srcset=\"https:\/\/userblogs.fu-berlin.de\/dutch\/files\/2020\/03\/Leuven_Fonske-200x300.jpg 200w, https:\/\/userblogs.fu-berlin.de\/dutch\/files\/2020\/03\/Leuven_Fonske.jpg 400w\" sizes=\"auto, (max-width: 200px) 100vw, 200px\" \/>\r\n<figcaption>Beeld van Fons Sapientiae, of Fonske, van de hand van Jef Claerhout<\/figcaption>\r\n<\/figure>\r\n<\/div>\r\n\r\n\r\n\r\n<ul class=\"wp-block-list\">\r\n<li>In <strong>Vlaanderen <\/strong>wordt het eerste jaar van de bacheloropleiding aangeduid als <em>1e bach<\/em>. Van Vlaamse studenten die hard zitten te leren wordt gezegd dat ze aan het <em>blokken <\/em>zijn. De <em>blok, <\/em>de periode waarin studenten zich op de <em>examens <\/em>voorbereiden<em>,<\/em> duurt meerdere weken en is een zware periode. Als je niet slaagt voor een examen, ben je, informeel uitgedrukt, <em>gebuisd<\/em>, ook wel <em>geflest <\/em>genoemd. Wie de eerste keer niet geslaagd is, moet herexamens afleggen, informeel gezegd: deze personen hebben <em>tweede zit<\/em>. Na de tweede zittijd is er nog een korte vakantie. Dan begint het <em>academiejaar <\/em>weer.<\/li>\r\n<li>In <strong>Nederland <\/strong>wordt er een onderscheid gemaakt tussen <em>alfavakken <\/em>(= <em>geesteswetenschappen<\/em>, bv. geschiedenis, talen), <em>b\u00e8tavakken <\/em>(= <em>exacte wetenschappen<\/em>, bv. biologie, wiskunde) en <em>gammavakken <\/em>(= <em>sociale wetenschappen<\/em>, bv. pedagogiek, communicatiewetenschap). In Nederland moeten studenten natuurlijk ook <em>tentamens <\/em>afleggen. Dit zijn voorlopige toetsmomenten.\u00a0Als je niet slaagt, ben je\u00a0<em>gezakt<\/em>\u00a0of\u00a0<em>gesjeesd<\/em>.\u00a0Je kunt dan een <em>herkansing <\/em>(of <em>hertentamen<\/em>) maken. Het <em>examen <\/em>is in Nederland het laatste toetsmoment.<\/li>\r\n<\/ul>\r\n\r\n\r\n\r\n<div class=\"wp-block-image\">\r\n<figure class=\"alignright\"><a href=\"#content\"><img loading=\"lazy\" decoding=\"async\" width=\"40\" height=\"40\" class=\"wp-image-666\" src=\"https:\/\/userblogs.fu-berlin.de\/dutch\/files\/2020\/04\/erhoehen-ansteigen2-e1585913571900.png\" alt=\"\" \/><\/a><\/figure>\r\n<\/div>\r\n\r\n\r\n\r\n<p>&nbsp;<\/p>\r\n\r\n\r\n\r\n<p>&nbsp;<\/p>\r\n\r\n\r\n<hr class=\"wp-block-separator\" \/>\r\n\r\n\r\n<p><strong>Waar wonen studenten?<\/strong><\/p>\r\n\r\n\r\n\r\n<div class=\"studwonen hiddenText text-showed\">\r\n<ul>\r\n<li>In <strong>Vlaanderen <\/strong>wordt een jaarcursus aangeduid met de naam <em>academiejaar<\/em>, in Nederland en Suriname <em>academisch jaar<\/em> genoemd. Tijdens het academiejaar wonen Vlaamse studenten meestal <em>op kot<\/em>: ze huren een kamer bij een <em>kotbaas<\/em>. Studenten die niet meer bij hun ouders wonen, worden <strong>kotstudenten<\/strong> genoemd. Ze hebben ook de mogelijkheid om in een <em>peda <\/em>te wonen, ook <em>studentenhome <\/em>genoemd.<\/li>\r\n<li>In <strong>Nederland <\/strong>wonen studenten <em>op kamers<\/em> of in een <strong>studentenhuis.<\/strong> Goedkoop eten kunnen ze in de <em>mensa<\/em>, net zoals ook Vlaamse studenten in het studenten- of universiteitsrestaurant terechtkunnen (in de stad Leuven eten studenten in de <a href=\"https:\/\/www.alma.be\" target=\"_blank\" rel=\"noopener noreferrer\"><em>alma<\/em><\/a>).<\/li>\r\n<\/ul>\r\n<figure><a href=\"#content\"><img loading=\"lazy\" decoding=\"async\" width=\"40\" height=\"40\" class=\"wp-image-666 alignright\" src=\"https:\/\/userblogs.fu-berlin.de\/dutch\/files\/2020\/04\/erhoehen-ansteigen2-e1585913571900.png\" alt=\"\" \/><\/a><\/figure>\r\n<p>&nbsp;<\/p>\r\n<\/div>\r\n\r\n\r\n\r\n<p>&nbsp;<\/p>\r\n\r\n\r\n<hr class=\"wp-block-separator\" \/>\r\n\r\n\r\n<p><strong>Colleges volgen<\/strong><\/p>\r\n\r\n\r\n\r\n<p style=\"padding-left: 30px\">In <strong>Vlaanderen <\/strong>wordt gesproken van <em>springuren <\/em>als studenten \u00e9\u00e9n of meer uren vrij hebben tussen twee colleges. De algemene benaming is <em>tussenuren<\/em>. Van studenten die helemaal niet naar het college gaan, terwijl er wel een <em>aanwezigheidsplicht <\/em>geldt, wordt gezegd dat ze de colleges verzuimen of <em>spijbelen<\/em> (Nederland); in Vlaanderen wordt dit informeel <em>brossen <\/em>genoemd. Wie van die praktijk een gewoonte maakt, is een <em>brosser<\/em>. Hoe gaat een eerstejaarscollege aan een Vlaamse universiteit eraan toe? Bekijk hiernaast een filmpje van een les filosofie op bachelorniveau aan de Hogeschool-Universiteit Brussel.<\/p>\r\n<p>\r\n\r\n<\/p>\r\n<div class=\"lyte-wrapper\" style=\"width:640px;max-width:100%;margin:5px;\"><div class=\"lyMe\" id=\"WYL_PVge6RMOJQg\"><div id=\"lyte_PVge6RMOJQg\" data-src=\"https:\/\/userblogs.fu-berlin.de\/dutch\/wp-content\/plugins\/wp-youtube-lyte\/lyteCache.php?origThumbUrl=%2F%2Fi.ytimg.com%2Fvi%2FPVge6RMOJQg%2Fhqdefault.jpg\" class=\"pL\"><div class=\"tC\"><div class=\"tT\"><\/div><\/div><div class=\"play\"><\/div><div class=\"ctrl\"><div class=\"Lctrl\"><\/div><div class=\"Rctrl\"><\/div><\/div><\/div><noscript><a href=\"https:\/\/youtu.be\/PVge6RMOJQg\" rel=\"nofollow\"><img loading=\"lazy\" decoding=\"async\" src=\"https:\/\/userblogs.fu-berlin.de\/dutch\/wp-content\/plugins\/wp-youtube-lyte\/lyteCache.php?origThumbUrl=https%3A%2F%2Fi.ytimg.com%2Fvi%2FPVge6RMOJQg%2F0.jpg\" alt=\"YouTube video thumbnail\" width=\"640\" height=\"340\" \/><br \/>Bekijk deze video op YouTube<\/a><\/noscript><\/div><\/div><div class=\"lL\" style=\"max-width:100%;width:640px;margin:5px;\"><\/div><\/p>\r\n<p>\r\n\r\n<\/p>\r\n<div class=\"wp-block-image\">\r\n<figure class=\"alignright\"><a href=\"#content\"><img loading=\"lazy\" decoding=\"async\" width=\"40\" height=\"40\" class=\"wp-image-666\" src=\"https:\/\/userblogs.fu-berlin.de\/dutch\/files\/2020\/04\/erhoehen-ansteigen2-e1585913571900.png\" alt=\"\" \/><\/a><\/figure>\r\n<\/div>\r\n<p>\r\n\r\n<\/p>\r\n<p>&nbsp;<\/p>\r\n<p>\r\n\r\n <br \/>\r\n\r\n<\/p>\r\n<hr class=\"wp-block-separator\" \/>\r\n<p>\r\n\r\n<\/p>\r\n<p><strong>Het (echte) studentenleven &#8211; met luisterfragmenten<\/strong><\/p>\r\n<p>\r\n\r\n<\/p>\r\n<ul class=\"wp-block-list\">\r\n<li>In <strong>Vlaanderen <\/strong>bestaat er een traditie van studentenclubs. Je moet je bij de meeste clubs laten <em>dopen<\/em> voor je als lid van de club toegelaten wordt. Een <em>studentendoop <\/em>gaat gepaard met allerlei vernederende en sadistische rituelen die de eerstejaarsstudenten of <em>schachten <\/em>moeten ondergaan, zoals je ziet in deze <a href=\"https:\/\/www.youtube.com\/watch?v=8FZEU22GrsM\" target=\"_blank\" rel=\"noopener noreferrer\">YouTube-video<\/a>. Binnen de club kun je functies uitoefenen die met Latijnse namen worden aangeduid, zoals <em>praeses <\/em>(voorzitter) en <em>quaestor<\/em> (penningmeester). Uitgaan hoort natuurlijk ook bij het studentenleven. Een dansfeest of party wordt in Vlaanderen vaak aangeduid met de naam <em>fuif <\/em>of de afkorting <em>t.d. <\/em>(naar het Franse<em> th\u00e9 dansant<\/em>). Tony vertelt over zijn studentenleven in Gent en in Griekenland.<div class=\"compact_audio_player_wrapper\"><div class=\"sc_player_container1\"><input type=\"button\" id=\"btnplay_69ef12f7285695.17340631\" class=\"myButton_play\" onClick=\"play_mp3('play','69ef12f7285695.17340631','https:\/\/userblogs.fu-berlin.de\/dutch\/files\/2020\/03\/Tony-over-studentenleven.mp3','80','false');show_hide('play','69ef12f7285695.17340631');\" \/><input type=\"button\"  id=\"btnstop_69ef12f7285695.17340631\" style=\"display:none\" class=\"myButton_stop\" onClick=\"play_mp3('stop','69ef12f7285695.17340631','','80','false');show_hide('stop','69ef12f7285695.17340631');\" \/><div id=\"sm2-container\"><!-- flash movie ends up here --><\/div><\/div><\/div><\/li>\r\n<li>Ook in <strong>Nederland <\/strong>zijn er <strong>studentenverenigingen<\/strong>. De eerstejaarsstudenten worden opgenomen in <strong>jaarclubs<\/strong> of <strong>disputen<\/strong>. Aan het begin vindt er een <em>kennismakingstijd <\/em>of <em>introductietijd <\/em>plaats, maar bij bepaalde clubs is er ook een <a href=\"http:\/\/nl.wikipedia.org\/wiki\/Ontgroening_%28studenten%29\" target=\"_blank\" rel=\"noopener noreferrer\">ontgroening<\/a>. Nederlandse studenten die alleen nog maar bezig zijn met hun studentenvereniging, worden <strong>dichtgetikt<\/strong> genoemd. Kirsten vertelt over haar studententijd in Amsterdam.<div class=\"compact_audio_player_wrapper\"><div class=\"sc_player_container1\"><input type=\"button\" id=\"btnplay_69ef12f72b0132.47575126\" class=\"myButton_play\" onClick=\"play_mp3('play','69ef12f72b0132.47575126','https:\/\/userblogs.fu-berlin.de\/dutch\/files\/2020\/03\/Kirsten-over-studentenleven.mp3','80','false');show_hide('play','69ef12f72b0132.47575126');\" \/><input type=\"button\"  id=\"btnstop_69ef12f72b0132.47575126\" style=\"display:none\" class=\"myButton_stop\" onClick=\"play_mp3('stop','69ef12f72b0132.47575126','','80','false');show_hide('stop','69ef12f72b0132.47575126');\" \/><div id=\"sm2-container\"><!-- flash movie ends up here --><\/div><\/div><\/div><\/li>\r\n<\/ul>\r\n<p>\r\n\r\n<\/p>\r\n<div class=\"wp-block-image\">\r\n<figure class=\"alignright\"><a href=\"#content\"><img loading=\"lazy\" decoding=\"async\" width=\"40\" height=\"40\" class=\"wp-image-666\" src=\"https:\/\/userblogs.fu-berlin.de\/dutch\/files\/2020\/04\/erhoehen-ansteigen2-e1585913571900.png\" alt=\"\" \/><\/a><\/figure>\r\n<\/div>\r\n<p>\r\n\r\n<\/p>\r\n<p>&nbsp;<\/p>\r\n<p>\r\n\r\n <br \/>\r\n\r\n<\/p>\r\n<hr class=\"wp-block-separator\" \/>\r\n<p>\r\n\r\n<\/p>\r\n<p><strong>Nog meer lezen?<\/strong><\/p>\r\n<p>\r\n\r\n<\/p>\r\n<div class=\"studmeer hiddenText text-showed\">\r\n<ul>\r\n<li>Raadpleeg het <a href=\"http:\/\/www.mijnstudentenleven.nl\/\" target=\"_blank\" rel=\"noopener noreferrer\">Nederlandse portaal voor studenten<\/a>.<\/li>\r\n<li>Informatie over studeren in <strong>Vlaanderen <\/strong>is bij de <a href=\"http:\/\/www.ond.vlaanderen.be\/hogeronderwijs\/studeren\/\" target=\"_blank\" rel=\"noopener noreferrer\">Vlaamse overheid<\/a> te vinden. Er bestaat ook een <a href=\"http:\/\/www.belgium.be\/nl\/Leren\/internationaal\/in_Belgie_komen_studeren\/\" target=\"_blank\" rel=\"noopener noreferrer\">informatiewebsite<\/a> voor personen die in Belgi\u00eb willen komen studeren.<\/li>\r\n<li>De Anton de Kom Universiteit <strong>Suriname <\/strong>biedt op de website een <a href=\"https:\/\/www.uvs.edu\/bureau-studentenzaken\/\" target=\"_blank\" rel=\"noopener noreferrer\">pagina over studentenzaken<\/a>.<\/li>\r\n<\/ul>\r\n<\/div>\r\n<p>\r\n\r\n<\/p>\r\n<div class=\"wp-block-image\">\r\n<figure class=\"alignright\"><a href=\"#content\"><img loading=\"lazy\" decoding=\"async\" width=\"40\" height=\"40\" class=\"wp-image-666\" src=\"https:\/\/userblogs.fu-berlin.de\/dutch\/files\/2020\/04\/erhoehen-ansteigen2-e1585913571900.png\" alt=\"\" \/><\/a><\/figure>\r\n<\/div>\r\n<p><\/p>","protected":false},"excerpt":{"rendered":"<p>Woordenschat: studeren Op deze pagina leer je woordenschat kennen die te maken heeft met studeren aan de universiteit. Studenten hebben een eigen vorm van het Nederlands, een studententaal, met speciale woorden die alleen studenten begrijpen. Omdat het hoger onderwijs in Nederland en Belgi\u00eb (Vlaanderen) anders georganiseerd is, heeft ieder land zijn eigen &#8216;studententaal&#8217;. V\u00f3\u00f3r de &#8230; <a title=\"Woordenschat: studeren\" class=\"read-more\" href=\"https:\/\/userblogs.fu-berlin.de\/dutch\/taalgebruik\/taalgebruik-op-school\/woordenschat-studeren\/\" aria-label=\"Lees meer over Woordenschat: studeren\">Lees verder<\/a><\/p>\n","protected":false},"author":4743,"featured_media":0,"parent":314,"menu_order":0,"comment_status":"closed","ping_status":"closed","template":"","meta":{"footnotes":""},"class_list":["post-324","page","type-page","status-publish"],"_links":{"self":[{"href":"https:\/\/userblogs.fu-berlin.de\/dutch\/wp-json\/wp\/v2\/pages\/324","targetHints":{"allow":["GET"]}}],"collection":[{"href":"https:\/\/userblogs.fu-berlin.de\/dutch\/wp-json\/wp\/v2\/pages"}],"about":[{"href":"https:\/\/userblogs.fu-berlin.de\/dutch\/wp-json\/wp\/v2\/types\/page"}],"author":[{"embeddable":true,"href":"https:\/\/userblogs.fu-berlin.de\/dutch\/wp-json\/wp\/v2\/users\/4743"}],"replies":[{"embeddable":true,"href":"https:\/\/userblogs.fu-berlin.de\/dutch\/wp-json\/wp\/v2\/comments?post=324"}],"version-history":[{"count":9,"href":"https:\/\/userblogs.fu-berlin.de\/dutch\/wp-json\/wp\/v2\/pages\/324\/revisions"}],"predecessor-version":[{"id":3999,"href":"https:\/\/userblogs.fu-berlin.de\/dutch\/wp-json\/wp\/v2\/pages\/324\/revisions\/3999"}],"up":[{"embeddable":true,"href":"https:\/\/userblogs.fu-berlin.de\/dutch\/wp-json\/wp\/v2\/pages\/314"}],"wp:attachment":[{"href":"https:\/\/userblogs.fu-berlin.de\/dutch\/wp-json\/wp\/v2\/media?parent=324"}],"curies":[{"name":"wp","href":"https:\/\/api.w.org\/{rel}","templated":true}]}}