{"id":333,"date":"2020-03-25T19:22:58","date_gmt":"2020-03-25T18:22:58","guid":{"rendered":"https:\/\/userblogs.fu-berlin.de\/dutch\/?page_id=333"},"modified":"2020-07-12T23:35:22","modified_gmt":"2020-07-12T21:35:22","slug":"taalgebruik-in-de-winkel","status":"publish","type":"page","link":"https:\/\/userblogs.fu-berlin.de\/dutch\/taalgebruik\/taalgebruik-in-de-winkel\/","title":{"rendered":"Taalgebruik in de winkel"},"content":{"rendered":"\n<div class=\"wp-block-group alignfull\"><div class=\"wp-block-group__inner-container is-layout-flow wp-block-group-is-layout-flow\">\n<h1 class=\"wp-block-heading\">Taalgebruik in de winkel<img loading=\"lazy\" decoding=\"async\" class=\"size-full wp-image-652 alignright\" src=\"https:\/\/userblogs.fu-berlin.de\/dutch\/files\/2020\/04\/Hamma-e1585856968315.png\" alt=\"\" width=\"100\" height=\"100\"><\/h1>\n<\/div><\/div>\n\n\n\n<p>In Nederland, Belgi\u00eb (Vlaanderen) en Suriname is het Nederlands de offici\u00eble taal in het openbare leven. Welke taalvorm gebruiken mensen in de winkel of op de markt? In Belgi\u00eb (Vlaanderen) en Nederland hangt het af van de plaats waar je bent. In Vlaanderen is <a href=\"https:\/\/userblogs.fu-berlin.de\/dutch\/nederlands-taalgebied\/belgie\/taalgebied-belgie\/tussentaal\/\">Tussentaal<\/a> populair, vooral als de verkoper en de klant uit verschillende regio&#8217;s komen. In Nederland is een vlotte <a href=\"https:\/\/userblogs.fu-berlin.de\/dutch\/nederlands-taalgebied\/nederland\/taalgebied-nederland\/omgangstaal\/\">omgangstaal<\/a> gebruikelijk. In dorpen en steden in bepaalde regio&#8217;s van Vlaanderen en Nederland is het normaal dat de verkoper en de klant het plaatselijke <a href=\"https:\/\/userblogs.fu-berlin.de\/dutch\/nederlands-taalgebied\/nederland\/taalgebied-nederland\/nederlandse-dialecten\/\">dialect<\/a> met elkaar praten. In Suriname worden in de winkel of op de markt behalve Nederlands ook andere talen gebruikt.<\/p>\n\n\n<div class=\"lyte-wrapper\" style=\"width:640px;max-width:100%;margin:5px;\"><div class=\"lyMe\" id=\"WYL_KqkWdyFasTA\"><div id=\"lyte_KqkWdyFasTA\" data-src=\"https:\/\/userblogs.fu-berlin.de\/dutch\/wp-content\/plugins\/wp-youtube-lyte\/lyteCache.php?origThumbUrl=%2F%2Fi.ytimg.com%2Fvi%2FKqkWdyFasTA%2Fhqdefault.jpg\" class=\"pL\"><div class=\"tC\"><div class=\"tT\"><\/div><\/div><div class=\"play\"><\/div><div class=\"ctrl\"><div class=\"Lctrl\"><\/div><div class=\"Rctrl\"><\/div><\/div><\/div><noscript><a href=\"https:\/\/youtu.be\/KqkWdyFasTA\" rel=\"nofollow\"><img loading=\"lazy\" decoding=\"async\" src=\"https:\/\/userblogs.fu-berlin.de\/dutch\/wp-content\/plugins\/wp-youtube-lyte\/lyteCache.php?origThumbUrl=https%3A%2F%2Fi.ytimg.com%2Fvi%2FKqkWdyFasTA%2F0.jpg\" alt=\"YouTube video thumbnail\" width=\"640\" height=\"340\" \/><br \/>Bekijk deze video op YouTube<\/a><\/noscript><\/div><\/div><div class=\"lL\" style=\"max-width:100%;width:640px;margin:5px;\"><\/div><\/p>\n\n\n\n<p><strong>Rachim <\/strong>is verkoper in een kledingzaak in Paramaribo. Met klanten praat hij Nederlands of <a href=\"https:\/\/userblogs.fu-berlin.de\/dutch\/nederlands-taalgebied\/suriname\/taalgebied-suriname\/sranantongo\/\">Sranantongo<\/a>. Dat hangt af van de klant.<\/p>\n\n\n\n<p><strong>WOORDENSCHAT<\/strong><\/p>\n\n\n\n<p>Je weet nu welke taalvormen in de winkel in Nederland, Vlaanderen en Suriname gebruikt worden. Raadpleeg ook de pagina met <a href=\"https:\/\/userblogs.fu-berlin.de\/dutch\/taalgebruik\/taalgebruik-in-de-winkel\/woordenschat-betalen-afrekenen\/\"><strong>woordenschat over betalen\/afrekenen<\/strong><\/a>!<\/p>\n","protected":false},"excerpt":{"rendered":"<p>Taalgebruik in de winkel In Nederland, Belgi\u00eb (Vlaanderen) en Suriname is het Nederlands de offici\u00eble taal in het openbare leven. Welke taalvorm gebruiken mensen in de winkel of op de markt? In Belgi\u00eb (Vlaanderen) en Nederland hangt het af van de plaats waar je bent. In Vlaanderen is Tussentaal populair, vooral als de verkoper en &#8230; <a title=\"Taalgebruik in de winkel\" class=\"read-more\" href=\"https:\/\/userblogs.fu-berlin.de\/dutch\/taalgebruik\/taalgebruik-in-de-winkel\/\" aria-label=\"Lees meer over Taalgebruik in de winkel\">Lees verder<\/a><\/p>\n","protected":false},"author":4743,"featured_media":0,"parent":277,"menu_order":0,"comment_status":"closed","ping_status":"closed","template":"","meta":{"footnotes":""},"class_list":["post-333","page","type-page","status-publish"],"_links":{"self":[{"href":"https:\/\/userblogs.fu-berlin.de\/dutch\/wp-json\/wp\/v2\/pages\/333","targetHints":{"allow":["GET"]}}],"collection":[{"href":"https:\/\/userblogs.fu-berlin.de\/dutch\/wp-json\/wp\/v2\/pages"}],"about":[{"href":"https:\/\/userblogs.fu-berlin.de\/dutch\/wp-json\/wp\/v2\/types\/page"}],"author":[{"embeddable":true,"href":"https:\/\/userblogs.fu-berlin.de\/dutch\/wp-json\/wp\/v2\/users\/4743"}],"replies":[{"embeddable":true,"href":"https:\/\/userblogs.fu-berlin.de\/dutch\/wp-json\/wp\/v2\/comments?post=333"}],"version-history":[{"count":3,"href":"https:\/\/userblogs.fu-berlin.de\/dutch\/wp-json\/wp\/v2\/pages\/333\/revisions"}],"predecessor-version":[{"id":3034,"href":"https:\/\/userblogs.fu-berlin.de\/dutch\/wp-json\/wp\/v2\/pages\/333\/revisions\/3034"}],"up":[{"embeddable":true,"href":"https:\/\/userblogs.fu-berlin.de\/dutch\/wp-json\/wp\/v2\/pages\/277"}],"wp:attachment":[{"href":"https:\/\/userblogs.fu-berlin.de\/dutch\/wp-json\/wp\/v2\/media?parent=333"}],"curies":[{"name":"wp","href":"https:\/\/api.w.org\/{rel}","templated":true}]}}