{"id":18,"date":"2025-01-13T12:34:17","date_gmt":"2025-01-13T11:34:17","guid":{"rendered":"https:\/\/userblogs.fu-berlin.de\/ewi_biwi\/?page_id=18"},"modified":"2025-01-14T23:47:25","modified_gmt":"2025-01-14T22:47:25","slug":"studienalltag","status":"publish","type":"page","link":"https:\/\/userblogs.fu-berlin.de\/ewi_biwi\/studienalltag\/","title":{"rendered":"Studienalltag"},"content":{"rendered":"\n<div class=\"wp-block-columns is-layout-flex wp-container-core-columns-is-layout-9d6595d7 wp-block-columns-is-layout-flex\">\n<div class=\"wp-block-column is-layout-flow wp-block-column-is-layout-flow\">\n<figure class=\"wp-block-image size-large\"><img loading=\"lazy\" decoding=\"async\" width=\"1024\" height=\"683\" src=\"https:\/\/userblogs.fu-berlin.de\/ewi_biwi\/files\/2025\/01\/pexels-fauxels-3184399-1024x683.jpg\" alt=\"\" class=\"wp-image-300\" srcset=\"https:\/\/userblogs.fu-berlin.de\/ewi_biwi\/files\/2025\/01\/pexels-fauxels-3184399-1024x683.jpg 1024w, https:\/\/userblogs.fu-berlin.de\/ewi_biwi\/files\/2025\/01\/pexels-fauxels-3184399-300x200.jpg 300w, https:\/\/userblogs.fu-berlin.de\/ewi_biwi\/files\/2025\/01\/pexels-fauxels-3184399-768x512.jpg 768w, https:\/\/userblogs.fu-berlin.de\/ewi_biwi\/files\/2025\/01\/pexels-fauxels-3184399-1536x1024.jpg 1536w, https:\/\/userblogs.fu-berlin.de\/ewi_biwi\/files\/2025\/01\/pexels-fauxels-3184399-2048x1365.jpg 2048w\" sizes=\"auto, (max-width: 1024px) 100vw, 1024px\" \/><\/figure>\n\n\n\n<h2 class=\"wp-block-heading\"><a href=\"https:\/\/userblogs.fu-berlin.de\/ewi_biwi\/studierende\/\">Studierende<\/a><\/h2>\n\n\n\n<p>Wie erleben andere Studierende den Alltag auf dem Campus \u2013 oder wie war coronabedingt das Home-Office? Wo ist der beste Ort zum Lernen? Wie gehe ich mit Stress beim Schreiben meiner Hausarbeiten um? Wie ist es mit Kind zu studieren? Lies hier mehr.<\/p>\n<\/div>\n\n\n\n<div class=\"wp-block-column is-layout-flow wp-block-column-is-layout-flow\">\n<figure class=\"wp-block-image size-large\"><img loading=\"lazy\" decoding=\"async\" width=\"1024\" height=\"683\" src=\"https:\/\/userblogs.fu-berlin.de\/ewi_biwi\/files\/2025\/01\/pexels-freestockpro-12955643-1024x683.jpg\" alt=\"\" class=\"wp-image-298\" srcset=\"https:\/\/userblogs.fu-berlin.de\/ewi_biwi\/files\/2025\/01\/pexels-freestockpro-12955643-1024x683.jpg 1024w, https:\/\/userblogs.fu-berlin.de\/ewi_biwi\/files\/2025\/01\/pexels-freestockpro-12955643-300x200.jpg 300w, https:\/\/userblogs.fu-berlin.de\/ewi_biwi\/files\/2025\/01\/pexels-freestockpro-12955643-768x512.jpg 768w, https:\/\/userblogs.fu-berlin.de\/ewi_biwi\/files\/2025\/01\/pexels-freestockpro-12955643-1536x1024.jpg 1536w, https:\/\/userblogs.fu-berlin.de\/ewi_biwi\/files\/2025\/01\/pexels-freestockpro-12955643-2048x1365.jpg 2048w\" sizes=\"auto, (max-width: 1024px) 100vw, 1024px\" \/><\/figure>\n\n\n\n<h2 class=\"wp-block-heading\"><a href=\"https:\/\/userblogs.fu-berlin.de\/ewi_biwi\/tipps-und-tricks\/\">Tipps und Tricks<\/a><\/h2>\n\n\n\n<p>Wie komme ich am besten durch das Semester? Welche Literatur sollte ich unbedingt lesen? Wie gehe ich mit Prokrastination um?<br>Diese und andere Fragen werden hier beantwortet.<\/p>\n<\/div>\n<\/div>\n\n\n\n<div class=\"wp-block-columns is-layout-flex wp-container-core-columns-is-layout-9d6595d7 wp-block-columns-is-layout-flex\">\n<div class=\"wp-block-column is-layout-flow wp-block-column-is-layout-flow\">\n<figure class=\"wp-block-image size-large\"><img loading=\"lazy\" decoding=\"async\" width=\"1024\" height=\"683\" src=\"https:\/\/userblogs.fu-berlin.de\/ewi_biwi\/files\/2025\/01\/pexels-armin-rimoldi-5553045-1-1024x683.jpg\" alt=\"\" class=\"wp-image-304\" srcset=\"https:\/\/userblogs.fu-berlin.de\/ewi_biwi\/files\/2025\/01\/pexels-armin-rimoldi-5553045-1-1024x683.jpg 1024w, https:\/\/userblogs.fu-berlin.de\/ewi_biwi\/files\/2025\/01\/pexels-armin-rimoldi-5553045-1-300x200.jpg 300w, https:\/\/userblogs.fu-berlin.de\/ewi_biwi\/files\/2025\/01\/pexels-armin-rimoldi-5553045-1-768x512.jpg 768w, https:\/\/userblogs.fu-berlin.de\/ewi_biwi\/files\/2025\/01\/pexels-armin-rimoldi-5553045-1-1536x1024.jpg 1536w, https:\/\/userblogs.fu-berlin.de\/ewi_biwi\/files\/2025\/01\/pexels-armin-rimoldi-5553045-1-2048x1365.jpg 2048w\" sizes=\"auto, (max-width: 1024px) 100vw, 1024px\" \/><\/figure>\n\n\n\n<h2 class=\"wp-block-heading\"><a href=\"https:\/\/userblogs.fu-berlin.de\/ewi_biwi\/campus-angebote\/\">Campus-Angebote<\/a><\/h2>\n\n\n\n<p>Zu einem Studium geh\u00f6rt noch so viel mehr als nur die Vorlesungen und Seminare. Es gibt tolle M\u00f6glichkeiten sich kulturell, sportlich, politisch oder auch \u00f6kologisch am Campusleben zu beteiligen.<\/p>\n<\/div>\n\n\n\n<div class=\"wp-block-column is-layout-flow wp-block-column-is-layout-flow\">\n<figure class=\"wp-block-image size-large\"><img loading=\"lazy\" decoding=\"async\" width=\"1024\" height=\"683\" src=\"https:\/\/userblogs.fu-berlin.de\/ewi_biwi\/files\/2025\/01\/pexels-darina-belonogova-8004054-1024x683.jpg\" alt=\"\" class=\"wp-image-301\" srcset=\"https:\/\/userblogs.fu-berlin.de\/ewi_biwi\/files\/2025\/01\/pexels-darina-belonogova-8004054-1024x683.jpg 1024w, https:\/\/userblogs.fu-berlin.de\/ewi_biwi\/files\/2025\/01\/pexels-darina-belonogova-8004054-300x200.jpg 300w, https:\/\/userblogs.fu-berlin.de\/ewi_biwi\/files\/2025\/01\/pexels-darina-belonogova-8004054-768x512.jpg 768w, https:\/\/userblogs.fu-berlin.de\/ewi_biwi\/files\/2025\/01\/pexels-darina-belonogova-8004054-1536x1024.jpg 1536w, https:\/\/userblogs.fu-berlin.de\/ewi_biwi\/files\/2025\/01\/pexels-darina-belonogova-8004054-2048x1365.jpg 2048w\" sizes=\"auto, (max-width: 1024px) 100vw, 1024px\" \/><\/figure>\n\n\n\n<h2 class=\"wp-block-heading\"><a href=\"https:\/\/userblogs.fu-berlin.de\/ewi_biwi\/nebenjobs\/\">Nebenjobs<\/a><\/h2>\n\n\n\n<p>So ein Studium will nat\u00fcrlich auch finanziert werden. Wer sich (ggf. trotz Baf\u00f6g) das Leben als Studierende:r nicht leisten kann, kann nebenbei einen Job annehmen. Da gibt es zum Beispiel direkt am Campus auch M\u00f6glichkeiten.<\/p>\n<\/div>\n<\/div>\n","protected":false},"excerpt":{"rendered":"<p>Studierende Wie erleben andere Studierende den Alltag auf dem Campus \u2013 oder wie war coronabedingt das Home-Office? Wo ist der beste Ort zum Lernen? Wie gehe ich mit Stress beim Schreiben meiner Hausarbeiten um? Wie ist es mit Kind zu studieren? Lies hier mehr. Tipps und Tricks Wie komme ich am besten durch das Semester? &hellip; <a href=\"https:\/\/userblogs.fu-berlin.de\/ewi_biwi\/studienalltag\/\" class=\"more-link\"><span class=\"screen-reader-text\">Studienalltag<\/span> weiterlesen<\/a><\/p>\n","protected":false},"author":6168,"featured_media":0,"parent":0,"menu_order":0,"comment_status":"closed","ping_status":"closed","template":"","meta":{"footnotes":""},"class_list":["post-18","page","type-page","status-publish","hentry"],"_links":{"self":[{"href":"https:\/\/userblogs.fu-berlin.de\/ewi_biwi\/wp-json\/wp\/v2\/pages\/18","targetHints":{"allow":["GET"]}}],"collection":[{"href":"https:\/\/userblogs.fu-berlin.de\/ewi_biwi\/wp-json\/wp\/v2\/pages"}],"about":[{"href":"https:\/\/userblogs.fu-berlin.de\/ewi_biwi\/wp-json\/wp\/v2\/types\/page"}],"author":[{"embeddable":true,"href":"https:\/\/userblogs.fu-berlin.de\/ewi_biwi\/wp-json\/wp\/v2\/users\/6168"}],"replies":[{"embeddable":true,"href":"https:\/\/userblogs.fu-berlin.de\/ewi_biwi\/wp-json\/wp\/v2\/comments?post=18"}],"version-history":[{"count":6,"href":"https:\/\/userblogs.fu-berlin.de\/ewi_biwi\/wp-json\/wp\/v2\/pages\/18\/revisions"}],"predecessor-version":[{"id":305,"href":"https:\/\/userblogs.fu-berlin.de\/ewi_biwi\/wp-json\/wp\/v2\/pages\/18\/revisions\/305"}],"wp:attachment":[{"href":"https:\/\/userblogs.fu-berlin.de\/ewi_biwi\/wp-json\/wp\/v2\/media?parent=18"}],"curies":[{"name":"wp","href":"https:\/\/api.w.org\/{rel}","templated":true}]}}