{"id":2,"date":"2025-01-13T11:39:26","date_gmt":"2025-01-13T10:39:26","guid":{"rendered":""},"modified":"2025-01-14T12:27:23","modified_gmt":"2025-01-14T11:27:23","slug":"impressum","status":"publish","type":"page","link":"https:\/\/userblogs.fu-berlin.de\/ewi_biwi\/impressum\/","title":{"rendered":"Impressum"},"content":{"rendered":"<h2>Dienstanbieter:<\/h2>\n<p>Freie Universit\u00e4t Berlin, vertreten durch den <a href=\"http:\/\/www.fu-berlin.de\/einrichtungen\/organe\/praesidium\/praesident\/index.html\" target=\"_self\" rel=\"noopener\">Pr\u00e4sidenten<\/a>.<\/p>\n<h2>Anschrift:<\/h2>\n<p>Freie Universit\u00e4t Berlin<br \/>\nPr\u00e4sidium<br \/>\nKaiserswerther Str. 16\/18<br \/>\n14195 Berlin<\/p>\n<h2><strong>Umsatzsteueridentifikationsnummer:<\/strong><\/h2>\n<p>DE 811304768<\/p>\n<h2>Inhaltliche Verantwortung nach \u00a7 55 RfStV:<\/h2>\n<p>Ronja Kumpe<br \/>\nStudentische Studienberaterin<em><br \/>\n<\/em>E-Mail: r.kumpe@fu-berlin.de<\/p>\n<p>Susanne Heinze-Drinda<br \/>\nLeiterin Studien- und Pr\u00fcfungsb\u00fcro Erziehungswissenschaften<br \/>\nTelefon: +49 30 838 556 53<br \/>\nE-Mail: susanne.heinze-drinda@fu-berlin.de<\/p>\n<h2>Rechtsform:<\/h2>\n<p>Die Freie Universit\u00e4t Berlin ist eine K\u00f6rperschaft des \u00f6ffentlichen Rechts gem. \u00a7\u00a7 1 und 2 Berliner Hochschulgesetz (BerlHG). Das Webangebot der Freien Universit\u00e4t Berlin unterliegt dem geltenden <a title=\"Freie Universit\u00e4t Berlin: Urheberrecht\/Copyright\" href=\"http:\/\/www.fu-berlin.de\/redaktion\/copyright\/index.html\">Urheberrecht<\/a>. Beachten Sie bitte auch unseren <a title=\"Haftungsausschluss - Disclaimer, FU Berlin\" href=\"http:\/\/www.fu-berlin.de\/redaktion\/disclaimer\/index.html\">Haftungsausschluss\/Disclaimer.<\/a><\/p>\n<h2>Aufsichtsbeh\u00f6rde<\/h2>\n<p>Aufsichtsbeh\u00f6rde ist die nach \u00a7 89 BerlHG zust\u00e4ndige Berliner Senatsverwaltung f\u00fcr Bildung, Wissenschaft und Forschung.<\/p>\n","protected":false},"excerpt":{"rendered":"<p>Dienstanbieter: Freie Universit\u00e4t Berlin, vertreten durch den Pr\u00e4sidenten. Anschrift: Freie Universit\u00e4t Berlin Pr\u00e4sidium Kaiserswerther Str. 16\/18 14195 Berlin Umsatzsteueridentifikationsnummer: DE 811304768 Inhaltliche Verantwortung nach \u00a7 55 RfStV: Ronja Kumpe Studentische Studienberaterin E-Mail: r.kumpe@fu-berlin.de Susanne Heinze-Drinda Leiterin Studien- und Pr\u00fcfungsb\u00fcro Erziehungswissenschaften Telefon: +49 30 838 556 53 E-Mail: susanne.heinze-drinda@fu-berlin.de Rechtsform: Die Freie Universit\u00e4t Berlin ist eine &hellip; <a href=\"https:\/\/userblogs.fu-berlin.de\/ewi_biwi\/impressum\/\" class=\"more-link\"><span class=\"screen-reader-text\">Impressum<\/span> weiterlesen<\/a><\/p>\n","protected":false},"author":6168,"featured_media":0,"parent":0,"menu_order":0,"comment_status":"closed","ping_status":"open","template":"","meta":{"footnotes":""},"class_list":["post-2","page","type-page","status-publish","hentry"],"_links":{"self":[{"href":"https:\/\/userblogs.fu-berlin.de\/ewi_biwi\/wp-json\/wp\/v2\/pages\/2","targetHints":{"allow":["GET"]}}],"collection":[{"href":"https:\/\/userblogs.fu-berlin.de\/ewi_biwi\/wp-json\/wp\/v2\/pages"}],"about":[{"href":"https:\/\/userblogs.fu-berlin.de\/ewi_biwi\/wp-json\/wp\/v2\/types\/page"}],"author":[{"embeddable":true,"href":"https:\/\/userblogs.fu-berlin.de\/ewi_biwi\/wp-json\/wp\/v2\/users\/6168"}],"replies":[{"embeddable":true,"href":"https:\/\/userblogs.fu-berlin.de\/ewi_biwi\/wp-json\/wp\/v2\/comments?post=2"}],"version-history":[{"count":1,"href":"https:\/\/userblogs.fu-berlin.de\/ewi_biwi\/wp-json\/wp\/v2\/pages\/2\/revisions"}],"predecessor-version":[{"id":15,"href":"https:\/\/userblogs.fu-berlin.de\/ewi_biwi\/wp-json\/wp\/v2\/pages\/2\/revisions\/15"}],"wp:attachment":[{"href":"https:\/\/userblogs.fu-berlin.de\/ewi_biwi\/wp-json\/wp\/v2\/media?parent=2"}],"curies":[{"name":"wp","href":"https:\/\/api.w.org\/{rel}","templated":true}]}}