{"id":23,"date":"2025-01-13T12:34:53","date_gmt":"2025-01-13T11:34:53","guid":{"rendered":"https:\/\/userblogs.fu-berlin.de\/ewi_biwi\/?page_id=23"},"modified":"2025-01-14T10:44:46","modified_gmt":"2025-01-14T09:44:46","slug":"faqs","status":"publish","type":"page","link":"https:\/\/userblogs.fu-berlin.de\/ewi_biwi\/faqs\/","title":{"rendered":"FAQs"},"content":{"rendered":"\n<div class=\"wp-block-columns is-layout-flex wp-container-core-columns-is-layout-9d6595d7 wp-block-columns-is-layout-flex\">\n<div class=\"wp-block-column is-layout-flow wp-block-column-is-layout-flow\">\n<h2 class=\"wp-block-heading\">Woher wei\u00df ich, ob der Bachelor das Richtige f\u00fcr mich ist?<\/h2>\n\n\n\n<p>Das ist sehr individuell und schwer so allgemein zu formulieren. Wenn du dir unsicher bist, komm gern in unsere Studienberatung und lass dir von uns helfen rauszufinden, welcher Weg f\u00fcr dich das Beste ist. <br>Allgemein k\u00f6nnen wir sagen, wer sich f\u00fcr Soziologie, Psychologie, P\u00e4dagogik und vor allem Bildungsforschung interessiert, ist schon mal auf einem guten Weg.<\/p>\n\n\n\n<p>Wir empfehlen dir bei Interesse den <a rel=\"noreferrer noopener\" href=\"https:\/\/www.osa.fu-berlin.de\/bildungs_und_erziehungswissenschaft\/start\/start\/index.html\" target=\"_blank\">Online-Studienfachwahl-Assistenten<\/a> (OSA) f\u00fcr den Bachelor Bildungs- und Erziehungswissenschaft.<\/p>\n<\/div>\n\n\n\n<div class=\"wp-block-column is-layout-flow wp-block-column-is-layout-flow\">\n<h2 class=\"wp-block-heading\">Woher wei\u00df ich, ob der Master das richtige f\u00fcr mich ist?<\/h2>\n\n\n\n<p>Hier gilt das selbe wie auch beim Bachelor: Das ist sehr individuell und schwer so allgemein zu formulieren. Wenn du dir unsicher bist, komm gern in unsere Studienberatung und lass dir von uns helfen rauszufinden, welcher Weg f\u00fcr dich das Beste ist.<br><br>Allgemein k\u00f6nnen wir sagen, dass das Studium, das sich mit den Schwerpunkten Weiterbildung, Sozialp\u00e4dagogik und fr\u00fchkindlicher Bildung spezialisiert hat, setzt einen Schwerpunkt auf die Bildungsforschung. Wenn dich Qualitative oder Quantitative Forschung interessiert, bist du hier genau richtig. Aber auch Menschen, die ihre berufliche Zukunft nicht in der Forschung sehen, finden bei uns interessante Themen und ein spannendes Studium.<br>Wir empfehlen dir bei Interesse den\u00a0<a href=\"https:\/\/www.osa.fu-berlin.de\/bildungswissenschaft_ma\/start\/startseite\/index.html\">Online-Studienfachwahl-Assistenten<\/a>\u00a0(OSA) f\u00fcr den Master Bildungswissenschaft.<\/p>\n<\/div>\n<\/div>\n\n\n\n<div class=\"wp-block-columns is-layout-flex wp-container-core-columns-is-layout-9d6595d7 wp-block-columns-is-layout-flex\">\n<div class=\"wp-block-column is-layout-flow wp-block-column-is-layout-flow\">\n<h2 class=\"wp-block-heading\">Wie kann ich selbst einen Blogbeitrag schreiben?<\/h2>\n\n\n\n<p>Wenn du gern einmal selbst einen Beitrag f\u00fcr den Blog schreiben m\u00f6chtest, dann melde dich gern bei Ronja Kumpe (r.kumpe@fu-berlin.de). Sie \u00fcbernimmt die Redaktion des Blogs und freut sich immer \u00fcber Studierende, die Lust haben anderen einen Einblick in ihr Studierendenleben zu geben.<\/p>\n<\/div>\n\n\n\n<div class=\"wp-block-column is-layout-flow wp-block-column-is-layout-flow\"><\/div>\n<\/div>\n","protected":false},"excerpt":{"rendered":"<p>Woher wei\u00df ich, ob der Bachelor das Richtige f\u00fcr mich ist? Das ist sehr individuell und schwer so allgemein zu formulieren. Wenn du dir unsicher bist, komm gern in unsere Studienberatung und lass dir von uns helfen rauszufinden, welcher Weg f\u00fcr dich das Beste ist. Allgemein k\u00f6nnen wir sagen, wer sich f\u00fcr Soziologie, Psychologie, P\u00e4dagogik &hellip; <a href=\"https:\/\/userblogs.fu-berlin.de\/ewi_biwi\/faqs\/\" class=\"more-link\"><span class=\"screen-reader-text\">FAQs<\/span> weiterlesen<\/a><\/p>\n","protected":false},"author":6168,"featured_media":0,"parent":0,"menu_order":0,"comment_status":"closed","ping_status":"closed","template":"","meta":{"footnotes":""},"class_list":["post-23","page","type-page","status-publish","hentry"],"_links":{"self":[{"href":"https:\/\/userblogs.fu-berlin.de\/ewi_biwi\/wp-json\/wp\/v2\/pages\/23","targetHints":{"allow":["GET"]}}],"collection":[{"href":"https:\/\/userblogs.fu-berlin.de\/ewi_biwi\/wp-json\/wp\/v2\/pages"}],"about":[{"href":"https:\/\/userblogs.fu-berlin.de\/ewi_biwi\/wp-json\/wp\/v2\/types\/page"}],"author":[{"embeddable":true,"href":"https:\/\/userblogs.fu-berlin.de\/ewi_biwi\/wp-json\/wp\/v2\/users\/6168"}],"replies":[{"embeddable":true,"href":"https:\/\/userblogs.fu-berlin.de\/ewi_biwi\/wp-json\/wp\/v2\/comments?post=23"}],"version-history":[{"count":2,"href":"https:\/\/userblogs.fu-berlin.de\/ewi_biwi\/wp-json\/wp\/v2\/pages\/23\/revisions"}],"predecessor-version":[{"id":141,"href":"https:\/\/userblogs.fu-berlin.de\/ewi_biwi\/wp-json\/wp\/v2\/pages\/23\/revisions\/141"}],"wp:attachment":[{"href":"https:\/\/userblogs.fu-berlin.de\/ewi_biwi\/wp-json\/wp\/v2\/media?parent=23"}],"curies":[{"name":"wp","href":"https:\/\/api.w.org\/{rel}","templated":true}]}}