{"id":48,"date":"2025-01-13T13:02:11","date_gmt":"2025-01-13T12:02:11","guid":{"rendered":"https:\/\/userblogs.fu-berlin.de\/ewi_biwi\/?page_id=48"},"modified":"2025-01-15T00:30:58","modified_gmt":"2025-01-14T23:30:58","slug":"vertiefung","status":"publish","type":"page","link":"https:\/\/userblogs.fu-berlin.de\/ewi_biwi\/vertiefung\/","title":{"rendered":"Vertiefung"},"content":{"rendered":"\n<p>W\u00e4hrend des Studiums gibt es immer wieder M\u00f6glichkeiten sich einen eigenen Schwerpunkt zu setzen. Das kann ggf. f\u00fcr eine berufliche Orientierung sp\u00e4ter von Vorteil sein. Au\u00dferdem kann man so das Studium individuell gestalten und es sich zu eigen machen.<\/p>\n\n\n\n<p>Hier findet ihr Vertiefungsm\u00f6glichkeiten w\u00e4hrend des Studiums. <br>Unterteilt haben wir in die M\u00f6glichkeiten w\u00e4hrend des Studiums nach der auslaufenden Studien- und Pr\u00fcfungsordnung (SPO 2012) und w\u00e4hrend des Studiums nach der neuen Studien- und Pr\u00fcfungsordnung (SPO 2023).<\/p>\n\n\n\n<div class=\"wp-block-columns is-layout-flex wp-container-core-columns-is-layout-9d6595d7 wp-block-columns-is-layout-flex\">\n<div class=\"wp-block-column is-layout-flow wp-block-column-is-layout-flow\">\n<figure class=\"wp-block-image size-large\"><img loading=\"lazy\" decoding=\"async\" width=\"1024\" height=\"678\" src=\"https:\/\/userblogs.fu-berlin.de\/ewi_biwi\/files\/2025\/01\/pexels-pixabay-272980-1024x678.jpg\" alt=\"\" class=\"wp-image-345\" srcset=\"https:\/\/userblogs.fu-berlin.de\/ewi_biwi\/files\/2025\/01\/pexels-pixabay-272980-1024x678.jpg 1024w, https:\/\/userblogs.fu-berlin.de\/ewi_biwi\/files\/2025\/01\/pexels-pixabay-272980-300x199.jpg 300w, https:\/\/userblogs.fu-berlin.de\/ewi_biwi\/files\/2025\/01\/pexels-pixabay-272980-768x509.jpg 768w, https:\/\/userblogs.fu-berlin.de\/ewi_biwi\/files\/2025\/01\/pexels-pixabay-272980-1536x1017.jpg 1536w, https:\/\/userblogs.fu-berlin.de\/ewi_biwi\/files\/2025\/01\/pexels-pixabay-272980-2048x1356.jpg 2048w\" sizes=\"auto, (max-width: 1024px) 100vw, 1024px\" \/><\/figure>\n<\/div>\n\n\n\n<div class=\"wp-block-column is-layout-flow wp-block-column-is-layout-flow\">\n<figure class=\"wp-block-image size-large\"><img loading=\"lazy\" decoding=\"async\" width=\"1024\" height=\"680\" src=\"https:\/\/userblogs.fu-berlin.de\/ewi_biwi\/files\/2025\/01\/pexels-kindelmedia-7054755-scaled-e1736897445923-1024x680.jpg\" alt=\"\" class=\"wp-image-350\" srcset=\"https:\/\/userblogs.fu-berlin.de\/ewi_biwi\/files\/2025\/01\/pexels-kindelmedia-7054755-scaled-e1736897445923-1024x680.jpg 1024w, https:\/\/userblogs.fu-berlin.de\/ewi_biwi\/files\/2025\/01\/pexels-kindelmedia-7054755-scaled-e1736897445923-300x199.jpg 300w, https:\/\/userblogs.fu-berlin.de\/ewi_biwi\/files\/2025\/01\/pexels-kindelmedia-7054755-scaled-e1736897445923-768x510.jpg 768w, https:\/\/userblogs.fu-berlin.de\/ewi_biwi\/files\/2025\/01\/pexels-kindelmedia-7054755-scaled-e1736897445923-1536x1020.jpg 1536w, https:\/\/userblogs.fu-berlin.de\/ewi_biwi\/files\/2025\/01\/pexels-kindelmedia-7054755-scaled-e1736897445923-2048x1360.jpg 2048w\" sizes=\"auto, (max-width: 1024px) 100vw, 1024px\" \/><\/figure>\n<\/div>\n<\/div>\n\n\n\n<div class=\"wp-block-columns is-layout-flex wp-container-core-columns-is-layout-9d6595d7 wp-block-columns-is-layout-flex\">\n<div class=\"wp-block-column is-layout-flow wp-block-column-is-layout-flow\">\n<h2 class=\"wp-block-heading\"><a href=\"https:\/\/userblogs.fu-berlin.de\/ewi_biwi\/vertiefungsmoeglichkeiten-nach-der-studien-und-pruefungsordnung-2023\/\">SPO 2023<\/a><\/h2>\n<\/div>\n\n\n\n<div class=\"wp-block-column is-layout-flow wp-block-column-is-layout-flow\">\n<h2 class=\"wp-block-heading\"><a href=\"https:\/\/userblogs.fu-berlin.de\/ewi_biwi\/vertiefungsmoeglichkeiten-nach-der-studien-und-pruefungsordnung-2012\/\">SPO 2012 (auslaufend)<\/a><\/h2>\n<\/div>\n<\/div>\n","protected":false},"excerpt":{"rendered":"<p>W\u00e4hrend des Studiums gibt es immer wieder M\u00f6glichkeiten sich einen eigenen Schwerpunkt zu setzen. Das kann ggf. f\u00fcr eine berufliche Orientierung sp\u00e4ter von Vorteil sein. Au\u00dferdem kann man so das Studium individuell gestalten und es sich zu eigen machen. Hier findet ihr Vertiefungsm\u00f6glichkeiten w\u00e4hrend des Studiums. Unterteilt haben wir in die M\u00f6glichkeiten w\u00e4hrend des Studiums &hellip; <a href=\"https:\/\/userblogs.fu-berlin.de\/ewi_biwi\/vertiefung\/\" class=\"more-link\"><span class=\"screen-reader-text\">Vertiefung<\/span> weiterlesen<\/a><\/p>\n","protected":false},"author":6168,"featured_media":0,"parent":0,"menu_order":0,"comment_status":"closed","ping_status":"closed","template":"","meta":{"footnotes":""},"class_list":["post-48","page","type-page","status-publish","hentry"],"_links":{"self":[{"href":"https:\/\/userblogs.fu-berlin.de\/ewi_biwi\/wp-json\/wp\/v2\/pages\/48","targetHints":{"allow":["GET"]}}],"collection":[{"href":"https:\/\/userblogs.fu-berlin.de\/ewi_biwi\/wp-json\/wp\/v2\/pages"}],"about":[{"href":"https:\/\/userblogs.fu-berlin.de\/ewi_biwi\/wp-json\/wp\/v2\/types\/page"}],"author":[{"embeddable":true,"href":"https:\/\/userblogs.fu-berlin.de\/ewi_biwi\/wp-json\/wp\/v2\/users\/6168"}],"replies":[{"embeddable":true,"href":"https:\/\/userblogs.fu-berlin.de\/ewi_biwi\/wp-json\/wp\/v2\/comments?post=48"}],"version-history":[{"count":5,"href":"https:\/\/userblogs.fu-berlin.de\/ewi_biwi\/wp-json\/wp\/v2\/pages\/48\/revisions"}],"predecessor-version":[{"id":352,"href":"https:\/\/userblogs.fu-berlin.de\/ewi_biwi\/wp-json\/wp\/v2\/pages\/48\/revisions\/352"}],"wp:attachment":[{"href":"https:\/\/userblogs.fu-berlin.de\/ewi_biwi\/wp-json\/wp\/v2\/media?parent=48"}],"curies":[{"name":"wp","href":"https:\/\/api.w.org\/{rel}","templated":true}]}}