{"id":50,"date":"2025-01-13T13:02:29","date_gmt":"2025-01-13T12:02:29","guid":{"rendered":"https:\/\/userblogs.fu-berlin.de\/ewi_biwi\/?page_id=50"},"modified":"2025-01-14T10:54:56","modified_gmt":"2025-01-14T09:54:56","slug":"ueber-uns","status":"publish","type":"page","link":"https:\/\/userblogs.fu-berlin.de\/ewi_biwi\/ueber-uns\/","title":{"rendered":"\u00dcber Uns"},"content":{"rendered":"\n<p>Das <a href=\"https:\/\/www.ewi-psy.fu-berlin.de\/verwaltung-service\/studienangelegenheiten\/pruefungsbuero\/bachelor_ewi_zukunft\/index.html\" target=\"_blank\" rel=\"noreferrer noopener\">Studien- und Pr\u00fcfungsb\u00fcro Erziehungswissenschaft<\/a> bietet mit dem Master Biwi Blog einen pers\u00f6nlichen Bezug zum Studium. Erfahrungsberichte, kleinere Anekdoten und pers\u00f6nliche Geschichten rund ums Studium finden hier ihren Platz und k\u00f6nnen von anderen Studierenden in \u00e4hnlichen Situationen gelesen werden.<\/p>\n\n\n\n<p>Eine Vernetzung von Studierenden &#8211; auch unterschiedlicher Kohorten &#8211; ist Ziel und wird hier geballt an einem Ort genutzt, um gemeinsam das Beste aus dem Studium rauszuholen. Schwarmwissen sozusagen.<br>Zusammen k\u00f6nnen wir uns hier austauschen, niedrigschwellig miteinander in Kontakt treten und gemeinsam diskutieren.<\/p>\n\n\n\n<div class=\"wp-block-columns is-layout-flex wp-container-core-columns-is-layout-9d6595d7 wp-block-columns-is-layout-flex\">\n<div class=\"wp-block-column is-layout-flow wp-block-column-is-layout-flow\">\n<p>Aber wer steht \u00fcberhaupt hinter dem Blog?<br>Die Studentische Studienberatung des Studienb\u00fcros Erziehungswissenschaft verwaltet die Blogs Bachelor Ewi und Master Biwi. Nat\u00fcrlich hat auch die Leitung des Studienb\u00fcros &#8211; Frau Heinze-Drinda &#8211; ab und zu einen Blick auf alles, aber es soll vor allem (wie auch der <a rel=\"noreferrer noopener\" href=\"https:\/\/www.instagram.com\/fu_ewi\/\" target=\"_blank\">Instagram<\/a>-Account) ein Projekt von und f\u00fcr Studierende sein.<\/p>\n<\/div>\n\n\n\n<div class=\"wp-block-column is-layout-flow wp-block-column-is-layout-flow\">\n<figure class=\"wp-block-image size-large\"><img decoding=\"async\" src=\"https:\/\/userblogs.fu-berlin.de\/ewi_biwi\/files\/2025\/01\/Foto-Susanne-und-Ronja-1008x1024.jpg\" alt=\"\" class=\"wp-image-152\" \/><figcaption>(v.l.n.r) Susanne Heinze-Drinda und Ronja Kumpe<\/figcaption><\/figure>\n<\/div>\n<\/div>\n\n\n\n<p>Der Blog wurde zwar durch das <a href=\"https:\/\/www.ewi-psy.fu-berlin.de\/verwaltung-service\/studienangelegenheiten\/pruefungsbuero\/bachelor_ewi_zukunft\/index.html\" target=\"_blank\" rel=\"noreferrer noopener\">Studienb\u00fcro<\/a> initiiert, wird aber vor allem durch die Beitr\u00e4ge und Kommentare der Studierenden erst das, was er sein soll. Eine Netzwerk-Plattform.<\/p>\n","protected":false},"excerpt":{"rendered":"<p>Das Studien- und Pr\u00fcfungsb\u00fcro Erziehungswissenschaft bietet mit dem Master Biwi Blog einen pers\u00f6nlichen Bezug zum Studium. Erfahrungsberichte, kleinere Anekdoten und pers\u00f6nliche Geschichten rund ums Studium finden hier ihren Platz und k\u00f6nnen von anderen Studierenden in \u00e4hnlichen Situationen gelesen werden. Eine Vernetzung von Studierenden &#8211; auch unterschiedlicher Kohorten &#8211; ist Ziel und wird hier geballt an &hellip; <a href=\"https:\/\/userblogs.fu-berlin.de\/ewi_biwi\/ueber-uns\/\" class=\"more-link\"><span class=\"screen-reader-text\">\u00dcber Uns<\/span> weiterlesen<\/a><\/p>\n","protected":false},"author":6168,"featured_media":0,"parent":0,"menu_order":0,"comment_status":"closed","ping_status":"closed","template":"","meta":{"footnotes":""},"class_list":["post-50","page","type-page","status-publish","hentry"],"_links":{"self":[{"href":"https:\/\/userblogs.fu-berlin.de\/ewi_biwi\/wp-json\/wp\/v2\/pages\/50","targetHints":{"allow":["GET"]}}],"collection":[{"href":"https:\/\/userblogs.fu-berlin.de\/ewi_biwi\/wp-json\/wp\/v2\/pages"}],"about":[{"href":"https:\/\/userblogs.fu-berlin.de\/ewi_biwi\/wp-json\/wp\/v2\/types\/page"}],"author":[{"embeddable":true,"href":"https:\/\/userblogs.fu-berlin.de\/ewi_biwi\/wp-json\/wp\/v2\/users\/6168"}],"replies":[{"embeddable":true,"href":"https:\/\/userblogs.fu-berlin.de\/ewi_biwi\/wp-json\/wp\/v2\/comments?post=50"}],"version-history":[{"count":2,"href":"https:\/\/userblogs.fu-berlin.de\/ewi_biwi\/wp-json\/wp\/v2\/pages\/50\/revisions"}],"predecessor-version":[{"id":154,"href":"https:\/\/userblogs.fu-berlin.de\/ewi_biwi\/wp-json\/wp\/v2\/pages\/50\/revisions\/154"}],"wp:attachment":[{"href":"https:\/\/userblogs.fu-berlin.de\/ewi_biwi\/wp-json\/wp\/v2\/media?parent=50"}],"curies":[{"name":"wp","href":"https:\/\/api.w.org\/{rel}","templated":true}]}}