{"id":56,"date":"2025-01-13T13:03:21","date_gmt":"2025-01-13T12:03:21","guid":{"rendered":"https:\/\/userblogs.fu-berlin.de\/ewi_biwi\/?page_id=56"},"modified":"2025-01-16T11:00:23","modified_gmt":"2025-01-16T10:00:23","slug":"studierende","status":"publish","type":"page","link":"https:\/\/userblogs.fu-berlin.de\/ewi_biwi\/studierende\/","title":{"rendered":"Studierende"},"content":{"rendered":"\n<div class=\"wp-block-columns is-layout-flex wp-container-core-columns-is-layout-9d6595d7 wp-block-columns-is-layout-flex\">\n<div class=\"wp-block-column is-layout-flow wp-block-column-is-layout-flow\">\n<p>So wie das Fach Erziehungswissenschaft sehr bunt und vielf\u00e4ltig ist, sind auch deren Studierende bunt und vielf\u00e4ltig. Hier liest du \u00fcber verschiedene Studierende dieses Studienganges, die von sich und ihrem Studium \u2013 und ggf. auch ihren Herausforderungen \u2013 erz\u00e4hlen.<\/p>\n<\/div>\n\n\n\n<div class=\"wp-block-column is-layout-flow wp-block-column-is-layout-flow\">\n<figure class=\"wp-block-image size-large\"><img loading=\"lazy\" decoding=\"async\" width=\"1024\" height=\"683\" src=\"https:\/\/userblogs.fu-berlin.de\/ewi_biwi\/files\/2025\/01\/pexels-fauxels-3184399-1024x683.jpg\" alt=\"\" class=\"wp-image-300\" srcset=\"https:\/\/userblogs.fu-berlin.de\/ewi_biwi\/files\/2025\/01\/pexels-fauxels-3184399-1024x683.jpg 1024w, https:\/\/userblogs.fu-berlin.de\/ewi_biwi\/files\/2025\/01\/pexels-fauxels-3184399-300x200.jpg 300w, https:\/\/userblogs.fu-berlin.de\/ewi_biwi\/files\/2025\/01\/pexels-fauxels-3184399-768x512.jpg 768w, https:\/\/userblogs.fu-berlin.de\/ewi_biwi\/files\/2025\/01\/pexels-fauxels-3184399-1536x1024.jpg 1536w, https:\/\/userblogs.fu-berlin.de\/ewi_biwi\/files\/2025\/01\/pexels-fauxels-3184399-2048x1365.jpg 2048w\" sizes=\"auto, (max-width: 1024px) 100vw, 1024px\" \/><\/figure>\n<\/div>\n<\/div>\n\n\n\n<p>Wie erleben andere Studierende den Alltag auf dem Campus \u2013 oder wie war coronabedingt das Home-Office? Wo ist der beste Ort zum Lernen? Wie gehe ich mit Stress beim Schreiben meiner Hausarbeiten um? Wie ist es mit Kind zu studieren? Lies hier mehr.<\/p>\n\n\n\n<figure class=\"wp-block-embed is-type-wp-embed is-provider-ewi-und-biwi-der-blog wp-block-embed-ewi-und-biwi-der-blog\"><div class=\"wp-block-embed__wrapper\">\n<blockquote class=\"wp-embedded-content\" data-secret=\"dGZHlVAgLU\"><a href=\"https:\/\/userblogs.fu-berlin.de\/ewi_biwi\/2025\/01\/14\/internationales-studieren\/\">Internationales Studieren<\/a><\/blockquote><iframe loading=\"lazy\" class=\"wp-embedded-content\" sandbox=\"allow-scripts\" security=\"restricted\" style=\"position: absolute; visibility: hidden;\" title=\"&#8222;Internationales Studieren&#8220; &#8212; Ewi &amp; Biwi: Der Blog\" src=\"https:\/\/userblogs.fu-berlin.de\/ewi_biwi\/2025\/01\/14\/internationales-studieren\/embed\/#?secret=An2Dmg6dN6#?secret=dGZHlVAgLU\" data-secret=\"dGZHlVAgLU\" width=\"600\" height=\"338\" frameborder=\"0\" marginwidth=\"0\" marginheight=\"0\" scrolling=\"no\"><\/iframe>\n<\/div><\/figure>\n\n\n\n<figure class=\"wp-block-embed is-type-wp-embed is-provider-ewi-und-biwi-der-blog wp-block-embed-ewi-und-biwi-der-blog\"><div class=\"wp-block-embed__wrapper\">\n<blockquote class=\"wp-embedded-content\" data-secret=\"XNC0iIuhA4\"><a href=\"https:\/\/userblogs.fu-berlin.de\/ewi_biwi\/2025\/01\/14\/zweiter-bildungsweg-ewi-studium\/\">Zweiter Bildungsweg: Ewi-Studium<\/a><\/blockquote><iframe loading=\"lazy\" class=\"wp-embedded-content\" sandbox=\"allow-scripts\" security=\"restricted\" style=\"position: absolute; visibility: hidden;\" title=\"&#8222;Zweiter Bildungsweg: Ewi-Studium&#8220; &#8212; Ewi &amp; Biwi: Der Blog\" src=\"https:\/\/userblogs.fu-berlin.de\/ewi_biwi\/2025\/01\/14\/zweiter-bildungsweg-ewi-studium\/embed\/#?secret=u9gC9y4mpm#?secret=XNC0iIuhA4\" data-secret=\"XNC0iIuhA4\" width=\"600\" height=\"338\" frameborder=\"0\" marginwidth=\"0\" marginheight=\"0\" scrolling=\"no\"><\/iframe>\n<\/div><\/figure>\n\n\n\n<figure class=\"wp-block-embed is-type-wp-embed is-provider-ewi-und-biwi-der-blog wp-block-embed-ewi-und-biwi-der-blog\"><div class=\"wp-block-embed__wrapper\">\n<blockquote class=\"wp-embedded-content\" data-secret=\"QH3hjXhHmt\"><a href=\"https:\/\/userblogs.fu-berlin.de\/ewi_biwi\/2025\/01\/14\/studieren-mit-kind\/\">Studieren mit Kind<\/a><\/blockquote><iframe loading=\"lazy\" class=\"wp-embedded-content\" sandbox=\"allow-scripts\" security=\"restricted\" style=\"position: absolute; visibility: hidden;\" title=\"&#8222;Studieren mit Kind&#8220; &#8212; Ewi &amp; Biwi: Der Blog\" src=\"https:\/\/userblogs.fu-berlin.de\/ewi_biwi\/2025\/01\/14\/studieren-mit-kind\/embed\/#?secret=eAbgV6KIi7#?secret=QH3hjXhHmt\" data-secret=\"QH3hjXhHmt\" width=\"600\" height=\"338\" frameborder=\"0\" marginwidth=\"0\" marginheight=\"0\" scrolling=\"no\"><\/iframe>\n<\/div><\/figure>\n\n\n\n<figure class=\"wp-block-embed is-type-wp-embed is-provider-ewi-und-biwi-der-blog wp-block-embed-ewi-und-biwi-der-blog\"><div class=\"wp-block-embed__wrapper\">\n<blockquote class=\"wp-embedded-content\" data-secret=\"IuYdKfvBNH\"><a href=\"https:\/\/userblogs.fu-berlin.de\/ewi_biwi\/2025\/01\/14\/mein-erstes-mastersemester\/\">Mein erstes Mastersemester<\/a><\/blockquote><iframe loading=\"lazy\" class=\"wp-embedded-content\" sandbox=\"allow-scripts\" security=\"restricted\" style=\"position: absolute; visibility: hidden;\" title=\"&#8222;Mein erstes Mastersemester&#8220; &#8212; Ewi &amp; Biwi: Der Blog\" src=\"https:\/\/userblogs.fu-berlin.de\/ewi_biwi\/2025\/01\/14\/mein-erstes-mastersemester\/embed\/#?secret=SyPEsHS5xx#?secret=IuYdKfvBNH\" data-secret=\"IuYdKfvBNH\" width=\"600\" height=\"338\" frameborder=\"0\" marginwidth=\"0\" marginheight=\"0\" scrolling=\"no\"><\/iframe>\n<\/div><\/figure>\n\n\n\n<figure class=\"wp-block-embed is-type-wp-embed is-provider-ewi-und-biwi-der-blog wp-block-embed-ewi-und-biwi-der-blog\"><div class=\"wp-block-embed__wrapper\">\n<blockquote class=\"wp-embedded-content\" data-secret=\"T8li0W8Ph5\"><a href=\"https:\/\/userblogs.fu-berlin.de\/ewi_biwi\/2025\/01\/14\/studienstart-und-orientierung-frisch-nach-dem-abi\/\">Studienstart und Orientierung frisch nach dem Abi<\/a><\/blockquote><iframe loading=\"lazy\" class=\"wp-embedded-content\" sandbox=\"allow-scripts\" security=\"restricted\" style=\"position: absolute; visibility: hidden;\" title=\"&#8222;Studienstart und Orientierung frisch nach dem Abi&#8220; &#8212; Ewi &amp; Biwi: Der Blog\" src=\"https:\/\/userblogs.fu-berlin.de\/ewi_biwi\/2025\/01\/14\/studienstart-und-orientierung-frisch-nach-dem-abi\/embed\/#?secret=ISONg0jzeb#?secret=T8li0W8Ph5\" data-secret=\"T8li0W8Ph5\" width=\"600\" height=\"338\" frameborder=\"0\" marginwidth=\"0\" marginheight=\"0\" scrolling=\"no\"><\/iframe>\n<\/div><\/figure>\n\n\n\n<figure class=\"wp-block-embed is-type-wp-embed is-provider-ewi-und-biwi-der-blog wp-block-embed-ewi-und-biwi-der-blog\"><div class=\"wp-block-embed__wrapper\">\n<blockquote class=\"wp-embedded-content\" data-secret=\"MNEA0pguVR\"><a href=\"https:\/\/userblogs.fu-berlin.de\/ewi_biwi\/2025\/01\/14\/vom-studienkolleg-in-den-bachelor\/\">Vom Studienkolleg in den Bachelor<\/a><\/blockquote><iframe loading=\"lazy\" class=\"wp-embedded-content\" sandbox=\"allow-scripts\" security=\"restricted\" style=\"position: absolute; visibility: hidden;\" title=\"&#8222;Vom Studienkolleg in den Bachelor&#8220; &#8212; Ewi &amp; Biwi: Der Blog\" src=\"https:\/\/userblogs.fu-berlin.de\/ewi_biwi\/2025\/01\/14\/vom-studienkolleg-in-den-bachelor\/embed\/#?secret=zlAZnGr1xx#?secret=MNEA0pguVR\" data-secret=\"MNEA0pguVR\" width=\"600\" height=\"338\" frameborder=\"0\" marginwidth=\"0\" marginheight=\"0\" scrolling=\"no\"><\/iframe>\n<\/div><\/figure>\n\n\n\n<figure class=\"wp-block-embed is-type-wp-embed is-provider-ewi-und-biwi-der-blog wp-block-embed-ewi-und-biwi-der-blog\"><div class=\"wp-block-embed__wrapper\">\n<blockquote class=\"wp-embedded-content\" data-secret=\"vUemi6w6ep\"><a href=\"https:\/\/userblogs.fu-berlin.de\/ewi_biwi\/2025\/01\/14\/das-studium-waehrend-einer-pandemie\/\">Das Studium w\u00e4hrend einer Pandemie:<\/a><\/blockquote><iframe loading=\"lazy\" class=\"wp-embedded-content\" sandbox=\"allow-scripts\" security=\"restricted\" style=\"position: absolute; visibility: hidden;\" title=\"&#8222;Das Studium w\u00e4hrend einer Pandemie:&#8220; &#8212; Ewi &amp; Biwi: Der Blog\" src=\"https:\/\/userblogs.fu-berlin.de\/ewi_biwi\/2025\/01\/14\/das-studium-waehrend-einer-pandemie\/embed\/#?secret=xcdRguo4rx#?secret=vUemi6w6ep\" data-secret=\"vUemi6w6ep\" width=\"600\" height=\"338\" frameborder=\"0\" marginwidth=\"0\" marginheight=\"0\" scrolling=\"no\"><\/iframe>\n<\/div><\/figure>\n\n\n\n<figure class=\"wp-block-image size-large is-resized\"><img loading=\"lazy\" decoding=\"async\" src=\"https:\/\/userblogs.fu-berlin.de\/ewi_biwi\/files\/2025\/01\/pexels-ds-stories-6005316-1024x683.jpg\" alt=\"\" class=\"wp-image-340\" width=\"601\" height=\"401\" srcset=\"https:\/\/userblogs.fu-berlin.de\/ewi_biwi\/files\/2025\/01\/pexels-ds-stories-6005316-1024x683.jpg 1024w, https:\/\/userblogs.fu-berlin.de\/ewi_biwi\/files\/2025\/01\/pexels-ds-stories-6005316-300x200.jpg 300w, https:\/\/userblogs.fu-berlin.de\/ewi_biwi\/files\/2025\/01\/pexels-ds-stories-6005316-768x512.jpg 768w, https:\/\/userblogs.fu-berlin.de\/ewi_biwi\/files\/2025\/01\/pexels-ds-stories-6005316-1536x1024.jpg 1536w, https:\/\/userblogs.fu-berlin.de\/ewi_biwi\/files\/2025\/01\/pexels-ds-stories-6005316-2048x1365.jpg 2048w\" sizes=\"auto, (max-width: 601px) 100vw, 601px\" \/><\/figure>\n","protected":false},"excerpt":{"rendered":"<p>So wie das Fach Erziehungswissenschaft sehr bunt und vielf\u00e4ltig ist, sind auch deren Studierende bunt und vielf\u00e4ltig. Hier liest du \u00fcber verschiedene Studierende dieses Studienganges, die von sich und ihrem Studium \u2013 und ggf. auch ihren Herausforderungen \u2013 erz\u00e4hlen. Wie erleben andere Studierende den Alltag auf dem Campus \u2013 oder wie war coronabedingt das Home-Office? &hellip; <a href=\"https:\/\/userblogs.fu-berlin.de\/ewi_biwi\/studierende\/\" class=\"more-link\"><span class=\"screen-reader-text\">Studierende<\/span> weiterlesen<\/a><\/p>\n","protected":false},"author":6168,"featured_media":0,"parent":0,"menu_order":0,"comment_status":"closed","ping_status":"closed","template":"","meta":{"footnotes":""},"class_list":["post-56","page","type-page","status-publish","hentry"],"_links":{"self":[{"href":"https:\/\/userblogs.fu-berlin.de\/ewi_biwi\/wp-json\/wp\/v2\/pages\/56","targetHints":{"allow":["GET"]}}],"collection":[{"href":"https:\/\/userblogs.fu-berlin.de\/ewi_biwi\/wp-json\/wp\/v2\/pages"}],"about":[{"href":"https:\/\/userblogs.fu-berlin.de\/ewi_biwi\/wp-json\/wp\/v2\/types\/page"}],"author":[{"embeddable":true,"href":"https:\/\/userblogs.fu-berlin.de\/ewi_biwi\/wp-json\/wp\/v2\/users\/6168"}],"replies":[{"embeddable":true,"href":"https:\/\/userblogs.fu-berlin.de\/ewi_biwi\/wp-json\/wp\/v2\/comments?post=56"}],"version-history":[{"count":9,"href":"https:\/\/userblogs.fu-berlin.de\/ewi_biwi\/wp-json\/wp\/v2\/pages\/56\/revisions"}],"predecessor-version":[{"id":373,"href":"https:\/\/userblogs.fu-berlin.de\/ewi_biwi\/wp-json\/wp\/v2\/pages\/56\/revisions\/373"}],"wp:attachment":[{"href":"https:\/\/userblogs.fu-berlin.de\/ewi_biwi\/wp-json\/wp\/v2\/media?parent=56"}],"curies":[{"name":"wp","href":"https:\/\/api.w.org\/{rel}","templated":true}]}}