{"id":94,"date":"2025-01-13T13:10:20","date_gmt":"2025-01-13T12:10:20","guid":{"rendered":"https:\/\/userblogs.fu-berlin.de\/ewi_biwi\/?page_id=94"},"modified":"2025-01-16T10:51:51","modified_gmt":"2025-01-16T09:51:51","slug":"studienabschluss-ba","status":"publish","type":"page","link":"https:\/\/userblogs.fu-berlin.de\/ewi_biwi\/studienabschluss-ba\/","title":{"rendered":"Studienabschluss (Bachelor)"},"content":{"rendered":"\n<div class=\"wp-block-columns is-layout-flex wp-container-core-columns-is-layout-9d6595d7 wp-block-columns-is-layout-flex\">\n<div class=\"wp-block-column is-layout-flow wp-block-column-is-layout-flow\">\n<p>Nun hast du ein Minimum an sechs Semestern mit diesem Bachelorstudium verbracht und n\u00e4herst dich dem Ende. Die Abschlussarbeit und vielleicht noch eine Modulpr\u00fcfung fehlen.<br>Wie beende ich das Studium nun genau so motiviert wie zu Anfang?<\/p>\n\n\n\n<p>Wie finde ich den richtigen Betreuer meiner Bachelorarbeit und das richtige Thema? Und was ist das \u00fcberhaupt \u2013 das \u201eRichtige\u201c?<\/p>\n<\/div>\n\n\n\n<div class=\"wp-block-column is-layout-flow wp-block-column-is-layout-flow\">\n<figure class=\"wp-block-image size-large\"><img loading=\"lazy\" decoding=\"async\" width=\"1024\" height=\"683\" src=\"https:\/\/userblogs.fu-berlin.de\/ewi_biwi\/files\/2025\/01\/pexels-karolina-grabowska-8106655-1024x683.jpg\" alt=\"\" class=\"wp-image-321\" srcset=\"https:\/\/userblogs.fu-berlin.de\/ewi_biwi\/files\/2025\/01\/pexels-karolina-grabowska-8106655-1024x683.jpg 1024w, https:\/\/userblogs.fu-berlin.de\/ewi_biwi\/files\/2025\/01\/pexels-karolina-grabowska-8106655-300x200.jpg 300w, https:\/\/userblogs.fu-berlin.de\/ewi_biwi\/files\/2025\/01\/pexels-karolina-grabowska-8106655-768x512.jpg 768w, https:\/\/userblogs.fu-berlin.de\/ewi_biwi\/files\/2025\/01\/pexels-karolina-grabowska-8106655-1536x1024.jpg 1536w, https:\/\/userblogs.fu-berlin.de\/ewi_biwi\/files\/2025\/01\/pexels-karolina-grabowska-8106655-2048x1365.jpg 2048w\" sizes=\"auto, (max-width: 1024px) 100vw, 1024px\" \/><\/figure>\n<\/div>\n<\/div>\n\n\n\n<p>Neben den Blogbeitr\u00e4gen zum Thema Studienabschluss und Masteroptionen haben wir dir hier ebenfalls den Blog &#8222;Meine Bachelorarbeit&#8220; verlinkt. Zwei Masterstudierende der FU haben speziell an einem Blog f\u00fcr die Bachelorarbeit gearbeitet. Beide haben das gro\u00dfe Schreibst\u00fcck schon erfolgreich hinter sich gebracht und wollen ihre Erfahrungen und Tipps nun mit euch teilen. Der Blog wurde mittlerweile an das Studienausgangsmentoring (Ewi) abgegeben, aber ihr findet dort alles, was ihr wissen m\u00fcsst. Du kannst dort auch gezielt Fragen stellen oder dich mit anderen austauschen.<\/p>\n\n\n\n<figure class=\"wp-block-embed is-type-wp-embed is-provider-ewi-und-biwi-der-blog wp-block-embed-ewi-und-biwi-der-blog\"><div class=\"wp-block-embed__wrapper\">\n<blockquote class=\"wp-embedded-content\" data-secret=\"6zC5RWvF47\"><a href=\"https:\/\/userblogs.fu-berlin.de\/ewi_biwi\/2025\/01\/14\/hu-master-in-erziehungswissenschaft\/\">HU- Master in &#8222;Erziehungswissenschaft&#8220;<\/a><\/blockquote><iframe loading=\"lazy\" class=\"wp-embedded-content\" sandbox=\"allow-scripts\" security=\"restricted\" style=\"position: absolute; visibility: hidden;\" title=\"&#8222;HU- Master in &#8222;Erziehungswissenschaft&#8220;&#8220; &#8212; Ewi &amp; Biwi: Der Blog\" src=\"https:\/\/userblogs.fu-berlin.de\/ewi_biwi\/2025\/01\/14\/hu-master-in-erziehungswissenschaft\/embed\/#?secret=vtnK0nrAKz#?secret=6zC5RWvF47\" data-secret=\"6zC5RWvF47\" width=\"600\" height=\"338\" frameborder=\"0\" marginwidth=\"0\" marginheight=\"0\" scrolling=\"no\"><\/iframe>\n<\/div><\/figure>\n\n\n\n<figure class=\"wp-block-embed is-type-wp-embed is-provider-ewi-und-biwi-der-blog wp-block-embed-ewi-und-biwi-der-blog is-provider-studium-bachelor-erziehungs-und-bildungswissenschaft\"><div class=\"wp-block-embed__wrapper\">\n<blockquote class=\"wp-embedded-content\" data-secret=\"tX24CLWrc3\"><a href=\"https:\/\/userblogs.fu-berlin.de\/ewi_biwi\/2025\/01\/14\/vom-forschungsprojekt-zur-abschlussarbeit\/\">Vom Forschungsprojekt zur Abschlussarbeit<\/a><\/blockquote><iframe loading=\"lazy\" class=\"wp-embedded-content\" sandbox=\"allow-scripts\" security=\"restricted\" style=\"position: absolute; visibility: hidden;\" title=\"&#8222;Vom Forschungsprojekt zur Abschlussarbeit&#8220; &#8212; Ewi &amp; Biwi: Der Blog\" src=\"https:\/\/userblogs.fu-berlin.de\/ewi_biwi\/2025\/01\/14\/vom-forschungsprojekt-zur-abschlussarbeit\/embed\/#?secret=BPAzI1ZHTA#?secret=tX24CLWrc3\" data-secret=\"tX24CLWrc3\" width=\"600\" height=\"338\" frameborder=\"0\" marginwidth=\"0\" marginheight=\"0\" scrolling=\"no\"><\/iframe>\n<\/div><\/figure>\n\n\n\n<figure class=\"wp-block-embed is-type-wp-embed is-provider-ewi-und-biwi-der-blog wp-block-embed-ewi-und-biwi-der-blog\"><div class=\"wp-block-embed__wrapper\">\n<blockquote class=\"wp-embedded-content\" data-secret=\"XedAamW3tT\"><a href=\"https:\/\/userblogs.fu-berlin.de\/ewi_biwi\/2025\/01\/14\/was-ist-das-studienausgangsmentoring\/\">Was ist das Studienausgangsmentoring?<\/a><\/blockquote><iframe loading=\"lazy\" class=\"wp-embedded-content\" sandbox=\"allow-scripts\" security=\"restricted\" style=\"position: absolute; visibility: hidden;\" title=\"&#8222;Was ist das Studienausgangsmentoring?&#8220; &#8212; Ewi &amp; Biwi: Der Blog\" src=\"https:\/\/userblogs.fu-berlin.de\/ewi_biwi\/2025\/01\/14\/was-ist-das-studienausgangsmentoring\/embed\/#?secret=IXbczlDchR#?secret=XedAamW3tT\" data-secret=\"XedAamW3tT\" width=\"600\" height=\"338\" frameborder=\"0\" marginwidth=\"0\" marginheight=\"0\" scrolling=\"no\"><\/iframe>\n<\/div><\/figure>\n\n\n\n<figure class=\"wp-block-embed is-type-wp-embed is-provider-mentoring-zum-studienausgang-der-blog wp-block-embed-mentoring-zum-studienausgang-der-blog is-provider-studienausgangsmentoring-erziehungs-und-bildungswissenschaft\"><div class=\"wp-block-embed__wrapper\">\n<blockquote class=\"wp-embedded-content\" data-secret=\"eOR0R079aH\"><a href=\"https:\/\/userblogs.fu-berlin.de\/bachelorarbeiten_ewi\/meine-bachelorarbeit\/\">Bachelorarbeit<\/a><\/blockquote><iframe loading=\"lazy\" class=\"wp-embedded-content\" sandbox=\"allow-scripts\" security=\"restricted\" style=\"position: absolute; visibility: hidden;\" title=\"&#8222;Bachelorarbeit&#8220; &#8212; Mentoring zum Studienausgang: Der Blog\" src=\"https:\/\/userblogs.fu-berlin.de\/bachelorarbeiten_ewi\/meine-bachelorarbeit\/embed\/#?secret=NESCeFfjqu#?secret=eOR0R079aH\" data-secret=\"eOR0R079aH\" width=\"600\" height=\"338\" frameborder=\"0\" marginwidth=\"0\" marginheight=\"0\" scrolling=\"no\"><\/iframe>\n<\/div><\/figure>\n","protected":false},"excerpt":{"rendered":"<p>Nun hast du ein Minimum an sechs Semestern mit diesem Bachelorstudium verbracht und n\u00e4herst dich dem Ende. Die Abschlussarbeit und vielleicht noch eine Modulpr\u00fcfung fehlen.Wie beende ich das Studium nun genau so motiviert wie zu Anfang? Wie finde ich den richtigen Betreuer meiner Bachelorarbeit und das richtige Thema? Und was ist das \u00fcberhaupt \u2013 das &hellip; <a href=\"https:\/\/userblogs.fu-berlin.de\/ewi_biwi\/studienabschluss-ba\/\" class=\"more-link\"><span class=\"screen-reader-text\">Studienabschluss (Bachelor)<\/span> weiterlesen<\/a><\/p>\n","protected":false},"author":6168,"featured_media":0,"parent":0,"menu_order":0,"comment_status":"closed","ping_status":"closed","template":"","meta":{"footnotes":""},"class_list":["post-94","page","type-page","status-publish","hentry"],"_links":{"self":[{"href":"https:\/\/userblogs.fu-berlin.de\/ewi_biwi\/wp-json\/wp\/v2\/pages\/94","targetHints":{"allow":["GET"]}}],"collection":[{"href":"https:\/\/userblogs.fu-berlin.de\/ewi_biwi\/wp-json\/wp\/v2\/pages"}],"about":[{"href":"https:\/\/userblogs.fu-berlin.de\/ewi_biwi\/wp-json\/wp\/v2\/types\/page"}],"author":[{"embeddable":true,"href":"https:\/\/userblogs.fu-berlin.de\/ewi_biwi\/wp-json\/wp\/v2\/users\/6168"}],"replies":[{"embeddable":true,"href":"https:\/\/userblogs.fu-berlin.de\/ewi_biwi\/wp-json\/wp\/v2\/comments?post=94"}],"version-history":[{"count":5,"href":"https:\/\/userblogs.fu-berlin.de\/ewi_biwi\/wp-json\/wp\/v2\/pages\/94\/revisions"}],"predecessor-version":[{"id":368,"href":"https:\/\/userblogs.fu-berlin.de\/ewi_biwi\/wp-json\/wp\/v2\/pages\/94\/revisions\/368"}],"wp:attachment":[{"href":"https:\/\/userblogs.fu-berlin.de\/ewi_biwi\/wp-json\/wp\/v2\/media?parent=94"}],"curies":[{"name":"wp","href":"https:\/\/api.w.org\/{rel}","templated":true}]}}