{"id":96,"date":"2025-01-13T13:11:12","date_gmt":"2025-01-13T12:11:12","guid":{"rendered":"https:\/\/userblogs.fu-berlin.de\/ewi_biwi\/?page_id=96"},"modified":"2025-01-14T12:37:17","modified_gmt":"2025-01-14T11:37:17","slug":"berufsperspektiven-ba","status":"publish","type":"page","link":"https:\/\/userblogs.fu-berlin.de\/ewi_biwi\/berufsperspektiven-ba\/","title":{"rendered":"Berufsperspektiven (Bachelor)"},"content":{"rendered":"\n<div class=\"wp-block-columns is-layout-flex wp-container-core-columns-is-layout-9d6595d7 wp-block-columns-is-layout-flex\">\n<div class=\"wp-block-column is-layout-flow wp-block-column-is-layout-flow\">\n<figure class=\"wp-block-image size-large\"><img loading=\"lazy\" decoding=\"async\" width=\"683\" height=\"1024\" src=\"https:\/\/userblogs.fu-berlin.de\/ewi_biwi\/files\/2025\/01\/pexels-rdne-8124243-683x1024.jpg\" alt=\"\" class=\"wp-image-133\" srcset=\"https:\/\/userblogs.fu-berlin.de\/ewi_biwi\/files\/2025\/01\/pexels-rdne-8124243-683x1024.jpg 683w, https:\/\/userblogs.fu-berlin.de\/ewi_biwi\/files\/2025\/01\/pexels-rdne-8124243-200x300.jpg 200w, https:\/\/userblogs.fu-berlin.de\/ewi_biwi\/files\/2025\/01\/pexels-rdne-8124243-768x1152.jpg 768w, https:\/\/userblogs.fu-berlin.de\/ewi_biwi\/files\/2025\/01\/pexels-rdne-8124243-1024x1536.jpg 1024w, https:\/\/userblogs.fu-berlin.de\/ewi_biwi\/files\/2025\/01\/pexels-rdne-8124243-1365x2048.jpg 1365w, https:\/\/userblogs.fu-berlin.de\/ewi_biwi\/files\/2025\/01\/pexels-rdne-8124243-scaled.jpg 1707w\" sizes=\"auto, (max-width: 683px) 100vw, 683px\" \/><\/figure>\n<\/div>\n\n\n\n<div class=\"wp-block-column is-layout-flow wp-block-column-is-layout-flow\">\n<p>\u201eUnd was wirst du damit mal?\u201c<\/p>\n\n\n\n<p>Die wohl unangenehmste Frage, die bei fast jedem Familientreffen von Gro\u00dfeltern, Onkel oder Tante gefragt wird.<\/p>\n<\/div>\n<\/div>\n\n\n\n<p>Nicht, dass man seiner Familie eine Erkl\u00e4rung schuldig w\u00e4re, aber wer trotzdem eine Idee bekommen m\u00f6chte, was man mit dem Studium \u00fcberhaupt sp\u00e4ter mal f\u00fcr Wege einschlagen kann und wie man neue Trampelwege f\u00fcr sich entdeckt, findest du in den Blogbeitr\u00e4gen ehemaliger Studierender und auch einen Blogbeitrag \u00fcber ein Praktikum innerhalb des Bachelorstudium, in den man schon ein wenig Berufsluft schnuppern darf.<\/p>\n\n\n\n<figure class=\"wp-block-embed is-type-wp-embed is-provider-ewi-und-biwi-der-blog wp-block-embed-ewi-und-biwi-der-blog is-provider-studium-bachelor-erziehungs-und-bildungswissenschaft\"><div class=\"wp-block-embed__wrapper\">\n<blockquote class=\"wp-embedded-content\" data-secret=\"joiONAEFTt\"><a href=\"https:\/\/userblogs.fu-berlin.de\/ewi_biwi\/2025\/01\/14\/jobs-nach-dem-bachelor-studium\/\">Jobs nach dem Bachelor-Studium<\/a><\/blockquote><iframe loading=\"lazy\" class=\"wp-embedded-content\" sandbox=\"allow-scripts\" security=\"restricted\" style=\"position: absolute; visibility: hidden;\" title=\"&#8222;Jobs nach dem Bachelor-Studium&#8220; &#8212; Ewi &amp; Biwi: Der Blog\" src=\"https:\/\/userblogs.fu-berlin.de\/ewi_biwi\/2025\/01\/14\/jobs-nach-dem-bachelor-studium\/embed\/#?secret=MgVQWCKu2V#?secret=joiONAEFTt\" data-secret=\"joiONAEFTt\" width=\"600\" height=\"338\" frameborder=\"0\" marginwidth=\"0\" marginheight=\"0\" scrolling=\"no\"><\/iframe>\n<\/div><\/figure>\n\n\n\n<figure class=\"wp-block-embed is-type-wp-embed is-provider-ewi-und-biwi-der-blog wp-block-embed-ewi-und-biwi-der-blog\"><div class=\"wp-block-embed__wrapper\">\n<blockquote class=\"wp-embedded-content\" data-secret=\"Rv9jQg1D61\"><a href=\"https:\/\/userblogs.fu-berlin.de\/ewi_biwi\/2025\/01\/14\/jobs-nach-dem-master-studium\/\">Jobs nach dem Master-Studium<\/a><\/blockquote><iframe loading=\"lazy\" class=\"wp-embedded-content\" sandbox=\"allow-scripts\" security=\"restricted\" style=\"position: absolute; visibility: hidden;\" title=\"&#8222;Jobs nach dem Master-Studium&#8220; &#8212; Ewi &amp; Biwi: Der Blog\" src=\"https:\/\/userblogs.fu-berlin.de\/ewi_biwi\/2025\/01\/14\/jobs-nach-dem-master-studium\/embed\/#?secret=yXMl86Kncf#?secret=Rv9jQg1D61\" data-secret=\"Rv9jQg1D61\" width=\"600\" height=\"338\" frameborder=\"0\" marginwidth=\"0\" marginheight=\"0\" scrolling=\"no\"><\/iframe>\n<\/div><\/figure>\n\n\n\n<figure class=\"wp-block-embed is-type-wp-embed is-provider-ewi-und-biwi-der-blog wp-block-embed-ewi-und-biwi-der-blog\"><div class=\"wp-block-embed__wrapper\">\n<blockquote class=\"wp-embedded-content\" data-secret=\"mxS3HsPXZK\"><a href=\"https:\/\/userblogs.fu-berlin.de\/ewi_biwi\/2025\/01\/14\/die-arbeit-als-kita-leitung\/\">Die Arbeit als Kita-Leitung<\/a><\/blockquote><iframe loading=\"lazy\" class=\"wp-embedded-content\" sandbox=\"allow-scripts\" security=\"restricted\" style=\"position: absolute; visibility: hidden;\" title=\"&#8222;Die Arbeit als Kita-Leitung&#8220; &#8212; Ewi &amp; Biwi: Der Blog\" src=\"https:\/\/userblogs.fu-berlin.de\/ewi_biwi\/2025\/01\/14\/die-arbeit-als-kita-leitung\/embed\/#?secret=dnXKxDyYxR#?secret=mxS3HsPXZK\" data-secret=\"mxS3HsPXZK\" width=\"600\" height=\"338\" frameborder=\"0\" marginwidth=\"0\" marginheight=\"0\" scrolling=\"no\"><\/iframe>\n<\/div><\/figure>\n\n\n\n<figure class=\"wp-block-embed is-type-wp-embed is-provider-ewi-und-biwi-der-blog wp-block-embed-ewi-und-biwi-der-blog is-provider-studium-bachelor-erziehungs-und-bildungswissenschaft\"><div class=\"wp-block-embed__wrapper\">\n<blockquote class=\"wp-embedded-content\" data-secret=\"orkoyX3DMP\"><a href=\"https:\/\/userblogs.fu-berlin.de\/ewi_biwi\/2025\/01\/14\/praktikum-in-einer-kinder-und-jugendpsychiatrie-ein-erfahrungsbericht\/\">Praktikum in einer Kinder- und Jugendpsychiatrie: Ein Erfahrungsbericht<\/a><\/blockquote><iframe loading=\"lazy\" class=\"wp-embedded-content\" sandbox=\"allow-scripts\" security=\"restricted\" style=\"position: absolute; visibility: hidden;\" title=\"&#8222;Praktikum in einer Kinder- und Jugendpsychiatrie: Ein Erfahrungsbericht&#8220; &#8212; Ewi &amp; Biwi: Der Blog\" src=\"https:\/\/userblogs.fu-berlin.de\/ewi_biwi\/2025\/01\/14\/praktikum-in-einer-kinder-und-jugendpsychiatrie-ein-erfahrungsbericht\/embed\/#?secret=nB9AK8At2n#?secret=orkoyX3DMP\" data-secret=\"orkoyX3DMP\" width=\"600\" height=\"338\" frameborder=\"0\" marginwidth=\"0\" marginheight=\"0\" scrolling=\"no\"><\/iframe>\n<\/div><\/figure>\n","protected":false},"excerpt":{"rendered":"<p>\u201eUnd was wirst du damit mal?\u201c Die wohl unangenehmste Frage, die bei fast jedem Familientreffen von Gro\u00dfeltern, Onkel oder Tante gefragt wird. Nicht, dass man seiner Familie eine Erkl\u00e4rung schuldig w\u00e4re, aber wer trotzdem eine Idee bekommen m\u00f6chte, was man mit dem Studium \u00fcberhaupt sp\u00e4ter mal f\u00fcr Wege einschlagen kann und wie man neue Trampelwege &hellip; <a href=\"https:\/\/userblogs.fu-berlin.de\/ewi_biwi\/berufsperspektiven-ba\/\" class=\"more-link\"><span class=\"screen-reader-text\">Berufsperspektiven (Bachelor)<\/span> weiterlesen<\/a><\/p>\n","protected":false},"author":6168,"featured_media":0,"parent":0,"menu_order":0,"comment_status":"closed","ping_status":"closed","template":"","meta":{"footnotes":""},"class_list":["post-96","page","type-page","status-publish","hentry"],"_links":{"self":[{"href":"https:\/\/userblogs.fu-berlin.de\/ewi_biwi\/wp-json\/wp\/v2\/pages\/96","targetHints":{"allow":["GET"]}}],"collection":[{"href":"https:\/\/userblogs.fu-berlin.de\/ewi_biwi\/wp-json\/wp\/v2\/pages"}],"about":[{"href":"https:\/\/userblogs.fu-berlin.de\/ewi_biwi\/wp-json\/wp\/v2\/types\/page"}],"author":[{"embeddable":true,"href":"https:\/\/userblogs.fu-berlin.de\/ewi_biwi\/wp-json\/wp\/v2\/users\/6168"}],"replies":[{"embeddable":true,"href":"https:\/\/userblogs.fu-berlin.de\/ewi_biwi\/wp-json\/wp\/v2\/comments?post=96"}],"version-history":[{"count":5,"href":"https:\/\/userblogs.fu-berlin.de\/ewi_biwi\/wp-json\/wp\/v2\/pages\/96\/revisions"}],"predecessor-version":[{"id":272,"href":"https:\/\/userblogs.fu-berlin.de\/ewi_biwi\/wp-json\/wp\/v2\/pages\/96\/revisions\/272"}],"wp:attachment":[{"href":"https:\/\/userblogs.fu-berlin.de\/ewi_biwi\/wp-json\/wp\/v2\/media?parent=96"}],"curies":[{"name":"wp","href":"https:\/\/api.w.org\/{rel}","templated":true}]}}