{"id":17,"date":"2011-03-31T14:23:29","date_gmt":"2011-03-31T14:23:29","guid":{"rendered":"https:\/\/userblogs.fu-berlin.de\/exkursiongrunewald\/?page_id=17"},"modified":"2011-03-31T14:31:28","modified_gmt":"2011-03-31T14:31:28","slug":"artenliste-insekten","status":"publish","type":"page","link":"https:\/\/userblogs.fu-berlin.de\/exkursiongrunewald\/arbeitsgruppen\/artenliste-insekten\/","title":{"rendered":"Artenliste Insekten"},"content":{"rendered":"<p>Das Vorkommen bestimmter seltener Insektenarten sagt viel \u00fcber die Beschaffenheit des \u00d6kosystems aus. Exkursions-Teilnehmer in dieser Arbeitsgruppe werden mit Fanggl\u00e4sern, Schmetterlingsnetzen und Bestimmungsliteratur unterwegs sein und eine Artenliste inklusive der H\u00e4ufigkeiten erstellen. Informieren Sie sich vorher \u00fcber <a href=\"https:\/\/www.insektoid.info\/insekten\/deutschland\/\">bedrohte und gesch\u00fctzte Arten<\/a>.<\/p>\n","protected":false},"excerpt":{"rendered":"<p>Das Vorkommen bestimmter seltener Insektenarten sagt viel \u00fcber die Beschaffenheit des \u00d6kosystems aus. Exkursions-Teilnehmer in dieser Arbeitsgruppe werden mit Fanggl\u00e4sern, Schmetterlingsnetzen und Bestimmungsliteratur unterwegs sein und eine Artenliste inklusive der H\u00e4ufigkeiten erstellen. Informieren Sie sich vorher \u00fcber bedrohte und gesch\u00fctzte Arten.<\/p>\n","protected":false},"author":866,"featured_media":0,"parent":8,"menu_order":0,"comment_status":"open","ping_status":"open","template":"","meta":{"footnotes":""},"class_list":["post-17","page","type-page","status-publish","hentry"],"_links":{"self":[{"href":"https:\/\/userblogs.fu-berlin.de\/exkursiongrunewald\/wp-json\/wp\/v2\/pages\/17","targetHints":{"allow":["GET"]}}],"collection":[{"href":"https:\/\/userblogs.fu-berlin.de\/exkursiongrunewald\/wp-json\/wp\/v2\/pages"}],"about":[{"href":"https:\/\/userblogs.fu-berlin.de\/exkursiongrunewald\/wp-json\/wp\/v2\/types\/page"}],"author":[{"embeddable":true,"href":"https:\/\/userblogs.fu-berlin.de\/exkursiongrunewald\/wp-json\/wp\/v2\/users\/866"}],"replies":[{"embeddable":true,"href":"https:\/\/userblogs.fu-berlin.de\/exkursiongrunewald\/wp-json\/wp\/v2\/comments?post=17"}],"version-history":[{"count":2,"href":"https:\/\/userblogs.fu-berlin.de\/exkursiongrunewald\/wp-json\/wp\/v2\/pages\/17\/revisions"}],"predecessor-version":[{"id":22,"href":"https:\/\/userblogs.fu-berlin.de\/exkursiongrunewald\/wp-json\/wp\/v2\/pages\/17\/revisions\/22"}],"up":[{"embeddable":true,"href":"https:\/\/userblogs.fu-berlin.de\/exkursiongrunewald\/wp-json\/wp\/v2\/pages\/8"}],"wp:attachment":[{"href":"https:\/\/userblogs.fu-berlin.de\/exkursiongrunewald\/wp-json\/wp\/v2\/media?parent=17"}],"curies":[{"name":"wp","href":"https:\/\/api.w.org\/{rel}","templated":true}]}}