{"id":597,"date":"2022-01-24T15:48:47","date_gmt":"2022-01-24T14:48:47","guid":{"rendered":"https:\/\/userblogs.fu-berlin.de\/fsi_osi\/?page_id=597"},"modified":"2022-01-28T17:15:33","modified_gmt":"2022-01-28T16:15:33","slug":"explosiv-anmerkungen-zum-universitaetsbetrieb","status":"publish","type":"page","link":"https:\/\/userblogs.fu-berlin.de\/fsi_osi\/explosiv-anmerkungen-zum-universitaetsbetrieb\/","title":{"rendered":"explOSIv  &#8211; Anmerkungen zum Universit\u00e4tsbetrieb"},"content":{"rendered":"\n<p>Studentische Zeitschrift herausgegeben von der FSI*OSI.<\/p>\n\n\n\n<h3 class=\"wp-block-heading\">Ank\u00fcndigung zum Release der ersten Ausgabe<\/h3>\n\n\n\n<p>Die &#8222;explOSIv &#8211; Anmerkungen zum Universit\u00e4tsbetrieb&#8220; erscheint heute am 24. Januar in einer Zeit, in der dieser akademische Betrieb aufgrund der pandemischen Lage seit bald zwei Jahren nur noch auf Sparflamme l\u00e4uft. Viele Studierende hoffen, dass \u00fcberhaupt noch irgendetwas Lebendiges auf dem Campus stattfindet, da aus dem angek\u00fcndigten &#8222;\u00dcbergangssemester&#8220; ein weiteres Online-Semester vom heimischen Schreibtisch aus zu werden droht. Vernetzungen und selbstorganisierter Austausch zwischen Studierenden l\u00f6st sich hierdurch beinahe in Luft auf. Die Kritik an den Formen der Lehre und der Universit\u00e4t im Allgemeinen tritt dabei noch mehr in den Hintergrund. Trotz dieser Ausgangslage wollen wir die Idee hochhalten, sich innerhalb des Universit\u00e4tsbetriebs \u00fcber ihn auszutauschen, dar\u00fcber hinaus zu reflektieren und nicht nur passiv vorgegebene Studieninhalte zu konsumieren. Deshalb wollen wir am Otto-Suhr-Institut mit dieser Zeitschrift eine dauerhafte M\u00f6glichkeit schaffen, die Selbstverst\u00e4ndigung \u00fcber die gesellschaftlichen Probleme der Zeit voranzutreiben und ausgehend von der Universit\u00e4t, aber nicht auf sie begrenzt, Gesellschaftskritik zu \u00fcben.<\/p>\n\n\n\n<p><strong>Erste Ausgabe der <em>explOSIv<\/em><\/strong><br>Das erste Heft setzt sich mit der Universit\u00e4t im Kapitalismus auseinander und ver\u00f6ffentlicht zwei \u00fcber 20 Jahre alte Texte der FSI*OSI neu. Der erste Text handelt vom Konstrukt der Begabung, der zweite vom Verh\u00e4ltnis von Wissenschaft und Wahrheit. Im letzten Teil wird in einem Essay zun\u00e4chst die Bachelor-Studienreform 2019 am OSI beschrieben und dann in ein Verh\u00e4ltnis zu der Gesellschaft gesetzt, in der der Begriff der &#8222;Bildung&#8220; seine Substanz verloren hat und eine Emanzipation aus einer unvern\u00fcnftig eingerichteten Gesellschaft aus dem Bewusstsein heutiger Studierender weitestgehend verdr\u00e4ngt scheint. Schlie\u00dflich wird diskutiert, wo eine ver\u00e4ndernde Praxis (an der Universit\u00e4t) anzusetzen h\u00e4tte.<\/p>\n\n\n\n<p>Die &#8222;explOSIv&#8220; wird heute am 24.01.2022 ver\u00f6ffentlicht und ihr habt <strong>drei Wege, um an das Heft zu kommen<\/strong>:<br>1. Bestellt per E-Mail (explosiv-redaktion@riseup.net) ein Exemplar &#8211; wir brauchen zum Verschicken nur Name &amp; Adresse.<br>2. Ladet euch die PDF-Version <a href=\"#Erste-Ausgabe\">herunter<\/a>.<br>3. Oder ihr nehmt euch einige der Hefte, die wir ab Donnerstag an der FU auslegen.<\/p>\n\n\n\n<p><strong>Lesung<\/strong><br>Am 1. Februar um 19 Uhr stellen wir unser Heft mit einer Lesung vor. Nach einer allgemeinen Einf\u00fchrung lesen wir einzelne Passagen vor und geben anschlie\u00dfend die M\u00f6glichkeit zu diskutieren.<br>Hier ist der Link: <a href=\"https:\/\/fu-berlin.webex.com\/fu-berlin\/j.php?MTID=ma778e189fdf80ea6063db84abfbbc5ec\">https:\/\/fu-berlin.webex.com\/fu-berlin\/j.php?MTID=ma778e189fdf80ea6063db84abfbbc5ec<\/a><br>Passwort: MQvppze3R88<\/p>\n\n\n\n<p>Wir wollen die Kritik der universit\u00e4ren Verh\u00e4ltnisse und der Gesellschaft dauerhaft am Institut etablieren und deshalb &#8222;explOSIv&#8220; auch im n\u00e4chsten Semester fortf\u00fchren. Das zweite Heft soll im Juni 2022 erscheinen. Bei Interesse meldet euch gerne bei uns: explosiv-redaktion@riseup.net. &#8222;explOSIv&#8220; wird zwar von der FSI*OSI herausgegeben, eine Mitarbeit in der Redaktion ist aber nicht daran gebunden am OSI zu studieren oder in der FSI aktiv zu sein.<\/p>\n\n\n\n<p>Wir w\u00fcnschen eine erkenntnisreiche und angenehme Lekt\u00fcre,<br>Die &#8222;explOSIv&#8220;-Redaktion<\/p>\n\n\n\n<h3 class=\"wp-block-heading\" id=\"Erste-Ausgabe\">Erste Ausgabe<\/h3>\n\n\n\n<figure class=\"wp-block-image size-large\"><a href=\"https:\/\/userblogs.fu-berlin.de\/fsi_osi\/files\/2022\/01\/explOSIv-Broschuere_web_mittel.pdf\"><img loading=\"lazy\" decoding=\"async\" width=\"725\" height=\"1024\" src=\"https:\/\/userblogs.fu-berlin.de\/fsi_osi\/files\/2022\/01\/explOSIv-Broschuere_web_Cover_klein-725x1024.jpg\" alt=\"\" class=\"wp-image-601\" srcset=\"https:\/\/userblogs.fu-berlin.de\/fsi_osi\/files\/2022\/01\/explOSIv-Broschuere_web_Cover_klein-725x1024.jpg 725w, https:\/\/userblogs.fu-berlin.de\/fsi_osi\/files\/2022\/01\/explOSIv-Broschuere_web_Cover_klein-212x300.jpg 212w, https:\/\/userblogs.fu-berlin.de\/fsi_osi\/files\/2022\/01\/explOSIv-Broschuere_web_Cover_klein-768x1085.jpg 768w, https:\/\/userblogs.fu-berlin.de\/fsi_osi\/files\/2022\/01\/explOSIv-Broschuere_web_Cover_klein.jpg 1000w\" sizes=\"auto, (max-width: 725px) 85vw, 725px\" \/><\/a><\/figure>\n\n\n\n<p>Zum herunterladen der ersten Ausgabe einfach auf das Cover klicken oder <a href=\"https:\/\/userblogs.fu-berlin.de\/fsi_osi\/files\/2022\/01\/explOSIv-Broschuere_web_mittel.pdf\">hier<\/a> (2MB) bzw. <a href=\"https:\/\/userblogs.fu-berlin.de\/fsi_osi\/files\/2022\/01\/explOSIv-Broschuere_web_gro\u00df.pdf\">hier in besserer Qualit\u00e4t<\/a> (12MB).<\/p>\n\n\n\n<p><strong>Wie bekomme ich ein gedrucktes Exemplar?<\/strong><br>1. Bestellt per E-Mail (explosiv-redaktion@riseup.net) ein Exemplar &#8211; wir brauchen zum Verschicken nur Name &amp; Adresse.<br>2. Oder ihr nehmt euch einige der Hefte, die ab sofort an der FU (OSI, Rost- und Silberlaube, AStA FU, etc.) ausliegen.<\/p>\n\n\n\n<p><strong>Lesung<\/strong><br>Am 1. Februar 2022 um 19 Uhr stellen wir unser Heft mit einer Lesung vor. Nach einer allgemeinen Einf\u00fchrung lesen wir einzelne Passagen vor und geben anschlie\u00dfend die M\u00f6glichkeit zu diskutieren.<br>Hier ist der Link: <a href=\"https:\/\/fu-berlin.webex.com\/fu-berlin\/j.php?MTID=ma778e189fdf80ea6063db84abfbbc5ec\">https:\/\/fu-berlin.webex.com\/fu-berlin\/j.php?MTID=ma778e189fdf80ea6063db84abfbbc5ec<\/a><br>Passwort: MQvppze3R88<\/p>\n\n\n\n<p><strong>Inhaltsverzeichnis<\/strong><br>Dies ist eine \u00dcbersicht der einzelnen Inhalte des Hefts. Die einzelnen Inhalte sind hier ebenfalls als eigenst\u00e4ndige PDF-Dateien herunterladbar.<\/p>\n\n\n\n<p><a href=\"https:\/\/userblogs.fu-berlin.de\/fsi_osi\/files\/2022\/01\/explOSIv-Broschuere_web_0Editorial.pdf\">Editorial<\/a><br><a href=\"https:\/\/userblogs.fu-berlin.de\/fsi_osi\/files\/2022\/01\/explOSIv-Broschuere_web_1Vorbemerkung-zur-Kritik.pdf\">Vorbemerkung zur Kritik<\/a><br><a href=\"https:\/\/userblogs.fu-berlin.de\/fsi_osi\/files\/2022\/01\/explOSIv-Broschuere_web_2Zum-Konstrukt-der-Begabung.pdf\">Zum Konstrukt der Begabung<\/a><br><a href=\"https:\/\/userblogs.fu-berlin.de\/fsi_osi\/files\/2022\/01\/explOSIv-Broschuere_web_3Zum-Verh\u00e4ltnis-von-Wissenschaft-und-Wahrheit.pdf\">Zum Verh\u00e4ltnis von Wissenschaft und Wahrheit<\/a><br><a href=\"https:\/\/userblogs.fu-berlin.de\/fsi_osi\/files\/2022\/01\/explOSIv-Broschuere_web_4Kritik-der-Studienreform-am-OSI.pdf\">Kritik der Studienreform am OSI, des studentischen Engagements und des Bildungsbegriffs<\/a><br><\/p>\n\n\n\n<p><br><\/p>\n\n\n\n<p><\/p>\n\n\n\n<p><\/p>\n","protected":false},"excerpt":{"rendered":"<p>Studentische Zeitschrift herausgegeben von der FSI*OSI. Ank\u00fcndigung zum Release der ersten Ausgabe Die &#8222;explOSIv &#8211; Anmerkungen zum Universit\u00e4tsbetrieb&#8220; erscheint heute am 24. Januar in einer Zeit, in der dieser akademische Betrieb aufgrund der pandemischen Lage seit bald zwei Jahren nur noch auf Sparflamme l\u00e4uft. Viele Studierende hoffen, dass \u00fcberhaupt noch irgendetwas Lebendiges auf dem Campus &hellip; <a href=\"https:\/\/userblogs.fu-berlin.de\/fsi_osi\/explosiv-anmerkungen-zum-universitaetsbetrieb\/\" class=\"more-link\"><span class=\"screen-reader-text\">\u201eexplOSIv  &#8211; Anmerkungen zum Universit\u00e4tsbetrieb\u201c<\/span> weiterlesen<\/a><\/p>\n","protected":false},"author":6097,"featured_media":607,"parent":0,"menu_order":0,"comment_status":"closed","ping_status":"closed","template":"","meta":{"footnotes":""},"class_list":["post-597","page","type-page","status-publish","has-post-thumbnail","hentry"],"_links":{"self":[{"href":"https:\/\/userblogs.fu-berlin.de\/fsi_osi\/wp-json\/wp\/v2\/pages\/597","targetHints":{"allow":["GET"]}}],"collection":[{"href":"https:\/\/userblogs.fu-berlin.de\/fsi_osi\/wp-json\/wp\/v2\/pages"}],"about":[{"href":"https:\/\/userblogs.fu-berlin.de\/fsi_osi\/wp-json\/wp\/v2\/types\/page"}],"author":[{"embeddable":true,"href":"https:\/\/userblogs.fu-berlin.de\/fsi_osi\/wp-json\/wp\/v2\/users\/6097"}],"replies":[{"embeddable":true,"href":"https:\/\/userblogs.fu-berlin.de\/fsi_osi\/wp-json\/wp\/v2\/comments?post=597"}],"version-history":[{"count":8,"href":"https:\/\/userblogs.fu-berlin.de\/fsi_osi\/wp-json\/wp\/v2\/pages\/597\/revisions"}],"predecessor-version":[{"id":619,"href":"https:\/\/userblogs.fu-berlin.de\/fsi_osi\/wp-json\/wp\/v2\/pages\/597\/revisions\/619"}],"wp:featuredmedia":[{"embeddable":true,"href":"https:\/\/userblogs.fu-berlin.de\/fsi_osi\/wp-json\/wp\/v2\/media\/607"}],"wp:attachment":[{"href":"https:\/\/userblogs.fu-berlin.de\/fsi_osi\/wp-json\/wp\/v2\/media?parent=597"}],"curies":[{"name":"wp","href":"https:\/\/api.w.org\/{rel}","templated":true}]}}