{"id":2,"date":"2015-05-07T11:39:48","date_gmt":"2015-05-07T09:39:48","guid":{"rendered":""},"modified":"2016-05-10T16:31:18","modified_gmt":"2016-05-10T14:31:18","slug":"impressum","status":"publish","type":"page","link":"https:\/\/userblogs.fu-berlin.de\/fu-bar\/impressum\/","title":{"rendered":"Impressum"},"content":{"rendered":"<h2>Dienstanbieter:<\/h2>\n<p>Freie Universit\u00e4t Berlin, vertreten durch den <a href=\"https:\/\/www.fu-berlin.de\/einrichtungen\/organe\/praesidium\/praesident\/index.html\" target=\"_self\">Pr\u00e4sidenten<\/a>.<\/p>\n<h2>Anschrift:<\/h2>\n<p>Freie Universit\u00e4t Berlin<br \/>\nPr\u00e4sidium<br \/>\nKaiserswerther Str. 16\/18<br \/>\n14195 Berlin<\/p>\n<h2><strong>Umsatzsteueridentifikationsnummer:<\/strong><\/h2>\n<p>DE 811304768<\/p>\n<h2>Inhaltliche Verantwortung nach \u00a7 55 RfStV:<\/h2>\n<p>Freie Universit\u00e4t Berlin<\/p>\n<p>FU Diagnostik<\/p>\n<p>partner f\u00fcr psychologisches assessment<\/p>\n<p>&nbsp;<\/p>\n<p>Dr. Sibylle Detel<\/p>\n<p>Habelschwerdter Allee 45<\/p>\n<p>Geb\u00e4ude Silberlaube &#8211; Raum JK 26\/122f<\/p>\n<p>14195 Berlin<\/p>\n<p>Email: sibylle.detel[at]fu-berlin.de<\/p>\n<p>Telefon: 030 838 60672<\/p>\n<p>&nbsp;<\/p>\n<h2>Rechtsform:<\/h2>\n<p><span id=\"nps_marker_id_324924362\" class=\"\">Das Webangebot von FU Diagnostik unterliegt dem geltenden\u00a0<a href=\"https:\/\/www.fu-berlin.de\/redaktion\/copyright\/index.html\">Urheberrecht<\/a>. Beachten Sie bitte auch unseren<a title=\"disclaimer\" href=\"https:\/\/www.ewi-psy.fu-berlin.de\/einrichtungen\/weitere\/institut-futur\/impressum\/disclaimer.html\">\u00a0<\/a><a href=\"https:\/\/www.fu-berlin.de\/redaktion\/disclaimer\/index.html\">Haftungsausschluss\/Disclaimer<\/a>.<\/span><\/p>\n<h2>Aufsichtsbeh\u00f6rde<\/h2>\n<p>Aufsichtsbeh\u00f6rde ist die nach \u00a7 89 BerlHG zust\u00e4ndige Berliner Senatsverwaltung f\u00fcr Bildung, Wissenschaft und Forschung.<\/p>\n","protected":false},"excerpt":{"rendered":"<p>Dienstanbieter: Freie Universit\u00e4t Berlin, vertreten durch den Pr\u00e4sidenten. Anschrift: Freie Universit\u00e4t Berlin Pr\u00e4sidium Kaiserswerther Str. 16\/18 14195 Berlin Umsatzsteueridentifikationsnummer: DE 811304768 Inhaltliche Verantwortung nach \u00a7 55 RfStV: Freie Universit\u00e4t Berlin FU Diagnostik partner f\u00fcr psychologisches assessment &nbsp; Dr. Sibylle Detel Habelschwerdter Allee 45 Geb\u00e4ude Silberlaube &#8211; Raum JK 26\/122f 14195 Berlin Email: sibylle.detel[at]fu-berlin.de Telefon: 030 &hellip; <\/p>\n<p class=\"link-more\"><a href=\"https:\/\/userblogs.fu-berlin.de\/fu-bar\/impressum\/\" class=\"more-link\"><span class=\"screen-reader-text\">\u201eImpressum\u201c<\/span> weiterlesen<\/a><\/p>\n","protected":false},"author":2528,"featured_media":0,"parent":0,"menu_order":5,"comment_status":"closed","ping_status":"closed","template":"","meta":{"footnotes":""},"class_list":["post-2","page","type-page","status-publish","hentry"],"_links":{"self":[{"href":"https:\/\/userblogs.fu-berlin.de\/fu-bar\/wp-json\/wp\/v2\/pages\/2","targetHints":{"allow":["GET"]}}],"collection":[{"href":"https:\/\/userblogs.fu-berlin.de\/fu-bar\/wp-json\/wp\/v2\/pages"}],"about":[{"href":"https:\/\/userblogs.fu-berlin.de\/fu-bar\/wp-json\/wp\/v2\/types\/page"}],"author":[{"embeddable":true,"href":"https:\/\/userblogs.fu-berlin.de\/fu-bar\/wp-json\/wp\/v2\/users\/2528"}],"replies":[{"embeddable":true,"href":"https:\/\/userblogs.fu-berlin.de\/fu-bar\/wp-json\/wp\/v2\/comments?post=2"}],"version-history":[{"count":3,"href":"https:\/\/userblogs.fu-berlin.de\/fu-bar\/wp-json\/wp\/v2\/pages\/2\/revisions"}],"predecessor-version":[{"id":279,"href":"https:\/\/userblogs.fu-berlin.de\/fu-bar\/wp-json\/wp\/v2\/pages\/2\/revisions\/279"}],"wp:attachment":[{"href":"https:\/\/userblogs.fu-berlin.de\/fu-bar\/wp-json\/wp\/v2\/media?parent=2"}],"curies":[{"name":"wp","href":"https:\/\/api.w.org\/{rel}","templated":true}]}}