{"id":281,"date":"2016-05-10T16:37:52","date_gmt":"2016-05-10T14:37:52","guid":{"rendered":"https:\/\/userblogs.fu-berlin.de\/fu-bar\/?page_id=281"},"modified":"2016-06-13T13:15:17","modified_gmt":"2016-06-13T11:15:17","slug":"programm","status":"publish","type":"page","link":"https:\/\/userblogs.fu-berlin.de\/fu-bar\/2-fu-bar-2\/programm\/","title":{"rendered":"Programm"},"content":{"rendered":"<p>Ab 17 Uhr m\u00f6chten wir Sie in den <a href=\"https:\/\/userblogs.fu-berlin.de\/fu-bar\/kontakt-2\/\">R\u00e4umlichkeiten von FU Diagnostik<\/a> sowie im angrenzenden Innenhof begr\u00fc\u00dfen.<\/p>\n<p><a href=\"https:\/\/userblogs.fu-berlin.de\/fu-bar\/files\/2016\/06\/Programm-2-FU-bar.jpg\"><img loading=\"lazy\" decoding=\"async\" class=\"aligncenter wp-image-309 size-large\" src=\"https:\/\/userblogs.fu-berlin.de\/fu-bar\/files\/2016\/06\/Programm-2-FU-bar-908x1024.jpg\" alt=\"Programm-2-FU bar\" width=\"584\" height=\"659\" srcset=\"https:\/\/userblogs.fu-berlin.de\/fu-bar\/files\/2016\/06\/Programm-2-FU-bar-908x1024.jpg 908w, https:\/\/userblogs.fu-berlin.de\/fu-bar\/files\/2016\/06\/Programm-2-FU-bar-266x300.jpg 266w, https:\/\/userblogs.fu-berlin.de\/fu-bar\/files\/2016\/06\/Programm-2-FU-bar-768x866.jpg 768w, https:\/\/userblogs.fu-berlin.de\/fu-bar\/files\/2016\/06\/Programm-2-FU-bar.jpg 980w\" sizes=\"auto, (max-width: 584px) 100vw, 584px\" \/><\/a><\/p>\n","protected":false},"excerpt":{"rendered":"<p>Ab 17 Uhr m\u00f6chten wir Sie in den R\u00e4umlichkeiten von FU Diagnostik sowie im angrenzenden Innenhof begr\u00fc\u00dfen.<\/p>\n","protected":false},"author":2531,"featured_media":0,"parent":274,"menu_order":0,"comment_status":"closed","ping_status":"closed","template":"","meta":{"footnotes":""},"class_list":["post-281","page","type-page","status-publish","hentry"],"_links":{"self":[{"href":"https:\/\/userblogs.fu-berlin.de\/fu-bar\/wp-json\/wp\/v2\/pages\/281","targetHints":{"allow":["GET"]}}],"collection":[{"href":"https:\/\/userblogs.fu-berlin.de\/fu-bar\/wp-json\/wp\/v2\/pages"}],"about":[{"href":"https:\/\/userblogs.fu-berlin.de\/fu-bar\/wp-json\/wp\/v2\/types\/page"}],"author":[{"embeddable":true,"href":"https:\/\/userblogs.fu-berlin.de\/fu-bar\/wp-json\/wp\/v2\/users\/2531"}],"replies":[{"embeddable":true,"href":"https:\/\/userblogs.fu-berlin.de\/fu-bar\/wp-json\/wp\/v2\/comments?post=281"}],"version-history":[{"count":12,"href":"https:\/\/userblogs.fu-berlin.de\/fu-bar\/wp-json\/wp\/v2\/pages\/281\/revisions"}],"predecessor-version":[{"id":319,"href":"https:\/\/userblogs.fu-berlin.de\/fu-bar\/wp-json\/wp\/v2\/pages\/281\/revisions\/319"}],"up":[{"embeddable":true,"href":"https:\/\/userblogs.fu-berlin.de\/fu-bar\/wp-json\/wp\/v2\/pages\/274"}],"wp:attachment":[{"href":"https:\/\/userblogs.fu-berlin.de\/fu-bar\/wp-json\/wp\/v2\/media?parent=281"}],"curies":[{"name":"wp","href":"https:\/\/api.w.org\/{rel}","templated":true}]}}