{"id":322,"date":"2016-06-13T13:45:42","date_gmt":"2016-06-13T11:45:42","guid":{"rendered":"https:\/\/userblogs.fu-berlin.de\/fu-bar\/?page_id=322"},"modified":"2016-07-22T10:42:28","modified_gmt":"2016-07-22T08:42:28","slug":"spendenaktion","status":"publish","type":"page","link":"https:\/\/userblogs.fu-berlin.de\/fu-bar\/2-fu-bar-2\/programm\/spendenaktion\/","title":{"rendered":"Spendenaktion"},"content":{"rendered":"<p>Mit der diesj\u00e4hrigen Spendenaktion m\u00f6chten wir die Initiative Diagnostics across borders unterst\u00fctzen, die sich mit der Adaptation von diagnostischen Instrumenten f\u00fcr Gefl\u00fcchtete besch\u00e4ftigt.<a href=\"https:\/\/userblogs.fu-berlin.de\/fu-bar\/?page_id=345&amp;preview=true\"><strong> Erfahren Sie mehr \u00fcber diagnostics across borders<\/strong><\/a><\/p>\n<p><a href=\"https:\/\/userblogs.fu-berlin.de\/fu-bar\/files\/2016\/06\/Logo.png\"><img loading=\"lazy\" decoding=\"async\" class=\"size-full wp-image-325 aligncenter\" src=\"https:\/\/userblogs.fu-berlin.de\/fu-bar\/files\/2016\/06\/Logo.png\" alt=\"Logo\" width=\"754\" height=\"120\" srcset=\"https:\/\/userblogs.fu-berlin.de\/fu-bar\/files\/2016\/06\/Logo.png 754w, https:\/\/userblogs.fu-berlin.de\/fu-bar\/files\/2016\/06\/Logo-300x48.png 300w, https:\/\/userblogs.fu-berlin.de\/fu-bar\/files\/2016\/06\/Logo-500x80.png 500w\" sizes=\"auto, (max-width: 706px) 89vw, (max-width: 767px) 82vw, 740px\" \/><\/a><\/p>\n<p>Die rund 40 G\u00e4ste konnten bei der 2. FU bar ihre Leistungsmotivation mit dem Objektiven Leistungsmotivations-Test (OLMT) ermitteln lassen. Dabei handelt es sich um einen computergest\u00fctzten Leistungstest, bei dem man durch zwei Tasten, \u201elinks\u201c und \u201erechts\u201c, unter verschiedenen Bedingungen einen virtuellen Weg zur\u00fccklegt und somit die motivationsabh\u00e4ngige Leistung vorhergesagt werden kann. An diesem Abend wurde der High-Score von 85 erzielt. FU Diagnostik verdreifacht diesen Wert und spendet die Summe von <strong>255\u20ac<\/strong> an diagnostics across boarders.<\/p>\n<p><a href=\"https:\/\/userblogs.fu-berlin.de\/fu-bar\/files\/2016\/06\/IMG_5747.jpg\"><img loading=\"lazy\" decoding=\"async\" class=\"alignnone wp-image-400\" src=\"https:\/\/userblogs.fu-berlin.de\/fu-bar\/files\/2016\/06\/IMG_5747-225x300.jpg\" alt=\"Highscore- \u00dcbersicht\" width=\"243\" height=\"320\" \/><\/a><\/p>\n<p>_________________________________________________________________________<\/p>\n<p>Im letzten Jahr haben alle Teilnehmenden der 1. FU bar Ballons f\u00fcr <strong>Kiezsprossen e.V.<\/strong> platzen lassen. Die h\u00f6chste erreichte Punktzahl hat Stefan Krumm dann an den Verein, der kreative Bildungsprojekte an Berliner Schulen organisiert, gespendet.<\/p>\n<p><strong>Insgesamt 219 \u20ac!!!<\/strong><a href=\"https:\/\/userblogs.fu-berlin.de\/fu-bar\/files\/2016\/06\/trust-1287765.jpg\"><img loading=\"lazy\" decoding=\"async\" class=\"aligncenter size-medium wp-image-323\" src=\"https:\/\/userblogs.fu-berlin.de\/fu-bar\/files\/2016\/06\/trust-1287765-300x100.jpg\" alt=\"trust-1287765\" width=\"300\" height=\"100\" srcset=\"https:\/\/userblogs.fu-berlin.de\/fu-bar\/files\/2016\/06\/trust-1287765-300x100.jpg 300w, https:\/\/userblogs.fu-berlin.de\/fu-bar\/files\/2016\/06\/trust-1287765-768x256.jpg 768w, https:\/\/userblogs.fu-berlin.de\/fu-bar\/files\/2016\/06\/trust-1287765-1024x341.jpg 1024w, https:\/\/userblogs.fu-berlin.de\/fu-bar\/files\/2016\/06\/trust-1287765-500x166.jpg 500w\" sizes=\"auto, (max-width: 300px) 100vw, 300px\" \/><\/a><\/p>\n<p>Kiezsprossen begann mit dem Ziel, Kunst f\u00fcr Berliner Jugendliche aus allen Schichten zug\u00e4ngig zu machen. <a href=\"https:\/\/userblogs.fu-berlin.de\/fu-bar\/ spendenaktion-infos\"><strong>Erfahren Sie mehr \u00fcber Kiezsprossen e.V.<\/strong><\/a><\/p>\n<p>&nbsp;<\/p>\n<p>&nbsp;<\/p>\n","protected":false},"excerpt":{"rendered":"<p>Mit der diesj\u00e4hrigen Spendenaktion m\u00f6chten wir die Initiative Diagnostics across borders unterst\u00fctzen, die sich mit der Adaptation von diagnostischen Instrumenten f\u00fcr Gefl\u00fcchtete besch\u00e4ftigt. Erfahren Sie mehr \u00fcber diagnostics across borders Die rund 40 G\u00e4ste konnten bei der 2. FU bar ihre Leistungsmotivation mit dem Objektiven Leistungsmotivations-Test (OLMT) ermitteln lassen. Dabei handelt es sich um einen &hellip; <\/p>\n<p class=\"link-more\"><a href=\"https:\/\/userblogs.fu-berlin.de\/fu-bar\/2-fu-bar-2\/programm\/spendenaktion\/\" class=\"more-link\"><span class=\"screen-reader-text\">\u201eSpendenaktion\u201c<\/span> weiterlesen<\/a><\/p>\n","protected":false},"author":2531,"featured_media":0,"parent":281,"menu_order":0,"comment_status":"closed","ping_status":"closed","template":"","meta":{"footnotes":""},"class_list":["post-322","page","type-page","status-publish","hentry"],"_links":{"self":[{"href":"https:\/\/userblogs.fu-berlin.de\/fu-bar\/wp-json\/wp\/v2\/pages\/322","targetHints":{"allow":["GET"]}}],"collection":[{"href":"https:\/\/userblogs.fu-berlin.de\/fu-bar\/wp-json\/wp\/v2\/pages"}],"about":[{"href":"https:\/\/userblogs.fu-berlin.de\/fu-bar\/wp-json\/wp\/v2\/types\/page"}],"author":[{"embeddable":true,"href":"https:\/\/userblogs.fu-berlin.de\/fu-bar\/wp-json\/wp\/v2\/users\/2531"}],"replies":[{"embeddable":true,"href":"https:\/\/userblogs.fu-berlin.de\/fu-bar\/wp-json\/wp\/v2\/comments?post=322"}],"version-history":[{"count":16,"href":"https:\/\/userblogs.fu-berlin.de\/fu-bar\/wp-json\/wp\/v2\/pages\/322\/revisions"}],"predecessor-version":[{"id":402,"href":"https:\/\/userblogs.fu-berlin.de\/fu-bar\/wp-json\/wp\/v2\/pages\/322\/revisions\/402"}],"up":[{"embeddable":true,"href":"https:\/\/userblogs.fu-berlin.de\/fu-bar\/wp-json\/wp\/v2\/pages\/281"}],"wp:attachment":[{"href":"https:\/\/userblogs.fu-berlin.de\/fu-bar\/wp-json\/wp\/v2\/media?parent=322"}],"curies":[{"name":"wp","href":"https:\/\/api.w.org\/{rel}","templated":true}]}}