{"id":345,"date":"2016-07-14T13:58:34","date_gmt":"2016-07-14T11:58:34","guid":{"rendered":"https:\/\/userblogs.fu-berlin.de\/fu-bar\/?page_id=345"},"modified":"2016-07-15T16:44:55","modified_gmt":"2016-07-15T14:44:55","slug":"spendenaktion-infos-dab","status":"publish","type":"page","link":"https:\/\/userblogs.fu-berlin.de\/fu-bar\/2-fu-bar-2\/programm\/spendenaktion\/spendenaktion-infos-dab\/","title":{"rendered":"Spendenaktion Infos 2016"},"content":{"rendered":"<p>Informationen zu &#8222;Diagnostics across borders&#8220;:<\/p>\n<p>Beratung und psychologische Betreuung von Menschen ist stets nur so gut, wie die zugrundeliegende Diagnostik. Dazu steht f\u00fcr den deutschen Sprach- und Kulturraum eine Vielzahl an diagnostischen Verfahren (psychologischen Tests) zur Verf\u00fcgung. F\u00fcr Gefl\u00fcchtete, die in Deutschland aufgenommen wurden, liegen hingegen selten diagnostische Verfahren in ihrer Heimatsprache vor. Psychologische Berater und Therapeuten m\u00fcssen daher meist auf qualitativ unzureichende diagnostische Methoden zur\u00fcckgreifen (meist durch Dolmetscher begleitete Gespr\u00e4che). Diagnostics across borders erstellt aktuell eine Online-Plattform, auf der sich jeder\/e \u00fcber bereits vorhandene oder adaptierte Verfahren informieren kann. Mittelfristig werden weitere Instrumente f\u00fcr therapeutische sowie auch eignungsdiagnostische Bedarfe in die notwendigen Sprachen \u00fcbersetzt und gegebenenfalls an andere Kulturr\u00e4ume angepasst.<\/p>\n<p>Im November 2015 wurde die Initiative von Berliner und Brandenburger Wissenschaftlern\/innen der Freien Universit\u00e4t, der Humboldt Universit\u00e4t, der Psychologischen Hochschule Berlin sowie der Universit\u00e4t Potsdam mit diagnostischem Arbeitsschwerpunkt ins Leben gerufen. Viele ehrenamtlich t\u00e4tige Studierende unterst\u00fctzen die Initiative. Mit den Spendengeldern k\u00f6nnen zertifizierte \u00dcbersetzer bezahlt und Testverfahren in der Praxis adaptiert werden.<\/p>\n","protected":false},"excerpt":{"rendered":"<p>Informationen zu &#8222;Diagnostics across borders&#8220;: Beratung und psychologische Betreuung von Menschen ist stets nur so gut, wie die zugrundeliegende Diagnostik. Dazu steht f\u00fcr den deutschen Sprach- und Kulturraum eine Vielzahl an diagnostischen Verfahren (psychologischen Tests) zur Verf\u00fcgung. F\u00fcr Gefl\u00fcchtete, die in Deutschland aufgenommen wurden, liegen hingegen selten diagnostische Verfahren in ihrer Heimatsprache vor. Psychologische Berater &hellip; <\/p>\n<p class=\"link-more\"><a href=\"https:\/\/userblogs.fu-berlin.de\/fu-bar\/2-fu-bar-2\/programm\/spendenaktion\/spendenaktion-infos-dab\/\" class=\"more-link\"><span class=\"screen-reader-text\">\u201eSpendenaktion Infos 2016\u201c<\/span> weiterlesen<\/a><\/p>\n","protected":false},"author":3017,"featured_media":0,"parent":322,"menu_order":0,"comment_status":"closed","ping_status":"closed","template":"","meta":{"footnotes":""},"class_list":["post-345","page","type-page","status-publish","hentry"],"_links":{"self":[{"href":"https:\/\/userblogs.fu-berlin.de\/fu-bar\/wp-json\/wp\/v2\/pages\/345","targetHints":{"allow":["GET"]}}],"collection":[{"href":"https:\/\/userblogs.fu-berlin.de\/fu-bar\/wp-json\/wp\/v2\/pages"}],"about":[{"href":"https:\/\/userblogs.fu-berlin.de\/fu-bar\/wp-json\/wp\/v2\/types\/page"}],"author":[{"embeddable":true,"href":"https:\/\/userblogs.fu-berlin.de\/fu-bar\/wp-json\/wp\/v2\/users\/3017"}],"replies":[{"embeddable":true,"href":"https:\/\/userblogs.fu-berlin.de\/fu-bar\/wp-json\/wp\/v2\/comments?post=345"}],"version-history":[{"count":5,"href":"https:\/\/userblogs.fu-berlin.de\/fu-bar\/wp-json\/wp\/v2\/pages\/345\/revisions"}],"predecessor-version":[{"id":388,"href":"https:\/\/userblogs.fu-berlin.de\/fu-bar\/wp-json\/wp\/v2\/pages\/345\/revisions\/388"}],"up":[{"embeddable":true,"href":"https:\/\/userblogs.fu-berlin.de\/fu-bar\/wp-json\/wp\/v2\/pages\/322"}],"wp:attachment":[{"href":"https:\/\/userblogs.fu-berlin.de\/fu-bar\/wp-json\/wp\/v2\/media?parent=345"}],"curies":[{"name":"wp","href":"https:\/\/api.w.org\/{rel}","templated":true}]}}