{"id":48,"date":"2015-05-07T13:52:16","date_gmt":"2015-05-07T11:52:16","guid":{"rendered":"https:\/\/userblogs.fu-berlin.de\/fu-bar\/?page_id=48"},"modified":"2015-08-11T11:50:58","modified_gmt":"2015-08-11T09:50:58","slug":"home","status":"publish","type":"page","link":"https:\/\/userblogs.fu-berlin.de\/fu-bar\/","title":{"rendered":"FU Diagnostik"},"content":{"rendered":"<div class=\"entry-content\">\n<h2><strong><em><span style=\"color: #333663\">Aus der Wissenschaft in die Praxis.\u00a0<\/span><\/em><\/strong><\/h2>\n<h2><strong><em><span style=\"color: #333663\">\u00a0 \u00a0 \u00a0 \u00a0 \u00a0 \u00a0 \u00a0 \u00a0 \u00a0 \u00a0 \u00a0 Von der Praxis in die\u00a0<\/span><span style=\"color: #333663\">Wissenschaft.<\/span><\/em><\/strong><\/h2>\n<h2><span style=\"color: #333663\"><img loading=\"lazy\" decoding=\"async\" class=\"  wp-image-95 aligncenter\" src=\"https:\/\/userblogs.fu-berlin.de\/fu-bar\/files\/2015\/05\/095_klein-300x205.jpg\" alt=\"095_klein\" width=\"345\" height=\"240\" \/> <\/span><\/h2>\n<h3>FU Diagnostik ist eine Einrichtung der Freien Universit\u00e4t Berlin. Wir bieten hochwertige Beratung und Unterst\u00fctzung in Bereichen der psychologischen Diagnostik f\u00fcr Unternehmen, Organisationen und Einzelpersonen. Unser Fokus liegt dabei auf der Gestaltung von Verfahren f\u00fcr die Personalauswahl und -entwicklung.<\/h3>\n<p>&nbsp;<\/p>\n<h3><span style=\"color: #003366\">Es ist uns besonders wichtig, aktuelle Erkenntnisse aus der Forschung in die Praxis zu \u00fcbertragen, sowie auch anwendungsorientierte Forschung voranzutreiben. In unserem Team erg\u00e4nzen sich daher wissenschaftliches Handwerkszeug und praktische Erfahrungen in vielf\u00e4ltiger Weise.<br \/>\n<\/span><\/h3>\n<p>&nbsp;<\/p>\n<h4>Sie finden uns im Internet unter:<\/h4>\n<h3><a href=\"https:\/\/www.fu-diagnostik.de\">https:\/\/www.fu-diagnostik.de<\/a><\/h3>\n<p><a href=\"https:\/\/userblogs.fu-berlin.de\/fu-bar\/files\/2015\/05\/FUdiag.jpg\"><img loading=\"lazy\" decoding=\"async\" class=\" size-medium wp-image-87 alignleft\" src=\"https:\/\/userblogs.fu-berlin.de\/fu-bar\/files\/2015\/05\/FUdiag-300x74.jpg\" alt=\"FUdiag\" width=\"300\" height=\"74\" srcset=\"https:\/\/userblogs.fu-berlin.de\/fu-bar\/files\/2015\/05\/FUdiag-300x74.jpg 300w, https:\/\/userblogs.fu-berlin.de\/fu-bar\/files\/2015\/05\/FUdiag-1024x253.jpg 1024w, https:\/\/userblogs.fu-berlin.de\/fu-bar\/files\/2015\/05\/FUdiag-200x49.jpg 200w, https:\/\/userblogs.fu-berlin.de\/fu-bar\/files\/2015\/05\/FUdiag.jpg 1264w\" sizes=\"auto, (max-width: 300px) 100vw, 300px\" \/><\/a><\/p>\n<\/div>\n","protected":false},"excerpt":{"rendered":"<p>Aus der Wissenschaft in die Praxis.\u00a0 \u00a0 \u00a0 \u00a0 \u00a0 \u00a0 \u00a0 \u00a0 \u00a0 \u00a0 \u00a0 \u00a0 Von der Praxis in die\u00a0Wissenschaft. FU Diagnostik ist eine Einrichtung der Freien Universit\u00e4t Berlin. Wir bieten hochwertige Beratung und Unterst\u00fctzung in Bereichen der psychologischen Diagnostik f\u00fcr Unternehmen, Organisationen und Einzelpersonen. Unser Fokus liegt dabei auf der Gestaltung von &hellip; <\/p>\n<p class=\"link-more\"><a href=\"https:\/\/userblogs.fu-berlin.de\/fu-bar\/\" class=\"more-link\"><span class=\"screen-reader-text\">\u201eFU Diagnostik\u201c<\/span> weiterlesen<\/a><\/p>\n","protected":false},"author":1082,"featured_media":0,"parent":0,"menu_order":1,"comment_status":"closed","ping_status":"closed","template":"","meta":{"footnotes":""},"class_list":["post-48","page","type-page","status-publish","hentry"],"_links":{"self":[{"href":"https:\/\/userblogs.fu-berlin.de\/fu-bar\/wp-json\/wp\/v2\/pages\/48","targetHints":{"allow":["GET"]}}],"collection":[{"href":"https:\/\/userblogs.fu-berlin.de\/fu-bar\/wp-json\/wp\/v2\/pages"}],"about":[{"href":"https:\/\/userblogs.fu-berlin.de\/fu-bar\/wp-json\/wp\/v2\/types\/page"}],"author":[{"embeddable":true,"href":"https:\/\/userblogs.fu-berlin.de\/fu-bar\/wp-json\/wp\/v2\/users\/1082"}],"replies":[{"embeddable":true,"href":"https:\/\/userblogs.fu-berlin.de\/fu-bar\/wp-json\/wp\/v2\/comments?post=48"}],"version-history":[{"count":23,"href":"https:\/\/userblogs.fu-berlin.de\/fu-bar\/wp-json\/wp\/v2\/pages\/48\/revisions"}],"predecessor-version":[{"id":116,"href":"https:\/\/userblogs.fu-berlin.de\/fu-bar\/wp-json\/wp\/v2\/pages\/48\/revisions\/116"}],"wp:attachment":[{"href":"https:\/\/userblogs.fu-berlin.de\/fu-bar\/wp-json\/wp\/v2\/media?parent=48"}],"curies":[{"name":"wp","href":"https:\/\/api.w.org\/{rel}","templated":true}]}}