{"id":65,"date":"2015-05-08T12:35:56","date_gmt":"2015-05-08T10:35:56","guid":{"rendered":"https:\/\/userblogs.fu-berlin.de\/fu-bar\/?page_id=65"},"modified":"2016-05-10T16:29:43","modified_gmt":"2016-05-10T14:29:43","slug":"kontakt-2","status":"publish","type":"page","link":"https:\/\/userblogs.fu-berlin.de\/fu-bar\/kontakt-2\/","title":{"rendered":"Kontakt"},"content":{"rendered":"<p><strong>Gesch\u00e4ftsf\u00fchrung:<\/strong><\/p>\n<p>Dr. Sibylle Detel<br \/>\nE-Mail: sibylle.detel@fu-berlin.de<br \/>\nTelefon: (030) 838-60672<\/p>\n<p><em>FU Diagnostik befindet sich im S\u00fcden von Berlin, im gr\u00fcnen Stadtteil Dahlem auf dem Campus der Freien Universit\u00e4t (&#8222;Silberlaube&#8220;). Sie erreichen uns bequem mit \u00f6ffentlichen Verkehrsmitteln sowie auch mit dem Auto.<\/em><\/p>\n<p><strong>Unsere Anschrift lautet:<\/strong><\/p>\n<p>Freie Universit\u00e4t<br \/>\nFU Diagnostik<br \/>\npartner f\u00fcr psychologisches assessment<\/p>\n<p>Habelschwerdter Allee 45<br \/>\n14195 Berlin<br \/>\nRaum JK 26\/122e<\/p>\n<p>&nbsp;<\/p>\n<p><strong>Mit \u00f6ffentlichen Verkehrsmitteln<\/strong><\/p>\n<p>U-Bahn:<\/p>\n<p>Linie U3 bis zur Station &#8218;Dahlem-Dorf&#8216; (von dort ca. 7 Min. Fu\u00dfweg)<br \/>\nLinie U9 bis &#8218;Rathaus Steglitz&#8216; und dann mit dem Bus X83 bis &#8218;Dahlem-Dorf&#8216;<\/p>\n<p>S-Bahn:<\/p>\n<p>Linie S1 bis &#8218;Rathaus Steglitz&#8216; und dann mit dem Bus X83 bis &#8218;Dahlem-Dorf&#8216;, bzw. mit der Linie S1 bis &#8218;Lichterfelde West&#8216; und weiter mit dem Bus X11 oder M11 bis zur Haltestelle &#8218;Hittorfstrasse&#8216;<\/p>\n<p>Linie S41 und S42 (S-Bahn-Ring) bis &#8218;Heidelberger Platz&#8216;, dort umsteigen in die U3 nach &#8218;Dahlem-Dorf&#8216;<\/p>\n<p>Bus:<\/p>\n<p>Nehmen Sie den Bus X83 von der S-Bahn Stationen &#8218;Rathaus Steglitz&#8216; (S1) bis &#8218;Dahlem-Dorf&#8216; oder den Expressbus X11 bzw. den Metrobus M11 (ab S-Bahn &#8218;Lichterfelde West&#8216;, vgl. oben) &#8211; die Haltestelle \u2019Hittorfstrasse.\u2019 an der Habelschwerdter Allee liegt direkt vor dem Eingang zur Rost- und Silberlaube.<\/p>\n<p><strong>Mit dem Auto<\/strong><br \/>\nIn der Fabeckstrasse steht direkt vor der Silberlaube ein gro\u00dfer Parkplatz zur Verf\u00fcgung. Sie erreichen Berlin-Dahlem von der Stadtautobahn A 100 aus \u00fcber<\/p>\n<ul>\n<li>das Kreuz Willmersdorf und die A 104 bis Breitenbachplatz (ab hier ist ein Navi hilfreich)<\/li>\n<li>das Kreuz Steglitz und die A 103 bis zum Autobahnende in Steglitz und die Schlo\u00dfstr.\/Unter den Eichen, von wo Sie rechts in die Fabeckstr. abbiegen k\u00f6nnen.<\/li>\n<\/ul>\n<p><strong>Raumplan<\/strong><\/p>\n<p>Unter folgendem Link finden Sie einen Raumplan der Rost- und Silberlaube der Freien Universit\u00e4t Berlin: <span style=\"color: #99cc00\"><a style=\"color: #99cc00\" href=\"https:\/\/userblogs.fu-berlin.de\/fu-bar\/files\/2015\/05\/Raumplan.pdf\" target=\"_blank\">Raumplan<\/a><\/span><\/p>\n<p>&nbsp;<\/p>\n<p>&nbsp;<\/p>\n","protected":false},"excerpt":{"rendered":"<p>Gesch\u00e4ftsf\u00fchrung: Dr. Sibylle Detel E-Mail: sibylle.detel@fu-berlin.de Telefon: (030) 838-60672 FU Diagnostik befindet sich im S\u00fcden von Berlin, im gr\u00fcnen Stadtteil Dahlem auf dem Campus der Freien Universit\u00e4t (&#8222;Silberlaube&#8220;). Sie erreichen uns bequem mit \u00f6ffentlichen Verkehrsmitteln sowie auch mit dem Auto. Unsere Anschrift lautet: Freie Universit\u00e4t FU Diagnostik partner f\u00fcr psychologisches assessment Habelschwerdter Allee 45 14195 &hellip; <\/p>\n<p class=\"link-more\"><a href=\"https:\/\/userblogs.fu-berlin.de\/fu-bar\/kontakt-2\/\" class=\"more-link\"><span class=\"screen-reader-text\">\u201eKontakt\u201c<\/span> weiterlesen<\/a><\/p>\n","protected":false},"author":2528,"featured_media":0,"parent":0,"menu_order":4,"comment_status":"closed","ping_status":"closed","template":"","meta":{"footnotes":""},"class_list":["post-65","page","type-page","status-publish","hentry"],"_links":{"self":[{"href":"https:\/\/userblogs.fu-berlin.de\/fu-bar\/wp-json\/wp\/v2\/pages\/65","targetHints":{"allow":["GET"]}}],"collection":[{"href":"https:\/\/userblogs.fu-berlin.de\/fu-bar\/wp-json\/wp\/v2\/pages"}],"about":[{"href":"https:\/\/userblogs.fu-berlin.de\/fu-bar\/wp-json\/wp\/v2\/types\/page"}],"author":[{"embeddable":true,"href":"https:\/\/userblogs.fu-berlin.de\/fu-bar\/wp-json\/wp\/v2\/users\/2528"}],"replies":[{"embeddable":true,"href":"https:\/\/userblogs.fu-berlin.de\/fu-bar\/wp-json\/wp\/v2\/comments?post=65"}],"version-history":[{"count":22,"href":"https:\/\/userblogs.fu-berlin.de\/fu-bar\/wp-json\/wp\/v2\/pages\/65\/revisions"}],"predecessor-version":[{"id":278,"href":"https:\/\/userblogs.fu-berlin.de\/fu-bar\/wp-json\/wp\/v2\/pages\/65\/revisions\/278"}],"wp:attachment":[{"href":"https:\/\/userblogs.fu-berlin.de\/fu-bar\/wp-json\/wp\/v2\/media?parent=65"}],"curies":[{"name":"wp","href":"https:\/\/api.w.org\/{rel}","templated":true}]}}