{"id":19,"date":"2022-02-24T14:05:54","date_gmt":"2022-02-24T13:05:54","guid":{"rendered":"https:\/\/userblogs.fu-berlin.de\/furad\/?page_id=19"},"modified":"2023-04-15T20:47:04","modified_gmt":"2023-04-15T18:47:04","slug":"home","status":"publish","type":"page","link":"https:\/\/userblogs.fu-berlin.de\/furad\/","title":{"rendered":"Home"},"content":{"rendered":"\n<h2 class=\"has-text-align-center has-contrast-color has-text-color wp-block-heading\"><br \/>\ud83c\udde9\ud83c\uddea Willkommen!<br \/>\ud83c\uddec\ud83c\udde7 Wecome!<\/h2>\n\n\n\n<div class=\"wp-block-group is-vertical is-content-justification-center is-nowrap is-layout-flex wp-container-core-group-is-layout-73832be3 wp-block-group-is-layout-flex\">\n<p class=\"has-text-align-left has-medium-font-size\">Wir sind FUrad, die ehrenamtliche Fahrrad-Selbsthilfewerkstatt an der FU Berlin<br \/>We are FUrad, the volunteer bicycle DIY workshop at Freie Universit\u00e4t Berlin<\/p>\n\n\n\n<p style=\"font-size:29px\">\ud83d\udeb2\ud83d\ude23\u2754 \u27a1\ufe0f \ud83d\udd27\ud83e\ude9b\ud83d\ude04\ud83d\udeb2<\/p>\n\n\n\n<figure class=\"wp-block-gallery has-nested-images columns-5 is-cropped wp-block-gallery-1 is-layout-flex wp-block-gallery-is-layout-flex\">\n<figure class=\"wp-block-image size-thumbnail\"><a href=\"https:\/\/userblogs.fu-berlin.de\/furad\/files\/2022\/08\/photo011.jpg\"><img loading=\"lazy\" decoding=\"async\" width=\"150\" height=\"150\" data-id=\"329\" src=\"https:\/\/userblogs.fu-berlin.de\/furad\/files\/2022\/08\/photo011-150x150.jpg\" alt=\"\" class=\"wp-image-329\" srcset=\"https:\/\/userblogs.fu-berlin.de\/furad\/files\/2022\/08\/photo011-150x150.jpg 150w, https:\/\/userblogs.fu-berlin.de\/furad\/files\/2022\/08\/photo011-48x48.jpg 48w, https:\/\/userblogs.fu-berlin.de\/furad\/files\/2022\/08\/photo011-300x300.jpg 300w\" sizes=\"auto, (max-width: 150px) 100vw, 150px\" \/><\/a><\/figure>\n\n\n\n<figure class=\"wp-block-image size-large\"><a href=\"https:\/\/userblogs.fu-berlin.de\/furad\/files\/2022\/08\/Download-1.jpg\"><img loading=\"lazy\" decoding=\"async\" width=\"1024\" height=\"1024\" data-id=\"280\" src=\"https:\/\/userblogs.fu-berlin.de\/furad\/files\/2022\/08\/Download-1-1024x1024.jpg\" alt=\"\" class=\"wp-image-280\" srcset=\"https:\/\/userblogs.fu-berlin.de\/furad\/files\/2022\/08\/Download-1-1024x1024.jpg 1024w, https:\/\/userblogs.fu-berlin.de\/furad\/files\/2022\/08\/Download-1-300x300.jpg 300w, https:\/\/userblogs.fu-berlin.de\/furad\/files\/2022\/08\/Download-1-150x150.jpg 150w, https:\/\/userblogs.fu-berlin.de\/furad\/files\/2022\/08\/Download-1-768x768.jpg 768w, https:\/\/userblogs.fu-berlin.de\/furad\/files\/2022\/08\/Download-1-48x48.jpg 48w, https:\/\/userblogs.fu-berlin.de\/furad\/files\/2022\/08\/Download-1-250x250.jpg 250w, https:\/\/userblogs.fu-berlin.de\/furad\/files\/2022\/08\/Download-1-550x550.jpg 550w, https:\/\/userblogs.fu-berlin.de\/furad\/files\/2022\/08\/Download-1-800x800.jpg 800w, https:\/\/userblogs.fu-berlin.de\/furad\/files\/2022\/08\/Download-1-180x180.jpg 180w, https:\/\/userblogs.fu-berlin.de\/furad\/files\/2022\/08\/Download-1-500x500.jpg 500w, https:\/\/userblogs.fu-berlin.de\/furad\/files\/2022\/08\/Download-1.jpg 1080w\" sizes=\"auto, (max-width: 1024px) 100vw, 1024px\" \/><\/a><\/figure>\n\n\n\n<figure class=\"wp-block-image size-large is-style-default\"><a href=\"https:\/\/userblogs.fu-berlin.de\/furad\/files\/2022\/08\/Download-2.jpg\"><img loading=\"lazy\" decoding=\"async\" width=\"1024\" height=\"1024\" data-id=\"281\" src=\"https:\/\/userblogs.fu-berlin.de\/furad\/files\/2022\/08\/Download-2-1024x1024.jpg\" alt=\"\" class=\"wp-image-281\" srcset=\"https:\/\/userblogs.fu-berlin.de\/furad\/files\/2022\/08\/Download-2-1024x1024.jpg 1024w, https:\/\/userblogs.fu-berlin.de\/furad\/files\/2022\/08\/Download-2-300x300.jpg 300w, https:\/\/userblogs.fu-berlin.de\/furad\/files\/2022\/08\/Download-2-150x150.jpg 150w, https:\/\/userblogs.fu-berlin.de\/furad\/files\/2022\/08\/Download-2-768x768.jpg 768w, https:\/\/userblogs.fu-berlin.de\/furad\/files\/2022\/08\/Download-2-48x48.jpg 48w, https:\/\/userblogs.fu-berlin.de\/furad\/files\/2022\/08\/Download-2-250x250.jpg 250w, https:\/\/userblogs.fu-berlin.de\/furad\/files\/2022\/08\/Download-2-550x550.jpg 550w, https:\/\/userblogs.fu-berlin.de\/furad\/files\/2022\/08\/Download-2-800x800.jpg 800w, https:\/\/userblogs.fu-berlin.de\/furad\/files\/2022\/08\/Download-2-180x180.jpg 180w, https:\/\/userblogs.fu-berlin.de\/furad\/files\/2022\/08\/Download-2-500x500.jpg 500w, https:\/\/userblogs.fu-berlin.de\/furad\/files\/2022\/08\/Download-2.jpg 1080w\" sizes=\"auto, (max-width: 1024px) 100vw, 1024px\" \/><\/a><\/figure>\n\n\n\n<figure class=\"wp-block-image size-large\"><a href=\"https:\/\/userblogs.fu-berlin.de\/furad\/files\/2022\/08\/Download-3.jpg\"><img loading=\"lazy\" decoding=\"async\" width=\"1024\" height=\"1024\" data-id=\"279\" src=\"https:\/\/userblogs.fu-berlin.de\/furad\/files\/2022\/08\/Download-3-1024x1024.jpg\" alt=\"\" class=\"wp-image-279\" srcset=\"https:\/\/userblogs.fu-berlin.de\/furad\/files\/2022\/08\/Download-3-1024x1024.jpg 1024w, https:\/\/userblogs.fu-berlin.de\/furad\/files\/2022\/08\/Download-3-300x300.jpg 300w, https:\/\/userblogs.fu-berlin.de\/furad\/files\/2022\/08\/Download-3-150x150.jpg 150w, https:\/\/userblogs.fu-berlin.de\/furad\/files\/2022\/08\/Download-3-768x768.jpg 768w, https:\/\/userblogs.fu-berlin.de\/furad\/files\/2022\/08\/Download-3-48x48.jpg 48w, https:\/\/userblogs.fu-berlin.de\/furad\/files\/2022\/08\/Download-3-250x250.jpg 250w, https:\/\/userblogs.fu-berlin.de\/furad\/files\/2022\/08\/Download-3-550x550.jpg 550w, https:\/\/userblogs.fu-berlin.de\/furad\/files\/2022\/08\/Download-3-800x800.jpg 800w, https:\/\/userblogs.fu-berlin.de\/furad\/files\/2022\/08\/Download-3-180x180.jpg 180w, https:\/\/userblogs.fu-berlin.de\/furad\/files\/2022\/08\/Download-3-500x500.jpg 500w, https:\/\/userblogs.fu-berlin.de\/furad\/files\/2022\/08\/Download-3.jpg 1080w\" sizes=\"auto, (max-width: 1024px) 100vw, 1024px\" \/><\/a><\/figure>\n\n\n\n<figure class=\"wp-block-image size-large\"><a href=\"https:\/\/userblogs.fu-berlin.de\/furad\/files\/2022\/08\/Download-4.jpg\"><img loading=\"lazy\" decoding=\"async\" width=\"1024\" height=\"1024\" data-id=\"278\" src=\"https:\/\/userblogs.fu-berlin.de\/furad\/files\/2022\/08\/Download-4-1024x1024.jpg\" alt=\"\" class=\"wp-image-278\" srcset=\"https:\/\/userblogs.fu-berlin.de\/furad\/files\/2022\/08\/Download-4-1024x1024.jpg 1024w, https:\/\/userblogs.fu-berlin.de\/furad\/files\/2022\/08\/Download-4-300x300.jpg 300w, https:\/\/userblogs.fu-berlin.de\/furad\/files\/2022\/08\/Download-4-150x150.jpg 150w, https:\/\/userblogs.fu-berlin.de\/furad\/files\/2022\/08\/Download-4-768x768.jpg 768w, https:\/\/userblogs.fu-berlin.de\/furad\/files\/2022\/08\/Download-4-48x48.jpg 48w, https:\/\/userblogs.fu-berlin.de\/furad\/files\/2022\/08\/Download-4-250x250.jpg 250w, https:\/\/userblogs.fu-berlin.de\/furad\/files\/2022\/08\/Download-4-550x550.jpg 550w, https:\/\/userblogs.fu-berlin.de\/furad\/files\/2022\/08\/Download-4-800x800.jpg 800w, https:\/\/userblogs.fu-berlin.de\/furad\/files\/2022\/08\/Download-4-180x180.jpg 180w, https:\/\/userblogs.fu-berlin.de\/furad\/files\/2022\/08\/Download-4-500x500.jpg 500w, https:\/\/userblogs.fu-berlin.de\/furad\/files\/2022\/08\/Download-4.jpg 1080w\" sizes=\"auto, (max-width: 1024px) 100vw, 1024px\" \/><\/a><\/figure>\n\n\n\n<figure class=\"wp-block-image size-large is-style-default\"><a href=\"https:\/\/userblogs.fu-berlin.de\/furad\/files\/2022\/08\/photo009.jpg\"><img loading=\"lazy\" decoding=\"async\" width=\"1024\" height=\"768\" data-id=\"330\" src=\"https:\/\/userblogs.fu-berlin.de\/furad\/files\/2022\/08\/photo009-1024x768.jpg\" alt=\"\" class=\"wp-image-330\" srcset=\"https:\/\/userblogs.fu-berlin.de\/furad\/files\/2022\/08\/photo009-1024x768.jpg 1024w, https:\/\/userblogs.fu-berlin.de\/furad\/files\/2022\/08\/photo009-300x225.jpg 300w, https:\/\/userblogs.fu-berlin.de\/furad\/files\/2022\/08\/photo009-768x576.jpg 768w, https:\/\/userblogs.fu-berlin.de\/furad\/files\/2022\/08\/photo009-250x188.jpg 250w, https:\/\/userblogs.fu-berlin.de\/furad\/files\/2022\/08\/photo009-550x413.jpg 550w, https:\/\/userblogs.fu-berlin.de\/furad\/files\/2022\/08\/photo009-800x600.jpg 800w, https:\/\/userblogs.fu-berlin.de\/furad\/files\/2022\/08\/photo009-240x180.jpg 240w, https:\/\/userblogs.fu-berlin.de\/furad\/files\/2022\/08\/photo009-400x300.jpg 400w, https:\/\/userblogs.fu-berlin.de\/furad\/files\/2022\/08\/photo009-667x500.jpg 667w, https:\/\/userblogs.fu-berlin.de\/furad\/files\/2022\/08\/photo009.jpg 1497w\" sizes=\"auto, (max-width: 1024px) 100vw, 1024px\" \/><\/a><\/figure>\n\n\n\n<figure class=\"wp-block-image size-thumbnail\"><a href=\"https:\/\/userblogs.fu-berlin.de\/furad\/files\/2022\/08\/Download.jpg\"><img loading=\"lazy\" decoding=\"async\" width=\"150\" height=\"150\" data-id=\"277\" src=\"https:\/\/userblogs.fu-berlin.de\/furad\/files\/2022\/08\/Download-150x150.jpg\" alt=\"\" class=\"wp-image-277\" srcset=\"https:\/\/userblogs.fu-berlin.de\/furad\/files\/2022\/08\/Download-150x150.jpg 150w, https:\/\/userblogs.fu-berlin.de\/furad\/files\/2022\/08\/Download-300x300.jpg 300w, https:\/\/userblogs.fu-berlin.de\/furad\/files\/2022\/08\/Download-48x48.jpg 48w, https:\/\/userblogs.fu-berlin.de\/furad\/files\/2022\/08\/Download-250x250.jpg 250w, https:\/\/userblogs.fu-berlin.de\/furad\/files\/2022\/08\/Download-180x180.jpg 180w, https:\/\/userblogs.fu-berlin.de\/furad\/files\/2022\/08\/Download-500x500.jpg 500w, https:\/\/userblogs.fu-berlin.de\/furad\/files\/2022\/08\/Download.jpg 504w\" sizes=\"auto, (max-width: 150px) 100vw, 150px\" \/><\/a><\/figure>\n\n\n\n<figure class=\"wp-block-image size-large\"><a href=\"https:\/\/userblogs.fu-berlin.de\/furad\/files\/2022\/08\/photo010.jpg\"><img loading=\"lazy\" decoding=\"async\" width=\"768\" height=\"1024\" data-id=\"331\" src=\"https:\/\/userblogs.fu-berlin.de\/furad\/files\/2022\/08\/photo010-768x1024.jpg\" alt=\"\" class=\"wp-image-331\" srcset=\"https:\/\/userblogs.fu-berlin.de\/furad\/files\/2022\/08\/photo010-768x1024.jpg 768w, https:\/\/userblogs.fu-berlin.de\/furad\/files\/2022\/08\/photo010-225x300.jpg 225w, https:\/\/userblogs.fu-berlin.de\/furad\/files\/2022\/08\/photo010-1152x1536.jpg 1152w, https:\/\/userblogs.fu-berlin.de\/furad\/files\/2022\/08\/photo010-250x333.jpg 250w, https:\/\/userblogs.fu-berlin.de\/furad\/files\/2022\/08\/photo010-550x733.jpg 550w, https:\/\/userblogs.fu-berlin.de\/furad\/files\/2022\/08\/photo010-800x1067.jpg 800w, https:\/\/userblogs.fu-berlin.de\/furad\/files\/2022\/08\/photo010-135x180.jpg 135w, https:\/\/userblogs.fu-berlin.de\/furad\/files\/2022\/08\/photo010-375x500.jpg 375w, https:\/\/userblogs.fu-berlin.de\/furad\/files\/2022\/08\/photo010.jpg 1347w\" sizes=\"auto, (max-width: 768px) 100vw, 768px\" \/><\/a><\/figure>\n<\/figure>\n<\/div>\n\n\n\n<h2 class=\"wp-block-heading\">Wer wir sind &nbsp;\u2022 who we are<\/h2>\n\n\n\n<p><strong><em>\ud83c\udde9\ud83c\uddea Kurzgesagt: Ein Haufen Leute, die gerne mehr \u00fcber&#8217;s Fahrrad wissen m\u00f6chten und anderen gerne helfen.<\/em><\/strong><\/p>\n\n\n\n<p>FUrad wurde 2017 von mehreren Studierenden als fachschaftsfreie Initiative gegr\u00fcndet. Selbsthilfewerkst\u00e4tten gab es bereits an der TU und HU Berlin, nur die FU hatte nichts dergleichen. W\u00e4hrend die Studis immer mal wieder wechseln, hat sich am Kern von FUrad nichts ge\u00e4ndert.<\/p>\n\n\n\n<p>Inzwischen sind wir nicht nur Studis, sondern auch andere Fahrradfahrende. Wir kommen ehrenamtlich in unserer sowieso geringen Freizeit zusammen, damit wir uns ein Wissen f\u00fcr R\u00e4der im Allgemeinen aufbauen, Spa\u00df am rumprobieren haben und &#8211; fast schon am Wichtigsten &#8211; Menschen mit Rad-Sorgen helfen und unterst\u00fctzen k\u00f6nnen.<\/p>\n\n\n\n<p>Wir sind ein Ort, an dem niemand Erfahrung braucht. Besuchende kommen oft, weil ihr Rad ein Problem hat und professionelle Fahrrad-Werkst\u00e4tten zu viel Geld f\u00fcr das chronisch zu leere Konto verlangen. Bei uns k\u00f6nnen sie ihr Rad genauer kennenlernen. Viele Dinge kann man mit nur ein paar Handgriffen in Ordnung bringen, wir haben das professionelle Werkzeug vor Ort und freuen uns immer, wenn wir Probleme gemeinsam l\u00f6sen.<\/p>\n\n\n\n<p>Wenn du Schwierigkeiten mit deinem Rad hast, komm&#8216; gerne vorbei. Wir bei\u00dfen nicht, wenn du blank bist, musst du au\u00dfer bei Neuware nichts spenden und ein Rad, was f\u00e4hrt ist besser als eins, was nicht f\u00e4hrt.<\/p>\n\n\n\n<hr class=\"wp-block-separator has-alpha-channel-opacity\" \/>\n\n\n\n<p><em><strong>\ud83c\uddec\ud83c\udde7 In short: a bunch of people who would like to know more about bikes and help others.<\/strong><\/em><\/p>\n\n\n\n<p>FUrad was founded in 2017 by several students as a non-departmental initiative. Bicycle DIY workshops already existed at the Technical University Berlin (TU) and Humboldt University Berlin (HU), only the Freie University had nothing of the sort. While the students change every now and then, nothing has changed at the core of FUrad.<\/p>\n\n\n\n<p>In the meantime, we are not only students, but also other cyclists. We get together voluntarily in what little free time we have anyway, so that we can build up a general bikes knowledge, have fun trying things out, and &#8211; almost most importantly &#8211; help and support people with bike worries.<\/p>\n\n\n\n<p>We are a place where no one needs experience. Visitors often come because their bike has a problem and professional bike repair shops charge too much money for the chronically too empty bank account. With us, they can get to know their bike better. Many things can be fixed with just a few steps, we have the professional tools on site and are always happy to solve problems together.<\/p>\n\n\n\n<p>If you&#8217;re having trouble with your bike, feel free to drop by. We don&#8217;t bite, if you&#8217;re broke you don&#8217;t have to donate anything except for the new stuff and a bike that rides is better than one that doesn&#8217;t.<\/p>\n\n\n\n<div class=\"wp-block-group has-base-background-color has-background\"><div class=\"wp-block-group__inner-container is-layout-flow wp-block-group-is-layout-flow\">\n<h3 class=\"has-text-align-center has-accent-color has-text-color wp-block-heading\"><strong><em>Finde uns im Netz&nbsp;\u2022 find us online<\/em><\/strong><\/h3>\n\n\n\n<ul class=\"wp-block-social-links aligncenter has-huge-icon-size is-style-logos-only is-content-justification-center is-layout-flex wp-container-core-social-links-is-layout-5590e8cb wp-block-social-links-is-layout-flex\"><li class=\"wp-social-link wp-social-link-facebook  wp-block-social-link\"><a rel=\"noopener nofollow\" target=\"_blank\" href=\"https:\/\/de-de.facebook.com\/FUrad.de\/\" class=\"wp-block-social-link-anchor\"><svg width=\"24\" height=\"24\" viewBox=\"0 0 24 24\" version=\"1.1\" xmlns=\"http:\/\/www.w3.org\/2000\/svg\" aria-hidden=\"true\" focusable=\"false\"><path d=\"M12 2C6.5 2 2 6.5 2 12c0 5 3.7 9.1 8.4 9.9v-7H7.9V12h2.5V9.8c0-2.5 1.5-3.9 3.8-3.9 1.1 0 2.2.2 2.2.2v2.5h-1.3c-1.2 0-1.6.8-1.6 1.6V12h2.8l-.4 2.9h-2.3v7C18.3 21.1 22 17 22 12c0-5.5-4.5-10-10-10z\"><\/path><\/svg><span class=\"wp-block-social-link-label screen-reader-text\">Facebook<\/span><\/a><\/li>\n\n\n\n<li class=\"wp-social-link wp-social-link-instagram  wp-block-social-link\"><a rel=\"noopener nofollow\" target=\"_blank\" href=\"https:\/\/www.instagram.com\/furad.de\/\" class=\"wp-block-social-link-anchor\"><svg width=\"24\" height=\"24\" viewBox=\"0 0 24 24\" version=\"1.1\" xmlns=\"http:\/\/www.w3.org\/2000\/svg\" aria-hidden=\"true\" focusable=\"false\"><path d=\"M12,4.622c2.403,0,2.688,0.009,3.637,0.052c0.877,0.04,1.354,0.187,1.671,0.31c0.42,0.163,0.72,0.358,1.035,0.673 c0.315,0.315,0.51,0.615,0.673,1.035c0.123,0.317,0.27,0.794,0.31,1.671c0.043,0.949,0.052,1.234,0.052,3.637 s-0.009,2.688-0.052,3.637c-0.04,0.877-0.187,1.354-0.31,1.671c-0.163,0.42-0.358,0.72-0.673,1.035 c-0.315,0.315-0.615,0.51-1.035,0.673c-0.317,0.123-0.794,0.27-1.671,0.31c-0.949,0.043-1.233,0.052-3.637,0.052 s-2.688-0.009-3.637-0.052c-0.877-0.04-1.354-0.187-1.671-0.31c-0.42-0.163-0.72-0.358-1.035-0.673 c-0.315-0.315-0.51-0.615-0.673-1.035c-0.123-0.317-0.27-0.794-0.31-1.671C4.631,14.688,4.622,14.403,4.622,12 s0.009-2.688,0.052-3.637c0.04-0.877,0.187-1.354,0.31-1.671c0.163-0.42,0.358-0.72,0.673-1.035 c0.315-0.315,0.615-0.51,1.035-0.673c0.317-0.123,0.794-0.27,1.671-0.31C9.312,4.631,9.597,4.622,12,4.622 M12,3 C9.556,3,9.249,3.01,8.289,3.054C7.331,3.098,6.677,3.25,6.105,3.472C5.513,3.702,5.011,4.01,4.511,4.511 c-0.5,0.5-0.808,1.002-1.038,1.594C3.25,6.677,3.098,7.331,3.054,8.289C3.01,9.249,3,9.556,3,12c0,2.444,0.01,2.751,0.054,3.711 c0.044,0.958,0.196,1.612,0.418,2.185c0.23,0.592,0.538,1.094,1.038,1.594c0.5,0.5,1.002,0.808,1.594,1.038 c0.572,0.222,1.227,0.375,2.185,0.418C9.249,20.99,9.556,21,12,21s2.751-0.01,3.711-0.054c0.958-0.044,1.612-0.196,2.185-0.418 c0.592-0.23,1.094-0.538,1.594-1.038c0.5-0.5,0.808-1.002,1.038-1.594c0.222-0.572,0.375-1.227,0.418-2.185 C20.99,14.751,21,14.444,21,12s-0.01-2.751-0.054-3.711c-0.044-0.958-0.196-1.612-0.418-2.185c-0.23-0.592-0.538-1.094-1.038-1.594 c-0.5-0.5-1.002-0.808-1.594-1.038c-0.572-0.222-1.227-0.375-2.185-0.418C14.751,3.01,14.444,3,12,3L12,3z M12,7.378 c-2.552,0-4.622,2.069-4.622,4.622S9.448,16.622,12,16.622s4.622-2.069,4.622-4.622S14.552,7.378,12,7.378z M12,15 c-1.657,0-3-1.343-3-3s1.343-3,3-3s3,1.343,3,3S13.657,15,12,15z M16.804,6.116c-0.596,0-1.08,0.484-1.08,1.08 s0.484,1.08,1.08,1.08c0.596,0,1.08-0.484,1.08-1.08S17.401,6.116,16.804,6.116z\"><\/path><\/svg><span class=\"wp-block-social-link-label screen-reader-text\">Instagram<\/span><\/a><\/li>\n\n\n\n\n\n\n\n<li class=\"wp-social-link wp-social-link-google  wp-block-social-link\"><a rel=\"noopener nofollow\" target=\"_blank\" href=\"https:\/\/goo.gl\/maps\/uVhwFEYV3kvCTugi8\" class=\"wp-block-social-link-anchor\"><svg width=\"24\" height=\"24\" viewBox=\"0 0 24 24\" version=\"1.1\" xmlns=\"http:\/\/www.w3.org\/2000\/svg\" aria-hidden=\"true\" focusable=\"false\"><path d=\"M12.02,10.18v3.72v0.01h5.51c-0.26,1.57-1.67,4.22-5.5,4.22c-3.31,0-6.01-2.75-6.01-6.12s2.7-6.12,6.01-6.12 c1.87,0,3.13,0.8,3.85,1.48l2.84-2.76C16.99,2.99,14.73,2,12.03,2c-5.52,0-10,4.48-10,10s4.48,10,10,10c5.77,0,9.6-4.06,9.6-9.77 c0-0.83-0.11-1.42-0.25-2.05H12.02z\"><\/path><\/svg><span class=\"wp-block-social-link-label screen-reader-text\">Google<\/span><\/a><\/li><\/ul>\n\n\n\n<p class=\"has-text-align-left\">Beim Klick auf die Piktogramme erfolgt eine automatische Weiterleitung auf externe Webseiten und Dienste. Sie dann verlassen die Seite.<br \/>When you click on the icons, you will be automatically redirected to external websites and services. You then leave this website.<\/p>\n<\/div><\/div>\n","protected":false},"excerpt":{"rendered":"<p>\ud83c\udde9\ud83c\uddea Willkommen!\ud83c\uddec\ud83c\udde7 Wecome! Wir sind FUrad, die ehrenamtliche Fahrrad-Selbsthilfewerkstatt an der FU BerlinWe are FUrad, the volunteer bicycle DIY workshop at Freie Universit\u00e4t Berlin \ud83d\udeb2\ud83d\ude23\u2754 \u27a1\ufe0f \ud83d\udd27\ud83e\ude9b\ud83d\ude04\ud83d\udeb2 Wer wir sind &nbsp;\u2022 who we are \ud83c\udde9\ud83c\uddea Kurzgesagt: Ein Haufen Leute, die gerne mehr \u00fcber&#8217;s Fahrrad wissen m\u00f6chten und anderen gerne helfen. FUrad wurde 2017 von mehreren &#8230; <a title=\"Home\" class=\"read-more\" href=\"https:\/\/userblogs.fu-berlin.de\/furad\/\" aria-label=\"Mehr Informationen \u00fcber Home\">Weiterlesen<\/a><\/p>\n","protected":false},"author":6410,"featured_media":0,"parent":0,"menu_order":0,"comment_status":"closed","ping_status":"closed","template":"","meta":{"footnotes":""},"class_list":["post-19","page","type-page","status-publish"],"_links":{"self":[{"href":"https:\/\/userblogs.fu-berlin.de\/furad\/wp-json\/wp\/v2\/pages\/19","targetHints":{"allow":["GET"]}}],"collection":[{"href":"https:\/\/userblogs.fu-berlin.de\/furad\/wp-json\/wp\/v2\/pages"}],"about":[{"href":"https:\/\/userblogs.fu-berlin.de\/furad\/wp-json\/wp\/v2\/types\/page"}],"author":[{"embeddable":true,"href":"https:\/\/userblogs.fu-berlin.de\/furad\/wp-json\/wp\/v2\/users\/6410"}],"replies":[{"embeddable":true,"href":"https:\/\/userblogs.fu-berlin.de\/furad\/wp-json\/wp\/v2\/comments?post=19"}],"version-history":[{"count":53,"href":"https:\/\/userblogs.fu-berlin.de\/furad\/wp-json\/wp\/v2\/pages\/19\/revisions"}],"predecessor-version":[{"id":465,"href":"https:\/\/userblogs.fu-berlin.de\/furad\/wp-json\/wp\/v2\/pages\/19\/revisions\/465"}],"wp:attachment":[{"href":"https:\/\/userblogs.fu-berlin.de\/furad\/wp-json\/wp\/v2\/media?parent=19"}],"curies":[{"name":"wp","href":"https:\/\/api.w.org\/{rel}","templated":true}]}}