{"id":29,"date":"2022-02-24T14:18:21","date_gmt":"2022-02-24T13:18:21","guid":{"rendered":"https:\/\/userblogs.fu-berlin.de\/furad\/?page_id=29"},"modified":"2026-04-13T16:16:46","modified_gmt":"2026-04-13T14:16:46","slug":"zeiten","status":"publish","type":"page","link":"https:\/\/userblogs.fu-berlin.de\/furad\/zeiten\/","title":{"rendered":"neue \u00d6ffnungszeiten \u2022 new opening hours"},"content":{"rendered":"\n<h2 class=\"wp-block-heading\">starting 10.11.2025<\/h2>\n\n\n\n<figure class=\"wp-block-table alignwide is-style-regular\"><table class=\"has-base-2-background-color has-background\"><tbody><tr><td class=\"has-text-align-right\" data-align=\"right\">montags<br \/>monday<\/td><td>15 &#8211; 19 Uhr<\/td><\/tr><tr><td class=\"has-text-align-right\" data-align=\"right\">13.4.2026<\/td><td>15 &#8211; 18 Uhr<\/td><\/tr><tr><td class=\"has-text-align-right\" data-align=\"right\">feiertags<br \/>statutory&nbsp;holiday<\/td><td>geschlossen, wenn nicht anders erw\u00e4hnt<br \/>closed, if not mentioned else<\/td><\/tr><\/tbody><\/table><\/figure>\n\n\n\n<p class=\"has-contrast-color has-text-color has-background\" style=\"background-color:#99cc00;font-size:18px\"><strong><em>HINWEIS &nbsp;\u2022 NOTICE<br \/><br \/><\/em><\/strong>\u25b6 <em>Die \u00d6ffnungszeiten k\u00f6nnen sich kurzfristig \u00e4ndern, checke also die aktuellen \u00d6ffnungszeiten kurz vor deinem Besuch bei Google Maps oder in der Google-Suche.<br \/><br \/>\u25b6 Opening hours can change at short notice, so check the current opening times at Google Maps or at Google-Search shortly in advance of your visit.<\/em><\/p>\n\n\n\n<div class=\"wp-block-buttons is-content-justification-center is-layout-flex wp-container-core-buttons-is-layout-16018d1d wp-block-buttons-is-layout-flex\">\n<div class=\"wp-block-button has-custom-width wp-block-button__width-75 is-style-outline is-style-outline--1\"><a class=\"wp-block-button__link has-very-light-gray-color has-text-color has-background wp-element-button\" href=\"https:\/\/goo.gl\/maps\/wriJtJmLdtt6Pcfn9\" style=\"border-radius:100px;background-color:#014188\"><em><strong>(extern) <\/strong><\/em><em style=\"font-weight: bold\"><strong>zu Google Maps<\/strong><\/em><\/a><\/div>\n\n\n\n<div class=\"wp-block-button has-custom-width wp-block-button__width-75 is-style-outline is-style-outline--2\"><a class=\"wp-block-button__link has-very-light-gray-color has-text-color has-background wp-element-button\" href=\"https:\/\/userblogs.fu-berlin.de\/furad\/besuch\/\" style=\"border-radius:100px;background-color:#014188\"><strong><em>Besuchsinfo &nbsp;\u2022 visit info<\/em><\/strong><\/a><\/div>\n<\/div>\n\n\n\n<div class=\"wp-block-group has-base-background-color has-background\"><div class=\"wp-block-group__inner-container is-layout-flow wp-block-group-is-layout-flow\">\n<h3 class=\"has-text-align-center has-accent-color has-text-color wp-block-heading\"><strong><em>Finde uns im Netz&nbsp;\u2022 find us online<\/em><\/strong><\/h3>\n\n\n\n<ul class=\"wp-block-social-links aligncenter has-huge-icon-size is-style-logos-only is-content-justification-center is-layout-flex wp-container-core-social-links-is-layout-5590e8cb wp-block-social-links-is-layout-flex\"><li class=\"wp-social-link wp-social-link-facebook  wp-block-social-link\"><a rel=\"noopener nofollow\" target=\"_blank\" href=\"https:\/\/de-de.facebook.com\/FUrad.de\/\" class=\"wp-block-social-link-anchor\"><svg width=\"24\" height=\"24\" viewBox=\"0 0 24 24\" version=\"1.1\" xmlns=\"http:\/\/www.w3.org\/2000\/svg\" aria-hidden=\"true\" focusable=\"false\"><path d=\"M12 2C6.5 2 2 6.5 2 12c0 5 3.7 9.1 8.4 9.9v-7H7.9V12h2.5V9.8c0-2.5 1.5-3.9 3.8-3.9 1.1 0 2.2.2 2.2.2v2.5h-1.3c-1.2 0-1.6.8-1.6 1.6V12h2.8l-.4 2.9h-2.3v7C18.3 21.1 22 17 22 12c0-5.5-4.5-10-10-10z\"><\/path><\/svg><span class=\"wp-block-social-link-label screen-reader-text\">Facebook<\/span><\/a><\/li>\n\n\n\n<li class=\"wp-social-link wp-social-link-instagram  wp-block-social-link\"><a rel=\"noopener nofollow\" target=\"_blank\" href=\"https:\/\/www.instagram.com\/furad.de\/\" class=\"wp-block-social-link-anchor\"><svg width=\"24\" height=\"24\" viewBox=\"0 0 24 24\" version=\"1.1\" xmlns=\"http:\/\/www.w3.org\/2000\/svg\" aria-hidden=\"true\" focusable=\"false\"><path d=\"M12,4.622c2.403,0,2.688,0.009,3.637,0.052c0.877,0.04,1.354,0.187,1.671,0.31c0.42,0.163,0.72,0.358,1.035,0.673 c0.315,0.315,0.51,0.615,0.673,1.035c0.123,0.317,0.27,0.794,0.31,1.671c0.043,0.949,0.052,1.234,0.052,3.637 s-0.009,2.688-0.052,3.637c-0.04,0.877-0.187,1.354-0.31,1.671c-0.163,0.42-0.358,0.72-0.673,1.035 c-0.315,0.315-0.615,0.51-1.035,0.673c-0.317,0.123-0.794,0.27-1.671,0.31c-0.949,0.043-1.233,0.052-3.637,0.052 s-2.688-0.009-3.637-0.052c-0.877-0.04-1.354-0.187-1.671-0.31c-0.42-0.163-0.72-0.358-1.035-0.673 c-0.315-0.315-0.51-0.615-0.673-1.035c-0.123-0.317-0.27-0.794-0.31-1.671C4.631,14.688,4.622,14.403,4.622,12 s0.009-2.688,0.052-3.637c0.04-0.877,0.187-1.354,0.31-1.671c0.163-0.42,0.358-0.72,0.673-1.035 c0.315-0.315,0.615-0.51,1.035-0.673c0.317-0.123,0.794-0.27,1.671-0.31C9.312,4.631,9.597,4.622,12,4.622 M12,3 C9.556,3,9.249,3.01,8.289,3.054C7.331,3.098,6.677,3.25,6.105,3.472C5.513,3.702,5.011,4.01,4.511,4.511 c-0.5,0.5-0.808,1.002-1.038,1.594C3.25,6.677,3.098,7.331,3.054,8.289C3.01,9.249,3,9.556,3,12c0,2.444,0.01,2.751,0.054,3.711 c0.044,0.958,0.196,1.612,0.418,2.185c0.23,0.592,0.538,1.094,1.038,1.594c0.5,0.5,1.002,0.808,1.594,1.038 c0.572,0.222,1.227,0.375,2.185,0.418C9.249,20.99,9.556,21,12,21s2.751-0.01,3.711-0.054c0.958-0.044,1.612-0.196,2.185-0.418 c0.592-0.23,1.094-0.538,1.594-1.038c0.5-0.5,0.808-1.002,1.038-1.594c0.222-0.572,0.375-1.227,0.418-2.185 C20.99,14.751,21,14.444,21,12s-0.01-2.751-0.054-3.711c-0.044-0.958-0.196-1.612-0.418-2.185c-0.23-0.592-0.538-1.094-1.038-1.594 c-0.5-0.5-1.002-0.808-1.594-1.038c-0.572-0.222-1.227-0.375-2.185-0.418C14.751,3.01,14.444,3,12,3L12,3z M12,7.378 c-2.552,0-4.622,2.069-4.622,4.622S9.448,16.622,12,16.622s4.622-2.069,4.622-4.622S14.552,7.378,12,7.378z M12,15 c-1.657,0-3-1.343-3-3s1.343-3,3-3s3,1.343,3,3S13.657,15,12,15z M16.804,6.116c-0.596,0-1.08,0.484-1.08,1.08 s0.484,1.08,1.08,1.08c0.596,0,1.08-0.484,1.08-1.08S17.401,6.116,16.804,6.116z\"><\/path><\/svg><span class=\"wp-block-social-link-label screen-reader-text\">Instagram<\/span><\/a><\/li>\n\n\n\n\n\n\n\n<li class=\"wp-social-link wp-social-link-google  wp-block-social-link\"><a rel=\"noopener nofollow\" target=\"_blank\" href=\"https:\/\/goo.gl\/maps\/uVhwFEYV3kvCTugi8\" class=\"wp-block-social-link-anchor\"><svg width=\"24\" height=\"24\" viewBox=\"0 0 24 24\" version=\"1.1\" xmlns=\"http:\/\/www.w3.org\/2000\/svg\" aria-hidden=\"true\" focusable=\"false\"><path d=\"M12.02,10.18v3.72v0.01h5.51c-0.26,1.57-1.67,4.22-5.5,4.22c-3.31,0-6.01-2.75-6.01-6.12s2.7-6.12,6.01-6.12 c1.87,0,3.13,0.8,3.85,1.48l2.84-2.76C16.99,2.99,14.73,2,12.03,2c-5.52,0-10,4.48-10,10s4.48,10,10,10c5.77,0,9.6-4.06,9.6-9.77 c0-0.83-0.11-1.42-0.25-2.05H12.02z\"><\/path><\/svg><span class=\"wp-block-social-link-label screen-reader-text\">Google<\/span><\/a><\/li><\/ul>\n\n\n\n<p class=\"has-text-align-left\">Beim Klick auf die Piktogramme erfolgt eine automatische Weiterleitung auf externe Webseiten und Dienste. Sie dann verlassen die Seite.<br \/>When you click on the icons, you will be automatically redirected to external websites and services. You then leave this website.<\/p>\n<\/div><\/div>\n","protected":false},"excerpt":{"rendered":"<p>starting 10.11.2025 montagsmonday 15 &#8211; 19 Uhr 13.4.2026 15 &#8211; 18 Uhr feiertagsstatutory&nbsp;holiday geschlossen, wenn nicht anders erw\u00e4hntclosed, if not mentioned else HINWEIS &nbsp;\u2022 NOTICE \u25b6 Die \u00d6ffnungszeiten k\u00f6nnen sich kurzfristig \u00e4ndern, checke also die aktuellen \u00d6ffnungszeiten kurz vor deinem Besuch bei Google Maps oder in der Google-Suche. \u25b6 Opening hours can change at short &#8230; <a title=\"neue \u00d6ffnungszeiten \u2022 new opening hours\" class=\"read-more\" href=\"https:\/\/userblogs.fu-berlin.de\/furad\/zeiten\/\" aria-label=\"Mehr Informationen \u00fcber neue \u00d6ffnungszeiten \u2022 new opening hours\">Weiterlesen<\/a><\/p>\n","protected":false},"author":6410,"featured_media":143,"parent":0,"menu_order":0,"comment_status":"closed","ping_status":"closed","template":"","meta":{"footnotes":""},"class_list":["post-29","page","type-page","status-publish","has-post-thumbnail"],"_links":{"self":[{"href":"https:\/\/userblogs.fu-berlin.de\/furad\/wp-json\/wp\/v2\/pages\/29","targetHints":{"allow":["GET"]}}],"collection":[{"href":"https:\/\/userblogs.fu-berlin.de\/furad\/wp-json\/wp\/v2\/pages"}],"about":[{"href":"https:\/\/userblogs.fu-berlin.de\/furad\/wp-json\/wp\/v2\/types\/page"}],"author":[{"embeddable":true,"href":"https:\/\/userblogs.fu-berlin.de\/furad\/wp-json\/wp\/v2\/users\/6410"}],"replies":[{"embeddable":true,"href":"https:\/\/userblogs.fu-berlin.de\/furad\/wp-json\/wp\/v2\/comments?post=29"}],"version-history":[{"count":50,"href":"https:\/\/userblogs.fu-berlin.de\/furad\/wp-json\/wp\/v2\/pages\/29\/revisions"}],"predecessor-version":[{"id":521,"href":"https:\/\/userblogs.fu-berlin.de\/furad\/wp-json\/wp\/v2\/pages\/29\/revisions\/521"}],"wp:featuredmedia":[{"embeddable":true,"href":"https:\/\/userblogs.fu-berlin.de\/furad\/wp-json\/wp\/v2\/media\/143"}],"wp:attachment":[{"href":"https:\/\/userblogs.fu-berlin.de\/furad\/wp-json\/wp\/v2\/media?parent=29"}],"curies":[{"name":"wp","href":"https:\/\/api.w.org\/{rel}","templated":true}]}}