{"id":337,"date":"2022-09-05T21:35:02","date_gmt":"2022-09-05T19:35:02","guid":{"rendered":"https:\/\/userblogs.fu-berlin.de\/furad\/?page_id=337"},"modified":"2022-09-29T22:53:58","modified_gmt":"2022-09-29T20:53:58","slug":"haftung","status":"publish","type":"page","link":"https:\/\/userblogs.fu-berlin.de\/furad\/haftung\/","title":{"rendered":"Haftung und Regeln\u00a0\u2022 liability and rules"},"content":{"rendered":"\n<p>\ud83c\udde9\ud83c\uddea <strong><em>Wenn ihr bei uns vorbeikommt und\/oder arbeitet, stimmt ihr dem Folgenden zu. Auch vor Ort haben wir einen Aushang.<\/em><\/strong><\/p>\n\n\n\n<ul class=\"wp-block-list\"><li>Wir sind eine Selbsthilfewerkstatt.<br \/>Wir unterst\u00fctzen euch so gut es geht. <strong>Aber wir \u00fcbernehmen nicht eure Arbeit.<\/strong><\/li><li>R\u00e4umt am Ende auf und achtet auf Sauberkeit.<\/li><li>Benutzt Werkzeuge nur, wenn ihr wisst, wie. Wir verleihen keine Werkzeuge.<\/li><li><strong>Respektiert unsere \u00d6ffnungszeiten.<\/strong><\/li><li>Solltet ihr ihr Gegenst\u00e4nde bei uns lagern wollen, <strong>fragt uns erst! <\/strong>Alle Gegenst\u00e4nde m\u00fcssen mit Namen, Datum und Telefonnummer gekennzeichnet werden. Gegenst\u00e4nde, an denen l\u00e4nger als 2 Monate nicht gearbeitet wird, d\u00fcrfen wir ohne Ank\u00fcndigung als unser Eigentum betrachten.<\/li><li>Alle Arbeiten werden in pers\u00f6nlicher Verantwortung durchgef\u00fchrt.<br \/>Mitglieder von FUrad, FUrad selbst, oder die Freie Universit\u00e4t Berlin \u00fcbernehmen <strong>keine<br \/>Haftung <\/strong>f\u00fcr Personen-, Sachsch\u00e4den oder sonstige Sch\u00e4den, sowie f\u00fcr fehlerhafte Reparaturen oder Arbeiten, bzw. f\u00fcr die Folgen fehlerhafter Reparaturen oder Arbeiten.<\/li><\/ul>\n\n\n\n<hr class=\"wp-block-separator has-alpha-channel-opacity\" \/>\n\n\n\n<p>\ud83c\uddec\ud83c\udde7 <em><strong>When you stop by and\/or work, you are agreeing to the following. We also have the posting on site.<\/strong><\/em><\/p>\n\n\n\n<ul class=\"wp-block-list\"><li>We are a self-help workshop.<br \/>We support you as much as we can. <strong>But we do not take over your work.<\/strong><\/li><li>Clean up at the end.<\/li><li>Only use tools if you know how. We do not lend tools.<\/li><li><strong>Respect our opening hours.<\/strong><\/li><li>If you want to store your items with us, <strong>ask us first!<\/strong> All items must be marked with name, date and phone number. Items not worked on for more than 2 months may be considered our property without notice.<\/li><li>All work is done under personal responsibility.<br \/>Members of FUrad, FUrad itself, or Freie Universit\u00e4t Berlin assume <strong>no liability<\/strong> for personal injury, property damage, or other damages, or for faulty repairs or work, or for the consequences of faulty repairs or work.<\/li><\/ul>\n","protected":false},"excerpt":{"rendered":"<p>\ud83c\udde9\ud83c\uddea Wenn ihr bei uns vorbeikommt und\/oder arbeitet, stimmt ihr dem Folgenden zu. Auch vor Ort haben wir einen Aushang. Wir sind eine Selbsthilfewerkstatt.Wir unterst\u00fctzen euch so gut es geht. Aber wir \u00fcbernehmen nicht eure Arbeit. R\u00e4umt am Ende auf und achtet auf Sauberkeit. Benutzt Werkzeuge nur, wenn ihr wisst, wie. Wir verleihen keine Werkzeuge. &#8230; <a title=\"Haftung und Regeln\u00a0\u2022 liability and rules\" class=\"read-more\" href=\"https:\/\/userblogs.fu-berlin.de\/furad\/haftung\/\" aria-label=\"Mehr Informationen \u00fcber Haftung und Regeln\u00a0\u2022 liability and rules\">Weiterlesen<\/a><\/p>\n","protected":false},"author":6410,"featured_media":0,"parent":0,"menu_order":0,"comment_status":"closed","ping_status":"closed","template":"","meta":{"footnotes":""},"class_list":["post-337","page","type-page","status-publish"],"_links":{"self":[{"href":"https:\/\/userblogs.fu-berlin.de\/furad\/wp-json\/wp\/v2\/pages\/337","targetHints":{"allow":["GET"]}}],"collection":[{"href":"https:\/\/userblogs.fu-berlin.de\/furad\/wp-json\/wp\/v2\/pages"}],"about":[{"href":"https:\/\/userblogs.fu-berlin.de\/furad\/wp-json\/wp\/v2\/types\/page"}],"author":[{"embeddable":true,"href":"https:\/\/userblogs.fu-berlin.de\/furad\/wp-json\/wp\/v2\/users\/6410"}],"replies":[{"embeddable":true,"href":"https:\/\/userblogs.fu-berlin.de\/furad\/wp-json\/wp\/v2\/comments?post=337"}],"version-history":[{"count":4,"href":"https:\/\/userblogs.fu-berlin.de\/furad\/wp-json\/wp\/v2\/pages\/337\/revisions"}],"predecessor-version":[{"id":367,"href":"https:\/\/userblogs.fu-berlin.de\/furad\/wp-json\/wp\/v2\/pages\/337\/revisions\/367"}],"wp:attachment":[{"href":"https:\/\/userblogs.fu-berlin.de\/furad\/wp-json\/wp\/v2\/media?parent=337"}],"curies":[{"name":"wp","href":"https:\/\/api.w.org\/{rel}","templated":true}]}}