{"id":8,"date":"2022-01-08T17:12:31","date_gmt":"2022-01-08T16:12:31","guid":{"rendered":"https:\/\/userblogs.fu-berlin.de\/furad\/?page_id=8"},"modified":"2022-11-10T15:47:09","modified_gmt":"2022-11-10T14:47:09","slug":"besuch","status":"publish","type":"page","link":"https:\/\/userblogs.fu-berlin.de\/furad\/besuch\/","title":{"rendered":"dein Besuch \u2022 your visit"},"content":{"rendered":"\n<h2 class=\"wp-block-heading\">\ud83c\udde9\ud83c\uddea Checkliste VOR deinem Besuch<\/h2>\n\n\n\n<ul class=\"wp-block-list\"><li>Hast du Kleidung mit oder an, die <strong><em>schmutzig <\/em><\/strong>werden darf? <\/li><li>Hast du dir f\u00fcr Reparaturen eine <strong><em>Anleitung <\/em><\/strong>auf YouTube etc. herausgesucht? <\/li><li>Wei\u00dft du, <strong><em>welche Teile<\/em><\/strong> du ben\u00f6tigst? <\/li><li>Hast du die <strong><em>Ersatzteile <\/em><\/strong>dabei? <ul><li>Wir haben einige g\u00e4ngige Verschlei\u00dfteile neu vor Ort wie Bremsbel\u00e4ge f\u00fcr Felgenbremsen, normale Schlauchgr\u00f6\u00dfen, Schalt- und Bremsz\u00fcge\u2026<\/li><\/ul><\/li><li>Bist du <strong><em>gesund<\/em><\/strong>? <\/li><li>Hast du <strong><em>Zeit <\/em><\/strong>mitgebracht? <ul><li>Oft braucht man l\u00e4nger, als man denkt!<\/li><\/ul><\/li><\/ul>\n\n\n\n<h2 class=\"wp-block-heading\">Wie l\u00e4uft dein Besuch ab?<\/h2>\n\n\n\n<ol class=\"wp-block-list\"><li>Komm an und sag Hallo \ud83d\ude42<\/li><li>Wir fragen und schauen gemeinsam mit dir, <strong>was <\/strong>du an deinem Fahrrad machen musst.<\/li><li>Dir wird unsere Werkstatt kurz gezeigt: Wo gibt es das passende Werkzeug, wo solltest du arbeiten etc.<\/li><li>Wenn du fertig bist&#8230;<br \/><em><strong>Ganz wichtig: Lege und h\u00e4nge das Werkzeug zur\u00fcck! Vergewissere dich, dass du kein Werkzeug mitnimmst.<\/strong><\/em><\/li><li>Lass uns gerne eine Spende da, <strong>das ist absolut freiwillig<\/strong> \ud83d\ude42<\/li><li>Solltest du bei uns Neuware zum Selbstkostenpreis bekommen haben, spendest du den Betrag  und bei Gebrauchtteilen freuen wir uns auch \u00fcber eine Spende.<br \/><br \/>Fandest du den Besuch gut? Sag&#8217;s uns bei Google Maps, Facebook und Instagram! <strong>Erz\u00e4hl&#8216; gerne weiter, dass es uns gibt!<\/strong><\/li><\/ol>\n\n\n\n<hr class=\"wp-block-separator has-alpha-channel-opacity is-style-default\" \/>\n\n\n\n<h2 class=\"wp-block-heading\">\ud83c\uddec\ud83c\udde7 Checklist BEFORE your visit<\/h2>\n\n\n\n<ul class=\"wp-block-list\"><li>Do you have clothes with you or on you that you can get <strong><em>dirty<\/em><\/strong>?<\/li><li>Have you looked up <strong><em>instructions <\/em><\/strong>for repairs on YouTube, etc.? <\/li><li>Do you know what <strong><em>parts <\/em><\/strong>you need? <\/li><li>Do you have the <strong><em>spare parts<\/em><\/strong> with you? <ul><li>We have some common wear parts new on site like brake pads for rim brakes, normal tube sizes, shift and brake cables\u2026.<\/li><\/ul><\/li><li>Are you <strong><em>healthy<\/em><\/strong>? <\/li><li>Did you <strong><em>bring time<\/em><\/strong>? <ul><li>Often you need longer than you think!<\/li><\/ul><\/li><\/ul>\n\n\n\n<div class=\"wp-block-columns is-layout-flex wp-container-core-columns-is-layout-9d6595d7 wp-block-columns-is-layout-flex\">\n<div class=\"wp-block-column is-layout-flow wp-block-column-is-layout-flow\">\n<h2 class=\"wp-block-heading\">What does your visit with us look like?<\/h2>\n\n\n\n<ol class=\"wp-block-list\"><li>Arive and say hello \ud83d\ude42<\/li><li>We will ask and look together with you, <strong>what <\/strong>needs to be done on your bike.<\/li><li>You will be introduced to our workshop:<\/li><li>Where are the right tools, where should you work etc.<br \/><\/li><li>When you&#8217;re done&#8230;<br \/><strong><em>very important: place the tools back and hang them up! Make sure that you do not take any tools with you.<\/em><\/strong><\/li><li>feel free to leave us a donation, it is absolutely voluntary \ud83d\ude42<\/li><li>If you get new parts at cost price, you pay for them and if you get used parts, we are happy to receive a donation.<br \/><br \/>Did you like the visit? Tell us on Google Maps, Facebook and Instagram! <br \/><strong>Feel free to tell others that we exist!<\/strong><\/li><\/ol>\n<\/div>\n<\/div>\n\n\n\n<div class=\"wp-block-group has-base-background-color has-background\"><div class=\"wp-block-group__inner-container is-layout-flow wp-block-group-is-layout-flow\">\n<h3 class=\"has-text-align-center has-accent-color has-text-color wp-block-heading\"><strong><em>Finde uns im Netz&nbsp;\u2022 find us online<\/em><\/strong><\/h3>\n\n\n\n<ul class=\"wp-block-social-links aligncenter has-huge-icon-size is-style-logos-only is-content-justification-center is-layout-flex wp-container-core-social-links-is-layout-5590e8cb wp-block-social-links-is-layout-flex\"><li class=\"wp-social-link wp-social-link-facebook  wp-block-social-link\"><a rel=\"noopener nofollow\" target=\"_blank\" href=\"https:\/\/de-de.facebook.com\/FUrad.de\/\" class=\"wp-block-social-link-anchor\"><svg width=\"24\" height=\"24\" viewBox=\"0 0 24 24\" version=\"1.1\" xmlns=\"http:\/\/www.w3.org\/2000\/svg\" aria-hidden=\"true\" focusable=\"false\"><path d=\"M12 2C6.5 2 2 6.5 2 12c0 5 3.7 9.1 8.4 9.9v-7H7.9V12h2.5V9.8c0-2.5 1.5-3.9 3.8-3.9 1.1 0 2.2.2 2.2.2v2.5h-1.3c-1.2 0-1.6.8-1.6 1.6V12h2.8l-.4 2.9h-2.3v7C18.3 21.1 22 17 22 12c0-5.5-4.5-10-10-10z\"><\/path><\/svg><span class=\"wp-block-social-link-label screen-reader-text\">Facebook<\/span><\/a><\/li>\n\n\n\n<li class=\"wp-social-link wp-social-link-instagram  wp-block-social-link\"><a rel=\"noopener nofollow\" target=\"_blank\" href=\"https:\/\/www.instagram.com\/furad.de\/\" class=\"wp-block-social-link-anchor\"><svg width=\"24\" height=\"24\" viewBox=\"0 0 24 24\" version=\"1.1\" xmlns=\"http:\/\/www.w3.org\/2000\/svg\" aria-hidden=\"true\" focusable=\"false\"><path d=\"M12,4.622c2.403,0,2.688,0.009,3.637,0.052c0.877,0.04,1.354,0.187,1.671,0.31c0.42,0.163,0.72,0.358,1.035,0.673 c0.315,0.315,0.51,0.615,0.673,1.035c0.123,0.317,0.27,0.794,0.31,1.671c0.043,0.949,0.052,1.234,0.052,3.637 s-0.009,2.688-0.052,3.637c-0.04,0.877-0.187,1.354-0.31,1.671c-0.163,0.42-0.358,0.72-0.673,1.035 c-0.315,0.315-0.615,0.51-1.035,0.673c-0.317,0.123-0.794,0.27-1.671,0.31c-0.949,0.043-1.233,0.052-3.637,0.052 s-2.688-0.009-3.637-0.052c-0.877-0.04-1.354-0.187-1.671-0.31c-0.42-0.163-0.72-0.358-1.035-0.673 c-0.315-0.315-0.51-0.615-0.673-1.035c-0.123-0.317-0.27-0.794-0.31-1.671C4.631,14.688,4.622,14.403,4.622,12 s0.009-2.688,0.052-3.637c0.04-0.877,0.187-1.354,0.31-1.671c0.163-0.42,0.358-0.72,0.673-1.035 c0.315-0.315,0.615-0.51,1.035-0.673c0.317-0.123,0.794-0.27,1.671-0.31C9.312,4.631,9.597,4.622,12,4.622 M12,3 C9.556,3,9.249,3.01,8.289,3.054C7.331,3.098,6.677,3.25,6.105,3.472C5.513,3.702,5.011,4.01,4.511,4.511 c-0.5,0.5-0.808,1.002-1.038,1.594C3.25,6.677,3.098,7.331,3.054,8.289C3.01,9.249,3,9.556,3,12c0,2.444,0.01,2.751,0.054,3.711 c0.044,0.958,0.196,1.612,0.418,2.185c0.23,0.592,0.538,1.094,1.038,1.594c0.5,0.5,1.002,0.808,1.594,1.038 c0.572,0.222,1.227,0.375,2.185,0.418C9.249,20.99,9.556,21,12,21s2.751-0.01,3.711-0.054c0.958-0.044,1.612-0.196,2.185-0.418 c0.592-0.23,1.094-0.538,1.594-1.038c0.5-0.5,0.808-1.002,1.038-1.594c0.222-0.572,0.375-1.227,0.418-2.185 C20.99,14.751,21,14.444,21,12s-0.01-2.751-0.054-3.711c-0.044-0.958-0.196-1.612-0.418-2.185c-0.23-0.592-0.538-1.094-1.038-1.594 c-0.5-0.5-1.002-0.808-1.594-1.038c-0.572-0.222-1.227-0.375-2.185-0.418C14.751,3.01,14.444,3,12,3L12,3z M12,7.378 c-2.552,0-4.622,2.069-4.622,4.622S9.448,16.622,12,16.622s4.622-2.069,4.622-4.622S14.552,7.378,12,7.378z M12,15 c-1.657,0-3-1.343-3-3s1.343-3,3-3s3,1.343,3,3S13.657,15,12,15z M16.804,6.116c-0.596,0-1.08,0.484-1.08,1.08 s0.484,1.08,1.08,1.08c0.596,0,1.08-0.484,1.08-1.08S17.401,6.116,16.804,6.116z\"><\/path><\/svg><span class=\"wp-block-social-link-label screen-reader-text\">Instagram<\/span><\/a><\/li>\n\n\n\n\n\n\n\n<li class=\"wp-social-link wp-social-link-google  wp-block-social-link\"><a rel=\"noopener nofollow\" target=\"_blank\" href=\"https:\/\/goo.gl\/maps\/uVhwFEYV3kvCTugi8\" class=\"wp-block-social-link-anchor\"><svg width=\"24\" height=\"24\" viewBox=\"0 0 24 24\" version=\"1.1\" xmlns=\"http:\/\/www.w3.org\/2000\/svg\" aria-hidden=\"true\" focusable=\"false\"><path d=\"M12.02,10.18v3.72v0.01h5.51c-0.26,1.57-1.67,4.22-5.5,4.22c-3.31,0-6.01-2.75-6.01-6.12s2.7-6.12,6.01-6.12 c1.87,0,3.13,0.8,3.85,1.48l2.84-2.76C16.99,2.99,14.73,2,12.03,2c-5.52,0-10,4.48-10,10s4.48,10,10,10c5.77,0,9.6-4.06,9.6-9.77 c0-0.83-0.11-1.42-0.25-2.05H12.02z\"><\/path><\/svg><span class=\"wp-block-social-link-label screen-reader-text\">Google<\/span><\/a><\/li><\/ul>\n\n\n\n<p class=\"has-text-align-left\">Beim Klick auf die Piktogramme erfolgt eine automatische Weiterleitung auf externe Webseiten und Dienste. Sie dann verlassen die Seite.<br \/>When you click on the icons, you will be automatically redirected to external websites and services. You then leave this website.<\/p>\n<\/div><\/div>\n","protected":false},"excerpt":{"rendered":"<p>\ud83c\udde9\ud83c\uddea Checkliste VOR deinem Besuch Hast du Kleidung mit oder an, die schmutzig werden darf? Hast du dir f\u00fcr Reparaturen eine Anleitung auf YouTube etc. herausgesucht? Wei\u00dft du, welche Teile du ben\u00f6tigst? Hast du die Ersatzteile dabei? Wir haben einige g\u00e4ngige Verschlei\u00dfteile neu vor Ort wie Bremsbel\u00e4ge f\u00fcr Felgenbremsen, normale Schlauchgr\u00f6\u00dfen, Schalt- und Bremsz\u00fcge\u2026 Bist &#8230; <a title=\"dein Besuch \u2022 your visit\" class=\"read-more\" href=\"https:\/\/userblogs.fu-berlin.de\/furad\/besuch\/\" aria-label=\"Mehr Informationen \u00fcber dein Besuch \u2022 your visit\">Weiterlesen<\/a><\/p>\n","protected":false},"author":6410,"featured_media":168,"parent":0,"menu_order":0,"comment_status":"closed","ping_status":"closed","template":"","meta":{"footnotes":""},"class_list":["post-8","page","type-page","status-publish","has-post-thumbnail"],"_links":{"self":[{"href":"https:\/\/userblogs.fu-berlin.de\/furad\/wp-json\/wp\/v2\/pages\/8","targetHints":{"allow":["GET"]}}],"collection":[{"href":"https:\/\/userblogs.fu-berlin.de\/furad\/wp-json\/wp\/v2\/pages"}],"about":[{"href":"https:\/\/userblogs.fu-berlin.de\/furad\/wp-json\/wp\/v2\/types\/page"}],"author":[{"embeddable":true,"href":"https:\/\/userblogs.fu-berlin.de\/furad\/wp-json\/wp\/v2\/users\/6410"}],"replies":[{"embeddable":true,"href":"https:\/\/userblogs.fu-berlin.de\/furad\/wp-json\/wp\/v2\/comments?post=8"}],"version-history":[{"count":14,"href":"https:\/\/userblogs.fu-berlin.de\/furad\/wp-json\/wp\/v2\/pages\/8\/revisions"}],"predecessor-version":[{"id":436,"href":"https:\/\/userblogs.fu-berlin.de\/furad\/wp-json\/wp\/v2\/pages\/8\/revisions\/436"}],"wp:featuredmedia":[{"embeddable":true,"href":"https:\/\/userblogs.fu-berlin.de\/furad\/wp-json\/wp\/v2\/media\/168"}],"wp:attachment":[{"href":"https:\/\/userblogs.fu-berlin.de\/furad\/wp-json\/wp\/v2\/media?parent=8"}],"curies":[{"name":"wp","href":"https:\/\/api.w.org\/{rel}","templated":true}]}}