{"id":1186,"date":"2020-07-06T10:10:48","date_gmt":"2020-07-06T08:10:48","guid":{"rendered":"https:\/\/userblogs.fu-berlin.de\/genome-editing\/?page_id=1186"},"modified":"2021-01-26T11:23:44","modified_gmt":"2021-01-26T10:23:44","slug":"inszenierung-hinterfragen","status":"publish","type":"page","link":"https:\/\/userblogs.fu-berlin.de\/genome-editing\/lernen\/situation-analysieren\/inszenierung-hinterfragen\/","title":{"rendered":"Inszenierung hinterfragen"},"content":{"rendered":"\n<div style=\"height:20px\" aria-hidden=\"true\" class=\"wp-block-spacer\"><\/div>\n\n\n\n<p class=\"has-small-font-size\"><a href=\"https:\/\/userblogs.fu-berlin.de\/genome-editing\/\">Startseite<\/a> &gt; <a href=\"https:\/\/userblogs.fu-berlin.de\/genome-editing\/lernen\/situation-analysieren\/\">Worum geht es \u00fcberhaupt?<\/a> &gt; <strong>Hinterfrage die Inszenierung!<\/strong><\/p>\n\n\n\n<div class=\"wp-block-cover has-background-dim\" style=\"background-color:#37c8ab;min-height:150px;aspect-ratio:unset;\"><div class=\"wp-block-cover__inner-container is-layout-flow wp-block-cover-is-layout-flow\">\n<h1 class=\"has-text-align-center wp-block-heading\">Hinterfrage die Inszenierung!<\/h1>\n\n\n\n<p><\/p>\n<\/div><\/div>\n\n\n\n<div style=\"height:20px\" aria-hidden=\"true\" class=\"wp-block-spacer\"><\/div>\n\n\n\n<div class=\"wp-block-columns is-layout-flex wp-container-core-columns-is-layout-28f84493 wp-block-columns-is-layout-flex\">\n<div class=\"wp-block-column is-layout-flow wp-block-column-is-layout-flow\">\n<div class=\"wp-block-image\"><figure class=\"aligncenter size-large\"><a href=\"https:\/\/userblogs.fu-berlin.de\/genome-editing\/lernen\/situation-analysieren\/inszenierung-hinterfragen\/hinterfrage-die-metaphern-des-genome-editing\/\"><img loading=\"lazy\" decoding=\"async\" width=\"1000\" height=\"667\" src=\"https:\/\/userblogs.fu-berlin.de\/genome-editing\/files\/2020\/08\/dns_puzzle.jpg\" alt=\"\" class=\"wp-image-3147\" srcset=\"https:\/\/userblogs.fu-berlin.de\/genome-editing\/files\/2020\/08\/dns_puzzle.jpg 1000w, https:\/\/userblogs.fu-berlin.de\/genome-editing\/files\/2020\/08\/dns_puzzle-300x200.jpg 300w, https:\/\/userblogs.fu-berlin.de\/genome-editing\/files\/2020\/08\/dns_puzzle-768x512.jpg 768w, https:\/\/userblogs.fu-berlin.de\/genome-editing\/files\/2020\/08\/dns_puzzle-830x554.jpg 830w, https:\/\/userblogs.fu-berlin.de\/genome-editing\/files\/2020\/08\/dns_puzzle-230x153.jpg 230w, https:\/\/userblogs.fu-berlin.de\/genome-editing\/files\/2020\/08\/dns_puzzle-350x233.jpg 350w, https:\/\/userblogs.fu-berlin.de\/genome-editing\/files\/2020\/08\/dns_puzzle-480x320.jpg 480w, https:\/\/userblogs.fu-berlin.de\/genome-editing\/files\/2020\/08\/dns_puzzle-250x167.jpg 250w, https:\/\/userblogs.fu-berlin.de\/genome-editing\/files\/2020\/08\/dns_puzzle-550x367.jpg 550w, https:\/\/userblogs.fu-berlin.de\/genome-editing\/files\/2020\/08\/dns_puzzle-800x534.jpg 800w, https:\/\/userblogs.fu-berlin.de\/genome-editing\/files\/2020\/08\/dns_puzzle-270x180.jpg 270w, https:\/\/userblogs.fu-berlin.de\/genome-editing\/files\/2020\/08\/dns_puzzle-450x300.jpg 450w, https:\/\/userblogs.fu-berlin.de\/genome-editing\/files\/2020\/08\/dns_puzzle-750x500.jpg 750w\" sizes=\"auto, (max-width: 1000px) 100vw, 1000px\" \/><\/a><\/figure><\/div>\n\n\n\n<h4 class=\"has-text-align-center wp-block-heading\"><a href=\"https:\/\/userblogs.fu-berlin.de\/genome-editing\/lernen\/situation-analysieren\/inszenierung-hinterfragen\/hinterfrage-die-metaphern-des-genome-editing\/\">Hinterfrage  die Metaphern des Genome Editing<\/a><\/h4>\n\n\n\n<p><em>Ein Beitrag von Yoo Yung Lee<\/em><\/p>\n\n\n\n<p>Oft wird von der Genschere CRISPR\/Cas9 gesprochen. Aber CRISPR\/Cas9 ist nat\u00fcrlich keine wirkliche Schere, denn der Gebrauch ist nur metaphorisch gemeint.  Lies den Artikel, um dein Bewusstsein f\u00fcr Metaphern in der Wissenschaft zu sch\u00e4rfen!<\/p>\n<\/div>\n\n\n\n<div class=\"wp-block-column is-layout-flow wp-block-column-is-layout-flow\">\n<div class=\"wp-block-image\"><figure class=\"aligncenter size-large\"><a href=\"https:\/\/userblogs.fu-berlin.de\/genome-editing\/lernen\/situation-analysieren\/inszenierung-hinterfragen\/hinterfrage-bildsprache\/\"><img loading=\"lazy\" decoding=\"async\" width=\"640\" height=\"426\" src=\"https:\/\/userblogs.fu-berlin.de\/genome-editing\/files\/2020\/11\/wooden-mannequin-791720_640.jpg\" alt=\"\" class=\"wp-image-3462\" srcset=\"https:\/\/userblogs.fu-berlin.de\/genome-editing\/files\/2020\/11\/wooden-mannequin-791720_640.jpg 640w, https:\/\/userblogs.fu-berlin.de\/genome-editing\/files\/2020\/11\/wooden-mannequin-791720_640-300x200.jpg 300w, https:\/\/userblogs.fu-berlin.de\/genome-editing\/files\/2020\/11\/wooden-mannequin-791720_640-230x153.jpg 230w, https:\/\/userblogs.fu-berlin.de\/genome-editing\/files\/2020\/11\/wooden-mannequin-791720_640-350x233.jpg 350w, https:\/\/userblogs.fu-berlin.de\/genome-editing\/files\/2020\/11\/wooden-mannequin-791720_640-480x320.jpg 480w, https:\/\/userblogs.fu-berlin.de\/genome-editing\/files\/2020\/11\/wooden-mannequin-791720_640-250x166.jpg 250w, https:\/\/userblogs.fu-berlin.de\/genome-editing\/files\/2020\/11\/wooden-mannequin-791720_640-550x366.jpg 550w, https:\/\/userblogs.fu-berlin.de\/genome-editing\/files\/2020\/11\/wooden-mannequin-791720_640-270x180.jpg 270w, https:\/\/userblogs.fu-berlin.de\/genome-editing\/files\/2020\/11\/wooden-mannequin-791720_640-451x300.jpg 451w\" sizes=\"auto, (max-width: 640px) 100vw, 640px\" \/><\/a><\/figure><\/div>\n\n\n\n<h4 class=\"has-text-align-center wp-block-heading\"><a href=\"https:\/\/userblogs.fu-berlin.de\/genome-editing\/lernen\/situation-analysieren\/inszenierung-hinterfragen\/hinterfrage-bildsprache\/\">Hinterfrage die Bildsprache<\/a><\/h4>\n\n\n\n<p><em>Ein Beitrag von Margret Iversen<\/em><\/p>\n\n\n\n<p>Was m\u00f6chte ich denn heute bestellen? Einen Romeo oder eine Julia. Zugebenerma\u00dfen ist das etwas \u00fcberspitzt, aber bereits heutzutage ist es m\u00f6glich einige Merkmale von Babys auszuw\u00e4hlen. Schaue dir dazu einen Ausschnitt aus dem Video &#8222;Baby \u00e0 la Carte&#8220; an und lerne wie Filmemacher dich manipulieren k\u00f6nnen. <\/p>\n<\/div>\n<\/div>\n\n\n\n<hr class=\"wp-block-separator\" \/>\n\n\n\n<div class=\"wp-block-columns are-vertically-aligned-center is-layout-flex wp-container-core-columns-is-layout-28f84493 wp-block-columns-is-layout-flex\">\n<div class=\"wp-block-column is-vertically-aligned-center is-layout-flow wp-block-column-is-layout-flow\">\n<p><strong>Zur\u00fcck:<\/strong> <a data-jzz-gui-player=\"true\" href=\"https:\/\/userblogs.fu-berlin.de\/genome-editing\/mache-dir-ein-erstes-bild\/\"><span style=\"color:#2c89a0\" class=\"has-inline-color\">Nimm verschiedene Perspektiven ein!<\/span><\/a><\/p>\n<\/div>\n\n\n\n<div class=\"wp-block-column is-vertically-aligned-center is-layout-flow wp-block-column-is-layout-flow\">\n<p class=\"has-text-align-right\"><strong>Weiter:<\/strong> <a data-jzz-gui-player=\"true\" href=\"https:\/\/userblogs.fu-berlin.de\/genome-editing\/lernen\/normen-und-werte\/\"><span style=\"color:#2c89a0\" class=\"has-inline-color\">Welche Normen und Werte sind wichtig?<\/span><\/a><\/p>\n<\/div>\n<\/div>\n\n\n\n<hr class=\"wp-block-separator\" \/>\n\n\n\n<div class=\"wp-block-group\"><div class=\"wp-block-group__inner-container is-layout-flow wp-block-group-is-layout-flow\">\n<p><strong>Was dich auch interessieren k\u00f6nnte:<\/strong><\/p>\n\n\n\n<div class=\"wp-block-columns is-layout-flex wp-container-core-columns-is-layout-28f84493 wp-block-columns-is-layout-flex\">\n<div class=\"wp-block-column is-layout-flow wp-block-column-is-layout-flow\">\n<p><span style=\"color:#2c89a0\" class=\"has-inline-color\"><\/span><a href=\"https:\/\/userblogs.fu-berlin.de\/genome-editing\/inhaltliche-kritik\/\">Kritik am Inhalt der Pr\u00e4missen<\/a><\/p>\n<\/div>\n\n\n\n<div class=\"wp-block-column is-layout-flow wp-block-column-is-layout-flow\">\n<p class=\"has-text-align-center\"><a href=\"https:\/\/userblogs.fu-berlin.de\/genome-editing\/ethik-vermitteln\/konzepte-die-ethik-des-genome-editing-im-fachdidaktischen-kontext\/was-muessen-menschen-koennen#wissenschaftskommunikation\">Olaf Kramer: Den Deutungsrahmen hinterfragen<\/a><\/p>\n<\/div>\n\n\n\n<div class=\"wp-block-column is-layout-flow wp-block-column-is-layout-flow\">\n<p class=\"has-text-align-right\"><a href=\"https:\/\/userblogs.fu-berlin.de\/genome-editing\/werden-alle-stimmen-gehort\/\">Werden alle Stimmen geh\u00f6rt?<\/a><\/p>\n<\/div>\n<\/div>\n<\/div><\/div>\n\n\n\n<p><\/p>\n","protected":false},"excerpt":{"rendered":"<p>Startseite &gt; Worum geht es \u00fcberhaupt? &gt; Hinterfrage die Inszenierung! [&hellip;]<\/p>\n","protected":false},"author":4241,"featured_media":0,"parent":186,"menu_order":4,"comment_status":"closed","ping_status":"closed","template":"page-templates\/page_front-page.php","meta":{"footnotes":""},"class_list":["post-1186","page","type-page","status-publish","hentry"],"_links":{"self":[{"href":"https:\/\/userblogs.fu-berlin.de\/genome-editing\/wp-json\/wp\/v2\/pages\/1186","targetHints":{"allow":["GET"]}}],"collection":[{"href":"https:\/\/userblogs.fu-berlin.de\/genome-editing\/wp-json\/wp\/v2\/pages"}],"about":[{"href":"https:\/\/userblogs.fu-berlin.de\/genome-editing\/wp-json\/wp\/v2\/types\/page"}],"author":[{"embeddable":true,"href":"https:\/\/userblogs.fu-berlin.de\/genome-editing\/wp-json\/wp\/v2\/users\/4241"}],"replies":[{"embeddable":true,"href":"https:\/\/userblogs.fu-berlin.de\/genome-editing\/wp-json\/wp\/v2\/comments?post=1186"}],"version-history":[{"count":67,"href":"https:\/\/userblogs.fu-berlin.de\/genome-editing\/wp-json\/wp\/v2\/pages\/1186\/revisions"}],"predecessor-version":[{"id":7938,"href":"https:\/\/userblogs.fu-berlin.de\/genome-editing\/wp-json\/wp\/v2\/pages\/1186\/revisions\/7938"}],"up":[{"embeddable":true,"href":"https:\/\/userblogs.fu-berlin.de\/genome-editing\/wp-json\/wp\/v2\/pages\/186"}],"wp:attachment":[{"href":"https:\/\/userblogs.fu-berlin.de\/genome-editing\/wp-json\/wp\/v2\/media?parent=1186"}],"curies":[{"name":"wp","href":"https:\/\/api.w.org\/{rel}","templated":true}]}}