{"id":1288,"date":"2020-07-06T14:27:53","date_gmt":"2020-07-06T12:27:53","guid":{"rendered":"https:\/\/userblogs.fu-berlin.de\/genome-editing\/?page_id=1288"},"modified":"2021-02-01T09:30:03","modified_gmt":"2021-02-01T08:30:03","slug":"ethische-grundbegriffe","status":"publish","type":"page","link":"https:\/\/userblogs.fu-berlin.de\/genome-editing\/lernen\/normen-und-werte\/ethische-grundbegriffe\/","title":{"rendered":"Kenne ethische Grundbegriffe"},"content":{"rendered":"\n<div style=\"height:20px\" aria-hidden=\"true\" class=\"wp-block-spacer\"><\/div>\n\n\n\n<p class=\"has-small-font-size\"><a href=\"https:\/\/userblogs.fu-berlin.de\/genome-editing\/\">Startseite<\/a> &gt; <a href=\"https:\/\/userblogs.fu-berlin.de\/genome-editing\/lernen\/normen-und-werte\/\">Welche Normen und Werte sind wichtig?<\/a> &gt; <strong>Lerne ethische Grundbegriffe kennen!<\/strong><\/p>\n\n\n\n<div class=\"wp-block-cover has-background-dim\" style=\"background-color:#9393ac;min-height:150px;aspect-ratio:unset;\"><div class=\"wp-block-cover__inner-container is-layout-flow wp-block-cover-is-layout-flow\">\n<h1 class=\"has-text-align-center wp-block-heading\">Lerne ethische Grundbegriffe kennen!<\/h1>\n<\/div><\/div>\n\n\n\n<div style=\"height:20px\" aria-hidden=\"true\" class=\"wp-block-spacer\"><\/div>\n\n\n\n<div class=\"wp-block-columns is-layout-flex wp-container-core-columns-is-layout-28f84493 wp-block-columns-is-layout-flex\">\n<div class=\"wp-block-column is-layout-flow wp-block-column-is-layout-flow\">\n<figure class=\"wp-block-image size-large\"><a href=\"https:\/\/userblogs.fu-berlin.de\/genome-editing\/lernen\/normen-und-werte\/ethische-grundbegriffe\/grenzen-der-normalitaet-ueberschreiten\/\"><img loading=\"lazy\" decoding=\"async\" width=\"913\" height=\"608\" src=\"https:\/\/userblogs.fu-berlin.de\/genome-editing\/files\/2021\/01\/circus-366142_1280-1024x609-1.jpg\" alt=\"\" class=\"wp-image-6981\" srcset=\"https:\/\/userblogs.fu-berlin.de\/genome-editing\/files\/2021\/01\/circus-366142_1280-1024x609-1.jpg 913w, https:\/\/userblogs.fu-berlin.de\/genome-editing\/files\/2021\/01\/circus-366142_1280-1024x609-1-300x200.jpg 300w, https:\/\/userblogs.fu-berlin.de\/genome-editing\/files\/2021\/01\/circus-366142_1280-1024x609-1-768x511.jpg 768w, https:\/\/userblogs.fu-berlin.de\/genome-editing\/files\/2021\/01\/circus-366142_1280-1024x609-1-830x553.jpg 830w, https:\/\/userblogs.fu-berlin.de\/genome-editing\/files\/2021\/01\/circus-366142_1280-1024x609-1-230x153.jpg 230w, https:\/\/userblogs.fu-berlin.de\/genome-editing\/files\/2021\/01\/circus-366142_1280-1024x609-1-350x233.jpg 350w, https:\/\/userblogs.fu-berlin.de\/genome-editing\/files\/2021\/01\/circus-366142_1280-1024x609-1-480x320.jpg 480w, https:\/\/userblogs.fu-berlin.de\/genome-editing\/files\/2021\/01\/circus-366142_1280-1024x609-1-250x166.jpg 250w, https:\/\/userblogs.fu-berlin.de\/genome-editing\/files\/2021\/01\/circus-366142_1280-1024x609-1-550x366.jpg 550w, https:\/\/userblogs.fu-berlin.de\/genome-editing\/files\/2021\/01\/circus-366142_1280-1024x609-1-800x533.jpg 800w, https:\/\/userblogs.fu-berlin.de\/genome-editing\/files\/2021\/01\/circus-366142_1280-1024x609-1-270x180.jpg 270w, https:\/\/userblogs.fu-berlin.de\/genome-editing\/files\/2021\/01\/circus-366142_1280-1024x609-1-450x300.jpg 450w, https:\/\/userblogs.fu-berlin.de\/genome-editing\/files\/2021\/01\/circus-366142_1280-1024x609-1-751x500.jpg 751w\" sizes=\"auto, (max-width: 913px) 100vw, 913px\" \/><\/a><\/figure>\n\n\n\n<h6 class=\"has-text-align-center wp-block-heading\"><a href=\"https:\/\/userblogs.fu-berlin.de\/genome-editing\/lernen\/normen-und-werte\/ethische-grundbegriffe\/grenzen-der-normalitaet-ueberschreiten\/\">Grenzen der Normalit\u00e4t \u00fcberschreiten?<\/a><\/h6>\n\n\n\n<p><em>Ein Beitrag von Florian B\u00f6gner<\/em> <\/p>\n\n\n\n<p>Oft k\u00f6nnen wir mehr als wir denken. So scheinen Zirkusartist_innen manchmal fast unm\u00f6gliche Kunstst\u00fccke zu vollbringen. Sollen wir unsere Normalit\u00e4t immer wieder \u00fcberschreiten und uns neue Normen geben? <a href=\"https:\/\/userblogs.fu-berlin.de\/genome-editing\/lernen\/normen-und-werte\/ethische-grundbegriffe\/grenzen-der-normalitaet-ueberschreiten\/\">Antworten findest du hier.<\/a><\/p>\n<\/div>\n\n\n\n<div class=\"wp-block-column is-layout-flow wp-block-column-is-layout-flow\">\n<div class=\"wp-block-image\"><figure class=\"aligncenter size-large\"><a href=\"https:\/\/userblogs.fu-berlin.de\/genome-editing\/lernen\/normen-und-werte\/ethische-grundbegriffe\/ethik-zuordnen\/\"><img loading=\"lazy\" decoding=\"async\" width=\"1024\" height=\"680\" src=\"https:\/\/userblogs.fu-berlin.de\/genome-editing\/files\/2021\/01\/Bibliothek-1024x680.jpg\" alt=\"\" class=\"wp-image-7970\" srcset=\"https:\/\/userblogs.fu-berlin.de\/genome-editing\/files\/2021\/01\/Bibliothek-1024x680.jpg 1024w, https:\/\/userblogs.fu-berlin.de\/genome-editing\/files\/2021\/01\/Bibliothek-300x199.jpg 300w, https:\/\/userblogs.fu-berlin.de\/genome-editing\/files\/2021\/01\/Bibliothek-768x510.jpg 768w, https:\/\/userblogs.fu-berlin.de\/genome-editing\/files\/2021\/01\/Bibliothek-830x551.jpg 830w, https:\/\/userblogs.fu-berlin.de\/genome-editing\/files\/2021\/01\/Bibliothek-230x153.jpg 230w, https:\/\/userblogs.fu-berlin.de\/genome-editing\/files\/2021\/01\/Bibliothek-350x232.jpg 350w, https:\/\/userblogs.fu-berlin.de\/genome-editing\/files\/2021\/01\/Bibliothek-480x319.jpg 480w, https:\/\/userblogs.fu-berlin.de\/genome-editing\/files\/2021\/01\/Bibliothek-250x166.jpg 250w, https:\/\/userblogs.fu-berlin.de\/genome-editing\/files\/2021\/01\/Bibliothek-550x365.jpg 550w, https:\/\/userblogs.fu-berlin.de\/genome-editing\/files\/2021\/01\/Bibliothek-800x531.jpg 800w, https:\/\/userblogs.fu-berlin.de\/genome-editing\/files\/2021\/01\/Bibliothek-271x180.jpg 271w, https:\/\/userblogs.fu-berlin.de\/genome-editing\/files\/2021\/01\/Bibliothek-452x300.jpg 452w, https:\/\/userblogs.fu-berlin.de\/genome-editing\/files\/2021\/01\/Bibliothek-753x500.jpg 753w, https:\/\/userblogs.fu-berlin.de\/genome-editing\/files\/2021\/01\/Bibliothek.jpg 1280w\" sizes=\"auto, (max-width: 1024px) 100vw, 1024px\" \/><\/a><\/figure><\/div>\n\n\n\n<h5 class=\"has-text-align-center wp-block-heading\"><a href=\"https:\/\/userblogs.fu-berlin.de\/genome-editing\/lernen\/normen-und-werte\/ethische-grundbegriffe\/ethik-zuordnen\/\">Was ist Ethik (nicht)?<\/a><\/h5>\n\n\n\n<p><em>Ein Beitrag von Hannah Schickl<\/em><\/p>\n\n\n\n<p>Ist Ethik eher Moral, Glaube oder Meinung? Geh\u00f6rt Ethik zur Religion(swissenschaft), zur Philosophie oder doch zum Bereich Politik- und Gesellschaft? <a href=\"https:\/\/userblogs.fu-berlin.de\/genome-editing\/lernen\/normen-und-werte\/ethische-grundbegriffe\/ethik-zuordnen\/\">Guck&#8216; mal hier nach!<\/a><\/p>\n<\/div>\n\n\n\n<div class=\"wp-block-column is-layout-flow wp-block-column-is-layout-flow\">\n<figure class=\"wp-block-image size-large\"><a href=\"https:\/\/userblogs.fu-berlin.de\/genome-editing\/4-dinge-die-du-schon-immer-ueber-ethik-gewusst-hast\/\"><img loading=\"lazy\" decoding=\"async\" width=\"640\" height=\"425\" src=\"https:\/\/userblogs.fu-berlin.de\/genome-editing\/files\/2021\/01\/wooden-2564280_640.jpg\" alt=\"\" class=\"wp-image-6611\" srcset=\"https:\/\/userblogs.fu-berlin.de\/genome-editing\/files\/2021\/01\/wooden-2564280_640.jpg 640w, https:\/\/userblogs.fu-berlin.de\/genome-editing\/files\/2021\/01\/wooden-2564280_640-300x199.jpg 300w, https:\/\/userblogs.fu-berlin.de\/genome-editing\/files\/2021\/01\/wooden-2564280_640-230x153.jpg 230w, https:\/\/userblogs.fu-berlin.de\/genome-editing\/files\/2021\/01\/wooden-2564280_640-350x232.jpg 350w, https:\/\/userblogs.fu-berlin.de\/genome-editing\/files\/2021\/01\/wooden-2564280_640-480x319.jpg 480w, https:\/\/userblogs.fu-berlin.de\/genome-editing\/files\/2021\/01\/wooden-2564280_640-250x166.jpg 250w, https:\/\/userblogs.fu-berlin.de\/genome-editing\/files\/2021\/01\/wooden-2564280_640-550x365.jpg 550w, https:\/\/userblogs.fu-berlin.de\/genome-editing\/files\/2021\/01\/wooden-2564280_640-271x180.jpg 271w, https:\/\/userblogs.fu-berlin.de\/genome-editing\/files\/2021\/01\/wooden-2564280_640-452x300.jpg 452w\" sizes=\"auto, (max-width: 640px) 100vw, 640px\" \/><\/a><\/figure>\n\n\n\n<h6 class=\"has-text-align-center wp-block-heading\"><a href=\"https:\/\/userblogs.fu-berlin.de\/genome-editing\/4-dinge-die-du-schon-immer-ueber-ethik-gewusst-hast\/\">4 Dinge, die Du schon immer \u00fcber Ethik gewusst hast<\/a><\/h6>\n\n\n\n<p><em>Ein Beitrag von Julia Dietrich<\/em><\/p>\n\n\n\n<p>Die meisten Menschen haben ein bestimmtes Bild davon, was man von der Ethik erwarten kann und was nicht. Aber ob dieses Bild immer richtig ist? <a href=\"https:\/\/userblogs.fu-berlin.de\/genome-editing\/4-dinge-die-du-schon-immer-ueber-ethik-gewusst-hast\/\">Mach\u2018 den Test!<\/a><\/p>\n<\/div>\n\n\n\n<div class=\"wp-block-column is-layout-flow wp-block-column-is-layout-flow\">\n<div class=\"wp-block-image\"><figure class=\"aligncenter size-large\"><a href=\"https:\/\/userblogs.fu-berlin.de\/genome-editing\/lernen\/normen-und-werte\/ethische-grundbegriffe\/wonach-fragt-die-ethik\/\"><img loading=\"lazy\" decoding=\"async\" width=\"640\" height=\"426\" src=\"https:\/\/userblogs.fu-berlin.de\/genome-editing\/files\/2021\/01\/table-2572876_640.jpg\" alt=\"\" class=\"wp-image-6614\" srcset=\"https:\/\/userblogs.fu-berlin.de\/genome-editing\/files\/2021\/01\/table-2572876_640.jpg 640w, https:\/\/userblogs.fu-berlin.de\/genome-editing\/files\/2021\/01\/table-2572876_640-300x200.jpg 300w, https:\/\/userblogs.fu-berlin.de\/genome-editing\/files\/2021\/01\/table-2572876_640-230x153.jpg 230w, https:\/\/userblogs.fu-berlin.de\/genome-editing\/files\/2021\/01\/table-2572876_640-350x233.jpg 350w, https:\/\/userblogs.fu-berlin.de\/genome-editing\/files\/2021\/01\/table-2572876_640-480x320.jpg 480w, https:\/\/userblogs.fu-berlin.de\/genome-editing\/files\/2021\/01\/table-2572876_640-250x166.jpg 250w, https:\/\/userblogs.fu-berlin.de\/genome-editing\/files\/2021\/01\/table-2572876_640-550x366.jpg 550w, https:\/\/userblogs.fu-berlin.de\/genome-editing\/files\/2021\/01\/table-2572876_640-270x180.jpg 270w, https:\/\/userblogs.fu-berlin.de\/genome-editing\/files\/2021\/01\/table-2572876_640-451x300.jpg 451w\" sizes=\"auto, (max-width: 640px) 100vw, 640px\" \/><\/a><\/figure><\/div>\n\n\n\n<h5 class=\"has-text-align-center wp-block-heading\"><a href=\"https:\/\/userblogs.fu-berlin.de\/genome-editing\/lernen\/normen-und-werte\/ethische-grundbegriffe\/wonach-fragt-die-ethik\/\">Wonach fragt die Ethik? <\/a><\/h5>\n\n\n\n<p><em>Ein Beitrag von Sophia Gerber<\/em><\/p>\n\n\n\n<p>Die Ethik l\u00e4sst Meinungen nicht einfach nebeneinander stehen, sondern sucht nach g\u00fcltigen Kriterien und Ma\u00dfst\u00e4ben f\u00fcr moralisches Handeln und f\u00fcr die Bewertung seiner Motive und Folgen. <a href=\"https:\/\/userblogs.fu-berlin.de\/genome-editing\/lernen\/normen-und-werte\/ethische-grundbegriffe\/wonach-fragt-die-ethik\/\">Mehr erf\u00e4hrst du hier.<\/a><\/p>\n<\/div>\n<\/div>\n\n\n\n<hr class=\"wp-block-separator\" \/>\n\n\n\n<div class=\"wp-block-columns are-vertically-aligned-center is-layout-flex wp-container-core-columns-is-layout-28f84493 wp-block-columns-is-layout-flex\">\n<div class=\"wp-block-column is-vertically-aligned-center is-layout-flow wp-block-column-is-layout-flow\">\n<p><strong>Zur\u00fcck:<\/strong> <a data-jzz-gui-player=\"true\" href=\"https:\/\/userblogs.fu-berlin.de\/genome-editing\/lernen\/normen-und-werte\/\"><span style=\"color:#2c89a0\" class=\"has-inline-color\">Welche Normen und Werte sind wichtig?<\/span><\/a><\/p>\n<\/div>\n\n\n\n<div class=\"wp-block-column is-vertically-aligned-center is-layout-flow wp-block-column-is-layout-flow\">\n<p class=\"has-text-align-right\"><strong>Weiter:<\/strong> <a data-jzz-gui-player=\"true\" href=\"https:\/\/userblogs.fu-berlin.de\/genome-editing\/lernen\/normen-und-werte\/normen-und-werte-begruenden\/\"><span style=\"color:#2c89a0\" class=\"has-inline-color\">Erfahre, wie du Normen und Werte begr\u00fcnden kannst!<\/span><\/a><\/p>\n<\/div>\n<\/div>\n\n\n\n<hr class=\"wp-block-separator\" \/>\n\n\n\n<div class=\"wp-block-group\"><div class=\"wp-block-group__inner-container is-layout-flow wp-block-group-is-layout-flow\">\n<div class=\"wp-block-group\"><div class=\"wp-block-group__inner-container is-layout-flow wp-block-group-is-layout-flow\">\n<div class=\"wp-block-group\"><div class=\"wp-block-group__inner-container is-layout-flow wp-block-group-is-layout-flow\">\n<p><strong>Was dich auch interessieren k\u00f6nnte:<\/strong><\/p>\n\n\n\n<div class=\"wp-block-columns is-layout-flex wp-container-core-columns-is-layout-28f84493 wp-block-columns-is-layout-flex\">\n<div class=\"wp-block-column is-layout-flow wp-block-column-is-layout-flow\">\n<p><a href=\"https:\/\/userblogs.fu-berlin.de\/genome-editing\/lernen\/argumentieren\/stuetze-deine-meinung-mit-einem-argument\/\">St\u00fctze deine Meinung mit einem Argument!<\/a><\/p>\n<\/div>\n\n\n\n<div class=\"wp-block-column is-layout-flow wp-block-column-is-layout-flow\">\n<p class=\"has-text-align-center\"><a href=\"https:\/\/userblogs.fu-berlin.de\/genome-editing\/lernen\/urteilen\/was-kannst-du-dir-von-anderen-abgucken\/\">Gucke dir was von anderen ab<\/a><\/p>\n<\/div>\n\n\n\n<div class=\"wp-block-column is-layout-flow wp-block-column-is-layout-flow\">\n<p class=\"has-text-align-right\"><a href=\"https:\/\/userblogs.fu-berlin.de\/genome-editing\/lernen\/urteilen\/schwierige-entscheidungen\/\">Akzeptiere schwierige Entscheidungen<\/a><\/p>\n<\/div>\n<\/div>\n<\/div><\/div>\n<\/div><\/div>\n<\/div><\/div>\n\n\n\n<p><\/p>\n","protected":false},"excerpt":{"rendered":"<p>Startseite &gt; Welche Normen und Werte sind wichtig? &gt; Lerne [&hellip;]<\/p>\n","protected":false},"author":4241,"featured_media":0,"parent":187,"menu_order":1,"comment_status":"closed","ping_status":"closed","template":"page-templates\/page_front-page.php","meta":{"footnotes":""},"class_list":["post-1288","page","type-page","status-publish","hentry"],"_links":{"self":[{"href":"https:\/\/userblogs.fu-berlin.de\/genome-editing\/wp-json\/wp\/v2\/pages\/1288","targetHints":{"allow":["GET"]}}],"collection":[{"href":"https:\/\/userblogs.fu-berlin.de\/genome-editing\/wp-json\/wp\/v2\/pages"}],"about":[{"href":"https:\/\/userblogs.fu-berlin.de\/genome-editing\/wp-json\/wp\/v2\/types\/page"}],"author":[{"embeddable":true,"href":"https:\/\/userblogs.fu-berlin.de\/genome-editing\/wp-json\/wp\/v2\/users\/4241"}],"replies":[{"embeddable":true,"href":"https:\/\/userblogs.fu-berlin.de\/genome-editing\/wp-json\/wp\/v2\/comments?post=1288"}],"version-history":[{"count":96,"href":"https:\/\/userblogs.fu-berlin.de\/genome-editing\/wp-json\/wp\/v2\/pages\/1288\/revisions"}],"predecessor-version":[{"id":7972,"href":"https:\/\/userblogs.fu-berlin.de\/genome-editing\/wp-json\/wp\/v2\/pages\/1288\/revisions\/7972"}],"up":[{"embeddable":true,"href":"https:\/\/userblogs.fu-berlin.de\/genome-editing\/wp-json\/wp\/v2\/pages\/187"}],"wp:attachment":[{"href":"https:\/\/userblogs.fu-berlin.de\/genome-editing\/wp-json\/wp\/v2\/media?parent=1288"}],"curies":[{"name":"wp","href":"https:\/\/api.w.org\/{rel}","templated":true}]}}