{"id":1298,"date":"2020-07-06T14:32:03","date_gmt":"2020-07-06T12:32:03","guid":{"rendered":"https:\/\/userblogs.fu-berlin.de\/genome-editing\/?page_id=1298"},"modified":"2021-01-30T11:27:04","modified_gmt":"2021-01-30T10:27:04","slug":"was-sagt-die-ethik","status":"publish","type":"page","link":"https:\/\/userblogs.fu-berlin.de\/genome-editing\/lernen\/normen-und-werte\/was-sagt-die-ethik\/","title":{"rendered":"Was sagt die Ethik?"},"content":{"rendered":"\n<div style=\"height:20px\" aria-hidden=\"true\" class=\"wp-block-spacer\"><\/div>\n\n\n\n<p class=\"has-small-font-size\"><a href=\"https:\/\/userblogs.fu-berlin.de\/genome-editing\/\"><span style=\"color:#2c89a0\" class=\"has-inline-color\">Startseite<\/span><\/a> &gt; <a href=\"https:\/\/userblogs.fu-berlin.de\/genome-editing\/lernen\/normen-und-werte\/\"><span style=\"color:#2c89a0\" class=\"has-inline-color\">Welche Normen und Werte sind wichtig?<\/span><\/a> &gt; <strong>Was sagt die Ethik zum Genome Editing?<\/strong><\/p>\n\n\n\n<div class=\"wp-block-cover has-background-dim\" style=\"background-color:#ffb380;min-height:150px;aspect-ratio:unset;\"><div class=\"wp-block-cover__inner-container is-layout-flow wp-block-cover-is-layout-flow\">\n<h1 class=\"has-text-align-center wp-block-heading\">Was sagt die Ethik zum Genome Editing?<\/h1>\n\n\n\n<p><\/p>\n<\/div><\/div>\n\n\n\n<div style=\"height:20px\" aria-hidden=\"true\" class=\"wp-block-spacer\"><\/div>\n\n\n\n<div class=\"wp-block-columns is-layout-flex wp-container-core-columns-is-layout-28f84493 wp-block-columns-is-layout-flex\">\n<div class=\"wp-block-column is-layout-flow wp-block-column-is-layout-flow\">\n<figure class=\"wp-block-image size-large\"><a href=\"https:\/\/userblogs.fu-berlin.de\/genome-editing\/?page_id=6248&amp;preview=true\"><img loading=\"lazy\" decoding=\"async\" width=\"627\" height=\"418\" src=\"https:\/\/userblogs.fu-berlin.de\/genome-editing\/files\/2021\/01\/Zaunpf\u00e4hle-1.jpg\" alt=\"\" class=\"wp-image-6993\" srcset=\"https:\/\/userblogs.fu-berlin.de\/genome-editing\/files\/2021\/01\/Zaunpf\u00e4hle-1.jpg 627w, https:\/\/userblogs.fu-berlin.de\/genome-editing\/files\/2021\/01\/Zaunpf\u00e4hle-1-300x200.jpg 300w, https:\/\/userblogs.fu-berlin.de\/genome-editing\/files\/2021\/01\/Zaunpf\u00e4hle-1-230x153.jpg 230w, https:\/\/userblogs.fu-berlin.de\/genome-editing\/files\/2021\/01\/Zaunpf\u00e4hle-1-350x233.jpg 350w, https:\/\/userblogs.fu-berlin.de\/genome-editing\/files\/2021\/01\/Zaunpf\u00e4hle-1-480x320.jpg 480w, https:\/\/userblogs.fu-berlin.de\/genome-editing\/files\/2021\/01\/Zaunpf\u00e4hle-1-250x167.jpg 250w, https:\/\/userblogs.fu-berlin.de\/genome-editing\/files\/2021\/01\/Zaunpf\u00e4hle-1-550x367.jpg 550w, https:\/\/userblogs.fu-berlin.de\/genome-editing\/files\/2021\/01\/Zaunpf\u00e4hle-1-270x180.jpg 270w, https:\/\/userblogs.fu-berlin.de\/genome-editing\/files\/2021\/01\/Zaunpf\u00e4hle-1-450x300.jpg 450w\" sizes=\"auto, (max-width: 627px) 100vw, 627px\" \/><\/a><\/figure>\n\n\n\n<h4 class=\"has-text-align-center wp-block-heading\"><a href=\"https:\/\/userblogs.fu-berlin.de\/genome-editing\/?page_id=6248&amp;preview=true\">Stellungnahmen von Wissenschaftsorganisationen<\/a><\/h4>\n\n\n\n<p><em>Ein Beitrag von Julia Dietrich<\/em><\/p>\n\n\n\n<p>F\u00fcr die Bildung eines eigenen Urteils ist es h\u00e4ufig hilfreich, sich die Argumentationen und Positionen anderer anzuschauen.  Eine Auswahl von Stellungnahmen von Wissenschaftsorganisationen <a href=\"https:\/\/userblogs.fu-berlin.de\/genome-editing\/?page_id=6248&amp;preview=true\">findest du hier. <\/a><\/p>\n<\/div>\n\n\n\n<div class=\"wp-block-column is-layout-flow wp-block-column-is-layout-flow\">\n<figure class=\"wp-block-image size-large\"><a href=\"https:\/\/userblogs.fu-berlin.de\/genome-editing\/orientierungsmassstaebe\/\"><img loading=\"lazy\" decoding=\"async\" width=\"640\" height=\"426\" src=\"https:\/\/userblogs.fu-berlin.de\/genome-editing\/files\/2021\/01\/jamie-street-_94HLr_QXo8-unsplash-1.jpg\" alt=\"\" class=\"wp-image-7000\" srcset=\"https:\/\/userblogs.fu-berlin.de\/genome-editing\/files\/2021\/01\/jamie-street-_94HLr_QXo8-unsplash-1.jpg 640w, https:\/\/userblogs.fu-berlin.de\/genome-editing\/files\/2021\/01\/jamie-street-_94HLr_QXo8-unsplash-1-300x200.jpg 300w, https:\/\/userblogs.fu-berlin.de\/genome-editing\/files\/2021\/01\/jamie-street-_94HLr_QXo8-unsplash-1-230x153.jpg 230w, https:\/\/userblogs.fu-berlin.de\/genome-editing\/files\/2021\/01\/jamie-street-_94HLr_QXo8-unsplash-1-350x233.jpg 350w, https:\/\/userblogs.fu-berlin.de\/genome-editing\/files\/2021\/01\/jamie-street-_94HLr_QXo8-unsplash-1-480x320.jpg 480w, https:\/\/userblogs.fu-berlin.de\/genome-editing\/files\/2021\/01\/jamie-street-_94HLr_QXo8-unsplash-1-250x166.jpg 250w, https:\/\/userblogs.fu-berlin.de\/genome-editing\/files\/2021\/01\/jamie-street-_94HLr_QXo8-unsplash-1-550x366.jpg 550w, https:\/\/userblogs.fu-berlin.de\/genome-editing\/files\/2021\/01\/jamie-street-_94HLr_QXo8-unsplash-1-270x180.jpg 270w, https:\/\/userblogs.fu-berlin.de\/genome-editing\/files\/2021\/01\/jamie-street-_94HLr_QXo8-unsplash-1-451x300.jpg 451w\" sizes=\"auto, (max-width: 640px) 100vw, 640px\" \/><\/a><\/figure>\n\n\n\n<h4 class=\"has-text-align-center wp-block-heading\"><a data-jzz-gui-player=\"true\" href=\"https:\/\/userblogs.fu-berlin.de\/genome-editing\/orientierungsmassstaebe\/\">Orientierungsma\u00dfst\u00e4be <\/a><\/h4>\n\n\n\n<p class=\"has-text-align-left\"><em>Ein Beitrag von Nora Schultz<\/em><\/p>\n\n\n\n<p>Bei der Frage um die ethische Bewertung des Genome Editing beim Menschen spielen viele verschiedene Normen und Werte eine Rolle. Um etwas Licht in dieses Dickicht zu bringen, hat der Deutsche Ethikrat acht Prinzipien vorgeschlagen, die uns als Orientierungsma\u00dfst\u00e4be dienen k\u00f6nnen. Lerne sie <a href=\"https:\/\/userblogs.fu-berlin.de\/genome-editing\/orientierungsmassstaebe\/\">hier kennen!<\/a><\/p>\n<\/div>\n\n\n\n<div class=\"wp-block-column is-layout-flow wp-block-column-is-layout-flow\">\n<figure class=\"wp-block-image size-large\"><a href=\"https:\/\/userblogs.fu-berlin.de\/genome-editing\/lernen\/normen-und-werte\/was-sagt-die-ethik\/ethik-und-naturwissenschaft\/\"><img loading=\"lazy\" decoding=\"async\" width=\"640\" height=\"427\" src=\"https:\/\/userblogs.fu-berlin.de\/genome-editing\/files\/2021\/01\/davide-venturelli-lh0mqRUCrok-unsplash.jpg\" alt=\"\" class=\"wp-image-5960\" srcset=\"https:\/\/userblogs.fu-berlin.de\/genome-editing\/files\/2021\/01\/davide-venturelli-lh0mqRUCrok-unsplash.jpg 640w, https:\/\/userblogs.fu-berlin.de\/genome-editing\/files\/2021\/01\/davide-venturelli-lh0mqRUCrok-unsplash-300x200.jpg 300w, https:\/\/userblogs.fu-berlin.de\/genome-editing\/files\/2021\/01\/davide-venturelli-lh0mqRUCrok-unsplash-230x153.jpg 230w, https:\/\/userblogs.fu-berlin.de\/genome-editing\/files\/2021\/01\/davide-venturelli-lh0mqRUCrok-unsplash-350x234.jpg 350w, https:\/\/userblogs.fu-berlin.de\/genome-editing\/files\/2021\/01\/davide-venturelli-lh0mqRUCrok-unsplash-480x320.jpg 480w, https:\/\/userblogs.fu-berlin.de\/genome-editing\/files\/2021\/01\/davide-venturelli-lh0mqRUCrok-unsplash-250x167.jpg 250w, https:\/\/userblogs.fu-berlin.de\/genome-editing\/files\/2021\/01\/davide-venturelli-lh0mqRUCrok-unsplash-550x367.jpg 550w, https:\/\/userblogs.fu-berlin.de\/genome-editing\/files\/2021\/01\/davide-venturelli-lh0mqRUCrok-unsplash-270x180.jpg 270w, https:\/\/userblogs.fu-berlin.de\/genome-editing\/files\/2021\/01\/davide-venturelli-lh0mqRUCrok-unsplash-450x300.jpg 450w\" sizes=\"auto, (max-width: 640px) 100vw, 640px\" \/><\/a><\/figure>\n\n\n\n<h4 class=\"has-text-align-center wp-block-heading\"><a href=\"https:\/\/userblogs.fu-berlin.de\/genome-editing\/lernen\/normen-und-werte\/was-sagt-die-ethik\/ethik-und-naturwissenschaft\/\">Ethik und Naturwissenschaft<\/a><\/h4>\n\n\n\n<p class=\"has-text-align-left\"><em>Ein Beitrag von Lilian Marx-St\u00f6lting<\/em><\/p>\n\n\n\n<p>Ethik und Naturwissenschaft sind eng miteinander verwoben, weil viele naturwissenschaftliche Entwicklungen gesellschaftliche Auswirkungen haben und mit ethischen Fragen verbunden sind. Deshalb geh\u00f6rt es zur Verantwortung von Wissenschaftlerinnen und Wissenschaftlern, Konsequenzen ihrer Handlungen zu erkennen, die Gesellschaft fr\u00fchzeitig einzubinden und Entwicklungsm\u00f6glichkeiten aufzuzeigen. <a href=\"https:\/\/userblogs.fu-berlin.de\/genome-editing\/lernen\/normen-und-werte\/ethik-positionen\/ethik-und-naturwissenschaft\/\">Erfahre hier mehr!<\/a><\/p>\n<\/div>\n<\/div>\n\n\n\n<hr class=\"wp-block-separator is-style-wide\" \/>\n\n\n\n<div class=\"wp-block-columns are-vertically-aligned-center is-layout-flex wp-container-core-columns-is-layout-28f84493 wp-block-columns-is-layout-flex\">\n<div class=\"wp-block-column is-vertically-aligned-center is-layout-flow wp-block-column-is-layout-flow\">\n<p><strong>Zur\u00fcck:<\/strong> <a data-jzz-gui-player=\"true\" href=\"https:\/\/userblogs.fu-berlin.de\/genome-editing\/lernen\/normen-und-werte\/normen-und-werte-begruenden\/\"><span style=\"color:#2c89a0\" class=\"has-inline-color\">Erfahre, wie du Normen und Werte begr\u00fcnden kannst!<\/span><\/a><\/p>\n<\/div>\n\n\n\n<div class=\"wp-block-column is-vertically-aligned-center is-layout-flow wp-block-column-is-layout-flow\">\n<p class=\"has-text-align-right\"><strong>Weiter:<\/strong> <a data-jzz-gui-player=\"true\" href=\"https:\/\/userblogs.fu-berlin.de\/genome-editing\/lernen\/urteilen\/\"><span style=\"color:#2c89a0\" class=\"has-inline-color\">Wie komme ich zu einem Urteil?<\/span><\/a><\/p>\n<\/div>\n<\/div>\n\n\n\n<hr class=\"wp-block-separator is-style-wide\" \/>\n\n\n\n<div class=\"wp-block-group\"><div class=\"wp-block-group__inner-container is-layout-flow wp-block-group-is-layout-flow\">\n<div class=\"wp-block-group\"><div class=\"wp-block-group__inner-container is-layout-flow wp-block-group-is-layout-flow\">\n<div class=\"wp-block-group\"><div class=\"wp-block-group__inner-container is-layout-flow wp-block-group-is-layout-flow\">\n<div class=\"wp-block-group\"><div class=\"wp-block-group__inner-container is-layout-flow wp-block-group-is-layout-flow\">\n<div class=\"wp-block-group\"><div class=\"wp-block-group__inner-container is-layout-flow wp-block-group-is-layout-flow\">\n<div class=\"wp-block-group\"><div class=\"wp-block-group__inner-container is-layout-flow wp-block-group-is-layout-flow\">\n<div class=\"wp-block-group\"><div class=\"wp-block-group__inner-container is-layout-flow wp-block-group-is-layout-flow\">\n<p><strong>Was dich auch interessieren k\u00f6nnte:<\/strong><\/p>\n\n\n\n<div class=\"wp-block-columns is-layout-flex wp-container-core-columns-is-layout-28f84493 wp-block-columns-is-layout-flex\">\n<div class=\"wp-block-column is-layout-flow wp-block-column-is-layout-flow\">\n<p><a href=\"https:\/\/userblogs.fu-berlin.de\/genome-editing\/lernen\/situation-analysieren\/inszenierung-hinterfragen\/\">Hinterfrage die Inszenierung<\/a><\/p>\n<\/div>\n\n\n\n<div class=\"wp-block-column is-layout-flow wp-block-column-is-layout-flow\">\n<p><\/p>\n<\/div>\n\n\n\n<div class=\"wp-block-column is-layout-flow wp-block-column-is-layout-flow\">\n<p class=\"has-text-align-right\"><a href=\"https:\/\/userblogs.fu-berlin.de\/genome-editing\/ethik-vermitteln\/materialien-lehre\/poster\/\">Kritisches Poster<\/a><\/p>\n<\/div>\n<\/div>\n<\/div><\/div>\n<\/div><\/div>\n<\/div><\/div>\n<\/div><\/div>\n<\/div><\/div>\n<\/div><\/div>\n<\/div><\/div>\n","protected":false},"excerpt":{"rendered":"<p>Startseite &gt; Welche Normen und Werte sind wichtig? &gt; Was [&hellip;]<\/p>\n","protected":false},"author":4241,"featured_media":0,"parent":187,"menu_order":3,"comment_status":"closed","ping_status":"closed","template":"page-templates\/page_front-page.php","meta":{"footnotes":""},"class_list":["post-1298","page","type-page","status-publish","hentry"],"_links":{"self":[{"href":"https:\/\/userblogs.fu-berlin.de\/genome-editing\/wp-json\/wp\/v2\/pages\/1298","targetHints":{"allow":["GET"]}}],"collection":[{"href":"https:\/\/userblogs.fu-berlin.de\/genome-editing\/wp-json\/wp\/v2\/pages"}],"about":[{"href":"https:\/\/userblogs.fu-berlin.de\/genome-editing\/wp-json\/wp\/v2\/types\/page"}],"author":[{"embeddable":true,"href":"https:\/\/userblogs.fu-berlin.de\/genome-editing\/wp-json\/wp\/v2\/users\/4241"}],"replies":[{"embeddable":true,"href":"https:\/\/userblogs.fu-berlin.de\/genome-editing\/wp-json\/wp\/v2\/comments?post=1298"}],"version-history":[{"count":80,"href":"https:\/\/userblogs.fu-berlin.de\/genome-editing\/wp-json\/wp\/v2\/pages\/1298\/revisions"}],"predecessor-version":[{"id":8265,"href":"https:\/\/userblogs.fu-berlin.de\/genome-editing\/wp-json\/wp\/v2\/pages\/1298\/revisions\/8265"}],"up":[{"embeddable":true,"href":"https:\/\/userblogs.fu-berlin.de\/genome-editing\/wp-json\/wp\/v2\/pages\/187"}],"wp:attachment":[{"href":"https:\/\/userblogs.fu-berlin.de\/genome-editing\/wp-json\/wp\/v2\/media?parent=1298"}],"curies":[{"name":"wp","href":"https:\/\/api.w.org\/{rel}","templated":true}]}}