{"id":1684,"date":"2020-07-13T10:40:40","date_gmt":"2020-07-13T08:40:40","guid":{"rendered":"https:\/\/userblogs.fu-berlin.de\/genome-editing\/?page_id=1684"},"modified":"2021-01-26T11:24:31","modified_gmt":"2021-01-26T10:24:31","slug":"normen-und-werte-begruenden","status":"publish","type":"page","link":"https:\/\/userblogs.fu-berlin.de\/genome-editing\/lernen\/normen-und-werte\/normen-und-werte-begruenden\/","title":{"rendered":"Erfahre wie du Normen und Werte begr\u00fcnden kannst"},"content":{"rendered":"\n<div style=\"height:20px\" aria-hidden=\"true\" class=\"wp-block-spacer\"><\/div>\n\n\n\n<p class=\"has-small-font-size\"><a href=\"https:\/\/userblogs.fu-berlin.de\/genome-editing\/\"><span style=\"color:#2c89a0\" class=\"has-inline-color\">Startseite<\/span><\/a> &gt;<span style=\"color:#2c89a0\" class=\"has-inline-color\"> <a href=\"https:\/\/userblogs.fu-berlin.de\/genome-editing\/lernen\/normen-und-werte\/\">Welche Normen und Werte sind wichtig?<\/a><\/span> &gt;<strong> <strong>Erfahre, wie du Normen und Werte begr\u00fcnden kannst<\/strong>!<\/strong><\/p>\n\n\n\n<div class=\"wp-block-cover has-background-dim\" style=\"background-color:#164450;min-height:150px;aspect-ratio:unset;\"><div class=\"wp-block-cover__inner-container is-layout-flow wp-block-cover-is-layout-flow\">\n<h1 class=\"has-text-align-center wp-block-heading\"><strong>Erfahre, wie du Normen und Werte begr\u00fcnden kannst<\/strong>!<\/h1>\n\n\n\n<p><\/p>\n<\/div><\/div>\n\n\n\n<div style=\"height:35px\" aria-hidden=\"true\" class=\"wp-block-spacer\"><\/div>\n\n\n\n<div class=\"wp-block-columns is-layout-flex wp-container-core-columns-is-layout-28f84493 wp-block-columns-is-layout-flex\">\n<div class=\"wp-block-column is-layout-flow wp-block-column-is-layout-flow\">\n<figure class=\"wp-block-image size-large\"><a href=\"https:\/\/userblogs.fu-berlin.de\/genome-editing\/vielfalt-von-begruendungsprinzipien-in-der-moral\/\"><img loading=\"lazy\" decoding=\"async\" width=\"1024\" height=\"683\" src=\"https:\/\/userblogs.fu-berlin.de\/genome-editing\/files\/2020\/11\/abstract-3227574_1920-1024x683.jpg\" alt=\"buntes Mosaik\" class=\"wp-image-3590\" srcset=\"https:\/\/userblogs.fu-berlin.de\/genome-editing\/files\/2020\/11\/abstract-3227574_1920-1024x683.jpg 1024w, https:\/\/userblogs.fu-berlin.de\/genome-editing\/files\/2020\/11\/abstract-3227574_1920-300x200.jpg 300w, https:\/\/userblogs.fu-berlin.de\/genome-editing\/files\/2020\/11\/abstract-3227574_1920-768x512.jpg 768w, https:\/\/userblogs.fu-berlin.de\/genome-editing\/files\/2020\/11\/abstract-3227574_1920-1536x1024.jpg 1536w, https:\/\/userblogs.fu-berlin.de\/genome-editing\/files\/2020\/11\/abstract-3227574_1920-830x553.jpg 830w, https:\/\/userblogs.fu-berlin.de\/genome-editing\/files\/2020\/11\/abstract-3227574_1920-230x153.jpg 230w, https:\/\/userblogs.fu-berlin.de\/genome-editing\/files\/2020\/11\/abstract-3227574_1920-350x233.jpg 350w, https:\/\/userblogs.fu-berlin.de\/genome-editing\/files\/2020\/11\/abstract-3227574_1920-480x320.jpg 480w, https:\/\/userblogs.fu-berlin.de\/genome-editing\/files\/2020\/11\/abstract-3227574_1920-250x167.jpg 250w, https:\/\/userblogs.fu-berlin.de\/genome-editing\/files\/2020\/11\/abstract-3227574_1920-550x367.jpg 550w, https:\/\/userblogs.fu-berlin.de\/genome-editing\/files\/2020\/11\/abstract-3227574_1920-800x533.jpg 800w, https:\/\/userblogs.fu-berlin.de\/genome-editing\/files\/2020\/11\/abstract-3227574_1920-270x180.jpg 270w, https:\/\/userblogs.fu-berlin.de\/genome-editing\/files\/2020\/11\/abstract-3227574_1920-450x300.jpg 450w, https:\/\/userblogs.fu-berlin.de\/genome-editing\/files\/2020\/11\/abstract-3227574_1920-750x500.jpg 750w, https:\/\/userblogs.fu-berlin.de\/genome-editing\/files\/2020\/11\/abstract-3227574_1920.jpg 1920w\" sizes=\"auto, (max-width: 1024px) 100vw, 1024px\" \/><\/a><\/figure>\n\n\n\n<h5 class=\"has-text-align-center wp-block-heading\"><a href=\"https:\/\/userblogs.fu-berlin.de\/genome-editing\/vielfalt-von-begruendungsprinzipien-in-der-moral\/\">\u00dcber die Vielfalt der Begr\u00fcndungen<\/a> <\/h5>\n\n\n\n<p><em>Ein Beitrag von Annett Wienmeister<\/em> <strong><span class=\"has-inline-color has-vivid-red-color\"><\/span><\/strong><\/p>\n\n\n\n<p>Die Frage &#8222;Was soll ich tun?&#8220; ist nicht immer leicht zu beantworten, gerade bei moralischen Problemen. Doch in der Ethik gibt es eine Vielzahl an Begr\u00fcndungsstrategien, die dir bei der Entscheidungsfindung helfen k\u00f6nnen. <a href=\"https:\/\/userblogs.fu-berlin.de\/genome-editing\/vielfalt-von-begruendungsprinzipien-in-der-moral\/\">Erfahre hier mehr dar\u00fcber<\/a>.  <\/p>\n<\/div>\n\n\n\n<div class=\"wp-block-column is-layout-flow wp-block-column-is-layout-flow\">\n<figure class=\"wp-block-image size-large\"><a href=\"https:\/\/userblogs.fu-berlin.de\/genome-editing\/hedonismus\/\"><img loading=\"lazy\" decoding=\"async\" width=\"600\" height=\"400\" src=\"https:\/\/userblogs.fu-berlin.de\/genome-editing\/files\/2021\/01\/rot_orange_fireworks-2731773_640-colored2-1.jpg\" alt=\"\" class=\"wp-image-6990\" srcset=\"https:\/\/userblogs.fu-berlin.de\/genome-editing\/files\/2021\/01\/rot_orange_fireworks-2731773_640-colored2-1.jpg 600w, https:\/\/userblogs.fu-berlin.de\/genome-editing\/files\/2021\/01\/rot_orange_fireworks-2731773_640-colored2-1-300x200.jpg 300w, https:\/\/userblogs.fu-berlin.de\/genome-editing\/files\/2021\/01\/rot_orange_fireworks-2731773_640-colored2-1-230x153.jpg 230w, https:\/\/userblogs.fu-berlin.de\/genome-editing\/files\/2021\/01\/rot_orange_fireworks-2731773_640-colored2-1-350x233.jpg 350w, https:\/\/userblogs.fu-berlin.de\/genome-editing\/files\/2021\/01\/rot_orange_fireworks-2731773_640-colored2-1-480x320.jpg 480w, https:\/\/userblogs.fu-berlin.de\/genome-editing\/files\/2021\/01\/rot_orange_fireworks-2731773_640-colored2-1-250x167.jpg 250w, https:\/\/userblogs.fu-berlin.de\/genome-editing\/files\/2021\/01\/rot_orange_fireworks-2731773_640-colored2-1-550x367.jpg 550w, https:\/\/userblogs.fu-berlin.de\/genome-editing\/files\/2021\/01\/rot_orange_fireworks-2731773_640-colored2-1-270x180.jpg 270w, https:\/\/userblogs.fu-berlin.de\/genome-editing\/files\/2021\/01\/rot_orange_fireworks-2731773_640-colored2-1-450x300.jpg 450w\" sizes=\"auto, (max-width: 600px) 100vw, 600px\" \/><\/a><\/figure>\n\n\n\n<h4 class=\"has-text-align-center wp-block-heading\"><a href=\"https:\/\/userblogs.fu-berlin.de\/genome-editing\/hedonismus\/\">Lust<\/a> <\/h4>\n\n\n\n<p><em>Ein Beitrag von Annett Wienmeister<\/em><strong><span class=\"has-inline-color has-vivid-red-color\"><\/span><\/strong><\/p>\n\n\n\n<p>F\u00fcr die hedonistische Ethik ist die Bef\u00f6rderung von Lust und das Vermeiden von Schmerzen oberstes Ziel und somit das moralische Prinzip alles Handelns.<em> <\/em><a href=\"https:\/\/userblogs.fu-berlin.de\/genome-editing\/hedonismus\/\">Was damit genau gemeint ist, kannst du hier nachlesen und h\u00f6ren<\/a>.<\/p>\n<\/div>\n\n\n\n<div class=\"wp-block-column is-layout-flow wp-block-column-is-layout-flow\">\n<figure class=\"wp-block-image size-large\"><a href=\"https:\/\/userblogs.fu-berlin.de\/genome-editing\/das-prinzip-des-gluecks-eudaemonismus\/\"><img loading=\"lazy\" decoding=\"async\" width=\"1024\" height=\"683\" src=\"https:\/\/userblogs.fu-berlin.de\/genome-editing\/files\/2021\/01\/gelb_stairs-1636573_1920-1024x683-colored2.jpg\" alt=\"\" class=\"wp-image-5670\" srcset=\"https:\/\/userblogs.fu-berlin.de\/genome-editing\/files\/2021\/01\/gelb_stairs-1636573_1920-1024x683-colored2.jpg 1024w, https:\/\/userblogs.fu-berlin.de\/genome-editing\/files\/2021\/01\/gelb_stairs-1636573_1920-1024x683-colored2-300x200.jpg 300w, https:\/\/userblogs.fu-berlin.de\/genome-editing\/files\/2021\/01\/gelb_stairs-1636573_1920-1024x683-colored2-768x512.jpg 768w, https:\/\/userblogs.fu-berlin.de\/genome-editing\/files\/2021\/01\/gelb_stairs-1636573_1920-1024x683-colored2-830x554.jpg 830w, https:\/\/userblogs.fu-berlin.de\/genome-editing\/files\/2021\/01\/gelb_stairs-1636573_1920-1024x683-colored2-230x153.jpg 230w, https:\/\/userblogs.fu-berlin.de\/genome-editing\/files\/2021\/01\/gelb_stairs-1636573_1920-1024x683-colored2-350x233.jpg 350w, https:\/\/userblogs.fu-berlin.de\/genome-editing\/files\/2021\/01\/gelb_stairs-1636573_1920-1024x683-colored2-480x320.jpg 480w, https:\/\/userblogs.fu-berlin.de\/genome-editing\/files\/2021\/01\/gelb_stairs-1636573_1920-1024x683-colored2-250x167.jpg 250w, https:\/\/userblogs.fu-berlin.de\/genome-editing\/files\/2021\/01\/gelb_stairs-1636573_1920-1024x683-colored2-550x367.jpg 550w, https:\/\/userblogs.fu-berlin.de\/genome-editing\/files\/2021\/01\/gelb_stairs-1636573_1920-1024x683-colored2-800x534.jpg 800w, https:\/\/userblogs.fu-berlin.de\/genome-editing\/files\/2021\/01\/gelb_stairs-1636573_1920-1024x683-colored2-270x180.jpg 270w, https:\/\/userblogs.fu-berlin.de\/genome-editing\/files\/2021\/01\/gelb_stairs-1636573_1920-1024x683-colored2-450x300.jpg 450w, https:\/\/userblogs.fu-berlin.de\/genome-editing\/files\/2021\/01\/gelb_stairs-1636573_1920-1024x683-colored2-750x500.jpg 750w\" sizes=\"auto, (max-width: 1024px) 100vw, 1024px\" \/><\/a><\/figure>\n\n\n\n<h4 class=\"has-text-align-center wp-block-heading\"><a href=\"https:\/\/userblogs.fu-berlin.de\/genome-editing\/das-prinzip-des-gluecks-eudaemonismus\/\">Gl\u00fcck<\/a> <\/h4>\n\n\n\n<p><em>Ein Beitrag von Annett Wienmeister<\/em><strong><span class=\"has-inline-color has-vivid-red-color\"><\/span><\/strong><\/p>\n\n\n\n<p>Die eudaimonistische Ethik stellt die Frage in den Vordergrund, was ein gutes Leben ausmacht. Das moralisch Richtige wird dabei in einen engen Bezug zum gl\u00fccklichen Leben gesetzt. <a href=\"https:\/\/userblogs.fu-berlin.de\/genome-editing\/das-prinzip-des-gluecks-eudaemonismus\/\">Hier erf\u00e4hrst du, warum.<\/a><\/p>\n<\/div>\n<\/div>\n\n\n\n<div style=\"height:20px\" aria-hidden=\"true\" class=\"wp-block-spacer\"><\/div>\n\n\n\n<div class=\"wp-block-group\"><div class=\"wp-block-group__inner-container is-layout-flow wp-block-group-is-layout-flow\">\n<div class=\"wp-block-columns is-layout-flex wp-container-core-columns-is-layout-28f84493 wp-block-columns-is-layout-flex\">\n<div class=\"wp-block-column is-layout-flow wp-block-column-is-layout-flow\">\n<figure class=\"wp-block-image size-large\"><a href=\"https:\/\/userblogs.fu-berlin.de\/genome-editing\/das-prinzip-des-nutzens-utilitarismus\/\"><img loading=\"lazy\" decoding=\"async\" width=\"537\" height=\"358\" src=\"https:\/\/userblogs.fu-berlin.de\/genome-editing\/files\/2021\/01\/lila_chain-690088_640-e1596009854978-colored2.jpg\" alt=\"\" class=\"wp-image-5671\" srcset=\"https:\/\/userblogs.fu-berlin.de\/genome-editing\/files\/2021\/01\/lila_chain-690088_640-e1596009854978-colored2.jpg 537w, https:\/\/userblogs.fu-berlin.de\/genome-editing\/files\/2021\/01\/lila_chain-690088_640-e1596009854978-colored2-300x200.jpg 300w, https:\/\/userblogs.fu-berlin.de\/genome-editing\/files\/2021\/01\/lila_chain-690088_640-e1596009854978-colored2-230x153.jpg 230w, https:\/\/userblogs.fu-berlin.de\/genome-editing\/files\/2021\/01\/lila_chain-690088_640-e1596009854978-colored2-350x233.jpg 350w, https:\/\/userblogs.fu-berlin.de\/genome-editing\/files\/2021\/01\/lila_chain-690088_640-e1596009854978-colored2-480x320.jpg 480w, https:\/\/userblogs.fu-berlin.de\/genome-editing\/files\/2021\/01\/lila_chain-690088_640-e1596009854978-colored2-250x167.jpg 250w, https:\/\/userblogs.fu-berlin.de\/genome-editing\/files\/2021\/01\/lila_chain-690088_640-e1596009854978-colored2-270x180.jpg 270w, https:\/\/userblogs.fu-berlin.de\/genome-editing\/files\/2021\/01\/lila_chain-690088_640-e1596009854978-colored2-450x300.jpg 450w\" sizes=\"auto, (max-width: 537px) 100vw, 537px\" \/><\/a><\/figure>\n\n\n\n<h4 class=\"has-text-align-center wp-block-heading\"><a href=\"https:\/\/userblogs.fu-berlin.de\/genome-editing\/das-prinzip-des-nutzens-utilitarismus\/\">Nutzen<\/a><\/h4>\n\n\n\n<p><em>Ein Beitrag von Annett Wienmeister<\/em> <strong><span class=\"has-inline-color has-vivid-red-color\"><\/span><\/strong><\/p>\n\n\n\n<p>Der Utilitarismus bewertet eine Handlung oder eine Handlungsregel danach, ob sie die gr\u00f6\u00dftm\u00f6gliche Anzahl positiver Werte hervorbringt. Sie stellt somit den Nutzen als moralisches Prinzip in den Vordergrund. Zu den positiven Werten geh\u00f6ren u. a. Lust, Freude und Wohlbefinden. <a href=\"https:\/\/userblogs.fu-berlin.de\/genome-editing\/das-prinzip-des-nutzens-utilitarismus\/\">Klicke hier f\u00fcr mehr Informationen.<\/a><\/p>\n<\/div>\n\n\n\n<div class=\"wp-block-column is-layout-flow wp-block-column-is-layout-flow\">\n<figure class=\"wp-block-image size-large\"><a href=\"https:\/\/userblogs.fu-berlin.de\/genome-editing\/das-prinzip-der-pflicht-deontologische-moraltheorie\/\"><img loading=\"lazy\" decoding=\"async\" width=\"540\" height=\"360\" src=\"https:\/\/userblogs.fu-berlin.de\/genome-editing\/files\/2021\/01\/blau_black-4796151_640-e1596009831212-colored2.jpg\" alt=\"\" class=\"wp-image-5672\" srcset=\"https:\/\/userblogs.fu-berlin.de\/genome-editing\/files\/2021\/01\/blau_black-4796151_640-e1596009831212-colored2.jpg 540w, https:\/\/userblogs.fu-berlin.de\/genome-editing\/files\/2021\/01\/blau_black-4796151_640-e1596009831212-colored2-300x200.jpg 300w, https:\/\/userblogs.fu-berlin.de\/genome-editing\/files\/2021\/01\/blau_black-4796151_640-e1596009831212-colored2-230x153.jpg 230w, https:\/\/userblogs.fu-berlin.de\/genome-editing\/files\/2021\/01\/blau_black-4796151_640-e1596009831212-colored2-350x233.jpg 350w, https:\/\/userblogs.fu-berlin.de\/genome-editing\/files\/2021\/01\/blau_black-4796151_640-e1596009831212-colored2-480x320.jpg 480w, https:\/\/userblogs.fu-berlin.de\/genome-editing\/files\/2021\/01\/blau_black-4796151_640-e1596009831212-colored2-250x167.jpg 250w, https:\/\/userblogs.fu-berlin.de\/genome-editing\/files\/2021\/01\/blau_black-4796151_640-e1596009831212-colored2-270x180.jpg 270w, https:\/\/userblogs.fu-berlin.de\/genome-editing\/files\/2021\/01\/blau_black-4796151_640-e1596009831212-colored2-450x300.jpg 450w\" sizes=\"auto, (max-width: 540px) 100vw, 540px\" \/><\/a><\/figure>\n\n\n\n<h4 class=\"has-text-align-center wp-block-heading\"><a href=\"https:\/\/userblogs.fu-berlin.de\/genome-editing\/das-prinzip-der-pflicht-deontologische-moraltheorie\/\">Pflicht<\/a><\/h4>\n\n\n\n<p><em>Ein Beitrag von Annett Wienmeister<\/em> <strong><span class=\"has-inline-color has-vivid-red-color\"><\/span><\/strong><\/p>\n\n\n\n<p>Die deontologische Ethik macht den moralischen Wert einer Handlung davon abh\u00e4ngig, ob sie aus einem Pflichtgef\u00fchl gegen\u00fcber moralischen Regeln geschieht. F\u00fcr die Bestimmung moralischer Regeln sind Werte wie Lust oder Freude unerheblich. <a href=\"https:\/\/userblogs.fu-berlin.de\/genome-editing\/das-prinzip-der-pflicht-deontologische-moraltheorie\/\">Erfahre hier mehr dar\u00fcber<\/a>.<\/p>\n<\/div>\n\n\n\n<div class=\"wp-block-column is-layout-flow wp-block-column-is-layout-flow\">\n<figure class=\"wp-block-image size-large\"><a href=\"https:\/\/userblogs.fu-berlin.de\/genome-editing\/das-prinzip-des-vertrags-kontraktualismus\/\"><img loading=\"lazy\" decoding=\"async\" width=\"640\" height=\"426\" src=\"https:\/\/userblogs.fu-berlin.de\/genome-editing\/files\/2021\/01\/gr\u00fcn_structure-3473576_640-colored2.jpg\" alt=\"\" class=\"wp-image-5673\" srcset=\"https:\/\/userblogs.fu-berlin.de\/genome-editing\/files\/2021\/01\/gr\u00fcn_structure-3473576_640-colored2.jpg 640w, https:\/\/userblogs.fu-berlin.de\/genome-editing\/files\/2021\/01\/gr\u00fcn_structure-3473576_640-colored2-300x200.jpg 300w, https:\/\/userblogs.fu-berlin.de\/genome-editing\/files\/2021\/01\/gr\u00fcn_structure-3473576_640-colored2-230x153.jpg 230w, https:\/\/userblogs.fu-berlin.de\/genome-editing\/files\/2021\/01\/gr\u00fcn_structure-3473576_640-colored2-350x233.jpg 350w, https:\/\/userblogs.fu-berlin.de\/genome-editing\/files\/2021\/01\/gr\u00fcn_structure-3473576_640-colored2-480x320.jpg 480w, https:\/\/userblogs.fu-berlin.de\/genome-editing\/files\/2021\/01\/gr\u00fcn_structure-3473576_640-colored2-250x166.jpg 250w, https:\/\/userblogs.fu-berlin.de\/genome-editing\/files\/2021\/01\/gr\u00fcn_structure-3473576_640-colored2-550x366.jpg 550w, https:\/\/userblogs.fu-berlin.de\/genome-editing\/files\/2021\/01\/gr\u00fcn_structure-3473576_640-colored2-270x180.jpg 270w, https:\/\/userblogs.fu-berlin.de\/genome-editing\/files\/2021\/01\/gr\u00fcn_structure-3473576_640-colored2-451x300.jpg 451w\" sizes=\"auto, (max-width: 640px) 100vw, 640px\" \/><\/a><\/figure>\n\n\n\n<h4 class=\"has-text-align-center wp-block-heading\"><a href=\"https:\/\/userblogs.fu-berlin.de\/genome-editing\/das-prinzip-des-vertrags-kontraktualismus\/\">Vertrag<\/a><\/h4>\n\n\n\n<p><em>Ein Beitrag von Annett Wienmeister<\/em> <strong><span class=\"has-inline-color has-vivid-red-color\"><\/span><\/strong><\/p>\n\n\n\n<p>F\u00fcr die kontraktualistische Ethik gr\u00fcnden moralische Normen menschlichen Handelns in einer als ideal angenommenen Vertragssituation, in der freie und gleiche Individuen darum bem\u00fcht sind, ihre individuellen Interessen anhand allgemein akzeptierbarer Regeln abzustimmen. <a href=\"https:\/\/userblogs.fu-berlin.de\/genome-editing\/das-prinzip-des-vertrags-kontraktualismus\/\">Wie das gehen kann, erf\u00e4hrst du hier.<\/a><\/p>\n<\/div>\n<\/div>\n<\/div><\/div>\n\n\n\n<hr class=\"wp-block-separator\" \/>\n\n\n\n<div class=\"wp-block-columns are-vertically-aligned-center is-layout-flex wp-container-core-columns-is-layout-28f84493 wp-block-columns-is-layout-flex\">\n<div class=\"wp-block-column is-vertically-aligned-center is-layout-flow wp-block-column-is-layout-flow\">\n<p><strong>Zur\u00fcck:<\/strong> <a data-jzz-gui-player=\"true\" href=\"https:\/\/userblogs.fu-berlin.de\/genome-editing\/lernen\/normen-und-werte\/ethische-grundbegriffe\/\"><span style=\"color:#2c89a0\" class=\"has-inline-color\">Lerne ethische Grundbegriffe kennen<\/span><\/a><a data-jzz-gui-player=\"true\" href=\"https:\/\/userblogs.fu-berlin.de\/genome-editing\/mache-dir-ein-erstes-bild\/\"><span style=\"color:#2c89a0\" class=\"has-inline-color\">!<\/span><\/a><\/p>\n<\/div>\n\n\n\n<div class=\"wp-block-column is-vertically-aligned-center is-layout-flow wp-block-column-is-layout-flow\">\n<p class=\"has-text-align-right\"><strong>Weiter:<\/strong> <a href=\"https:\/\/userblogs.fu-berlin.de\/genome-editing\/lernen\/normen-und-werte\/was-sagt-die-ethik\/\"><span style=\"color:#2c89a0\" class=\"has-inline-color\">Was sagt die Ethik zum Genome Editing?<\/span><\/a><\/p>\n<\/div>\n<\/div>\n\n\n\n<hr class=\"wp-block-separator\" \/>\n\n\n\n<div class=\"wp-block-group\"><div class=\"wp-block-group__inner-container is-layout-flow wp-block-group-is-layout-flow\">\n<p><strong>Was dich auch interessieren k\u00f6nnte:<\/strong><\/p>\n\n\n\n<div class=\"wp-block-columns is-layout-flex wp-container-core-columns-is-layout-28f84493 wp-block-columns-is-layout-flex\">\n<div class=\"wp-block-column is-layout-flow wp-block-column-is-layout-flow\">\n<p><a href=\"https:\/\/userblogs.fu-berlin.de\/genome-editing\/lernen\/urteilen\/bau-dir-ein-modell\/\">Bau dir ein Modell<\/a><\/p>\n<\/div>\n\n\n\n<div class=\"wp-block-column is-layout-flow wp-block-column-is-layout-flow\">\n<p class=\"has-text-align-center\"><a href=\"https:\/\/userblogs.fu-berlin.de\/genome-editing\/lernen\/urteilen\/schwierige-entscheidungen\/\">Akzeptiere schwierige Entscheidungen<\/a><\/p>\n<\/div>\n\n\n\n<div class=\"wp-block-column is-layout-flow wp-block-column-is-layout-flow\">\n<p class=\"has-text-align-right\"><a href=\"https:\/\/userblogs.fu-berlin.de\/genome-editing\/lernen\/handeln\/zwischen-alternativen-entscheiden\/\">Entscheide dich f\u00fcr eine Alternative<\/a><\/p>\n<\/div>\n<\/div>\n<\/div><\/div>\n\n\n\n<p><\/p>\n","protected":false},"excerpt":{"rendered":"<p>Startseite &gt; Welche Normen und Werte sind wichtig? &gt; Erfahre, [&hellip;]<\/p>\n","protected":false},"author":4281,"featured_media":0,"parent":187,"menu_order":1,"comment_status":"closed","ping_status":"closed","template":"page-templates\/page_front-page.php","meta":{"footnotes":""},"class_list":["post-1684","page","type-page","status-publish","hentry"],"_links":{"self":[{"href":"https:\/\/userblogs.fu-berlin.de\/genome-editing\/wp-json\/wp\/v2\/pages\/1684","targetHints":{"allow":["GET"]}}],"collection":[{"href":"https:\/\/userblogs.fu-berlin.de\/genome-editing\/wp-json\/wp\/v2\/pages"}],"about":[{"href":"https:\/\/userblogs.fu-berlin.de\/genome-editing\/wp-json\/wp\/v2\/types\/page"}],"author":[{"embeddable":true,"href":"https:\/\/userblogs.fu-berlin.de\/genome-editing\/wp-json\/wp\/v2\/users\/4281"}],"replies":[{"embeddable":true,"href":"https:\/\/userblogs.fu-berlin.de\/genome-editing\/wp-json\/wp\/v2\/comments?post=1684"}],"version-history":[{"count":91,"href":"https:\/\/userblogs.fu-berlin.de\/genome-editing\/wp-json\/wp\/v2\/pages\/1684\/revisions"}],"predecessor-version":[{"id":7975,"href":"https:\/\/userblogs.fu-berlin.de\/genome-editing\/wp-json\/wp\/v2\/pages\/1684\/revisions\/7975"}],"up":[{"embeddable":true,"href":"https:\/\/userblogs.fu-berlin.de\/genome-editing\/wp-json\/wp\/v2\/pages\/187"}],"wp:attachment":[{"href":"https:\/\/userblogs.fu-berlin.de\/genome-editing\/wp-json\/wp\/v2\/media?parent=1684"}],"curies":[{"name":"wp","href":"https:\/\/api.w.org\/{rel}","templated":true}]}}